{"id":2979,"date":"2019-10-22T08:00:03","date_gmt":"2019-10-22T06:00:03","guid":{"rendered":"https:\/\/fanzone.sk\/?post_type=product&#038;p=2979"},"modified":"2025-02-03T22:08:01","modified_gmt":"2025-02-03T21:08:01","slug":"dres-futbalovy-slovensko-vz-1","status":"publish","type":"product","link":"https:\/\/fanzone.sk\/en\/product\/dres-futbalovy-slovensko-vz-1\/","title":{"rendered":"Dres futbalov\u00fd &#8211; Slovensko vz. 1"},"content":{"rendered":"<ul>\n<li style=\"text-align: left;\">100% polyester<\/li>\n<li style=\"text-align: left;\">tenk\u00fd rebrovan\u00fd lem okolo krku<\/li>\n<li style=\"text-align: left;\">spev\u0148uj\u00faca p\u00e1ska vzadu na krku<\/li>\n<\/ul>","protected":false},"excerpt":{"rendered":"<ul>\n<li style=\"text-align: left;\">100% polyester<\/li>\n<li style=\"text-align: left;\">tenk\u00fd rebrovan\u00fd lem okolo krku<\/li>\n<li style=\"text-align: left;\">spev\u0148uj\u00faca p\u00e1ska vzadu na krku<\/li>\n<\/ul>","protected":false},"featured_media":2958,"template":"","meta":[],"product_cat":[484,327,20],"product_tag":[240,87,41,144],"wcpa_form_fields":{"rules":{"pric_overide_base_price":false,"pric_overide_base_price_if_gt_zero":false,"pric_cal_option_once":false,"pric_use_as_fee":false,"bind_quantity":false,"quantity_bind_formula":false},"fields":[{"type":"text","elementId":"wcpa-text-1554311022362","label":"Meno","enablePrice":true,"pricingType":"fixed","price":"1.50","className":"form-control","name":"text-1554311022362","subtype":"text","cl_rule":"show","operator":"and","col":6,"relations":[{"operator":"and","rules":[{"operator":false,"rules":{"cl_field":"wcpa-text-1554311022362","cl_relation":"0","cl_val":""}}]},{"operator":false,"rules":[{"operator":false,"rules":{"cl_field":"wcpa-number-1554284231985","cl_relation":"0","cl_val":""}}]}],"form_id":1648,"form_rules":{"pric_cal_option_once":false,"exclude_from_discount":false,"pric_use_as_fee":false,"fee_label":"Zdarma","render_after_acb":false,"disp_hide_options_price":false}},{"type":"number","elementId":"wcpa-number-1554284231985","label":"\u010c\u00edslo","enablePrice":true,"pricingType":"fixed","price":"1.50","className":"form-control","name":"number-1554284231985","cl_rule":"show","col":6,"relations":false,"form_id":1648,"form_rules":{"pric_cal_option_once":false,"exclude_from_discount":false,"pric_use_as_fee":false,"fee_label":"Zdarma","render_after_acb":false,"disp_hide_options_price":false}},{"type":"paragraph","subtype":"output","label":"Pri personaliz\u00e1cii nem\u00e1te n\u00e1rok na ve\u013ekostn\u00fa v\u00fdmenu produktu.\nPersonaliz\u00e1cia 3\u20ac","elementId":"wcpa-paragraph-1554310533053","pricingType":"fixed","cl_rule":"show","col":"6","relations":false,"form_id":1648,"form_rules":{"pric_cal_option_once":false,"exclude_from_discount":false,"pric_use_as_fee":false,"fee_label":"Zdarma","render_after_acb":false,"disp_hide_options_price":false}}]},"yoast_head":"<!-- This site is optimized with the Yoast SEO plugin v21.2 - https:\/\/yoast.com\/wordpress\/plugins\/seo\/ -->\n<title>Dres futbalov\u00fd - Slovensko vz. 1 - fanzone.sk<\/title>\n<meta name=\"robots\" content=\"index, follow, max-snippet:-1, max-image-preview:large, max-video-preview:-1\" \/>\n<link rel=\"canonical\" href=\"https:\/\/fanzone.sk\/en\/product\/dres-futbalovy-slovensko-vz-1\/\" \/>\n<meta property=\"og:locale\" content=\"en_US\" \/>\n<meta property=\"og:type\" content=\"article\" \/>\n<meta property=\"og:title\" content=\"Dres futbalov\u00fd - Slovensko vz. 1 - fanzone.sk\" \/>\n<meta property=\"og:description\" content=\"100% polyester  tenk\u00fd rebrovan\u00fd lem okolo krku  spev\u0148uj\u00faca p\u00e1ska vzadu na krku\" \/>\n<meta property=\"og:url\" content=\"https:\/\/fanzone.sk\/en\/product\/dres-futbalovy-slovensko-vz-1\/\" \/>\n<meta property=\"og:site_name\" content=\"fanzone.sk\" \/>\n<meta property=\"article:publisher\" content=\"https:\/\/www.facebook.com\/FANZONEsk\/\" \/>\n<meta property=\"article:modified_time\" content=\"2025-02-03T21:08:01+00:00\" \/>\n<meta property=\"og:image\" content=\"https:\/\/fanzone.sk\/wp-content\/uploads\/2019\/10\/0200027002.jpg\" \/>\n\t<meta property=\"og:image:width\" content=\"800\" \/>\n\t<meta property=\"og:image:height\" content=\"800\" \/>\n\t<meta property=\"og:image:type\" content=\"image\/jpeg\" \/>\n<meta name=\"twitter:card\" content=\"summary_large_image\" \/>\n<script type=\"application\/ld+json\" class=\"yoast-schema-graph\">{\"@context\":\"https:\/\/schema.org\",\"@graph\":[{\"@type\":\"WebPage\",\"@id\":\"https:\/\/fanzone.sk\/produkt\/dres-futbalovy-slovensko-vz-1\/\",\"url\":\"https:\/\/fanzone.sk\/produkt\/dres-futbalovy-slovensko-vz-1\/\",\"name\":\"Dres futbalov\u00fd - Slovensko vz. 1 - fanzone.sk\",\"isPartOf\":{\"@id\":\"https:\/\/fanzone.sk\/#website\"},\"datePublished\":\"2019-10-22T06:00:03+00:00\",\"dateModified\":\"2025-02-03T21:08:01+00:00\",\"breadcrumb\":{\"@id\":\"https:\/\/fanzone.sk\/produkt\/dres-futbalovy-slovensko-vz-1\/#breadcrumb\"},\"inLanguage\":\"en-US\",\"potentialAction\":[{\"@type\":\"ReadAction\",\"target\":[\"https:\/\/fanzone.sk\/produkt\/dres-futbalovy-slovensko-vz-1\/\"]}]},{\"@type\":\"BreadcrumbList\",\"@id\":\"https:\/\/fanzone.sk\/produkt\/dres-futbalovy-slovensko-vz-1\/#breadcrumb\",\"itemListElement\":[{\"@type\":\"ListItem\",\"position\":1,\"name\":\"Home\",\"item\":\"https:\/\/fanzone.sk\/\"},{\"@type\":\"ListItem\",\"position\":2,\"name\":\"Obchod\",\"item\":\"https:\/\/fanzone.sk\/obchod\/\"},{\"@type\":\"ListItem\",\"position\":3,\"name\":\"Dres futbalov\u00fd &#8211; Slovensko vz. 1\"}]},{\"@type\":\"WebSite\",\"@id\":\"https:\/\/fanzone.sk\/#website\",\"url\":\"https:\/\/fanzone.sk\/\",\"name\":\"fanzone.sk\",\"description\":\"\",\"potentialAction\":[{\"@type\":\"SearchAction\",\"target\":{\"@type\":\"EntryPoint\",\"urlTemplate\":\"https:\/\/fanzone.sk\/?s={search_term_string}\"},\"query-input\":\"required name=search_term_string\"}],\"inLanguage\":\"en-US\"}]}<\/script>\n<!-- \/ Yoast SEO plugin. -->","yoast_head_json":{"title":"Dres futbalov\u00fd - Slovensko vz. 1 - fanzone.sk","robots":{"index":"index","follow":"follow","max-snippet":"max-snippet:-1","max-image-preview":"max-image-preview:large","max-video-preview":"max-video-preview:-1"},"canonical":"https:\/\/fanzone.sk\/en\/product\/dres-futbalovy-slovensko-vz-1\/","og_locale":"en_US","og_type":"article","og_title":"Dres futbalov\u00fd - Slovensko vz. 1 - fanzone.sk","og_description":"100% polyester  tenk\u00fd rebrovan\u00fd lem okolo krku  spev\u0148uj\u00faca p\u00e1ska vzadu na krku","og_url":"https:\/\/fanzone.sk\/en\/product\/dres-futbalovy-slovensko-vz-1\/","og_site_name":"fanzone.sk","article_publisher":"https:\/\/www.facebook.com\/FANZONEsk\/","article_modified_time":"2025-02-03T21:08:01+00:00","og_image":[{"width":800,"height":800,"url":"https:\/\/fanzone.sk\/wp-content\/uploads\/2019\/10\/0200027002.jpg","type":"image\/jpeg"}],"twitter_card":"summary_large_image","schema":{"@context":"https:\/\/schema.org","@graph":[{"@type":"WebPage","@id":"https:\/\/fanzone.sk\/produkt\/dres-futbalovy-slovensko-vz-1\/","url":"https:\/\/fanzone.sk\/produkt\/dres-futbalovy-slovensko-vz-1\/","name":"Dres futbalov\u00fd - Slovensko vz. 1 - fanzone.sk","isPartOf":{"@id":"https:\/\/fanzone.sk\/#website"},"datePublished":"2019-10-22T06:00:03+00:00","dateModified":"2025-02-03T21:08:01+00:00","breadcrumb":{"@id":"https:\/\/fanzone.sk\/produkt\/dres-futbalovy-slovensko-vz-1\/#breadcrumb"},"inLanguage":"en-US","potentialAction":[{"@type":"ReadAction","target":["https:\/\/fanzone.sk\/produkt\/dres-futbalovy-slovensko-vz-1\/"]}]},{"@type":"BreadcrumbList","@id":"https:\/\/fanzone.sk\/produkt\/dres-futbalovy-slovensko-vz-1\/#breadcrumb","itemListElement":[{"@type":"ListItem","position":1,"name":"Home","item":"https:\/\/fanzone.sk\/"},{"@type":"ListItem","position":2,"name":"Obchod","item":"https:\/\/fanzone.sk\/obchod\/"},{"@type":"ListItem","position":3,"name":"Dres futbalov\u00fd &#8211; Slovensko vz. 1"}]},{"@type":"WebSite","@id":"https:\/\/fanzone.sk\/#website","url":"https:\/\/fanzone.sk\/","name":"fanzone.sk","description":"","potentialAction":[{"@type":"SearchAction","target":{"@type":"EntryPoint","urlTemplate":"https:\/\/fanzone.sk\/?s={search_term_string}"},"query-input":"required name=search_term_string"}],"inLanguage":"en-US"}]}},"_links":{"self":[{"href":"https:\/\/fanzone.sk\/en\/wp-json\/wp\/v2\/product\/2979"}],"collection":[{"href":"https:\/\/fanzone.sk\/en\/wp-json\/wp\/v2\/product"}],"about":[{"href":"https:\/\/fanzone.sk\/en\/wp-json\/wp\/v2\/types\/product"}],"wp:featuredmedia":[{"embeddable":true,"href":"https:\/\/fanzone.sk\/en\/wp-json\/wp\/v2\/media\/2958"}],"wp:attachment":[{"href":"https:\/\/fanzone.sk\/en\/wp-json\/wp\/v2\/media?parent=2979"}],"wp:term":[{"taxonomy":"product_cat","embeddable":true,"href":"https:\/\/fanzone.sk\/en\/wp-json\/wp\/v2\/product_cat?post=2979"},{"taxonomy":"product_tag","embeddable":true,"href":"https:\/\/fanzone.sk\/en\/wp-json\/wp\/v2\/product_tag?post=2979"}],"curies":[{"name":"wp","href":"https:\/\/api.w.org\/{rel}","templated":true}]}}