{"id":30554,"date":"2024-05-31T14:06:35","date_gmt":"2024-05-31T12:06:35","guid":{"rendered":"https:\/\/fanzone.sk\/?post_type=product&#038;p=30554"},"modified":"2025-02-03T22:07:08","modified_gmt":"2025-02-03T21:07:08","slug":"slovensko-balicek-14-24-polokosela-pleteny-sal-vlajka","status":"publish","type":"product","link":"https:\/\/fanzone.sk\/en\/product\/slovensko-balicek-14-24-polokosela-pleteny-sal-vlajka\/","title":{"rendered":"Slovensko &#8211; Bal\u00ed\u010dek 14\/24 Poloko\u0161e\u013ea + pleten\u00fd \u0161\u00e1l + vlajka"},"content":{"rendered":"<ul>\n<li>Bal\u00ed\u010dek Slovensko 14\/14 obsahuje:<\/li>\n<li>Bavlnen\u00fa poloko\u0161e\u013eu , pleten\u00fd \u0161\u00e1l a vlajku v rozmere 150&#215;90 cm<\/li>\n<li>v\u00fdber z viacer\u00fdch farieb<\/li>\n<\/ul>","protected":false},"excerpt":{"rendered":"<ul>\n<li>Bal\u00ed\u010dek Slovensko 14\/14 obsahuje:<\/li>\n<li>Bavlnen\u00fa poloko\u0161e\u013eu , pleten\u00fd \u0161\u00e1l a vlajku v rozmere 150&#215;90 cm<\/li>\n<li>v\u00fdber z viacer\u00fdch farieb<\/li>\n<\/ul>","protected":false},"featured_media":30569,"template":"","meta":[],"product_cat":[327,20,63],"product_tag":[],"wcpa_form_fields":null,"yoast_head":"<!-- This site is optimized with the Yoast SEO plugin v21.2 - https:\/\/yoast.com\/wordpress\/plugins\/seo\/ -->\n<title>Slovensko - Bal\u00ed\u010dek 14\/24 Poloko\u0161e\u013ea + pleten\u00fd \u0161\u00e1l + vlajka - fanzone.sk<\/title>\n<meta name=\"robots\" content=\"index, follow, max-snippet:-1, max-image-preview:large, max-video-preview:-1\" \/>\n<link rel=\"canonical\" href=\"https:\/\/fanzone.sk\/en\/product\/slovensko-balicek-14-24-polokosela-pleteny-sal-vlajka\/\" \/>\n<meta property=\"og:locale\" content=\"en_US\" \/>\n<meta property=\"og:type\" content=\"article\" \/>\n<meta property=\"og:title\" content=\"Slovensko - Bal\u00ed\u010dek 14\/24 Poloko\u0161e\u013ea + pleten\u00fd \u0161\u00e1l + vlajka - fanzone.sk\" \/>\n<meta property=\"og:description\" content=\"Bal\u00ed\u010dek Slovensko 14\/14 obsahuje:  Bavlnen\u00fa poloko\u0161e\u013eu , pleten\u00fd \u0161\u00e1l a vlajku v rozmere 150x90 cm  v\u00fdber z viacer\u00fdch farieb\" \/>\n<meta property=\"og:url\" content=\"https:\/\/fanzone.sk\/en\/product\/slovensko-balicek-14-24-polokosela-pleteny-sal-vlajka\/\" \/>\n<meta property=\"og:site_name\" content=\"fanzone.sk\" \/>\n<meta property=\"article:publisher\" content=\"https:\/\/www.facebook.com\/FANZONEsk\/\" \/>\n<meta property=\"article:modified_time\" content=\"2025-02-03T21:07:08+00:00\" \/>\n<meta property=\"og:image\" content=\"https:\/\/fanzone.sk\/wp-content\/uploads\/2024\/05\/76.jpg\" \/>\n\t<meta property=\"og:image:width\" content=\"801\" \/>\n\t<meta property=\"og:image:height\" content=\"801\" \/>\n\t<meta property=\"og:image:type\" content=\"image\/jpeg\" \/>\n<meta name=\"twitter:card\" content=\"summary_large_image\" \/>\n<meta name=\"twitter:label1\" content=\"Est. reading time\" \/>\n\t<meta name=\"twitter:data1\" content=\"1 minute\" \/>\n<script type=\"application\/ld+json\" class=\"yoast-schema-graph\">{\"@context\":\"https:\/\/schema.org\",\"@graph\":[{\"@type\":\"WebPage\",\"@id\":\"https:\/\/fanzone.sk\/produkt\/slovensko-balicek-14-24-polokosela-pleteny-sal-vlajka\/\",\"url\":\"https:\/\/fanzone.sk\/produkt\/slovensko-balicek-14-24-polokosela-pleteny-sal-vlajka\/\",\"name\":\"Slovensko - Bal\u00ed\u010dek 14\/24 Poloko\u0161e\u013ea + pleten\u00fd \u0161\u00e1l + vlajka - fanzone.sk\",\"isPartOf\":{\"@id\":\"https:\/\/fanzone.sk\/#website\"},\"datePublished\":\"2024-05-31T12:06:35+00:00\",\"dateModified\":\"2025-02-03T21:07:08+00:00\",\"breadcrumb\":{\"@id\":\"https:\/\/fanzone.sk\/produkt\/slovensko-balicek-14-24-polokosela-pleteny-sal-vlajka\/#breadcrumb\"},\"inLanguage\":\"en-US\",\"potentialAction\":[{\"@type\":\"ReadAction\",\"target\":[\"https:\/\/fanzone.sk\/produkt\/slovensko-balicek-14-24-polokosela-pleteny-sal-vlajka\/\"]}]},{\"@type\":\"BreadcrumbList\",\"@id\":\"https:\/\/fanzone.sk\/produkt\/slovensko-balicek-14-24-polokosela-pleteny-sal-vlajka\/#breadcrumb\",\"itemListElement\":[{\"@type\":\"ListItem\",\"position\":1,\"name\":\"Home\",\"item\":\"https:\/\/fanzone.sk\/\"},{\"@type\":\"ListItem\",\"position\":2,\"name\":\"Obchod\",\"item\":\"https:\/\/fanzone.sk\/obchod\/\"},{\"@type\":\"ListItem\",\"position\":3,\"name\":\"Slovensko &#8211; Bal\u00ed\u010dek 14\/24 Poloko\u0161e\u013ea + pleten\u00fd \u0161\u00e1l + vlajka\"}]},{\"@type\":\"WebSite\",\"@id\":\"https:\/\/fanzone.sk\/#website\",\"url\":\"https:\/\/fanzone.sk\/\",\"name\":\"fanzone.sk\",\"description\":\"\",\"potentialAction\":[{\"@type\":\"SearchAction\",\"target\":{\"@type\":\"EntryPoint\",\"urlTemplate\":\"https:\/\/fanzone.sk\/?s={search_term_string}\"},\"query-input\":\"required name=search_term_string\"}],\"inLanguage\":\"en-US\"}]}<\/script>\n<!-- \/ Yoast SEO plugin. -->","yoast_head_json":{"title":"Slovensko - Bal\u00ed\u010dek 14\/24 Poloko\u0161e\u013ea + pleten\u00fd \u0161\u00e1l + vlajka - fanzone.sk","robots":{"index":"index","follow":"follow","max-snippet":"max-snippet:-1","max-image-preview":"max-image-preview:large","max-video-preview":"max-video-preview:-1"},"canonical":"https:\/\/fanzone.sk\/en\/product\/slovensko-balicek-14-24-polokosela-pleteny-sal-vlajka\/","og_locale":"en_US","og_type":"article","og_title":"Slovensko - Bal\u00ed\u010dek 14\/24 Poloko\u0161e\u013ea + pleten\u00fd \u0161\u00e1l + vlajka - fanzone.sk","og_description":"Bal\u00ed\u010dek Slovensko 14\/14 obsahuje:  Bavlnen\u00fa poloko\u0161e\u013eu , pleten\u00fd \u0161\u00e1l a vlajku v rozmere 150x90 cm  v\u00fdber z viacer\u00fdch farieb","og_url":"https:\/\/fanzone.sk\/en\/product\/slovensko-balicek-14-24-polokosela-pleteny-sal-vlajka\/","og_site_name":"fanzone.sk","article_publisher":"https:\/\/www.facebook.com\/FANZONEsk\/","article_modified_time":"2025-02-03T21:07:08+00:00","og_image":[{"width":801,"height":801,"url":"https:\/\/fanzone.sk\/wp-content\/uploads\/2024\/05\/76.jpg","type":"image\/jpeg"}],"twitter_card":"summary_large_image","twitter_misc":{"Est. reading time":"1 minute"},"schema":{"@context":"https:\/\/schema.org","@graph":[{"@type":"WebPage","@id":"https:\/\/fanzone.sk\/produkt\/slovensko-balicek-14-24-polokosela-pleteny-sal-vlajka\/","url":"https:\/\/fanzone.sk\/produkt\/slovensko-balicek-14-24-polokosela-pleteny-sal-vlajka\/","name":"Slovensko - Bal\u00ed\u010dek 14\/24 Poloko\u0161e\u013ea + pleten\u00fd \u0161\u00e1l + vlajka - fanzone.sk","isPartOf":{"@id":"https:\/\/fanzone.sk\/#website"},"datePublished":"2024-05-31T12:06:35+00:00","dateModified":"2025-02-03T21:07:08+00:00","breadcrumb":{"@id":"https:\/\/fanzone.sk\/produkt\/slovensko-balicek-14-24-polokosela-pleteny-sal-vlajka\/#breadcrumb"},"inLanguage":"en-US","potentialAction":[{"@type":"ReadAction","target":["https:\/\/fanzone.sk\/produkt\/slovensko-balicek-14-24-polokosela-pleteny-sal-vlajka\/"]}]},{"@type":"BreadcrumbList","@id":"https:\/\/fanzone.sk\/produkt\/slovensko-balicek-14-24-polokosela-pleteny-sal-vlajka\/#breadcrumb","itemListElement":[{"@type":"ListItem","position":1,"name":"Home","item":"https:\/\/fanzone.sk\/"},{"@type":"ListItem","position":2,"name":"Obchod","item":"https:\/\/fanzone.sk\/obchod\/"},{"@type":"ListItem","position":3,"name":"Slovensko &#8211; Bal\u00ed\u010dek 14\/24 Poloko\u0161e\u013ea + pleten\u00fd \u0161\u00e1l + vlajka"}]},{"@type":"WebSite","@id":"https:\/\/fanzone.sk\/#website","url":"https:\/\/fanzone.sk\/","name":"fanzone.sk","description":"","potentialAction":[{"@type":"SearchAction","target":{"@type":"EntryPoint","urlTemplate":"https:\/\/fanzone.sk\/?s={search_term_string}"},"query-input":"required name=search_term_string"}],"inLanguage":"en-US"}]}},"_links":{"self":[{"href":"https:\/\/fanzone.sk\/en\/wp-json\/wp\/v2\/product\/30554"}],"collection":[{"href":"https:\/\/fanzone.sk\/en\/wp-json\/wp\/v2\/product"}],"about":[{"href":"https:\/\/fanzone.sk\/en\/wp-json\/wp\/v2\/types\/product"}],"wp:featuredmedia":[{"embeddable":true,"href":"https:\/\/fanzone.sk\/en\/wp-json\/wp\/v2\/media\/30569"}],"wp:attachment":[{"href":"https:\/\/fanzone.sk\/en\/wp-json\/wp\/v2\/media?parent=30554"}],"wp:term":[{"taxonomy":"product_cat","embeddable":true,"href":"https:\/\/fanzone.sk\/en\/wp-json\/wp\/v2\/product_cat?post=30554"},{"taxonomy":"product_tag","embeddable":true,"href":"https:\/\/fanzone.sk\/en\/wp-json\/wp\/v2\/product_tag?post=30554"}],"curies":[{"name":"wp","href":"https:\/\/api.w.org\/{rel}","templated":true}]}}