{"id":30785,"date":"2024-06-03T14:58:32","date_gmt":"2024-06-03T12:58:32","guid":{"rendered":"https:\/\/fanzone.sk\/?post_type=product&#038;p=30785"},"modified":"2025-02-03T22:07:07","modified_gmt":"2025-02-03T21:07:07","slug":"dtf-team-detva-bavlnena-mikina-s-kapucnou-1","status":"publish","type":"product","link":"https:\/\/fanzone.sk\/en\/product\/dtf-team-detva-bavlnena-mikina-s-kapucnou-1\/","title":{"rendered":"DTF team Detva &#8211; Bavlnen\u00e1 mikina s kapuc\u0148ou 1"},"content":{"rendered":"<div class=\"woocommerce-product-details__short-description\">\n<ul>\n<li>80% bavlna \u2013 prstencov\u00e1, \u010desan\u00e1<\/li>\n<li>20% polyester \u2013 dvojvrstvov\u00e1 kapuc\u0148a<\/li>\n<li>dvojit\u00e9 \u0161v\u00edky na ramen\u00e1ch<\/li>\n<li>rebrovan\u00fd lem s elast\u00e9nom na man\u017eet\u00e1ch a spodnom okraji<\/li>\n<li>klokanie vrecko<\/li>\n<\/ul>\n<\/div>","protected":false},"excerpt":{"rendered":"<div class=\"woocommerce-product-details__short-description\">\n<ul>\n<li>80% bavlna \u2013 prstencov\u00e1, \u010desan\u00e1<\/li>\n<li>20% polyester \u2013 dvojvrstvov\u00e1 kapuc\u0148a<\/li>\n<li>dvojit\u00e9 \u0161v\u00edky na ramen\u00e1ch<\/li>\n<li>rebrovan\u00fd lem s elast\u00e9nom na man\u017eet\u00e1ch a spodnom okraji<\/li>\n<li>klokanie vrecko<\/li>\n<\/ul>\n<\/div>","protected":false},"featured_media":30788,"template":"","meta":[],"product_cat":[517,311],"product_tag":[100,145],"wcpa_form_fields":null,"yoast_head":"<!-- This site is optimized with the Yoast SEO plugin v21.2 - https:\/\/yoast.com\/wordpress\/plugins\/seo\/ -->\n<title>DTF team Detva - Bavlnen\u00e1 mikina s kapuc\u0148ou 1 - fanzone.sk<\/title>\n<meta name=\"robots\" content=\"index, follow, max-snippet:-1, max-image-preview:large, max-video-preview:-1\" \/>\n<link rel=\"canonical\" href=\"https:\/\/fanzone.sk\/en\/product\/dtf-team-detva-bavlnena-mikina-s-kapucnou-1\/\" \/>\n<meta property=\"og:locale\" content=\"en_US\" \/>\n<meta property=\"og:type\" content=\"article\" \/>\n<meta property=\"og:title\" content=\"DTF team Detva - Bavlnen\u00e1 mikina s kapuc\u0148ou 1 - fanzone.sk\" \/>\n<meta property=\"og:description\" content=\"80% bavlna \u2013 prstencov\u00e1, \u010desan\u00e1  20% polyester \u2013 dvojvrstvov\u00e1 kapuc\u0148a  dvojit\u00e9 \u0161v\u00edky na ramen\u00e1ch  rebrovan\u00fd lem s elast\u00e9nom na man\u017eet\u00e1ch a spodnom okraji  klokanie vrecko\" \/>\n<meta property=\"og:url\" content=\"https:\/\/fanzone.sk\/en\/product\/dtf-team-detva-bavlnena-mikina-s-kapucnou-1\/\" \/>\n<meta property=\"og:site_name\" content=\"fanzone.sk\" \/>\n<meta property=\"article:publisher\" content=\"https:\/\/www.facebook.com\/FANZONEsk\/\" \/>\n<meta property=\"article:modified_time\" content=\"2025-02-03T21:07:07+00:00\" \/>\n<meta property=\"og:image\" content=\"https:\/\/fanzone.sk\/wp-content\/uploads\/2024\/06\/DIANA-01.jpg\" \/>\n\t<meta property=\"og:image:width\" content=\"800\" \/>\n\t<meta property=\"og:image:height\" content=\"800\" \/>\n\t<meta property=\"og:image:type\" content=\"image\/jpeg\" \/>\n<meta name=\"twitter:card\" content=\"summary_large_image\" \/>\n<meta name=\"twitter:label1\" content=\"Est. reading time\" \/>\n\t<meta name=\"twitter:data1\" content=\"1 minute\" \/>\n<script type=\"application\/ld+json\" class=\"yoast-schema-graph\">{\"@context\":\"https:\/\/schema.org\",\"@graph\":[{\"@type\":\"WebPage\",\"@id\":\"https:\/\/fanzone.sk\/produkt\/dtf-team-detva-bavlnena-mikina-s-kapucnou-1\/\",\"url\":\"https:\/\/fanzone.sk\/produkt\/dtf-team-detva-bavlnena-mikina-s-kapucnou-1\/\",\"name\":\"DTF team Detva - Bavlnen\u00e1 mikina s kapuc\u0148ou 1 - fanzone.sk\",\"isPartOf\":{\"@id\":\"https:\/\/fanzone.sk\/#website\"},\"datePublished\":\"2024-06-03T12:58:32+00:00\",\"dateModified\":\"2025-02-03T21:07:07+00:00\",\"breadcrumb\":{\"@id\":\"https:\/\/fanzone.sk\/produkt\/dtf-team-detva-bavlnena-mikina-s-kapucnou-1\/#breadcrumb\"},\"inLanguage\":\"en-US\",\"potentialAction\":[{\"@type\":\"ReadAction\",\"target\":[\"https:\/\/fanzone.sk\/produkt\/dtf-team-detva-bavlnena-mikina-s-kapucnou-1\/\"]}]},{\"@type\":\"BreadcrumbList\",\"@id\":\"https:\/\/fanzone.sk\/produkt\/dtf-team-detva-bavlnena-mikina-s-kapucnou-1\/#breadcrumb\",\"itemListElement\":[{\"@type\":\"ListItem\",\"position\":1,\"name\":\"Home\",\"item\":\"https:\/\/fanzone.sk\/\"},{\"@type\":\"ListItem\",\"position\":2,\"name\":\"Obchod\",\"item\":\"https:\/\/fanzone.sk\/obchod\/\"},{\"@type\":\"ListItem\",\"position\":3,\"name\":\"DTF team Detva &#8211; Bavlnen\u00e1 mikina s kapuc\u0148ou 1\"}]},{\"@type\":\"WebSite\",\"@id\":\"https:\/\/fanzone.sk\/#website\",\"url\":\"https:\/\/fanzone.sk\/\",\"name\":\"fanzone.sk\",\"description\":\"\",\"potentialAction\":[{\"@type\":\"SearchAction\",\"target\":{\"@type\":\"EntryPoint\",\"urlTemplate\":\"https:\/\/fanzone.sk\/?s={search_term_string}\"},\"query-input\":\"required name=search_term_string\"}],\"inLanguage\":\"en-US\"}]}<\/script>\n<!-- \/ Yoast SEO plugin. -->","yoast_head_json":{"title":"DTF team Detva - Bavlnen\u00e1 mikina s kapuc\u0148ou 1 - fanzone.sk","robots":{"index":"index","follow":"follow","max-snippet":"max-snippet:-1","max-image-preview":"max-image-preview:large","max-video-preview":"max-video-preview:-1"},"canonical":"https:\/\/fanzone.sk\/en\/product\/dtf-team-detva-bavlnena-mikina-s-kapucnou-1\/","og_locale":"en_US","og_type":"article","og_title":"DTF team Detva - Bavlnen\u00e1 mikina s kapuc\u0148ou 1 - fanzone.sk","og_description":"80% bavlna \u2013 prstencov\u00e1, \u010desan\u00e1  20% polyester \u2013 dvojvrstvov\u00e1 kapuc\u0148a  dvojit\u00e9 \u0161v\u00edky na ramen\u00e1ch  rebrovan\u00fd lem s elast\u00e9nom na man\u017eet\u00e1ch a spodnom okraji  klokanie vrecko","og_url":"https:\/\/fanzone.sk\/en\/product\/dtf-team-detva-bavlnena-mikina-s-kapucnou-1\/","og_site_name":"fanzone.sk","article_publisher":"https:\/\/www.facebook.com\/FANZONEsk\/","article_modified_time":"2025-02-03T21:07:07+00:00","og_image":[{"width":800,"height":800,"url":"https:\/\/fanzone.sk\/wp-content\/uploads\/2024\/06\/DIANA-01.jpg","type":"image\/jpeg"}],"twitter_card":"summary_large_image","twitter_misc":{"Est. reading time":"1 minute"},"schema":{"@context":"https:\/\/schema.org","@graph":[{"@type":"WebPage","@id":"https:\/\/fanzone.sk\/produkt\/dtf-team-detva-bavlnena-mikina-s-kapucnou-1\/","url":"https:\/\/fanzone.sk\/produkt\/dtf-team-detva-bavlnena-mikina-s-kapucnou-1\/","name":"DTF team Detva - Bavlnen\u00e1 mikina s kapuc\u0148ou 1 - fanzone.sk","isPartOf":{"@id":"https:\/\/fanzone.sk\/#website"},"datePublished":"2024-06-03T12:58:32+00:00","dateModified":"2025-02-03T21:07:07+00:00","breadcrumb":{"@id":"https:\/\/fanzone.sk\/produkt\/dtf-team-detva-bavlnena-mikina-s-kapucnou-1\/#breadcrumb"},"inLanguage":"en-US","potentialAction":[{"@type":"ReadAction","target":["https:\/\/fanzone.sk\/produkt\/dtf-team-detva-bavlnena-mikina-s-kapucnou-1\/"]}]},{"@type":"BreadcrumbList","@id":"https:\/\/fanzone.sk\/produkt\/dtf-team-detva-bavlnena-mikina-s-kapucnou-1\/#breadcrumb","itemListElement":[{"@type":"ListItem","position":1,"name":"Home","item":"https:\/\/fanzone.sk\/"},{"@type":"ListItem","position":2,"name":"Obchod","item":"https:\/\/fanzone.sk\/obchod\/"},{"@type":"ListItem","position":3,"name":"DTF team Detva &#8211; Bavlnen\u00e1 mikina s kapuc\u0148ou 1"}]},{"@type":"WebSite","@id":"https:\/\/fanzone.sk\/#website","url":"https:\/\/fanzone.sk\/","name":"fanzone.sk","description":"","potentialAction":[{"@type":"SearchAction","target":{"@type":"EntryPoint","urlTemplate":"https:\/\/fanzone.sk\/?s={search_term_string}"},"query-input":"required name=search_term_string"}],"inLanguage":"en-US"}]}},"_links":{"self":[{"href":"https:\/\/fanzone.sk\/en\/wp-json\/wp\/v2\/product\/30785"}],"collection":[{"href":"https:\/\/fanzone.sk\/en\/wp-json\/wp\/v2\/product"}],"about":[{"href":"https:\/\/fanzone.sk\/en\/wp-json\/wp\/v2\/types\/product"}],"wp:featuredmedia":[{"embeddable":true,"href":"https:\/\/fanzone.sk\/en\/wp-json\/wp\/v2\/media\/30788"}],"wp:attachment":[{"href":"https:\/\/fanzone.sk\/en\/wp-json\/wp\/v2\/media?parent=30785"}],"wp:term":[{"taxonomy":"product_cat","embeddable":true,"href":"https:\/\/fanzone.sk\/en\/wp-json\/wp\/v2\/product_cat?post=30785"},{"taxonomy":"product_tag","embeddable":true,"href":"https:\/\/fanzone.sk\/en\/wp-json\/wp\/v2\/product_tag?post=30785"}],"curies":[{"name":"wp","href":"https:\/\/api.w.org\/{rel}","templated":true}]}}