{"id":30941,"date":"2024-06-07T12:19:07","date_gmt":"2024-06-07T10:19:07","guid":{"rendered":"https:\/\/fanzone.sk\/?post_type=product&#038;p=30941"},"modified":"2025-02-03T22:07:07","modified_gmt":"2025-02-03T21:07:07","slug":"dtf-team-detva-univerzitna-mikina-1","status":"publish","type":"product","link":"https:\/\/fanzone.sk\/en\/product\/dtf-team-detva-univerzitna-mikina-1\/","title":{"rendered":"DTF team Detva \u2013 Univerzitn\u00e1 mikina 1"},"content":{"rendered":"<div class=\"woocommerce-product-details__short-description\">\n<ul>\n<li>80% bavlna, 20% polyester<\/li>\n<li>podlepenie p\u00e1skou vzadu na krku<\/li>\n<li>dvojit\u00e9 \u0161itie<\/li>\n<li>kontrastn\u00e9 ruk\u00e1vy<\/li>\n<li>cvoky a lemovanie bo\u010dn\u00fdch vreciek<\/li>\n<li>aplik\u00e1cia grafiky DTF team Detva<\/li>\n<li>v\u00fdber z dvoch farieb<\/li>\n<\/ul>\n<\/div>","protected":false},"excerpt":{"rendered":"<div class=\"woocommerce-product-details__short-description\">\n<ul>\n<li>80% bavlna, 20% polyester<\/li>\n<li>podlepenie p\u00e1skou vzadu na krku<\/li>\n<li>dvojit\u00e9 \u0161itie<\/li>\n<li>kontrastn\u00e9 ruk\u00e1vy<\/li>\n<li>cvoky a lemovanie bo\u010dn\u00fdch vreciek<\/li>\n<li>aplik\u00e1cia grafiky DTF team Detva<\/li>\n<li>v\u00fdber z dvoch farieb<\/li>\n<\/ul>\n<\/div>\n<form class=\"variations_form cart\" enctype=\"multipart\/form-data\" method=\"post\" data-product_id=\"27931\" data-product_variations=\"[{&quot;attributes&quot;:{&quot;attribute_pa_velkost&quot;:&quot;&quot;,&quot;attribute_pa_farba&quot;:&quot;siva&quot;},&quot;availability_html&quot;:&quot;&quot;,&quot;backorders_allowed&quot;:false,&quot;dimensions&quot;:{&quot;length&quot;:&quot;&quot;,&quot;width&quot;:&quot;&quot;,&quot;height&quot;:&quot;&quot;},&quot;dimensions_html&quot;:&quot;-&quot;,&quot;display_price&quot;:42,&quot;display_regular_price&quot;:42,&quot;image&quot;:{&quot;title&quot;:&quot;FA TRNAVA-MAJA-PD-02&quot;,&quot;caption&quot;:&quot;&quot;,&quot;url&quot;:&quot;https:\\\/\\\/fanzone.sk\\\/wp-content\\\/uploads\\\/2024\\\/02\\\/FA-TRNAVA-MAJA-PD-02.jpg&quot;,&quot;alt&quot;:&quot;FA TRNAVA-MAJA-PD-02&quot;,&quot;src&quot;:&quot;https:\\\/\\\/fanzone.sk\\\/wp-content\\\/uploads\\\/2024\\\/02\\\/FA-TRNAVA-MAJA-PD-02.jpg&quot;,&quot;srcset&quot;:&quot;https:\\\/\\\/fanzone.sk\\\/wp-content\\\/uploads\\\/2024\\\/02\\\/FA-TRNAVA-MAJA-PD-02.jpg 800w, https:\\\/\\\/fanzone.sk\\\/wp-content\\\/uploads\\\/2024\\\/02\\\/FA-TRNAVA-MAJA-PD-02-300x300.jpg 300w, https:\\\/\\\/fanzone.sk\\\/wp-content\\\/uploads\\\/2024\\\/02\\\/FA-TRNAVA-MAJA-PD-02-150x150.jpg 150w, https:\\\/\\\/fanzone.sk\\\/wp-content\\\/uploads\\\/2024\\\/02\\\/FA-TRNAVA-MAJA-PD-02-768x768.jpg 768w, https:\\\/\\\/fanzone.sk\\\/wp-content\\\/uploads\\\/2024\\\/02\\\/FA-TRNAVA-MAJA-PD-02-12x12.jpg 12w, https:\\\/\\\/fanzone.sk\\\/wp-content\\\/uploads\\\/2024\\\/02\\\/FA-TRNAVA-MAJA-PD-02-45x45.jpg 45w, https:\\\/\\\/fanzone.sk\\\/wp-content\\\/uploads\\\/2024\\\/02\\\/FA-TRNAVA-MAJA-PD-02-600x600.jpg 600w, https:\\\/\\\/fanzone.sk\\\/wp-content\\\/uploads\\\/2024\\\/02\\\/FA-TRNAVA-MAJA-PD-02-100x100.jpg 100w&quot;,&quot;sizes&quot;:&quot;(max-width: 800px) 100vw, 800px&quot;,&quot;full_src&quot;:&quot;https:\\\/\\\/fanzone.sk\\\/wp-content\\\/uploads\\\/2024\\\/02\\\/FA-TRNAVA-MAJA-PD-02.jpg&quot;,&quot;full_src_w&quot;:800,&quot;full_src_h&quot;:800,&quot;gallery_thumbnail_src&quot;:&quot;https:\\\/\\\/fanzone.sk\\\/wp-content\\\/uploads\\\/2024\\\/02\\\/FA-TRNAVA-MAJA-PD-02.jpg&quot;,&quot;gallery_thumbnail_src_w&quot;:800,&quot;gallery_thumbnail_src_h&quot;:800,&quot;thumb_src&quot;:&quot;https:\\\/\\\/fanzone.sk\\\/wp-content\\\/uploads\\\/2024\\\/02\\\/FA-TRNAVA-MAJA-PD-02-600x600.jpg&quot;,&quot;thumb_src_w&quot;:600,&quot;thumb_src_h&quot;:600,&quot;src_w&quot;:800,&quot;src_h&quot;:800},&quot;image_id&quot;:27933,&quot;is_downloadable&quot;:false,&quot;is_in_stock&quot;:true,&quot;is_purchasable&quot;:true,&quot;is_sold_individually&quot;:&quot;no&quot;,&quot;is_virtual&quot;:false,&quot;max_qty&quot;:&quot;&quot;,&quot;min_qty&quot;:1,&quot;price_html&quot;:&quot;&quot;,&quot;sku&quot;:&quot;&quot;,&quot;variation_description&quot;:&quot;&quot;,&quot;variation_id&quot;:27936,&quot;variation_is_active&quot;:true,&quot;variation_is_visible&quot;:true,&quot;weight&quot;:&quot;&quot;,&quot;weight_html&quot;:&quot;-&quot;,&quot;stock_status&quot;:&quot;instock&quot;,&quot;stock_quantity&quot;:null},{&quot;attributes&quot;:{&quot;attribute_pa_velkost&quot;:&quot;&quot;,&quot;attribute_pa_farba&quot;:&quot;biela&quot;},&quot;availability_html&quot;:&quot;&quot;,&quot;backorders_allowed&quot;:false,&quot;dimensions&quot;:{&quot;length&quot;:&quot;&quot;,&quot;width&quot;:&quot;&quot;,&quot;height&quot;:&quot;&quot;},&quot;dimensions_html&quot;:&quot;-&quot;,&quot;display_price&quot;:42,&quot;display_regular_price&quot;:42,&quot;image&quot;:{&quot;title&quot;:&quot;FA TRNAVA-MAJA-PD-01&quot;,&quot;caption&quot;:&quot;&quot;,&quot;url&quot;:&quot;https:\\\/\\\/fanzone.sk\\\/wp-content\\\/uploads\\\/2024\\\/02\\\/FA-TRNAVA-MAJA-PD-01.jpg&quot;,&quot;alt&quot;:&quot;FA TRNAVA-MAJA-PD-01&quot;,&quot;src&quot;:&quot;https:\\\/\\\/fanzone.sk\\\/wp-content\\\/uploads\\\/2024\\\/02\\\/FA-TRNAVA-MAJA-PD-01.jpg&quot;,&quot;srcset&quot;:&quot;https:\\\/\\\/fanzone.sk\\\/wp-content\\\/uploads\\\/2024\\\/02\\\/FA-TRNAVA-MAJA-PD-01.jpg 800w, https:\\\/\\\/fanzone.sk\\\/wp-content\\\/uploads\\\/2024\\\/02\\\/FA-TRNAVA-MAJA-PD-01-300x300.jpg 300w, https:\\\/\\\/fanzone.sk\\\/wp-content\\\/uploads\\\/2024\\\/02\\\/FA-TRNAVA-MAJA-PD-01-150x150.jpg 150w, https:\\\/\\\/fanzone.sk\\\/wp-content\\\/uploads\\\/2024\\\/02\\\/FA-TRNAVA-MAJA-PD-01-768x768.jpg 768w, https:\\\/\\\/fanzone.sk\\\/wp-content\\\/uploads\\\/2024\\\/02\\\/FA-TRNAVA-MAJA-PD-01-12x12.jpg 12w, https:\\\/\\\/fanzone.sk\\\/wp-content\\\/uploads\\\/2024\\\/02\\\/FA-TRNAVA-MAJA-PD-01-45x45.jpg 45w, https:\\\/\\\/fanzone.sk\\\/wp-content\\\/uploads\\\/2024\\\/02\\\/FA-TRNAVA-MAJA-PD-01-600x600.jpg 600w, https:\\\/\\\/fanzone.sk\\\/wp-content\\\/uploads\\\/2024\\\/02\\\/FA-TRNAVA-MAJA-PD-01-100x100.jpg 100w&quot;,&quot;sizes&quot;:&quot;(max-width: 800px) 100vw, 800px&quot;,&quot;full_src&quot;:&quot;https:\\\/\\\/fanzone.sk\\\/wp-content\\\/uploads\\\/2024\\\/02\\\/FA-TRNAVA-MAJA-PD-01.jpg&quot;,&quot;full_src_w&quot;:800,&quot;full_src_h&quot;:800,&quot;gallery_thumbnail_src&quot;:&quot;https:\\\/\\\/fanzone.sk\\\/wp-content\\\/uploads\\\/2024\\\/02\\\/FA-TRNAVA-MAJA-PD-01.jpg&quot;,&quot;gallery_thumbnail_src_w&quot;:800,&quot;gallery_thumbnail_src_h&quot;:800,&quot;thumb_src&quot;:&quot;https:\\\/\\\/fanzone.sk\\\/wp-content\\\/uploads\\\/2024\\\/02\\\/FA-TRNAVA-MAJA-PD-01-600x600.jpg&quot;,&quot;thumb_src_w&quot;:600,&quot;thumb_src_h&quot;:600,&quot;src_w&quot;:800,&quot;src_h&quot;:800},&quot;image_id&quot;:27932,&quot;is_downloadable&quot;:false,&quot;is_in_stock&quot;:true,&quot;is_purchasable&quot;:true,&quot;is_sold_individually&quot;:&quot;no&quot;,&quot;is_virtual&quot;:false,&quot;max_qty&quot;:&quot;&quot;,&quot;min_qty&quot;:1,&quot;price_html&quot;:&quot;&quot;,&quot;sku&quot;:&quot;&quot;,&quot;variation_description&quot;:&quot;&quot;,&quot;variation_id&quot;:27937,&quot;variation_is_active&quot;:true,&quot;variation_is_visible&quot;:true,&quot;weight&quot;:&quot;&quot;,&quot;weight_html&quot;:&quot;-&quot;,&quot;stock_status&quot;:&quot;instock&quot;,&quot;stock_quantity&quot;:null}]\" action=\"\"><input type=\"hidden\" name=\"trp-form-language\" value=\"en\"\/><\/form>","protected":false},"featured_media":30946,"template":"","meta":[],"product_cat":[517,311],"product_tag":[100,145],"wcpa_form_fields":null,"yoast_head":"<!-- This site is optimized with the Yoast SEO plugin v21.2 - https:\/\/yoast.com\/wordpress\/plugins\/seo\/ -->\n<title>DTF team Detva \u2013 Univerzitn\u00e1 mikina 1 - fanzone.sk<\/title>\n<meta name=\"robots\" content=\"index, follow, max-snippet:-1, max-image-preview:large, max-video-preview:-1\" \/>\n<link rel=\"canonical\" href=\"https:\/\/fanzone.sk\/en\/product\/dtf-team-detva-univerzitna-mikina-1\/\" \/>\n<meta property=\"og:locale\" content=\"en_US\" \/>\n<meta property=\"og:type\" content=\"article\" \/>\n<meta property=\"og:title\" content=\"DTF team Detva \u2013 Univerzitn\u00e1 mikina 1 - fanzone.sk\" \/>\n<meta property=\"og:description\" content=\"80% bavlna, 20% polyester  podlepenie p\u00e1skou vzadu na krku  dvojit\u00e9 \u0161itie  kontrastn\u00e9 ruk\u00e1vy  cvoky a lemovanie bo\u010dn\u00fdch vreciek  aplik\u00e1cia grafiky DTF team Detva  v\u00fdber z dvoch farieb\" \/>\n<meta property=\"og:url\" content=\"https:\/\/fanzone.sk\/en\/product\/dtf-team-detva-univerzitna-mikina-1\/\" \/>\n<meta property=\"og:site_name\" content=\"fanzone.sk\" \/>\n<meta property=\"article:publisher\" content=\"https:\/\/www.facebook.com\/FANZONEsk\/\" \/>\n<meta property=\"article:modified_time\" content=\"2025-02-03T21:07:07+00:00\" \/>\n<meta property=\"og:image\" content=\"https:\/\/fanzone.sk\/wp-content\/uploads\/2024\/06\/MAJA-01.jpg\" \/>\n\t<meta property=\"og:image:width\" content=\"800\" \/>\n\t<meta property=\"og:image:height\" content=\"800\" \/>\n\t<meta property=\"og:image:type\" content=\"image\/jpeg\" \/>\n<meta name=\"twitter:card\" content=\"summary_large_image\" \/>\n<meta name=\"twitter:label1\" content=\"Est. reading time\" \/>\n\t<meta name=\"twitter:data1\" content=\"1 minute\" \/>\n<script type=\"application\/ld+json\" class=\"yoast-schema-graph\">{\"@context\":\"https:\/\/schema.org\",\"@graph\":[{\"@type\":\"WebPage\",\"@id\":\"https:\/\/fanzone.sk\/produkt\/dtf-team-detva-univerzitna-mikina-1\/\",\"url\":\"https:\/\/fanzone.sk\/produkt\/dtf-team-detva-univerzitna-mikina-1\/\",\"name\":\"DTF team Detva \u2013 Univerzitn\u00e1 mikina 1 - fanzone.sk\",\"isPartOf\":{\"@id\":\"https:\/\/fanzone.sk\/#website\"},\"datePublished\":\"2024-06-07T10:19:07+00:00\",\"dateModified\":\"2025-02-03T21:07:07+00:00\",\"breadcrumb\":{\"@id\":\"https:\/\/fanzone.sk\/produkt\/dtf-team-detva-univerzitna-mikina-1\/#breadcrumb\"},\"inLanguage\":\"en-US\",\"potentialAction\":[{\"@type\":\"ReadAction\",\"target\":[\"https:\/\/fanzone.sk\/produkt\/dtf-team-detva-univerzitna-mikina-1\/\"]}]},{\"@type\":\"BreadcrumbList\",\"@id\":\"https:\/\/fanzone.sk\/produkt\/dtf-team-detva-univerzitna-mikina-1\/#breadcrumb\",\"itemListElement\":[{\"@type\":\"ListItem\",\"position\":1,\"name\":\"Home\",\"item\":\"https:\/\/fanzone.sk\/\"},{\"@type\":\"ListItem\",\"position\":2,\"name\":\"Obchod\",\"item\":\"https:\/\/fanzone.sk\/obchod\/\"},{\"@type\":\"ListItem\",\"position\":3,\"name\":\"DTF team Detva \u2013 Univerzitn\u00e1 mikina 1\"}]},{\"@type\":\"WebSite\",\"@id\":\"https:\/\/fanzone.sk\/#website\",\"url\":\"https:\/\/fanzone.sk\/\",\"name\":\"fanzone.sk\",\"description\":\"\",\"potentialAction\":[{\"@type\":\"SearchAction\",\"target\":{\"@type\":\"EntryPoint\",\"urlTemplate\":\"https:\/\/fanzone.sk\/?s={search_term_string}\"},\"query-input\":\"required name=search_term_string\"}],\"inLanguage\":\"en-US\"}]}<\/script>\n<!-- \/ Yoast SEO plugin. -->","yoast_head_json":{"title":"DTF team Detva \u2013 Univerzitn\u00e1 mikina 1 - fanzone.sk","robots":{"index":"index","follow":"follow","max-snippet":"max-snippet:-1","max-image-preview":"max-image-preview:large","max-video-preview":"max-video-preview:-1"},"canonical":"https:\/\/fanzone.sk\/en\/product\/dtf-team-detva-univerzitna-mikina-1\/","og_locale":"en_US","og_type":"article","og_title":"DTF team Detva \u2013 Univerzitn\u00e1 mikina 1 - fanzone.sk","og_description":"80% bavlna, 20% polyester  podlepenie p\u00e1skou vzadu na krku  dvojit\u00e9 \u0161itie  kontrastn\u00e9 ruk\u00e1vy  cvoky a lemovanie bo\u010dn\u00fdch vreciek  aplik\u00e1cia grafiky DTF team Detva  v\u00fdber z dvoch farieb","og_url":"https:\/\/fanzone.sk\/en\/product\/dtf-team-detva-univerzitna-mikina-1\/","og_site_name":"fanzone.sk","article_publisher":"https:\/\/www.facebook.com\/FANZONEsk\/","article_modified_time":"2025-02-03T21:07:07+00:00","og_image":[{"width":800,"height":800,"url":"https:\/\/fanzone.sk\/wp-content\/uploads\/2024\/06\/MAJA-01.jpg","type":"image\/jpeg"}],"twitter_card":"summary_large_image","twitter_misc":{"Est. reading time":"1 minute"},"schema":{"@context":"https:\/\/schema.org","@graph":[{"@type":"WebPage","@id":"https:\/\/fanzone.sk\/produkt\/dtf-team-detva-univerzitna-mikina-1\/","url":"https:\/\/fanzone.sk\/produkt\/dtf-team-detva-univerzitna-mikina-1\/","name":"DTF team Detva \u2013 Univerzitn\u00e1 mikina 1 - fanzone.sk","isPartOf":{"@id":"https:\/\/fanzone.sk\/#website"},"datePublished":"2024-06-07T10:19:07+00:00","dateModified":"2025-02-03T21:07:07+00:00","breadcrumb":{"@id":"https:\/\/fanzone.sk\/produkt\/dtf-team-detva-univerzitna-mikina-1\/#breadcrumb"},"inLanguage":"en-US","potentialAction":[{"@type":"ReadAction","target":["https:\/\/fanzone.sk\/produkt\/dtf-team-detva-univerzitna-mikina-1\/"]}]},{"@type":"BreadcrumbList","@id":"https:\/\/fanzone.sk\/produkt\/dtf-team-detva-univerzitna-mikina-1\/#breadcrumb","itemListElement":[{"@type":"ListItem","position":1,"name":"Home","item":"https:\/\/fanzone.sk\/"},{"@type":"ListItem","position":2,"name":"Obchod","item":"https:\/\/fanzone.sk\/obchod\/"},{"@type":"ListItem","position":3,"name":"DTF team Detva \u2013 Univerzitn\u00e1 mikina 1"}]},{"@type":"WebSite","@id":"https:\/\/fanzone.sk\/#website","url":"https:\/\/fanzone.sk\/","name":"fanzone.sk","description":"","potentialAction":[{"@type":"SearchAction","target":{"@type":"EntryPoint","urlTemplate":"https:\/\/fanzone.sk\/?s={search_term_string}"},"query-input":"required name=search_term_string"}],"inLanguage":"en-US"}]}},"_links":{"self":[{"href":"https:\/\/fanzone.sk\/en\/wp-json\/wp\/v2\/product\/30941"}],"collection":[{"href":"https:\/\/fanzone.sk\/en\/wp-json\/wp\/v2\/product"}],"about":[{"href":"https:\/\/fanzone.sk\/en\/wp-json\/wp\/v2\/types\/product"}],"wp:featuredmedia":[{"embeddable":true,"href":"https:\/\/fanzone.sk\/en\/wp-json\/wp\/v2\/media\/30946"}],"wp:attachment":[{"href":"https:\/\/fanzone.sk\/en\/wp-json\/wp\/v2\/media?parent=30941"}],"wp:term":[{"taxonomy":"product_cat","embeddable":true,"href":"https:\/\/fanzone.sk\/en\/wp-json\/wp\/v2\/product_cat?post=30941"},{"taxonomy":"product_tag","embeddable":true,"href":"https:\/\/fanzone.sk\/en\/wp-json\/wp\/v2\/product_tag?post=30941"}],"curies":[{"name":"wp","href":"https:\/\/api.w.org\/{rel}","templated":true}]}}