{"id":31069,"date":"2024-06-11T10:48:59","date_gmt":"2024-06-11T08:48:59","guid":{"rendered":"https:\/\/fanzone.sk\/?post_type=product&#038;p=31069"},"modified":"2025-02-03T22:07:07","modified_gmt":"2025-02-03T21:07:07","slug":"dtf-team-detva-funkcne-tricko-2","status":"publish","type":"product","link":"https:\/\/fanzone.sk\/en\/product\/dtf-team-detva-funkcne-tricko-2\/","title":{"rendered":"DTF team Detva &#8211; Funk\u010dn\u00e9 tri\u010dko 2"},"content":{"rendered":"<ul>\n<li>100 % polyester, materi\u00e1l funk\u010dn\u00fd<\/li>\n<li>\u0160portov\u00e9 funk\u010dn\u00e9 tri\u010dko vhodn\u00e9 na \u0161port<\/li>\n<\/ul>","protected":false},"excerpt":{"rendered":"<ul>\n<li>100 % polyester, materi\u00e1l funk\u010dn\u00fd<\/li>\n<li>\u0160portov\u00e9 funk\u010dn\u00e9 tri\u010dko vhodn\u00e9 na \u0161port<\/li>\n<\/ul>","protected":false},"featured_media":31065,"template":"","meta":[],"product_cat":[517,311],"product_tag":[100,144],"wcpa_form_fields":null,"yoast_head":"<!-- This site is optimized with the Yoast SEO plugin v21.2 - https:\/\/yoast.com\/wordpress\/plugins\/seo\/ -->\n<title>DTF team Detva - Funk\u010dn\u00e9 tri\u010dko 2 - fanzone.sk<\/title>\n<meta name=\"robots\" content=\"index, follow, max-snippet:-1, max-image-preview:large, max-video-preview:-1\" \/>\n<link rel=\"canonical\" href=\"https:\/\/fanzone.sk\/en\/product\/dtf-team-detva-funkcne-tricko-2\/\" \/>\n<meta property=\"og:locale\" content=\"en_US\" \/>\n<meta property=\"og:type\" content=\"article\" \/>\n<meta property=\"og:title\" content=\"DTF team Detva - Funk\u010dn\u00e9 tri\u010dko 2 - fanzone.sk\" \/>\n<meta property=\"og:description\" content=\"100 % polyester, materi\u00e1l funk\u010dn\u00fd  \u0160portov\u00e9 funk\u010dn\u00e9 tri\u010dko vhodn\u00e9 na \u0161port\" \/>\n<meta property=\"og:url\" content=\"https:\/\/fanzone.sk\/en\/product\/dtf-team-detva-funkcne-tricko-2\/\" \/>\n<meta property=\"og:site_name\" content=\"fanzone.sk\" \/>\n<meta property=\"article:publisher\" content=\"https:\/\/www.facebook.com\/FANZONEsk\/\" \/>\n<meta property=\"article:modified_time\" content=\"2025-02-03T21:07:07+00:00\" \/>\n<meta property=\"og:image\" content=\"https:\/\/fanzone.sk\/wp-content\/uploads\/2024\/06\/MILAN-01-PD.jpg\" \/>\n\t<meta property=\"og:image:width\" content=\"801\" \/>\n\t<meta property=\"og:image:height\" content=\"800\" \/>\n\t<meta property=\"og:image:type\" content=\"image\/jpeg\" \/>\n<meta name=\"twitter:card\" content=\"summary_large_image\" \/>\n<meta name=\"twitter:label1\" content=\"Est. reading time\" \/>\n\t<meta name=\"twitter:data1\" content=\"1 minute\" \/>\n<script type=\"application\/ld+json\" class=\"yoast-schema-graph\">{\"@context\":\"https:\/\/schema.org\",\"@graph\":[{\"@type\":\"WebPage\",\"@id\":\"https:\/\/fanzone.sk\/produkt\/dtf-team-detva-funkcne-tricko-2\/\",\"url\":\"https:\/\/fanzone.sk\/produkt\/dtf-team-detva-funkcne-tricko-2\/\",\"name\":\"DTF team Detva - Funk\u010dn\u00e9 tri\u010dko 2 - fanzone.sk\",\"isPartOf\":{\"@id\":\"https:\/\/fanzone.sk\/#website\"},\"datePublished\":\"2024-06-11T08:48:59+00:00\",\"dateModified\":\"2025-02-03T21:07:07+00:00\",\"breadcrumb\":{\"@id\":\"https:\/\/fanzone.sk\/produkt\/dtf-team-detva-funkcne-tricko-2\/#breadcrumb\"},\"inLanguage\":\"en-US\",\"potentialAction\":[{\"@type\":\"ReadAction\",\"target\":[\"https:\/\/fanzone.sk\/produkt\/dtf-team-detva-funkcne-tricko-2\/\"]}]},{\"@type\":\"BreadcrumbList\",\"@id\":\"https:\/\/fanzone.sk\/produkt\/dtf-team-detva-funkcne-tricko-2\/#breadcrumb\",\"itemListElement\":[{\"@type\":\"ListItem\",\"position\":1,\"name\":\"Home\",\"item\":\"https:\/\/fanzone.sk\/\"},{\"@type\":\"ListItem\",\"position\":2,\"name\":\"Obchod\",\"item\":\"https:\/\/fanzone.sk\/obchod\/\"},{\"@type\":\"ListItem\",\"position\":3,\"name\":\"DTF team Detva &#8211; Funk\u010dn\u00e9 tri\u010dko 2\"}]},{\"@type\":\"WebSite\",\"@id\":\"https:\/\/fanzone.sk\/#website\",\"url\":\"https:\/\/fanzone.sk\/\",\"name\":\"fanzone.sk\",\"description\":\"\",\"potentialAction\":[{\"@type\":\"SearchAction\",\"target\":{\"@type\":\"EntryPoint\",\"urlTemplate\":\"https:\/\/fanzone.sk\/?s={search_term_string}\"},\"query-input\":\"required name=search_term_string\"}],\"inLanguage\":\"en-US\"}]}<\/script>\n<!-- \/ Yoast SEO plugin. -->","yoast_head_json":{"title":"DTF team Detva - Funk\u010dn\u00e9 tri\u010dko 2 - fanzone.sk","robots":{"index":"index","follow":"follow","max-snippet":"max-snippet:-1","max-image-preview":"max-image-preview:large","max-video-preview":"max-video-preview:-1"},"canonical":"https:\/\/fanzone.sk\/en\/product\/dtf-team-detva-funkcne-tricko-2\/","og_locale":"en_US","og_type":"article","og_title":"DTF team Detva - Funk\u010dn\u00e9 tri\u010dko 2 - fanzone.sk","og_description":"100 % polyester, materi\u00e1l funk\u010dn\u00fd  \u0160portov\u00e9 funk\u010dn\u00e9 tri\u010dko vhodn\u00e9 na \u0161port","og_url":"https:\/\/fanzone.sk\/en\/product\/dtf-team-detva-funkcne-tricko-2\/","og_site_name":"fanzone.sk","article_publisher":"https:\/\/www.facebook.com\/FANZONEsk\/","article_modified_time":"2025-02-03T21:07:07+00:00","og_image":[{"width":801,"height":800,"url":"https:\/\/fanzone.sk\/wp-content\/uploads\/2024\/06\/MILAN-01-PD.jpg","type":"image\/jpeg"}],"twitter_card":"summary_large_image","twitter_misc":{"Est. reading time":"1 minute"},"schema":{"@context":"https:\/\/schema.org","@graph":[{"@type":"WebPage","@id":"https:\/\/fanzone.sk\/produkt\/dtf-team-detva-funkcne-tricko-2\/","url":"https:\/\/fanzone.sk\/produkt\/dtf-team-detva-funkcne-tricko-2\/","name":"DTF team Detva - Funk\u010dn\u00e9 tri\u010dko 2 - fanzone.sk","isPartOf":{"@id":"https:\/\/fanzone.sk\/#website"},"datePublished":"2024-06-11T08:48:59+00:00","dateModified":"2025-02-03T21:07:07+00:00","breadcrumb":{"@id":"https:\/\/fanzone.sk\/produkt\/dtf-team-detva-funkcne-tricko-2\/#breadcrumb"},"inLanguage":"en-US","potentialAction":[{"@type":"ReadAction","target":["https:\/\/fanzone.sk\/produkt\/dtf-team-detva-funkcne-tricko-2\/"]}]},{"@type":"BreadcrumbList","@id":"https:\/\/fanzone.sk\/produkt\/dtf-team-detva-funkcne-tricko-2\/#breadcrumb","itemListElement":[{"@type":"ListItem","position":1,"name":"Home","item":"https:\/\/fanzone.sk\/"},{"@type":"ListItem","position":2,"name":"Obchod","item":"https:\/\/fanzone.sk\/obchod\/"},{"@type":"ListItem","position":3,"name":"DTF team Detva &#8211; Funk\u010dn\u00e9 tri\u010dko 2"}]},{"@type":"WebSite","@id":"https:\/\/fanzone.sk\/#website","url":"https:\/\/fanzone.sk\/","name":"fanzone.sk","description":"","potentialAction":[{"@type":"SearchAction","target":{"@type":"EntryPoint","urlTemplate":"https:\/\/fanzone.sk\/?s={search_term_string}"},"query-input":"required name=search_term_string"}],"inLanguage":"en-US"}]}},"_links":{"self":[{"href":"https:\/\/fanzone.sk\/en\/wp-json\/wp\/v2\/product\/31069"}],"collection":[{"href":"https:\/\/fanzone.sk\/en\/wp-json\/wp\/v2\/product"}],"about":[{"href":"https:\/\/fanzone.sk\/en\/wp-json\/wp\/v2\/types\/product"}],"wp:featuredmedia":[{"embeddable":true,"href":"https:\/\/fanzone.sk\/en\/wp-json\/wp\/v2\/media\/31065"}],"wp:attachment":[{"href":"https:\/\/fanzone.sk\/en\/wp-json\/wp\/v2\/media?parent=31069"}],"wp:term":[{"taxonomy":"product_cat","embeddable":true,"href":"https:\/\/fanzone.sk\/en\/wp-json\/wp\/v2\/product_cat?post=31069"},{"taxonomy":"product_tag","embeddable":true,"href":"https:\/\/fanzone.sk\/en\/wp-json\/wp\/v2\/product_tag?post=31069"}],"curies":[{"name":"wp","href":"https:\/\/api.w.org\/{rel}","templated":true}]}}