{"id":32073,"date":"2024-10-02T13:55:47","date_gmt":"2024-10-02T11:55:47","guid":{"rendered":"https:\/\/fanzone.sk\/?post_type=product&#038;p=32073"},"modified":"2025-02-03T22:07:05","modified_gmt":"2025-02-03T21:07:05","slug":"vk-junior-20212-poprad-vrecusko","status":"publish","type":"product","link":"https:\/\/fanzone.sk\/en\/product\/vk-junior-20212-poprad-vrecusko\/","title":{"rendered":"VK Junior 2012 Poprad  \u2013 Vrec\u00fa\u0161ko"},"content":{"rendered":"<ul>\n<li>s dvoma \u0161n\u00farkam na chrb\u00e1t<\/li>\n<li>na jednej strane n\u00e1pis a logo VK Junior 20212 Poprad<\/li>\n<li>rozmer 43 x 32 cm<\/li>\n<\/ul>","protected":false},"excerpt":{"rendered":"<ul>\n<li>s dvoma \u0161n\u00farkam na chrb\u00e1t<\/li>\n<li>na jednej strane n\u00e1pis a logo VK Junior 20212 Poprad<\/li>\n<li>rozmer 43 x 32 cm<\/li>\n<\/ul>","protected":false},"featured_media":32052,"template":"","meta":[],"product_cat":[530,310],"product_tag":[521,151,130],"wcpa_form_fields":null,"yoast_head":"<!-- This site is optimized with the Yoast SEO plugin v21.2 - https:\/\/yoast.com\/wordpress\/plugins\/seo\/ -->\n<title>VK Junior 2012 Poprad \u2013 Vrec\u00fa\u0161ko - fanzone.sk<\/title>\n<meta name=\"robots\" content=\"index, follow, max-snippet:-1, max-image-preview:large, max-video-preview:-1\" \/>\n<link rel=\"canonical\" href=\"https:\/\/fanzone.sk\/en\/product\/vk-junior-20212-poprad-vrecusko\/\" \/>\n<meta property=\"og:locale\" content=\"en_US\" \/>\n<meta property=\"og:type\" content=\"article\" \/>\n<meta property=\"og:title\" content=\"VK Junior 2012 Poprad \u2013 Vrec\u00fa\u0161ko - fanzone.sk\" \/>\n<meta property=\"og:description\" content=\"s dvoma \u0161n\u00farkam na chrb\u00e1t  na jednej strane n\u00e1pis a logo VK Junior 20212 Poprad  rozmer 43 x 32 cm\" \/>\n<meta property=\"og:url\" content=\"https:\/\/fanzone.sk\/en\/product\/vk-junior-20212-poprad-vrecusko\/\" \/>\n<meta property=\"og:site_name\" content=\"fanzone.sk\" \/>\n<meta property=\"article:publisher\" content=\"https:\/\/www.facebook.com\/FANZONEsk\/\" \/>\n<meta property=\"article:modified_time\" content=\"2025-02-03T21:07:05+00:00\" \/>\n<meta property=\"og:image\" content=\"https:\/\/fanzone.sk\/wp-content\/uploads\/2024\/10\/VRECUSKO-M-PD.jpg\" \/>\n\t<meta property=\"og:image:width\" content=\"800\" \/>\n\t<meta property=\"og:image:height\" content=\"800\" \/>\n\t<meta property=\"og:image:type\" content=\"image\/jpeg\" \/>\n<meta name=\"twitter:card\" content=\"summary_large_image\" \/>\n<meta name=\"twitter:label1\" content=\"Est. reading time\" \/>\n\t<meta name=\"twitter:data1\" content=\"1 minute\" \/>\n<script type=\"application\/ld+json\" class=\"yoast-schema-graph\">{\"@context\":\"https:\/\/schema.org\",\"@graph\":[{\"@type\":\"WebPage\",\"@id\":\"https:\/\/fanzone.sk\/produkt\/vk-junior-20212-poprad-vrecusko\/\",\"url\":\"https:\/\/fanzone.sk\/produkt\/vk-junior-20212-poprad-vrecusko\/\",\"name\":\"VK Junior 2012 Poprad \u2013 Vrec\u00fa\u0161ko - fanzone.sk\",\"isPartOf\":{\"@id\":\"https:\/\/fanzone.sk\/#website\"},\"datePublished\":\"2024-10-02T11:55:47+00:00\",\"dateModified\":\"2025-02-03T21:07:05+00:00\",\"breadcrumb\":{\"@id\":\"https:\/\/fanzone.sk\/produkt\/vk-junior-20212-poprad-vrecusko\/#breadcrumb\"},\"inLanguage\":\"en-US\",\"potentialAction\":[{\"@type\":\"ReadAction\",\"target\":[\"https:\/\/fanzone.sk\/produkt\/vk-junior-20212-poprad-vrecusko\/\"]}]},{\"@type\":\"BreadcrumbList\",\"@id\":\"https:\/\/fanzone.sk\/produkt\/vk-junior-20212-poprad-vrecusko\/#breadcrumb\",\"itemListElement\":[{\"@type\":\"ListItem\",\"position\":1,\"name\":\"Home\",\"item\":\"https:\/\/fanzone.sk\/\"},{\"@type\":\"ListItem\",\"position\":2,\"name\":\"Obchod\",\"item\":\"https:\/\/fanzone.sk\/obchod\/\"},{\"@type\":\"ListItem\",\"position\":3,\"name\":\"VK Junior 2012 Poprad \u2013 Vrec\u00fa\u0161ko\"}]},{\"@type\":\"WebSite\",\"@id\":\"https:\/\/fanzone.sk\/#website\",\"url\":\"https:\/\/fanzone.sk\/\",\"name\":\"fanzone.sk\",\"description\":\"\",\"potentialAction\":[{\"@type\":\"SearchAction\",\"target\":{\"@type\":\"EntryPoint\",\"urlTemplate\":\"https:\/\/fanzone.sk\/?s={search_term_string}\"},\"query-input\":\"required name=search_term_string\"}],\"inLanguage\":\"en-US\"}]}<\/script>\n<!-- \/ Yoast SEO plugin. -->","yoast_head_json":{"title":"VK Junior 2012 Poprad \u2013 Vrec\u00fa\u0161ko - fanzone.sk","robots":{"index":"index","follow":"follow","max-snippet":"max-snippet:-1","max-image-preview":"max-image-preview:large","max-video-preview":"max-video-preview:-1"},"canonical":"https:\/\/fanzone.sk\/en\/product\/vk-junior-20212-poprad-vrecusko\/","og_locale":"en_US","og_type":"article","og_title":"VK Junior 2012 Poprad \u2013 Vrec\u00fa\u0161ko - fanzone.sk","og_description":"s dvoma \u0161n\u00farkam na chrb\u00e1t  na jednej strane n\u00e1pis a logo VK Junior 20212 Poprad  rozmer 43 x 32 cm","og_url":"https:\/\/fanzone.sk\/en\/product\/vk-junior-20212-poprad-vrecusko\/","og_site_name":"fanzone.sk","article_publisher":"https:\/\/www.facebook.com\/FANZONEsk\/","article_modified_time":"2025-02-03T21:07:05+00:00","og_image":[{"width":800,"height":800,"url":"https:\/\/fanzone.sk\/wp-content\/uploads\/2024\/10\/VRECUSKO-M-PD.jpg","type":"image\/jpeg"}],"twitter_card":"summary_large_image","twitter_misc":{"Est. reading time":"1 minute"},"schema":{"@context":"https:\/\/schema.org","@graph":[{"@type":"WebPage","@id":"https:\/\/fanzone.sk\/produkt\/vk-junior-20212-poprad-vrecusko\/","url":"https:\/\/fanzone.sk\/produkt\/vk-junior-20212-poprad-vrecusko\/","name":"VK Junior 2012 Poprad \u2013 Vrec\u00fa\u0161ko - fanzone.sk","isPartOf":{"@id":"https:\/\/fanzone.sk\/#website"},"datePublished":"2024-10-02T11:55:47+00:00","dateModified":"2025-02-03T21:07:05+00:00","breadcrumb":{"@id":"https:\/\/fanzone.sk\/produkt\/vk-junior-20212-poprad-vrecusko\/#breadcrumb"},"inLanguage":"en-US","potentialAction":[{"@type":"ReadAction","target":["https:\/\/fanzone.sk\/produkt\/vk-junior-20212-poprad-vrecusko\/"]}]},{"@type":"BreadcrumbList","@id":"https:\/\/fanzone.sk\/produkt\/vk-junior-20212-poprad-vrecusko\/#breadcrumb","itemListElement":[{"@type":"ListItem","position":1,"name":"Home","item":"https:\/\/fanzone.sk\/"},{"@type":"ListItem","position":2,"name":"Obchod","item":"https:\/\/fanzone.sk\/obchod\/"},{"@type":"ListItem","position":3,"name":"VK Junior 2012 Poprad \u2013 Vrec\u00fa\u0161ko"}]},{"@type":"WebSite","@id":"https:\/\/fanzone.sk\/#website","url":"https:\/\/fanzone.sk\/","name":"fanzone.sk","description":"","potentialAction":[{"@type":"SearchAction","target":{"@type":"EntryPoint","urlTemplate":"https:\/\/fanzone.sk\/?s={search_term_string}"},"query-input":"required name=search_term_string"}],"inLanguage":"en-US"}]}},"_links":{"self":[{"href":"https:\/\/fanzone.sk\/en\/wp-json\/wp\/v2\/product\/32073"}],"collection":[{"href":"https:\/\/fanzone.sk\/en\/wp-json\/wp\/v2\/product"}],"about":[{"href":"https:\/\/fanzone.sk\/en\/wp-json\/wp\/v2\/types\/product"}],"wp:featuredmedia":[{"embeddable":true,"href":"https:\/\/fanzone.sk\/en\/wp-json\/wp\/v2\/media\/32052"}],"wp:attachment":[{"href":"https:\/\/fanzone.sk\/en\/wp-json\/wp\/v2\/media?parent=32073"}],"wp:term":[{"taxonomy":"product_cat","embeddable":true,"href":"https:\/\/fanzone.sk\/en\/wp-json\/wp\/v2\/product_cat?post=32073"},{"taxonomy":"product_tag","embeddable":true,"href":"https:\/\/fanzone.sk\/en\/wp-json\/wp\/v2\/product_tag?post=32073"}],"curies":[{"name":"wp","href":"https:\/\/api.w.org\/{rel}","templated":true}]}}