{"id":32303,"date":"2024-11-06T11:37:34","date_gmt":"2024-11-06T10:37:34","guid":{"rendered":"https:\/\/fanzone.sk\/?post_type=product&#038;p=32303"},"modified":"2026-01-29T13:48:20","modified_gmt":"2026-01-29T12:48:20","slug":"asociacia-volejbalovych-rozhodcov-panske-nohavice","status":"publish","type":"product","link":"https:\/\/fanzone.sk\/en\/product\/asociacia-volejbalovych-rozhodcov-panske-nohavice\/","title":{"rendered":"Asoci\u00e1cia volejbalov\u00fdch rozhodcov \u2013 Nohavice"},"content":{"rendered":"<ul>\n<li>65\u00a0% polyester\/35\u00a0% bavlna<\/li>\n<li>2 talianske bo\u010dn\u00e9 vreck\u00e1 vr\u00e1tane 1 vrecka na mince<\/li>\n<li>2 zadn\u00e9 lemovan\u00e9 vreck\u00e1 so zosilnen\u00fdm pre\u0161\u00edvan\u00edm<\/li>\n<li>Zap\u00ednanie na zips a gomb\u00edk<\/li>\n<li>Elastick\u00fd p\u00e1s pre v\u00e4\u010d\u0161ie pohodlie s p\u00fatkami<\/li>\n<li>Zadn\u00e9 z\u00e1vesn\u00e9 p\u00fatko vn\u00fatri p\u00e1sa<\/li>\n<\/ul>","protected":false},"excerpt":{"rendered":"<ul>\n<li>65\u00a0% polyester\/35\u00a0% bavlna<\/li>\n<li>2 talianske bo\u010dn\u00e9 vreck\u00e1 vr\u00e1tane 1 vrecka na mince<\/li>\n<li>2 zadn\u00e9 lemovan\u00e9 vreck\u00e1 so zosilnen\u00fdm pre\u0161\u00edvan\u00edm<\/li>\n<li>Zap\u00ednanie na zips a gomb\u00edk<\/li>\n<li>Elastick\u00fd p\u00e1s pre v\u00e4\u010d\u0161ie pohodlie s p\u00fatkami<\/li>\n<li>Zadn\u00e9 z\u00e1vesn\u00e9 p\u00fatko vn\u00fatri p\u00e1sa<\/li>\n<\/ul>","protected":false},"featured_media":32306,"template":"","meta":[],"product_cat":[534,310],"product_tag":[87,147,130],"wcpa_form_fields":null,"yoast_head":"<!-- This site is optimized with the Yoast SEO plugin v21.2 - https:\/\/yoast.com\/wordpress\/plugins\/seo\/ -->\n<title>Asoci\u00e1cia volejbalov\u00fdch rozhodcov \u2013 Nohavice - fanzone.sk<\/title>\n<meta name=\"robots\" content=\"index, follow, max-snippet:-1, max-image-preview:large, max-video-preview:-1\" \/>\n<link rel=\"canonical\" href=\"https:\/\/fanzone.sk\/en\/product\/asociacia-volejbalovych-rozhodcov-panske-nohavice\/\" \/>\n<meta property=\"og:locale\" content=\"en_US\" \/>\n<meta property=\"og:type\" content=\"article\" \/>\n<meta property=\"og:title\" content=\"Asoci\u00e1cia volejbalov\u00fdch rozhodcov \u2013 Nohavice - fanzone.sk\" \/>\n<meta property=\"og:description\" content=\"65\u00a0% polyester\/35\u00a0% bavlna  2 talianske bo\u010dn\u00e9 vreck\u00e1 vr\u00e1tane 1 vrecka na mince  2 zadn\u00e9 lemovan\u00e9 vreck\u00e1 so zosilnen\u00fdm pre\u0161\u00edvan\u00edm  Zap\u00ednanie na zips a gomb\u00edk  Elastick\u00fd p\u00e1s pre v\u00e4\u010d\u0161ie pohodlie s p\u00fatkami  Zadn\u00e9 z\u00e1vesn\u00e9 p\u00fatko vn\u00fatri p\u00e1sa\" \/>\n<meta property=\"og:url\" content=\"https:\/\/fanzone.sk\/en\/product\/asociacia-volejbalovych-rozhodcov-panske-nohavice\/\" \/>\n<meta property=\"og:site_name\" content=\"fanzone.sk\" \/>\n<meta property=\"article:publisher\" content=\"https:\/\/www.facebook.com\/FANZONEsk\/\" \/>\n<meta property=\"article:modified_time\" content=\"2026-01-29T12:48:20+00:00\" \/>\n<meta property=\"og:image\" content=\"https:\/\/fanzone.sk\/wp-content\/uploads\/2024\/11\/NOHAVICE-PD-01.jpg\" \/>\n\t<meta property=\"og:image:width\" content=\"801\" \/>\n\t<meta property=\"og:image:height\" content=\"800\" \/>\n\t<meta property=\"og:image:type\" content=\"image\/jpeg\" \/>\n<meta name=\"twitter:card\" content=\"summary_large_image\" \/>\n<meta name=\"twitter:label1\" content=\"Est. reading time\" \/>\n\t<meta name=\"twitter:data1\" content=\"1 minute\" \/>\n<script type=\"application\/ld+json\" class=\"yoast-schema-graph\">{\"@context\":\"https:\/\/schema.org\",\"@graph\":[{\"@type\":\"WebPage\",\"@id\":\"https:\/\/fanzone.sk\/produkt\/asociacia-volejbalovych-rozhodcov-panske-nohavice\/\",\"url\":\"https:\/\/fanzone.sk\/produkt\/asociacia-volejbalovych-rozhodcov-panske-nohavice\/\",\"name\":\"Asoci\u00e1cia volejbalov\u00fdch rozhodcov \u2013 Nohavice - fanzone.sk\",\"isPartOf\":{\"@id\":\"https:\/\/fanzone.sk\/#website\"},\"datePublished\":\"2024-11-06T10:37:34+00:00\",\"dateModified\":\"2026-01-29T12:48:20+00:00\",\"breadcrumb\":{\"@id\":\"https:\/\/fanzone.sk\/produkt\/asociacia-volejbalovych-rozhodcov-panske-nohavice\/#breadcrumb\"},\"inLanguage\":\"en-US\",\"potentialAction\":[{\"@type\":\"ReadAction\",\"target\":[\"https:\/\/fanzone.sk\/produkt\/asociacia-volejbalovych-rozhodcov-panske-nohavice\/\"]}]},{\"@type\":\"BreadcrumbList\",\"@id\":\"https:\/\/fanzone.sk\/produkt\/asociacia-volejbalovych-rozhodcov-panske-nohavice\/#breadcrumb\",\"itemListElement\":[{\"@type\":\"ListItem\",\"position\":1,\"name\":\"Home\",\"item\":\"https:\/\/fanzone.sk\/\"},{\"@type\":\"ListItem\",\"position\":2,\"name\":\"Obchod\",\"item\":\"https:\/\/fanzone.sk\/obchod\/\"},{\"@type\":\"ListItem\",\"position\":3,\"name\":\"Asoci\u00e1cia volejbalov\u00fdch rozhodcov \u2013 Nohavice\"}]},{\"@type\":\"WebSite\",\"@id\":\"https:\/\/fanzone.sk\/#website\",\"url\":\"https:\/\/fanzone.sk\/\",\"name\":\"fanzone.sk\",\"description\":\"\",\"potentialAction\":[{\"@type\":\"SearchAction\",\"target\":{\"@type\":\"EntryPoint\",\"urlTemplate\":\"https:\/\/fanzone.sk\/?s={search_term_string}\"},\"query-input\":\"required name=search_term_string\"}],\"inLanguage\":\"en-US\"}]}<\/script>\n<!-- \/ Yoast SEO plugin. -->","yoast_head_json":{"title":"Asoci\u00e1cia volejbalov\u00fdch rozhodcov \u2013 Nohavice - fanzone.sk","robots":{"index":"index","follow":"follow","max-snippet":"max-snippet:-1","max-image-preview":"max-image-preview:large","max-video-preview":"max-video-preview:-1"},"canonical":"https:\/\/fanzone.sk\/en\/product\/asociacia-volejbalovych-rozhodcov-panske-nohavice\/","og_locale":"en_US","og_type":"article","og_title":"Asoci\u00e1cia volejbalov\u00fdch rozhodcov \u2013 Nohavice - fanzone.sk","og_description":"65\u00a0% polyester\/35\u00a0% bavlna  2 talianske bo\u010dn\u00e9 vreck\u00e1 vr\u00e1tane 1 vrecka na mince  2 zadn\u00e9 lemovan\u00e9 vreck\u00e1 so zosilnen\u00fdm pre\u0161\u00edvan\u00edm  Zap\u00ednanie na zips a gomb\u00edk  Elastick\u00fd p\u00e1s pre v\u00e4\u010d\u0161ie pohodlie s p\u00fatkami  Zadn\u00e9 z\u00e1vesn\u00e9 p\u00fatko vn\u00fatri p\u00e1sa","og_url":"https:\/\/fanzone.sk\/en\/product\/asociacia-volejbalovych-rozhodcov-panske-nohavice\/","og_site_name":"fanzone.sk","article_publisher":"https:\/\/www.facebook.com\/FANZONEsk\/","article_modified_time":"2026-01-29T12:48:20+00:00","og_image":[{"width":801,"height":800,"url":"https:\/\/fanzone.sk\/wp-content\/uploads\/2024\/11\/NOHAVICE-PD-01.jpg","type":"image\/jpeg"}],"twitter_card":"summary_large_image","twitter_misc":{"Est. reading time":"1 minute"},"schema":{"@context":"https:\/\/schema.org","@graph":[{"@type":"WebPage","@id":"https:\/\/fanzone.sk\/produkt\/asociacia-volejbalovych-rozhodcov-panske-nohavice\/","url":"https:\/\/fanzone.sk\/produkt\/asociacia-volejbalovych-rozhodcov-panske-nohavice\/","name":"Asoci\u00e1cia volejbalov\u00fdch rozhodcov \u2013 Nohavice - fanzone.sk","isPartOf":{"@id":"https:\/\/fanzone.sk\/#website"},"datePublished":"2024-11-06T10:37:34+00:00","dateModified":"2026-01-29T12:48:20+00:00","breadcrumb":{"@id":"https:\/\/fanzone.sk\/produkt\/asociacia-volejbalovych-rozhodcov-panske-nohavice\/#breadcrumb"},"inLanguage":"en-US","potentialAction":[{"@type":"ReadAction","target":["https:\/\/fanzone.sk\/produkt\/asociacia-volejbalovych-rozhodcov-panske-nohavice\/"]}]},{"@type":"BreadcrumbList","@id":"https:\/\/fanzone.sk\/produkt\/asociacia-volejbalovych-rozhodcov-panske-nohavice\/#breadcrumb","itemListElement":[{"@type":"ListItem","position":1,"name":"Home","item":"https:\/\/fanzone.sk\/"},{"@type":"ListItem","position":2,"name":"Obchod","item":"https:\/\/fanzone.sk\/obchod\/"},{"@type":"ListItem","position":3,"name":"Asoci\u00e1cia volejbalov\u00fdch rozhodcov \u2013 Nohavice"}]},{"@type":"WebSite","@id":"https:\/\/fanzone.sk\/#website","url":"https:\/\/fanzone.sk\/","name":"fanzone.sk","description":"","potentialAction":[{"@type":"SearchAction","target":{"@type":"EntryPoint","urlTemplate":"https:\/\/fanzone.sk\/?s={search_term_string}"},"query-input":"required name=search_term_string"}],"inLanguage":"en-US"}]}},"_links":{"self":[{"href":"https:\/\/fanzone.sk\/en\/wp-json\/wp\/v2\/product\/32303"}],"collection":[{"href":"https:\/\/fanzone.sk\/en\/wp-json\/wp\/v2\/product"}],"about":[{"href":"https:\/\/fanzone.sk\/en\/wp-json\/wp\/v2\/types\/product"}],"wp:featuredmedia":[{"embeddable":true,"href":"https:\/\/fanzone.sk\/en\/wp-json\/wp\/v2\/media\/32306"}],"wp:attachment":[{"href":"https:\/\/fanzone.sk\/en\/wp-json\/wp\/v2\/media?parent=32303"}],"wp:term":[{"taxonomy":"product_cat","embeddable":true,"href":"https:\/\/fanzone.sk\/en\/wp-json\/wp\/v2\/product_cat?post=32303"},{"taxonomy":"product_tag","embeddable":true,"href":"https:\/\/fanzone.sk\/en\/wp-json\/wp\/v2\/product_tag?post=32303"}],"curies":[{"name":"wp","href":"https:\/\/api.w.org\/{rel}","templated":true}]}}