{"id":32334,"date":"2024-11-06T16:26:04","date_gmt":"2024-11-06T15:26:04","guid":{"rendered":"https:\/\/fanzone.sk\/?post_type=product&#038;p=32334"},"modified":"2026-01-29T13:47:18","modified_gmt":"2026-01-29T12:47:18","slug":"asociacia-volejbalovych-rozhodcov-kozmeticka-tasticka","status":"publish","type":"product","link":"https:\/\/fanzone.sk\/en\/product\/asociacia-volejbalovych-rozhodcov-kozmeticka-tasticka\/","title":{"rendered":"Asoci\u00e1cia volejbalov\u00fdch rozhodcov  \u2013 Kozmetick\u00e1 ta\u0161ti\u010dka"},"content":{"rendered":"<ul>\n<li>praktick\u00e1 \u201ckozmetick\u00e1\u201d ta\u0161ti\u010dka so zipsom, praktick\u00fdm p\u00fatkom\u00a0 a logom klubu<\/li>\n<li>materi\u00e1l 204g\/m2 \u2013 PES 100% + uncoating<\/li>\n<li>rozmer \u2013 25 x 13 x 13 cm<\/li>\n<\/ul>","protected":false},"excerpt":{"rendered":"<ul>\n<li>praktick\u00e1 \u201ckozmetick\u00e1\u201d ta\u0161ti\u010dka so zipsom, praktick\u00fdm p\u00fatkom\u00a0 a logom klubu<\/li>\n<li>materi\u00e1l 204g\/m2 \u2013 PES 100% + uncoating<\/li>\n<li>rozmer \u2013 25 x 13 x 13 cm<\/li>\n<\/ul>","protected":false},"featured_media":32325,"template":"","meta":[],"product_cat":[534,310],"product_tag":[87,521,130],"wcpa_form_fields":null,"yoast_head":"<!-- This site is optimized with the Yoast SEO plugin v21.2 - https:\/\/yoast.com\/wordpress\/plugins\/seo\/ -->\n<title>Asoci\u00e1cia volejbalov\u00fdch rozhodcov \u2013 Kozmetick\u00e1 ta\u0161ti\u010dka - fanzone.sk<\/title>\n<meta name=\"robots\" content=\"index, follow, max-snippet:-1, max-image-preview:large, max-video-preview:-1\" \/>\n<link rel=\"canonical\" href=\"https:\/\/fanzone.sk\/en\/product\/asociacia-volejbalovych-rozhodcov-kozmeticka-tasticka\/\" \/>\n<meta property=\"og:locale\" content=\"en_US\" \/>\n<meta property=\"og:type\" content=\"article\" \/>\n<meta property=\"og:title\" content=\"Asoci\u00e1cia volejbalov\u00fdch rozhodcov \u2013 Kozmetick\u00e1 ta\u0161ti\u010dka - fanzone.sk\" \/>\n<meta property=\"og:description\" content=\"praktick\u00e1 \u201ckozmetick\u00e1\u201d ta\u0161ti\u010dka so zipsom, praktick\u00fdm p\u00fatkom\u00a0 a logom klubu  materi\u00e1l 204g\/m2 \u2013 PES 100% + uncoating  rozmer \u2013 25 x 13 x 13 cm\" \/>\n<meta property=\"og:url\" content=\"https:\/\/fanzone.sk\/en\/product\/asociacia-volejbalovych-rozhodcov-kozmeticka-tasticka\/\" \/>\n<meta property=\"og:site_name\" content=\"fanzone.sk\" \/>\n<meta property=\"article:publisher\" content=\"https:\/\/www.facebook.com\/FANZONEsk\/\" \/>\n<meta property=\"article:modified_time\" content=\"2026-01-29T12:47:18+00:00\" \/>\n<meta property=\"og:image\" content=\"https:\/\/fanzone.sk\/wp-content\/uploads\/2024\/11\/KOZM-TASKA-01-PD.jpg\" \/>\n\t<meta property=\"og:image:width\" content=\"801\" \/>\n\t<meta property=\"og:image:height\" content=\"800\" \/>\n\t<meta property=\"og:image:type\" content=\"image\/jpeg\" \/>\n<meta name=\"twitter:card\" content=\"summary_large_image\" \/>\n<meta name=\"twitter:label1\" content=\"Est. reading time\" \/>\n\t<meta name=\"twitter:data1\" content=\"1 minute\" \/>\n<script type=\"application\/ld+json\" class=\"yoast-schema-graph\">{\"@context\":\"https:\/\/schema.org\",\"@graph\":[{\"@type\":\"WebPage\",\"@id\":\"https:\/\/fanzone.sk\/produkt\/asociacia-volejbalovych-rozhodcov-kozmeticka-tasticka\/\",\"url\":\"https:\/\/fanzone.sk\/produkt\/asociacia-volejbalovych-rozhodcov-kozmeticka-tasticka\/\",\"name\":\"Asoci\u00e1cia volejbalov\u00fdch rozhodcov \u2013 Kozmetick\u00e1 ta\u0161ti\u010dka - fanzone.sk\",\"isPartOf\":{\"@id\":\"https:\/\/fanzone.sk\/#website\"},\"datePublished\":\"2024-11-06T15:26:04+00:00\",\"dateModified\":\"2026-01-29T12:47:18+00:00\",\"breadcrumb\":{\"@id\":\"https:\/\/fanzone.sk\/produkt\/asociacia-volejbalovych-rozhodcov-kozmeticka-tasticka\/#breadcrumb\"},\"inLanguage\":\"en-US\",\"potentialAction\":[{\"@type\":\"ReadAction\",\"target\":[\"https:\/\/fanzone.sk\/produkt\/asociacia-volejbalovych-rozhodcov-kozmeticka-tasticka\/\"]}]},{\"@type\":\"BreadcrumbList\",\"@id\":\"https:\/\/fanzone.sk\/produkt\/asociacia-volejbalovych-rozhodcov-kozmeticka-tasticka\/#breadcrumb\",\"itemListElement\":[{\"@type\":\"ListItem\",\"position\":1,\"name\":\"Home\",\"item\":\"https:\/\/fanzone.sk\/\"},{\"@type\":\"ListItem\",\"position\":2,\"name\":\"Obchod\",\"item\":\"https:\/\/fanzone.sk\/obchod\/\"},{\"@type\":\"ListItem\",\"position\":3,\"name\":\"Asoci\u00e1cia volejbalov\u00fdch rozhodcov \u2013 Kozmetick\u00e1 ta\u0161ti\u010dka\"}]},{\"@type\":\"WebSite\",\"@id\":\"https:\/\/fanzone.sk\/#website\",\"url\":\"https:\/\/fanzone.sk\/\",\"name\":\"fanzone.sk\",\"description\":\"\",\"potentialAction\":[{\"@type\":\"SearchAction\",\"target\":{\"@type\":\"EntryPoint\",\"urlTemplate\":\"https:\/\/fanzone.sk\/?s={search_term_string}\"},\"query-input\":\"required name=search_term_string\"}],\"inLanguage\":\"en-US\"}]}<\/script>\n<!-- \/ Yoast SEO plugin. -->","yoast_head_json":{"title":"Asoci\u00e1cia volejbalov\u00fdch rozhodcov \u2013 Kozmetick\u00e1 ta\u0161ti\u010dka - fanzone.sk","robots":{"index":"index","follow":"follow","max-snippet":"max-snippet:-1","max-image-preview":"max-image-preview:large","max-video-preview":"max-video-preview:-1"},"canonical":"https:\/\/fanzone.sk\/en\/product\/asociacia-volejbalovych-rozhodcov-kozmeticka-tasticka\/","og_locale":"en_US","og_type":"article","og_title":"Asoci\u00e1cia volejbalov\u00fdch rozhodcov \u2013 Kozmetick\u00e1 ta\u0161ti\u010dka - fanzone.sk","og_description":"praktick\u00e1 \u201ckozmetick\u00e1\u201d ta\u0161ti\u010dka so zipsom, praktick\u00fdm p\u00fatkom\u00a0 a logom klubu  materi\u00e1l 204g\/m2 \u2013 PES 100% + uncoating  rozmer \u2013 25 x 13 x 13 cm","og_url":"https:\/\/fanzone.sk\/en\/product\/asociacia-volejbalovych-rozhodcov-kozmeticka-tasticka\/","og_site_name":"fanzone.sk","article_publisher":"https:\/\/www.facebook.com\/FANZONEsk\/","article_modified_time":"2026-01-29T12:47:18+00:00","og_image":[{"width":801,"height":800,"url":"https:\/\/fanzone.sk\/wp-content\/uploads\/2024\/11\/KOZM-TASKA-01-PD.jpg","type":"image\/jpeg"}],"twitter_card":"summary_large_image","twitter_misc":{"Est. reading time":"1 minute"},"schema":{"@context":"https:\/\/schema.org","@graph":[{"@type":"WebPage","@id":"https:\/\/fanzone.sk\/produkt\/asociacia-volejbalovych-rozhodcov-kozmeticka-tasticka\/","url":"https:\/\/fanzone.sk\/produkt\/asociacia-volejbalovych-rozhodcov-kozmeticka-tasticka\/","name":"Asoci\u00e1cia volejbalov\u00fdch rozhodcov \u2013 Kozmetick\u00e1 ta\u0161ti\u010dka - fanzone.sk","isPartOf":{"@id":"https:\/\/fanzone.sk\/#website"},"datePublished":"2024-11-06T15:26:04+00:00","dateModified":"2026-01-29T12:47:18+00:00","breadcrumb":{"@id":"https:\/\/fanzone.sk\/produkt\/asociacia-volejbalovych-rozhodcov-kozmeticka-tasticka\/#breadcrumb"},"inLanguage":"en-US","potentialAction":[{"@type":"ReadAction","target":["https:\/\/fanzone.sk\/produkt\/asociacia-volejbalovych-rozhodcov-kozmeticka-tasticka\/"]}]},{"@type":"BreadcrumbList","@id":"https:\/\/fanzone.sk\/produkt\/asociacia-volejbalovych-rozhodcov-kozmeticka-tasticka\/#breadcrumb","itemListElement":[{"@type":"ListItem","position":1,"name":"Home","item":"https:\/\/fanzone.sk\/"},{"@type":"ListItem","position":2,"name":"Obchod","item":"https:\/\/fanzone.sk\/obchod\/"},{"@type":"ListItem","position":3,"name":"Asoci\u00e1cia volejbalov\u00fdch rozhodcov \u2013 Kozmetick\u00e1 ta\u0161ti\u010dka"}]},{"@type":"WebSite","@id":"https:\/\/fanzone.sk\/#website","url":"https:\/\/fanzone.sk\/","name":"fanzone.sk","description":"","potentialAction":[{"@type":"SearchAction","target":{"@type":"EntryPoint","urlTemplate":"https:\/\/fanzone.sk\/?s={search_term_string}"},"query-input":"required name=search_term_string"}],"inLanguage":"en-US"}]}},"_links":{"self":[{"href":"https:\/\/fanzone.sk\/en\/wp-json\/wp\/v2\/product\/32334"}],"collection":[{"href":"https:\/\/fanzone.sk\/en\/wp-json\/wp\/v2\/product"}],"about":[{"href":"https:\/\/fanzone.sk\/en\/wp-json\/wp\/v2\/types\/product"}],"wp:featuredmedia":[{"embeddable":true,"href":"https:\/\/fanzone.sk\/en\/wp-json\/wp\/v2\/media\/32325"}],"wp:attachment":[{"href":"https:\/\/fanzone.sk\/en\/wp-json\/wp\/v2\/media?parent=32334"}],"wp:term":[{"taxonomy":"product_cat","embeddable":true,"href":"https:\/\/fanzone.sk\/en\/wp-json\/wp\/v2\/product_cat?post=32334"},{"taxonomy":"product_tag","embeddable":true,"href":"https:\/\/fanzone.sk\/en\/wp-json\/wp\/v2\/product_tag?post=32334"}],"curies":[{"name":"wp","href":"https:\/\/api.w.org\/{rel}","templated":true}]}}