{"id":33203,"date":"2025-01-28T12:56:31","date_gmt":"2025-01-28T11:56:31","guid":{"rendered":"https:\/\/fanzone.sk\/?post_type=product&#038;p=33203"},"modified":"2026-01-29T13:53:39","modified_gmt":"2026-01-29T12:53:39","slug":"volley-elite-academy-bardejov-bavlnena-mikina-s-potlacou-1","status":"publish","type":"product","link":"https:\/\/fanzone.sk\/en\/product\/volley-elite-academy-bardejov-bavlnena-mikina-s-potlacou-1\/","title":{"rendered":"Volley Elite Academy Bardejov  \u2013  Bavlnen\u00e1 mikina s potla\u010dou 1"},"content":{"rendered":"<ul>\n<li>Bavlnen\u00e1 mikina \u2013 80% bavlna, 20% polyester<\/li>\n<li>Gu\u013eat\u00fd v\u00fdstrih, elastick\u00e9 man\u017eety na ruk\u00e1voch a lemovka pri krku<\/li>\n<li>Aplik\u00e1cia grafiky\u00a0 VOLLEY ELITE ACADEMY BARDEJOV<\/li>\n<\/ul>","protected":false},"excerpt":{"rendered":"<ul>\n<li>Bavlnen\u00e1 mikina \u2013 80% bavlna, 20% polyester<\/li>\n<li>Gu\u013eat\u00fd v\u00fdstrih, elastick\u00e9 man\u017eety na ruk\u00e1voch a lemovka pri krku<\/li>\n<li>Aplik\u00e1cia grafiky\u00a0 VOLLEY ELITE ACADEMY BARDEJOV<\/li>\n<\/ul>","protected":false},"featured_media":33190,"template":"","meta":[],"product_cat":[310,555],"product_tag":[87,145,130],"wcpa_form_fields":null,"yoast_head":"<!-- This site is optimized with the Yoast SEO plugin v21.2 - https:\/\/yoast.com\/wordpress\/plugins\/seo\/ -->\n<title>Volley Elite Academy Bardejov \u2013 Bavlnen\u00e1 mikina s potla\u010dou 1 - fanzone.sk<\/title>\n<meta name=\"robots\" content=\"index, follow, max-snippet:-1, max-image-preview:large, max-video-preview:-1\" \/>\n<link rel=\"canonical\" href=\"https:\/\/fanzone.sk\/en\/product\/volley-elite-academy-bardejov-bavlnena-mikina-s-potlacou-1\/\" \/>\n<meta property=\"og:locale\" content=\"en_US\" \/>\n<meta property=\"og:type\" content=\"article\" \/>\n<meta property=\"og:title\" content=\"Volley Elite Academy Bardejov \u2013 Bavlnen\u00e1 mikina s potla\u010dou 1 - fanzone.sk\" \/>\n<meta property=\"og:description\" content=\"Bavlnen\u00e1 mikina \u2013 80% bavlna, 20% polyester  Gu\u013eat\u00fd v\u00fdstrih, elastick\u00e9 man\u017eety na ruk\u00e1voch a lemovka pri krku  Aplik\u00e1cia grafiky\u00a0 VOLLEY ELITE ACADEMY BARDEJOV\" \/>\n<meta property=\"og:url\" content=\"https:\/\/fanzone.sk\/en\/product\/volley-elite-academy-bardejov-bavlnena-mikina-s-potlacou-1\/\" \/>\n<meta property=\"og:site_name\" content=\"fanzone.sk\" \/>\n<meta property=\"article:publisher\" content=\"https:\/\/www.facebook.com\/FANZONEsk\/\" \/>\n<meta property=\"article:modified_time\" content=\"2026-01-29T12:53:39+00:00\" \/>\n<meta property=\"og:image\" content=\"https:\/\/fanzone.sk\/wp-content\/uploads\/2025\/01\/JANA-01-PD-1.jpg\" \/>\n\t<meta property=\"og:image:width\" content=\"800\" \/>\n\t<meta property=\"og:image:height\" content=\"800\" \/>\n\t<meta property=\"og:image:type\" content=\"image\/jpeg\" \/>\n<meta name=\"twitter:card\" content=\"summary_large_image\" \/>\n<meta name=\"twitter:label1\" content=\"Est. reading time\" \/>\n\t<meta name=\"twitter:data1\" content=\"1 minute\" \/>\n<script type=\"application\/ld+json\" class=\"yoast-schema-graph\">{\"@context\":\"https:\/\/schema.org\",\"@graph\":[{\"@type\":\"WebPage\",\"@id\":\"https:\/\/fanzone.sk\/produkt\/volley-elite-academy-bardejov-bavlnena-mikina-s-potlacou-1\/\",\"url\":\"https:\/\/fanzone.sk\/produkt\/volley-elite-academy-bardejov-bavlnena-mikina-s-potlacou-1\/\",\"name\":\"Volley Elite Academy Bardejov \u2013 Bavlnen\u00e1 mikina s potla\u010dou 1 - fanzone.sk\",\"isPartOf\":{\"@id\":\"https:\/\/fanzone.sk\/#website\"},\"datePublished\":\"2025-01-28T11:56:31+00:00\",\"dateModified\":\"2026-01-29T12:53:39+00:00\",\"breadcrumb\":{\"@id\":\"https:\/\/fanzone.sk\/produkt\/volley-elite-academy-bardejov-bavlnena-mikina-s-potlacou-1\/#breadcrumb\"},\"inLanguage\":\"en-US\",\"potentialAction\":[{\"@type\":\"ReadAction\",\"target\":[\"https:\/\/fanzone.sk\/produkt\/volley-elite-academy-bardejov-bavlnena-mikina-s-potlacou-1\/\"]}]},{\"@type\":\"BreadcrumbList\",\"@id\":\"https:\/\/fanzone.sk\/produkt\/volley-elite-academy-bardejov-bavlnena-mikina-s-potlacou-1\/#breadcrumb\",\"itemListElement\":[{\"@type\":\"ListItem\",\"position\":1,\"name\":\"Home\",\"item\":\"https:\/\/fanzone.sk\/\"},{\"@type\":\"ListItem\",\"position\":2,\"name\":\"Obchod\",\"item\":\"https:\/\/fanzone.sk\/obchod\/\"},{\"@type\":\"ListItem\",\"position\":3,\"name\":\"Volley Elite Academy Bardejov \u2013 Bavlnen\u00e1 mikina s potla\u010dou 1\"}]},{\"@type\":\"WebSite\",\"@id\":\"https:\/\/fanzone.sk\/#website\",\"url\":\"https:\/\/fanzone.sk\/\",\"name\":\"fanzone.sk\",\"description\":\"\",\"potentialAction\":[{\"@type\":\"SearchAction\",\"target\":{\"@type\":\"EntryPoint\",\"urlTemplate\":\"https:\/\/fanzone.sk\/?s={search_term_string}\"},\"query-input\":\"required name=search_term_string\"}],\"inLanguage\":\"en-US\"}]}<\/script>\n<!-- \/ Yoast SEO plugin. -->","yoast_head_json":{"title":"Volley Elite Academy Bardejov \u2013 Bavlnen\u00e1 mikina s potla\u010dou 1 - fanzone.sk","robots":{"index":"index","follow":"follow","max-snippet":"max-snippet:-1","max-image-preview":"max-image-preview:large","max-video-preview":"max-video-preview:-1"},"canonical":"https:\/\/fanzone.sk\/en\/product\/volley-elite-academy-bardejov-bavlnena-mikina-s-potlacou-1\/","og_locale":"en_US","og_type":"article","og_title":"Volley Elite Academy Bardejov \u2013 Bavlnen\u00e1 mikina s potla\u010dou 1 - fanzone.sk","og_description":"Bavlnen\u00e1 mikina \u2013 80% bavlna, 20% polyester  Gu\u013eat\u00fd v\u00fdstrih, elastick\u00e9 man\u017eety na ruk\u00e1voch a lemovka pri krku  Aplik\u00e1cia grafiky\u00a0 VOLLEY ELITE ACADEMY BARDEJOV","og_url":"https:\/\/fanzone.sk\/en\/product\/volley-elite-academy-bardejov-bavlnena-mikina-s-potlacou-1\/","og_site_name":"fanzone.sk","article_publisher":"https:\/\/www.facebook.com\/FANZONEsk\/","article_modified_time":"2026-01-29T12:53:39+00:00","og_image":[{"width":800,"height":800,"url":"https:\/\/fanzone.sk\/wp-content\/uploads\/2025\/01\/JANA-01-PD-1.jpg","type":"image\/jpeg"}],"twitter_card":"summary_large_image","twitter_misc":{"Est. reading time":"1 minute"},"schema":{"@context":"https:\/\/schema.org","@graph":[{"@type":"WebPage","@id":"https:\/\/fanzone.sk\/produkt\/volley-elite-academy-bardejov-bavlnena-mikina-s-potlacou-1\/","url":"https:\/\/fanzone.sk\/produkt\/volley-elite-academy-bardejov-bavlnena-mikina-s-potlacou-1\/","name":"Volley Elite Academy Bardejov \u2013 Bavlnen\u00e1 mikina s potla\u010dou 1 - fanzone.sk","isPartOf":{"@id":"https:\/\/fanzone.sk\/#website"},"datePublished":"2025-01-28T11:56:31+00:00","dateModified":"2026-01-29T12:53:39+00:00","breadcrumb":{"@id":"https:\/\/fanzone.sk\/produkt\/volley-elite-academy-bardejov-bavlnena-mikina-s-potlacou-1\/#breadcrumb"},"inLanguage":"en-US","potentialAction":[{"@type":"ReadAction","target":["https:\/\/fanzone.sk\/produkt\/volley-elite-academy-bardejov-bavlnena-mikina-s-potlacou-1\/"]}]},{"@type":"BreadcrumbList","@id":"https:\/\/fanzone.sk\/produkt\/volley-elite-academy-bardejov-bavlnena-mikina-s-potlacou-1\/#breadcrumb","itemListElement":[{"@type":"ListItem","position":1,"name":"Home","item":"https:\/\/fanzone.sk\/"},{"@type":"ListItem","position":2,"name":"Obchod","item":"https:\/\/fanzone.sk\/obchod\/"},{"@type":"ListItem","position":3,"name":"Volley Elite Academy Bardejov \u2013 Bavlnen\u00e1 mikina s potla\u010dou 1"}]},{"@type":"WebSite","@id":"https:\/\/fanzone.sk\/#website","url":"https:\/\/fanzone.sk\/","name":"fanzone.sk","description":"","potentialAction":[{"@type":"SearchAction","target":{"@type":"EntryPoint","urlTemplate":"https:\/\/fanzone.sk\/?s={search_term_string}"},"query-input":"required name=search_term_string"}],"inLanguage":"en-US"}]}},"_links":{"self":[{"href":"https:\/\/fanzone.sk\/en\/wp-json\/wp\/v2\/product\/33203"}],"collection":[{"href":"https:\/\/fanzone.sk\/en\/wp-json\/wp\/v2\/product"}],"about":[{"href":"https:\/\/fanzone.sk\/en\/wp-json\/wp\/v2\/types\/product"}],"wp:featuredmedia":[{"embeddable":true,"href":"https:\/\/fanzone.sk\/en\/wp-json\/wp\/v2\/media\/33190"}],"wp:attachment":[{"href":"https:\/\/fanzone.sk\/en\/wp-json\/wp\/v2\/media?parent=33203"}],"wp:term":[{"taxonomy":"product_cat","embeddable":true,"href":"https:\/\/fanzone.sk\/en\/wp-json\/wp\/v2\/product_cat?post=33203"},{"taxonomy":"product_tag","embeddable":true,"href":"https:\/\/fanzone.sk\/en\/wp-json\/wp\/v2\/product_tag?post=33203"}],"curies":[{"name":"wp","href":"https:\/\/api.w.org\/{rel}","templated":true}]}}