{"id":33439,"date":"2025-02-20T14:50:35","date_gmt":"2025-02-20T13:50:35","guid":{"rendered":"https:\/\/fanzone.sk\/?post_type=product&#038;p=33439"},"modified":"2026-02-20T13:44:41","modified_gmt":"2026-02-20T12:44:41","slug":"hokejovy-dres-limitka-k-mdz","status":"publish","type":"product","link":"https:\/\/fanzone.sk\/en\/product\/hokejovy-dres-limitka-k-mdz\/","title":{"rendered":"Slovensko &#8211; Hokejov\u00fd dres \/ Limitovan\u00e1 ed\u00edcia I."},"content":{"rendered":"<ul>\n<li>Hokejov\u00fd dres replika<\/li>\n<li>Dres je vyroben\u00fd zo 160g\/m2 l\u00e1tky<\/li>\n<li>\u0160peci\u00e1lna ed\u00edcia ku MD\u017d<\/li>\n<\/ul>","protected":false},"excerpt":{"rendered":"<ul>\n<li>Hokejov\u00fd dres replika<\/li>\n<li>Dres je vyroben\u00fd zo 160g\/m2 l\u00e1tky<\/li>\n<li>\u0160peci\u00e1lna ed\u00edcia k MD\u017d<\/li>\n<\/ul>","protected":false},"featured_media":33442,"template":"","meta":[],"product_cat":[327,20,21],"product_tag":[240,87,40,108],"wcpa_form_fields":null,"yoast_head":"<!-- This site is optimized with the Yoast SEO plugin v21.2 - https:\/\/yoast.com\/wordpress\/plugins\/seo\/ -->\n<title>Slovensko - Hokejov\u00fd dres \/ Limitovan\u00e1 ed\u00edcia I. - fanzone.sk<\/title>\n<meta name=\"robots\" content=\"index, follow, max-snippet:-1, max-image-preview:large, max-video-preview:-1\" \/>\n<link rel=\"canonical\" href=\"https:\/\/fanzone.sk\/en\/product\/hokejovy-dres-limitka-k-mdz\/\" \/>\n<meta property=\"og:locale\" content=\"en_US\" \/>\n<meta property=\"og:type\" content=\"article\" \/>\n<meta property=\"og:title\" content=\"Slovensko - Hokejov\u00fd dres \/ Limitovan\u00e1 ed\u00edcia I. - fanzone.sk\" \/>\n<meta property=\"og:description\" content=\"Hokejov\u00fd dres replika  Dres je vyroben\u00fd zo 160g\/m2 l\u00e1tky  \u0160peci\u00e1lna ed\u00edcia k MD\u017d\" \/>\n<meta property=\"og:url\" content=\"https:\/\/fanzone.sk\/en\/product\/hokejovy-dres-limitka-k-mdz\/\" \/>\n<meta property=\"og:site_name\" content=\"fanzone.sk\" \/>\n<meta property=\"article:publisher\" content=\"https:\/\/www.facebook.com\/FANZONEsk\/\" \/>\n<meta property=\"article:modified_time\" content=\"2026-02-20T12:44:41+00:00\" \/>\n<meta property=\"og:image\" content=\"https:\/\/fanzone.sk\/wp-content\/uploads\/2025\/02\/DRES-01-PD.jpg\" \/>\n\t<meta property=\"og:image:width\" content=\"800\" \/>\n\t<meta property=\"og:image:height\" content=\"800\" \/>\n\t<meta property=\"og:image:type\" content=\"image\/jpeg\" \/>\n<meta name=\"twitter:card\" content=\"summary_large_image\" \/>\n<meta name=\"twitter:label1\" content=\"Est. reading time\" \/>\n\t<meta name=\"twitter:data1\" content=\"1 minute\" \/>\n<script type=\"application\/ld+json\" class=\"yoast-schema-graph\">{\"@context\":\"https:\/\/schema.org\",\"@graph\":[{\"@type\":\"WebPage\",\"@id\":\"https:\/\/fanzone.sk\/produkt\/hokejovy-dres-limitka-k-mdz\/\",\"url\":\"https:\/\/fanzone.sk\/produkt\/hokejovy-dres-limitka-k-mdz\/\",\"name\":\"Slovensko - Hokejov\u00fd dres \/ Limitovan\u00e1 ed\u00edcia I. - fanzone.sk\",\"isPartOf\":{\"@id\":\"https:\/\/fanzone.sk\/#website\"},\"datePublished\":\"2025-02-20T13:50:35+00:00\",\"dateModified\":\"2026-02-20T12:44:41+00:00\",\"breadcrumb\":{\"@id\":\"https:\/\/fanzone.sk\/produkt\/hokejovy-dres-limitka-k-mdz\/#breadcrumb\"},\"inLanguage\":\"en-US\",\"potentialAction\":[{\"@type\":\"ReadAction\",\"target\":[\"https:\/\/fanzone.sk\/produkt\/hokejovy-dres-limitka-k-mdz\/\"]}]},{\"@type\":\"BreadcrumbList\",\"@id\":\"https:\/\/fanzone.sk\/produkt\/hokejovy-dres-limitka-k-mdz\/#breadcrumb\",\"itemListElement\":[{\"@type\":\"ListItem\",\"position\":1,\"name\":\"Home\",\"item\":\"https:\/\/fanzone.sk\/\"},{\"@type\":\"ListItem\",\"position\":2,\"name\":\"Obchod\",\"item\":\"https:\/\/fanzone.sk\/obchod\/\"},{\"@type\":\"ListItem\",\"position\":3,\"name\":\"Slovensko &#8211; Hokejov\u00fd dres \/ Limitovan\u00e1 ed\u00edcia I.\"}]},{\"@type\":\"WebSite\",\"@id\":\"https:\/\/fanzone.sk\/#website\",\"url\":\"https:\/\/fanzone.sk\/\",\"name\":\"fanzone.sk\",\"description\":\"\",\"potentialAction\":[{\"@type\":\"SearchAction\",\"target\":{\"@type\":\"EntryPoint\",\"urlTemplate\":\"https:\/\/fanzone.sk\/?s={search_term_string}\"},\"query-input\":\"required name=search_term_string\"}],\"inLanguage\":\"en-US\"}]}<\/script>\n<!-- \/ Yoast SEO plugin. -->","yoast_head_json":{"title":"Slovensko - Hokejov\u00fd dres \/ Limitovan\u00e1 ed\u00edcia I. - fanzone.sk","robots":{"index":"index","follow":"follow","max-snippet":"max-snippet:-1","max-image-preview":"max-image-preview:large","max-video-preview":"max-video-preview:-1"},"canonical":"https:\/\/fanzone.sk\/en\/product\/hokejovy-dres-limitka-k-mdz\/","og_locale":"en_US","og_type":"article","og_title":"Slovensko - Hokejov\u00fd dres \/ Limitovan\u00e1 ed\u00edcia I. - fanzone.sk","og_description":"Hokejov\u00fd dres replika  Dres je vyroben\u00fd zo 160g\/m2 l\u00e1tky  \u0160peci\u00e1lna ed\u00edcia k MD\u017d","og_url":"https:\/\/fanzone.sk\/en\/product\/hokejovy-dres-limitka-k-mdz\/","og_site_name":"fanzone.sk","article_publisher":"https:\/\/www.facebook.com\/FANZONEsk\/","article_modified_time":"2026-02-20T12:44:41+00:00","og_image":[{"width":800,"height":800,"url":"https:\/\/fanzone.sk\/wp-content\/uploads\/2025\/02\/DRES-01-PD.jpg","type":"image\/jpeg"}],"twitter_card":"summary_large_image","twitter_misc":{"Est. reading time":"1 minute"},"schema":{"@context":"https:\/\/schema.org","@graph":[{"@type":"WebPage","@id":"https:\/\/fanzone.sk\/produkt\/hokejovy-dres-limitka-k-mdz\/","url":"https:\/\/fanzone.sk\/produkt\/hokejovy-dres-limitka-k-mdz\/","name":"Slovensko - Hokejov\u00fd dres \/ Limitovan\u00e1 ed\u00edcia I. - fanzone.sk","isPartOf":{"@id":"https:\/\/fanzone.sk\/#website"},"datePublished":"2025-02-20T13:50:35+00:00","dateModified":"2026-02-20T12:44:41+00:00","breadcrumb":{"@id":"https:\/\/fanzone.sk\/produkt\/hokejovy-dres-limitka-k-mdz\/#breadcrumb"},"inLanguage":"en-US","potentialAction":[{"@type":"ReadAction","target":["https:\/\/fanzone.sk\/produkt\/hokejovy-dres-limitka-k-mdz\/"]}]},{"@type":"BreadcrumbList","@id":"https:\/\/fanzone.sk\/produkt\/hokejovy-dres-limitka-k-mdz\/#breadcrumb","itemListElement":[{"@type":"ListItem","position":1,"name":"Home","item":"https:\/\/fanzone.sk\/"},{"@type":"ListItem","position":2,"name":"Obchod","item":"https:\/\/fanzone.sk\/obchod\/"},{"@type":"ListItem","position":3,"name":"Slovensko &#8211; Hokejov\u00fd dres \/ Limitovan\u00e1 ed\u00edcia I."}]},{"@type":"WebSite","@id":"https:\/\/fanzone.sk\/#website","url":"https:\/\/fanzone.sk\/","name":"fanzone.sk","description":"","potentialAction":[{"@type":"SearchAction","target":{"@type":"EntryPoint","urlTemplate":"https:\/\/fanzone.sk\/?s={search_term_string}"},"query-input":"required name=search_term_string"}],"inLanguage":"en-US"}]}},"_links":{"self":[{"href":"https:\/\/fanzone.sk\/en\/wp-json\/wp\/v2\/product\/33439"}],"collection":[{"href":"https:\/\/fanzone.sk\/en\/wp-json\/wp\/v2\/product"}],"about":[{"href":"https:\/\/fanzone.sk\/en\/wp-json\/wp\/v2\/types\/product"}],"wp:featuredmedia":[{"embeddable":true,"href":"https:\/\/fanzone.sk\/en\/wp-json\/wp\/v2\/media\/33442"}],"wp:attachment":[{"href":"https:\/\/fanzone.sk\/en\/wp-json\/wp\/v2\/media?parent=33439"}],"wp:term":[{"taxonomy":"product_cat","embeddable":true,"href":"https:\/\/fanzone.sk\/en\/wp-json\/wp\/v2\/product_cat?post=33439"},{"taxonomy":"product_tag","embeddable":true,"href":"https:\/\/fanzone.sk\/en\/wp-json\/wp\/v2\/product_tag?post=33439"}],"curies":[{"name":"wp","href":"https:\/\/api.w.org\/{rel}","templated":true}]}}