{"id":34043,"date":"2025-04-16T16:34:20","date_gmt":"2025-04-16T14:34:20","guid":{"rendered":"https:\/\/fanzone.sk\/?post_type=product&#038;p=34043"},"modified":"2025-04-16T16:34:21","modified_gmt":"2025-04-16T14:34:21","slug":"slovensko-futbalove-kratasy-01-25","status":"publish","type":"product","link":"https:\/\/fanzone.sk\/en\/product\/slovensko-futbalove-kratasy-01-25\/","title":{"rendered":"Slovensko \u2013 Futbalov\u00e9 kra\u0165asy 01\/25"},"content":{"rendered":"<ul>\n<li>Futbalov\u00e9 kra\u0165asy Slovensko<\/li>\n<li>100 % polyester<\/li>\n<li>Po bokoch s vreckami, bez slipovej vlo\u017eky<\/li>\n<li>Mo\u017enos\u0165 potla\u010de \u010d\u00edsla<\/li>\n<li>V\u00fdber z dvoch farieb<\/li>\n<\/ul>","protected":false},"excerpt":{"rendered":"<ul>\n<li>Futbalov\u00e9 kra\u0165asy Slovensko<\/li>\n<li>100 % polyester<\/li>\n<li>Po bokoch s vreckami, bez slipovej vlo\u017eky<\/li>\n<li>Mo\u017enos\u0165 potla\u010de \u010d\u00edsla<\/li>\n<li>V\u00fdber z dvoch farieb<\/li>\n<\/ul>","protected":false},"featured_media":34041,"template":"","meta":[],"product_cat":[577,484,327,20],"product_tag":[582,41,583],"wcpa_form_fields":{"rules":{"pric_overide_base_price":false,"pric_overide_base_price_if_gt_zero":false,"pric_cal_option_once":false,"pric_use_as_fee":false,"bind_quantity":false,"quantity_bind_formula":false},"fields":[{"type":"number","elementId":"wcpa-number-5e26aedec61a4","label":"\u010c\u00edslo","enablePrice":true,"pricingType":"fixed","price":"1.50","className":"form-control","name":"number-5e26aedec61b1","cl_rule":"show","col":6,"relations":false,"form_id":5232,"form_rules":{"pric_cal_option_once":false,"exclude_from_discount":false,"pric_use_as_fee":false,"fee_label":"Zdarma","render_after_acb":false,"disp_hide_options_price":false}},{"type":"paragraph","subtype":"output","label":"Pri personaliz\u00e1cii nem\u00e1te n\u00e1rok na ve\u013ekostn\u00fa v\u00fdmenu produktu.\nPersonaliz\u00e1cia 1,50\u20ac","elementId":"wcpa-paragraph-5e26aedec61bf","pricingType":"fixed","cl_rule":"show","col":6,"relations":false,"form_id":5232,"form_rules":{"pric_cal_option_once":false,"exclude_from_discount":false,"pric_use_as_fee":false,"fee_label":"Zdarma","render_after_acb":false,"disp_hide_options_price":false}}]},"yoast_head":"<!-- This site is optimized with the Yoast SEO plugin v21.2 - https:\/\/yoast.com\/wordpress\/plugins\/seo\/ -->\n<title>Slovensko \u2013 Futbalov\u00e9 kra\u0165asy 01\/25 - fanzone.sk<\/title>\n<meta name=\"robots\" content=\"index, follow, max-snippet:-1, max-image-preview:large, max-video-preview:-1\" \/>\n<link rel=\"canonical\" href=\"https:\/\/fanzone.sk\/en\/product\/slovensko-futbalove-kratasy-01-25\/\" \/>\n<meta property=\"og:locale\" content=\"en_US\" \/>\n<meta property=\"og:type\" content=\"article\" \/>\n<meta property=\"og:title\" content=\"Slovensko \u2013 Futbalov\u00e9 kra\u0165asy 01\/25 - fanzone.sk\" \/>\n<meta property=\"og:description\" content=\"Futbalov\u00e9 kra\u0165asy Slovensko  100 % polyester  Po bokoch s vreckami, bez slipovej vlo\u017eky  Mo\u017enos\u0165 potla\u010de \u010d\u00edsla  V\u00fdber z dvoch farieb\" \/>\n<meta property=\"og:url\" content=\"https:\/\/fanzone.sk\/en\/product\/slovensko-futbalove-kratasy-01-25\/\" \/>\n<meta property=\"og:site_name\" content=\"fanzone.sk\" \/>\n<meta property=\"article:publisher\" content=\"https:\/\/www.facebook.com\/FANZONEsk\/\" \/>\n<meta property=\"article:modified_time\" content=\"2025-04-16T14:34:21+00:00\" \/>\n<meta property=\"og:image\" content=\"https:\/\/fanzone.sk\/wp-content\/uploads\/2025\/04\/LUKAS-02-PD.jpg\" \/>\n\t<meta property=\"og:image:width\" content=\"801\" \/>\n\t<meta property=\"og:image:height\" content=\"800\" \/>\n\t<meta property=\"og:image:type\" content=\"image\/jpeg\" \/>\n<meta name=\"twitter:card\" content=\"summary_large_image\" \/>\n<meta name=\"twitter:label1\" content=\"Est. reading time\" \/>\n\t<meta name=\"twitter:data1\" content=\"1 minute\" \/>\n<script type=\"application\/ld+json\" class=\"yoast-schema-graph\">{\"@context\":\"https:\/\/schema.org\",\"@graph\":[{\"@type\":\"WebPage\",\"@id\":\"https:\/\/fanzone.sk\/produkt\/slovensko-futbalove-kratasy-01-25\/\",\"url\":\"https:\/\/fanzone.sk\/produkt\/slovensko-futbalove-kratasy-01-25\/\",\"name\":\"Slovensko \u2013 Futbalov\u00e9 kra\u0165asy 01\/25 - fanzone.sk\",\"isPartOf\":{\"@id\":\"https:\/\/fanzone.sk\/#website\"},\"datePublished\":\"2025-04-16T14:34:20+00:00\",\"dateModified\":\"2025-04-16T14:34:21+00:00\",\"breadcrumb\":{\"@id\":\"https:\/\/fanzone.sk\/produkt\/slovensko-futbalove-kratasy-01-25\/#breadcrumb\"},\"inLanguage\":\"en-US\",\"potentialAction\":[{\"@type\":\"ReadAction\",\"target\":[\"https:\/\/fanzone.sk\/produkt\/slovensko-futbalove-kratasy-01-25\/\"]}]},{\"@type\":\"BreadcrumbList\",\"@id\":\"https:\/\/fanzone.sk\/produkt\/slovensko-futbalove-kratasy-01-25\/#breadcrumb\",\"itemListElement\":[{\"@type\":\"ListItem\",\"position\":1,\"name\":\"Home\",\"item\":\"https:\/\/fanzone.sk\/\"},{\"@type\":\"ListItem\",\"position\":2,\"name\":\"Obchod\",\"item\":\"https:\/\/fanzone.sk\/obchod\/\"},{\"@type\":\"ListItem\",\"position\":3,\"name\":\"Slovensko \u2013 Futbalov\u00e9 kra\u0165asy 01\/25\"}]},{\"@type\":\"WebSite\",\"@id\":\"https:\/\/fanzone.sk\/#website\",\"url\":\"https:\/\/fanzone.sk\/\",\"name\":\"fanzone.sk\",\"description\":\"\",\"potentialAction\":[{\"@type\":\"SearchAction\",\"target\":{\"@type\":\"EntryPoint\",\"urlTemplate\":\"https:\/\/fanzone.sk\/?s={search_term_string}\"},\"query-input\":\"required name=search_term_string\"}],\"inLanguage\":\"en-US\"}]}<\/script>\n<!-- \/ Yoast SEO plugin. -->","yoast_head_json":{"title":"Slovensko \u2013 Futbalov\u00e9 kra\u0165asy 01\/25 - fanzone.sk","robots":{"index":"index","follow":"follow","max-snippet":"max-snippet:-1","max-image-preview":"max-image-preview:large","max-video-preview":"max-video-preview:-1"},"canonical":"https:\/\/fanzone.sk\/en\/product\/slovensko-futbalove-kratasy-01-25\/","og_locale":"en_US","og_type":"article","og_title":"Slovensko \u2013 Futbalov\u00e9 kra\u0165asy 01\/25 - fanzone.sk","og_description":"Futbalov\u00e9 kra\u0165asy Slovensko  100 % polyester  Po bokoch s vreckami, bez slipovej vlo\u017eky  Mo\u017enos\u0165 potla\u010de \u010d\u00edsla  V\u00fdber z dvoch farieb","og_url":"https:\/\/fanzone.sk\/en\/product\/slovensko-futbalove-kratasy-01-25\/","og_site_name":"fanzone.sk","article_publisher":"https:\/\/www.facebook.com\/FANZONEsk\/","article_modified_time":"2025-04-16T14:34:21+00:00","og_image":[{"width":801,"height":800,"url":"https:\/\/fanzone.sk\/wp-content\/uploads\/2025\/04\/LUKAS-02-PD.jpg","type":"image\/jpeg"}],"twitter_card":"summary_large_image","twitter_misc":{"Est. reading time":"1 minute"},"schema":{"@context":"https:\/\/schema.org","@graph":[{"@type":"WebPage","@id":"https:\/\/fanzone.sk\/produkt\/slovensko-futbalove-kratasy-01-25\/","url":"https:\/\/fanzone.sk\/produkt\/slovensko-futbalove-kratasy-01-25\/","name":"Slovensko \u2013 Futbalov\u00e9 kra\u0165asy 01\/25 - fanzone.sk","isPartOf":{"@id":"https:\/\/fanzone.sk\/#website"},"datePublished":"2025-04-16T14:34:20+00:00","dateModified":"2025-04-16T14:34:21+00:00","breadcrumb":{"@id":"https:\/\/fanzone.sk\/produkt\/slovensko-futbalove-kratasy-01-25\/#breadcrumb"},"inLanguage":"en-US","potentialAction":[{"@type":"ReadAction","target":["https:\/\/fanzone.sk\/produkt\/slovensko-futbalove-kratasy-01-25\/"]}]},{"@type":"BreadcrumbList","@id":"https:\/\/fanzone.sk\/produkt\/slovensko-futbalove-kratasy-01-25\/#breadcrumb","itemListElement":[{"@type":"ListItem","position":1,"name":"Home","item":"https:\/\/fanzone.sk\/"},{"@type":"ListItem","position":2,"name":"Obchod","item":"https:\/\/fanzone.sk\/obchod\/"},{"@type":"ListItem","position":3,"name":"Slovensko \u2013 Futbalov\u00e9 kra\u0165asy 01\/25"}]},{"@type":"WebSite","@id":"https:\/\/fanzone.sk\/#website","url":"https:\/\/fanzone.sk\/","name":"fanzone.sk","description":"","potentialAction":[{"@type":"SearchAction","target":{"@type":"EntryPoint","urlTemplate":"https:\/\/fanzone.sk\/?s={search_term_string}"},"query-input":"required name=search_term_string"}],"inLanguage":"en-US"}]}},"_links":{"self":[{"href":"https:\/\/fanzone.sk\/en\/wp-json\/wp\/v2\/product\/34043"}],"collection":[{"href":"https:\/\/fanzone.sk\/en\/wp-json\/wp\/v2\/product"}],"about":[{"href":"https:\/\/fanzone.sk\/en\/wp-json\/wp\/v2\/types\/product"}],"wp:featuredmedia":[{"embeddable":true,"href":"https:\/\/fanzone.sk\/en\/wp-json\/wp\/v2\/media\/34041"}],"wp:attachment":[{"href":"https:\/\/fanzone.sk\/en\/wp-json\/wp\/v2\/media?parent=34043"}],"wp:term":[{"taxonomy":"product_cat","embeddable":true,"href":"https:\/\/fanzone.sk\/en\/wp-json\/wp\/v2\/product_cat?post=34043"},{"taxonomy":"product_tag","embeddable":true,"href":"https:\/\/fanzone.sk\/en\/wp-json\/wp\/v2\/product_tag?post=34043"}],"curies":[{"name":"wp","href":"https:\/\/api.w.org\/{rel}","templated":true}]}}