{"id":34414,"date":"2025-05-19T12:02:48","date_gmt":"2025-05-19T10:02:48","guid":{"rendered":"https:\/\/fanzone.sk\/?post_type=product&#038;p=34414"},"modified":"2025-06-06T13:10:41","modified_gmt":"2025-06-06T11:10:41","slug":"slovensko-balicek-2-25-mikinasiltovkaklucenka","status":"publish","type":"product","link":"https:\/\/fanzone.sk\/en\/product\/slovensko-balicek-2-25-mikinasiltovkaklucenka\/","title":{"rendered":"Slovensko &#8211; Bal\u00ed\u010dek 2\/25 Mikina+\u0161iltovka+k\u013e\u00fa\u010denka"},"content":{"rendered":"<ul>\n<li>Bal\u00ed\u010dek pre slovensk\u00e9ho futbalov\u00e9ho fan\u00fa\u0161ika obsahuje:<\/li>\n<li><strong>Mikina s kapuc\u0148ou<\/strong> \u2013 80% balvna, 20% polyester<\/li>\n<li>Dvojvrstvov\u00e1 kapuc\u0148a zo s\u0165ahovac\u00edmi \u0161n\u00farkami<\/li>\n<li>Man\u017eeta a lemovka pri krku s elast\u00e1nom<\/li>\n<li>Klokanie vrecko<\/li>\n<li><strong>\u0160iltovka<\/strong> s v\u00fd\u0161ivkou na kovov\u00e9 zap\u00ednanie vzadu<\/li>\n<li><strong>K\u013e\u00fa\u010denka<\/strong> s kovovou karab\u00ednkou<\/li>\n<\/ul>","protected":false},"excerpt":{"rendered":"<ul>\n<li>Bal\u00ed\u010dek pre slovensk\u00e9ho futbalov\u00e9ho fan\u00fa\u0161ika obsahuje:<\/li>\n<li><strong>Mikina s kapuc\u0148ou<\/strong> \u2013 80% balvna, 20% polyester<\/li>\n<li>Dvojvrstvov\u00e1 kapuc\u0148a zo s\u0165ahovac\u00edmi \u0161n\u00farkami<\/li>\n<li>Man\u017eeta a lemovka pri krku s elast\u00e1nom<\/li>\n<li>Klokanie vrecko<\/li>\n<li><strong>\u0160iltovka<\/strong> s v\u00fd\u0161ivkou na kovov\u00e9 zap\u00ednanie vzadu<\/li>\n<li><strong>K\u013e\u00fa\u010denka<\/strong> s kovovou karab\u00ednkou<\/li>\n<\/ul>","protected":false},"featured_media":34485,"template":"","meta":[],"product_cat":[577,327,20,63],"product_tag":[594,538,595,520,527],"wcpa_form_fields":null,"yoast_head":"<!-- This site is optimized with the Yoast SEO plugin v21.2 - https:\/\/yoast.com\/wordpress\/plugins\/seo\/ -->\n<title>Slovensko - Bal\u00ed\u010dek 2\/25 Mikina+\u0161iltovka+k\u013e\u00fa\u010denka - fanzone.sk<\/title>\n<meta name=\"robots\" content=\"index, follow, max-snippet:-1, max-image-preview:large, max-video-preview:-1\" \/>\n<link rel=\"canonical\" href=\"https:\/\/fanzone.sk\/en\/product\/slovensko-balicek-2-25-mikinasiltovkaklucenka\/\" \/>\n<meta property=\"og:locale\" content=\"en_US\" \/>\n<meta property=\"og:type\" content=\"article\" \/>\n<meta property=\"og:title\" content=\"Slovensko - Bal\u00ed\u010dek 2\/25 Mikina+\u0161iltovka+k\u013e\u00fa\u010denka - fanzone.sk\" \/>\n<meta property=\"og:description\" content=\"Bal\u00ed\u010dek pre slovensk\u00e9ho futbalov\u00e9ho fan\u00fa\u0161ika obsahuje:  Mikina s kapuc\u0148ou \u2013 80% balvna, 20% polyester  Dvojvrstvov\u00e1 kapuc\u0148a zo s\u0165ahovac\u00edmi \u0161n\u00farkami  Man\u017eeta a lemovka pri krku s elast\u00e1nom  Klokanie vrecko  \u0160iltovka s v\u00fd\u0161ivkou na kovov\u00e9 zap\u00ednanie vzadu  K\u013e\u00fa\u010denka s kovovou karab\u00ednkou\" \/>\n<meta property=\"og:url\" content=\"https:\/\/fanzone.sk\/en\/product\/slovensko-balicek-2-25-mikinasiltovkaklucenka\/\" \/>\n<meta property=\"og:site_name\" content=\"fanzone.sk\" \/>\n<meta property=\"article:publisher\" content=\"https:\/\/www.facebook.com\/FANZONEsk\/\" \/>\n<meta property=\"article:modified_time\" content=\"2025-06-06T11:10:41+00:00\" \/>\n<meta property=\"og:image\" content=\"https:\/\/fanzone.sk\/wp-content\/uploads\/2025\/05\/SLOVENSKO2-1.jpg\" \/>\n\t<meta property=\"og:image:width\" content=\"800\" \/>\n\t<meta property=\"og:image:height\" content=\"800\" \/>\n\t<meta property=\"og:image:type\" content=\"image\/jpeg\" \/>\n<meta name=\"twitter:card\" content=\"summary_large_image\" \/>\n<meta name=\"twitter:label1\" content=\"Est. reading time\" \/>\n\t<meta name=\"twitter:data1\" content=\"1 minute\" \/>\n<script type=\"application\/ld+json\" class=\"yoast-schema-graph\">{\"@context\":\"https:\/\/schema.org\",\"@graph\":[{\"@type\":\"WebPage\",\"@id\":\"https:\/\/fanzone.sk\/produkt\/slovensko-balicek-2-25-mikinasiltovkaklucenka\/\",\"url\":\"https:\/\/fanzone.sk\/produkt\/slovensko-balicek-2-25-mikinasiltovkaklucenka\/\",\"name\":\"Slovensko - Bal\u00ed\u010dek 2\/25 Mikina+\u0161iltovka+k\u013e\u00fa\u010denka - fanzone.sk\",\"isPartOf\":{\"@id\":\"https:\/\/fanzone.sk\/#website\"},\"datePublished\":\"2025-05-19T10:02:48+00:00\",\"dateModified\":\"2025-06-06T11:10:41+00:00\",\"breadcrumb\":{\"@id\":\"https:\/\/fanzone.sk\/produkt\/slovensko-balicek-2-25-mikinasiltovkaklucenka\/#breadcrumb\"},\"inLanguage\":\"en-US\",\"potentialAction\":[{\"@type\":\"ReadAction\",\"target\":[\"https:\/\/fanzone.sk\/produkt\/slovensko-balicek-2-25-mikinasiltovkaklucenka\/\"]}]},{\"@type\":\"BreadcrumbList\",\"@id\":\"https:\/\/fanzone.sk\/produkt\/slovensko-balicek-2-25-mikinasiltovkaklucenka\/#breadcrumb\",\"itemListElement\":[{\"@type\":\"ListItem\",\"position\":1,\"name\":\"Home\",\"item\":\"https:\/\/fanzone.sk\/\"},{\"@type\":\"ListItem\",\"position\":2,\"name\":\"Obchod\",\"item\":\"https:\/\/fanzone.sk\/obchod\/\"},{\"@type\":\"ListItem\",\"position\":3,\"name\":\"Slovensko &#8211; Bal\u00ed\u010dek 2\/25 Mikina+\u0161iltovka+k\u013e\u00fa\u010denka\"}]},{\"@type\":\"WebSite\",\"@id\":\"https:\/\/fanzone.sk\/#website\",\"url\":\"https:\/\/fanzone.sk\/\",\"name\":\"fanzone.sk\",\"description\":\"\",\"potentialAction\":[{\"@type\":\"SearchAction\",\"target\":{\"@type\":\"EntryPoint\",\"urlTemplate\":\"https:\/\/fanzone.sk\/?s={search_term_string}\"},\"query-input\":\"required name=search_term_string\"}],\"inLanguage\":\"en-US\"}]}<\/script>\n<!-- \/ Yoast SEO plugin. -->","yoast_head_json":{"title":"Slovensko - Bal\u00ed\u010dek 2\/25 Mikina+\u0161iltovka+k\u013e\u00fa\u010denka - fanzone.sk","robots":{"index":"index","follow":"follow","max-snippet":"max-snippet:-1","max-image-preview":"max-image-preview:large","max-video-preview":"max-video-preview:-1"},"canonical":"https:\/\/fanzone.sk\/en\/product\/slovensko-balicek-2-25-mikinasiltovkaklucenka\/","og_locale":"en_US","og_type":"article","og_title":"Slovensko - Bal\u00ed\u010dek 2\/25 Mikina+\u0161iltovka+k\u013e\u00fa\u010denka - fanzone.sk","og_description":"Bal\u00ed\u010dek pre slovensk\u00e9ho futbalov\u00e9ho fan\u00fa\u0161ika obsahuje:  Mikina s kapuc\u0148ou \u2013 80% balvna, 20% polyester  Dvojvrstvov\u00e1 kapuc\u0148a zo s\u0165ahovac\u00edmi \u0161n\u00farkami  Man\u017eeta a lemovka pri krku s elast\u00e1nom  Klokanie vrecko  \u0160iltovka s v\u00fd\u0161ivkou na kovov\u00e9 zap\u00ednanie vzadu  K\u013e\u00fa\u010denka s kovovou karab\u00ednkou","og_url":"https:\/\/fanzone.sk\/en\/product\/slovensko-balicek-2-25-mikinasiltovkaklucenka\/","og_site_name":"fanzone.sk","article_publisher":"https:\/\/www.facebook.com\/FANZONEsk\/","article_modified_time":"2025-06-06T11:10:41+00:00","og_image":[{"width":800,"height":800,"url":"https:\/\/fanzone.sk\/wp-content\/uploads\/2025\/05\/SLOVENSKO2-1.jpg","type":"image\/jpeg"}],"twitter_card":"summary_large_image","twitter_misc":{"Est. reading time":"1 minute"},"schema":{"@context":"https:\/\/schema.org","@graph":[{"@type":"WebPage","@id":"https:\/\/fanzone.sk\/produkt\/slovensko-balicek-2-25-mikinasiltovkaklucenka\/","url":"https:\/\/fanzone.sk\/produkt\/slovensko-balicek-2-25-mikinasiltovkaklucenka\/","name":"Slovensko - Bal\u00ed\u010dek 2\/25 Mikina+\u0161iltovka+k\u013e\u00fa\u010denka - fanzone.sk","isPartOf":{"@id":"https:\/\/fanzone.sk\/#website"},"datePublished":"2025-05-19T10:02:48+00:00","dateModified":"2025-06-06T11:10:41+00:00","breadcrumb":{"@id":"https:\/\/fanzone.sk\/produkt\/slovensko-balicek-2-25-mikinasiltovkaklucenka\/#breadcrumb"},"inLanguage":"en-US","potentialAction":[{"@type":"ReadAction","target":["https:\/\/fanzone.sk\/produkt\/slovensko-balicek-2-25-mikinasiltovkaklucenka\/"]}]},{"@type":"BreadcrumbList","@id":"https:\/\/fanzone.sk\/produkt\/slovensko-balicek-2-25-mikinasiltovkaklucenka\/#breadcrumb","itemListElement":[{"@type":"ListItem","position":1,"name":"Home","item":"https:\/\/fanzone.sk\/"},{"@type":"ListItem","position":2,"name":"Obchod","item":"https:\/\/fanzone.sk\/obchod\/"},{"@type":"ListItem","position":3,"name":"Slovensko &#8211; Bal\u00ed\u010dek 2\/25 Mikina+\u0161iltovka+k\u013e\u00fa\u010denka"}]},{"@type":"WebSite","@id":"https:\/\/fanzone.sk\/#website","url":"https:\/\/fanzone.sk\/","name":"fanzone.sk","description":"","potentialAction":[{"@type":"SearchAction","target":{"@type":"EntryPoint","urlTemplate":"https:\/\/fanzone.sk\/?s={search_term_string}"},"query-input":"required name=search_term_string"}],"inLanguage":"en-US"}]}},"_links":{"self":[{"href":"https:\/\/fanzone.sk\/en\/wp-json\/wp\/v2\/product\/34414"}],"collection":[{"href":"https:\/\/fanzone.sk\/en\/wp-json\/wp\/v2\/product"}],"about":[{"href":"https:\/\/fanzone.sk\/en\/wp-json\/wp\/v2\/types\/product"}],"wp:featuredmedia":[{"embeddable":true,"href":"https:\/\/fanzone.sk\/en\/wp-json\/wp\/v2\/media\/34485"}],"wp:attachment":[{"href":"https:\/\/fanzone.sk\/en\/wp-json\/wp\/v2\/media?parent=34414"}],"wp:term":[{"taxonomy":"product_cat","embeddable":true,"href":"https:\/\/fanzone.sk\/en\/wp-json\/wp\/v2\/product_cat?post=34414"},{"taxonomy":"product_tag","embeddable":true,"href":"https:\/\/fanzone.sk\/en\/wp-json\/wp\/v2\/product_tag?post=34414"}],"curies":[{"name":"wp","href":"https:\/\/api.w.org\/{rel}","templated":true}]}}