{"id":34609,"date":"2025-06-03T09:05:28","date_gmt":"2025-06-03T07:05:28","guid":{"rendered":"https:\/\/fanzone.sk\/?post_type=product&#038;p=34609"},"modified":"2026-03-02T12:20:23","modified_gmt":"2026-03-02T11:20:23","slug":"body-nutrition-damske-leginy","status":"publish","type":"product","link":"https:\/\/fanzone.sk\/en\/product\/body-nutrition-damske-leginy\/","title":{"rendered":"Body Nutrition &#8211; D\u00e1mske leg\u00edny"},"content":{"rendered":"<ul>\n<li>\u0160portov\u00e9 d\u00e1mske leg\u00edny z funk\u010dn\u00e9ho materi\u00e1lu<\/li>\n<li>Elastick\u00fd materi\u00e1l so zv\u00fd\u0161en\u00fdm p\u00e1som<\/li>\n<li>PUSH Up efekt \u2013 spev\u0148uj\u00fa a tvaruj\u00fa postavu<\/li>\n<li>300 g \/m2<\/li>\n<li>84 % micropolyester 16% elastan<\/li>\n<li>Vhodn\u00e9 na ak\u00e9ko\u013evek indoorov\u00e9 alebo outdoorov\u00e9 \u0161porty<\/li>\n<li>Nov\u00e1 kolekcia Body Nutrition<\/li>\n<\/ul>","protected":false},"excerpt":{"rendered":"<ul>\n<li>\u0160portov\u00e9 d\u00e1mske leg\u00edny z funk\u010dn\u00e9ho materi\u00e1lu<\/li>\n<li>Elastick\u00fd materi\u00e1l so zv\u00fd\u0161en\u00fdm p\u00e1som<\/li>\n<li>PUSH Up efekt \u2013 spev\u0148uj\u00fa a tvaruj\u00fa postavu<\/li>\n<li>300 g \/m2<\/li>\n<li>84 % micropolyester 16% elastan<\/li>\n<li>Vhodn\u00e9 na ak\u00e9ko\u013evek indoorov\u00e9 alebo outdoorov\u00e9 \u0161porty<\/li>\n<li>Nov\u00e1 kolekcia Body Nutrition<\/li>\n<\/ul>","protected":false},"featured_media":34585,"template":"","meta":[],"product_cat":[598,252,609,216,128],"product_tag":[217,523,599],"wcpa_form_fields":null,"yoast_head":"<!-- This site is optimized with the Yoast SEO plugin v21.2 - https:\/\/yoast.com\/wordpress\/plugins\/seo\/ -->\n<title>Body Nutrition - D\u00e1mske leg\u00edny - fanzone.sk<\/title>\n<meta name=\"robots\" content=\"index, follow, max-snippet:-1, max-image-preview:large, max-video-preview:-1\" \/>\n<link rel=\"canonical\" href=\"https:\/\/fanzone.sk\/en\/product\/body-nutrition-damske-leginy\/\" \/>\n<meta property=\"og:locale\" content=\"en_US\" \/>\n<meta property=\"og:type\" content=\"article\" \/>\n<meta property=\"og:title\" content=\"Body Nutrition - D\u00e1mske leg\u00edny - fanzone.sk\" \/>\n<meta property=\"og:description\" content=\"\u0160portov\u00e9 d\u00e1mske leg\u00edny z funk\u010dn\u00e9ho materi\u00e1lu  Elastick\u00fd materi\u00e1l so zv\u00fd\u0161en\u00fdm p\u00e1som  PUSH Up efekt \u2013 spev\u0148uj\u00fa a tvaruj\u00fa postavu  300 g \/m2  84 % micropolyester 16% elastan  Vhodn\u00e9 na ak\u00e9ko\u013evek indoorov\u00e9 alebo outdoorov\u00e9 \u0161porty  Nov\u00e1 kolekcia Body Nutrition\" \/>\n<meta property=\"og:url\" content=\"https:\/\/fanzone.sk\/en\/product\/body-nutrition-damske-leginy\/\" \/>\n<meta property=\"og:site_name\" content=\"fanzone.sk\" \/>\n<meta property=\"article:publisher\" content=\"https:\/\/www.facebook.com\/FANZONEsk\/\" \/>\n<meta property=\"article:modified_time\" content=\"2026-03-02T11:20:23+00:00\" \/>\n<meta property=\"og:image\" content=\"https:\/\/fanzone.sk\/wp-content\/uploads\/2025\/06\/LEGINY-YHLA-01-PD.jpg\" \/>\n\t<meta property=\"og:image:width\" content=\"800\" \/>\n\t<meta property=\"og:image:height\" content=\"800\" \/>\n\t<meta property=\"og:image:type\" content=\"image\/jpeg\" \/>\n<meta name=\"twitter:card\" content=\"summary_large_image\" \/>\n<meta name=\"twitter:label1\" content=\"Est. reading time\" \/>\n\t<meta name=\"twitter:data1\" content=\"1 minute\" \/>\n<script type=\"application\/ld+json\" class=\"yoast-schema-graph\">{\"@context\":\"https:\/\/schema.org\",\"@graph\":[{\"@type\":\"WebPage\",\"@id\":\"https:\/\/fanzone.sk\/produkt\/body-nutrition-damske-leginy\/\",\"url\":\"https:\/\/fanzone.sk\/produkt\/body-nutrition-damske-leginy\/\",\"name\":\"Body Nutrition - D\u00e1mske leg\u00edny - fanzone.sk\",\"isPartOf\":{\"@id\":\"https:\/\/fanzone.sk\/#website\"},\"datePublished\":\"2025-06-03T07:05:28+00:00\",\"dateModified\":\"2026-03-02T11:20:23+00:00\",\"breadcrumb\":{\"@id\":\"https:\/\/fanzone.sk\/produkt\/body-nutrition-damske-leginy\/#breadcrumb\"},\"inLanguage\":\"en-US\",\"potentialAction\":[{\"@type\":\"ReadAction\",\"target\":[\"https:\/\/fanzone.sk\/produkt\/body-nutrition-damske-leginy\/\"]}]},{\"@type\":\"BreadcrumbList\",\"@id\":\"https:\/\/fanzone.sk\/produkt\/body-nutrition-damske-leginy\/#breadcrumb\",\"itemListElement\":[{\"@type\":\"ListItem\",\"position\":1,\"name\":\"Home\",\"item\":\"https:\/\/fanzone.sk\/\"},{\"@type\":\"ListItem\",\"position\":2,\"name\":\"Obchod\",\"item\":\"https:\/\/fanzone.sk\/obchod\/\"},{\"@type\":\"ListItem\",\"position\":3,\"name\":\"Body Nutrition &#8211; D\u00e1mske leg\u00edny\"}]},{\"@type\":\"WebSite\",\"@id\":\"https:\/\/fanzone.sk\/#website\",\"url\":\"https:\/\/fanzone.sk\/\",\"name\":\"fanzone.sk\",\"description\":\"\",\"potentialAction\":[{\"@type\":\"SearchAction\",\"target\":{\"@type\":\"EntryPoint\",\"urlTemplate\":\"https:\/\/fanzone.sk\/?s={search_term_string}\"},\"query-input\":\"required name=search_term_string\"}],\"inLanguage\":\"en-US\"}]}<\/script>\n<!-- \/ Yoast SEO plugin. -->","yoast_head_json":{"title":"Body Nutrition - D\u00e1mske leg\u00edny - fanzone.sk","robots":{"index":"index","follow":"follow","max-snippet":"max-snippet:-1","max-image-preview":"max-image-preview:large","max-video-preview":"max-video-preview:-1"},"canonical":"https:\/\/fanzone.sk\/en\/product\/body-nutrition-damske-leginy\/","og_locale":"en_US","og_type":"article","og_title":"Body Nutrition - D\u00e1mske leg\u00edny - fanzone.sk","og_description":"\u0160portov\u00e9 d\u00e1mske leg\u00edny z funk\u010dn\u00e9ho materi\u00e1lu  Elastick\u00fd materi\u00e1l so zv\u00fd\u0161en\u00fdm p\u00e1som  PUSH Up efekt \u2013 spev\u0148uj\u00fa a tvaruj\u00fa postavu  300 g \/m2  84 % micropolyester 16% elastan  Vhodn\u00e9 na ak\u00e9ko\u013evek indoorov\u00e9 alebo outdoorov\u00e9 \u0161porty  Nov\u00e1 kolekcia Body Nutrition","og_url":"https:\/\/fanzone.sk\/en\/product\/body-nutrition-damske-leginy\/","og_site_name":"fanzone.sk","article_publisher":"https:\/\/www.facebook.com\/FANZONEsk\/","article_modified_time":"2026-03-02T11:20:23+00:00","og_image":[{"width":800,"height":800,"url":"https:\/\/fanzone.sk\/wp-content\/uploads\/2025\/06\/LEGINY-YHLA-01-PD.jpg","type":"image\/jpeg"}],"twitter_card":"summary_large_image","twitter_misc":{"Est. reading time":"1 minute"},"schema":{"@context":"https:\/\/schema.org","@graph":[{"@type":"WebPage","@id":"https:\/\/fanzone.sk\/produkt\/body-nutrition-damske-leginy\/","url":"https:\/\/fanzone.sk\/produkt\/body-nutrition-damske-leginy\/","name":"Body Nutrition - D\u00e1mske leg\u00edny - fanzone.sk","isPartOf":{"@id":"https:\/\/fanzone.sk\/#website"},"datePublished":"2025-06-03T07:05:28+00:00","dateModified":"2026-03-02T11:20:23+00:00","breadcrumb":{"@id":"https:\/\/fanzone.sk\/produkt\/body-nutrition-damske-leginy\/#breadcrumb"},"inLanguage":"en-US","potentialAction":[{"@type":"ReadAction","target":["https:\/\/fanzone.sk\/produkt\/body-nutrition-damske-leginy\/"]}]},{"@type":"BreadcrumbList","@id":"https:\/\/fanzone.sk\/produkt\/body-nutrition-damske-leginy\/#breadcrumb","itemListElement":[{"@type":"ListItem","position":1,"name":"Home","item":"https:\/\/fanzone.sk\/"},{"@type":"ListItem","position":2,"name":"Obchod","item":"https:\/\/fanzone.sk\/obchod\/"},{"@type":"ListItem","position":3,"name":"Body Nutrition &#8211; D\u00e1mske leg\u00edny"}]},{"@type":"WebSite","@id":"https:\/\/fanzone.sk\/#website","url":"https:\/\/fanzone.sk\/","name":"fanzone.sk","description":"","potentialAction":[{"@type":"SearchAction","target":{"@type":"EntryPoint","urlTemplate":"https:\/\/fanzone.sk\/?s={search_term_string}"},"query-input":"required name=search_term_string"}],"inLanguage":"en-US"}]}},"_links":{"self":[{"href":"https:\/\/fanzone.sk\/en\/wp-json\/wp\/v2\/product\/34609"}],"collection":[{"href":"https:\/\/fanzone.sk\/en\/wp-json\/wp\/v2\/product"}],"about":[{"href":"https:\/\/fanzone.sk\/en\/wp-json\/wp\/v2\/types\/product"}],"wp:featuredmedia":[{"embeddable":true,"href":"https:\/\/fanzone.sk\/en\/wp-json\/wp\/v2\/media\/34585"}],"wp:attachment":[{"href":"https:\/\/fanzone.sk\/en\/wp-json\/wp\/v2\/media?parent=34609"}],"wp:term":[{"taxonomy":"product_cat","embeddable":true,"href":"https:\/\/fanzone.sk\/en\/wp-json\/wp\/v2\/product_cat?post=34609"},{"taxonomy":"product_tag","embeddable":true,"href":"https:\/\/fanzone.sk\/en\/wp-json\/wp\/v2\/product_tag?post=34609"}],"curies":[{"name":"wp","href":"https:\/\/api.w.org\/{rel}","templated":true}]}}