{"id":34649,"date":"2025-06-11T14:29:36","date_gmt":"2025-06-11T12:29:36","guid":{"rendered":"https:\/\/fanzone.sk\/?post_type=product&#038;p=34649"},"modified":"2025-08-18T13:54:15","modified_gmt":"2025-08-18T11:54:15","slug":"body-nutrition-excelent-100-whey-protein-jahodovy-krem","status":"publish","type":"product","link":"https:\/\/fanzone.sk\/en\/product\/body-nutrition-excelent-100-whey-protein-jahodovy-krem\/","title":{"rendered":"Body Nutrition &#8211; Excelent 100% Whey Prote\u00edn Jahodov\u00fd kr\u00e9m"},"content":{"rendered":"<p>Tento\u00a0<strong>jahodov\u00fd prote\u00ednov\u00fd drink<\/strong> je ide\u00e1lny nielen na pr\u00edpravu lahodn\u00e9ho kr\u00e9mov\u00e9ho n\u00e1poja, ale aj na ochutenie r\u00f4znych jed\u00e1l.<\/p>\n<p><strong>V\u00fdhody produktu:<\/strong><\/p>\n<ul>\n<li><strong>Vysok\u00fd obsah bielkov\u00edn:<\/strong>\u00a0Ka\u017ed\u00e1 d\u00e1vka obsahuje a\u017e 27g \u013eahko str\u00e1vite\u013en\u00fdch bielkov\u00edn.<\/li>\n<li><strong>N\u00edzky obsah sacharidov:<\/strong>\u00a0Ide\u00e1lne pre t\u00fdch, \u010do sleduj\u00fa svoj pr\u00edjem sacharidov.<\/li>\n<li><strong>Jedine\u010dn\u00e1 chu\u0165:<\/strong>\u00a0Prav\u00e9 jahody zaru\u010duj\u00fa vynikaj\u00facu ovocn\u00fa chu\u0165, ktor\u00fa si zamilujete.<\/li>\n<li><strong>Podpora svalov\u00e9ho rastu a regener\u00e1cie:<\/strong>\u00a0Poskytuje potrebn\u00e9 stavebn\u00e9 l\u00e1tky na podporu rastu svalovej hmoty a regener\u00e1ciu.<\/li>\n<li><strong>Univerz\u00e1lne pou\u017eitie:<\/strong>\u00a0Skvel\u00fd na pitie s vodou alebo mliekom, rovnako ako na ochutenie va\u0161ich ob\u013e\u00faben\u00fdch jed\u00e1l.<\/li>\n<li><strong>Obsah 1000g<\/strong><\/li>\n<\/ul>","protected":false},"excerpt":{"rendered":"<p>Tento\u00a0<strong>jahodov\u00fd prote\u00ednov\u00fd drink<\/strong> je ide\u00e1lny nielen na pr\u00edpravu lahodn\u00e9ho kr\u00e9mov\u00e9ho n\u00e1poja, ale aj na ochutenie r\u00f4znych jed\u00e1l.<\/p>\n<p><strong>V\u00fdhody produktu:<\/strong><\/p>\n<ul>\n<li><strong>Vysok\u00fd obsah bielkov\u00edn:<\/strong>\u00a0Ka\u017ed\u00e1 d\u00e1vka obsahuje a\u017e 27g \u013eahko str\u00e1vite\u013en\u00fdch bielkov\u00edn.<\/li>\n<li><strong>N\u00edzky obsah sacharidov:<\/strong>\u00a0Ide\u00e1lne pre t\u00fdch, \u010do sleduj\u00fa svoj pr\u00edjem sacharidov.<\/li>\n<li><strong>Jedine\u010dn\u00e1 chu\u0165:<\/strong>\u00a0Prav\u00e9 jahody zaru\u010duj\u00fa vynikaj\u00facu ovocn\u00fa chu\u0165, ktor\u00fa si zamilujete.<\/li>\n<li><strong>Podpora svalov\u00e9ho rastu a regener\u00e1cie:<\/strong>\u00a0Poskytuje potrebn\u00e9 stavebn\u00e9 l\u00e1tky na podporu rastu svalovej hmoty a regener\u00e1ciu.<\/li>\n<li><strong>Univerz\u00e1lne pou\u017eitie:<\/strong>\u00a0Skvel\u00fd na pitie s vodou alebo mliekom, rovnako ako na ochutenie va\u0161ich ob\u013e\u00faben\u00fdch jed\u00e1l.<\/li>\n<li><strong>Obsah 1000g<\/strong><\/li>\n<\/ul>","protected":false},"featured_media":34655,"template":"","meta":[],"product_cat":[610,609],"product_tag":[217,601,599],"wcpa_form_fields":null,"yoast_head":"<!-- This site is optimized with the Yoast SEO plugin v21.2 - https:\/\/yoast.com\/wordpress\/plugins\/seo\/ -->\n<title>Body Nutrition - Excelent 100% Whey Prote\u00edn Jahodov\u00fd kr\u00e9m - fanzone.sk<\/title>\n<meta name=\"robots\" content=\"index, follow, max-snippet:-1, max-image-preview:large, max-video-preview:-1\" \/>\n<link rel=\"canonical\" href=\"https:\/\/fanzone.sk\/en\/product\/body-nutrition-excelent-100-whey-protein-jahodovy-krem\/\" \/>\n<meta property=\"og:locale\" content=\"en_US\" \/>\n<meta property=\"og:type\" content=\"article\" \/>\n<meta property=\"og:title\" content=\"Body Nutrition - Excelent 100% Whey Prote\u00edn Jahodov\u00fd kr\u00e9m - fanzone.sk\" \/>\n<meta property=\"og:description\" content=\"Tento\u00a0jahodov\u00fd prote\u00ednov\u00fd drink je ide\u00e1lny nielen na pr\u00edpravu lahodn\u00e9ho kr\u00e9mov\u00e9ho n\u00e1poja, ale aj na ochutenie r\u00f4znych jed\u00e1l.  V\u00fdhody produktu:   Vysok\u00fd obsah bielkov\u00edn:\u00a0Ka\u017ed\u00e1 d\u00e1vka obsahuje a\u017e 27g \u013eahko str\u00e1vite\u013en\u00fdch bielkov\u00edn.  N\u00edzky obsah sacharidov:\u00a0Ide\u00e1lne pre t\u00fdch, \u010do sleduj\u00fa svoj pr\u00edjem sacharidov.  Jedine\u010dn\u00e1 chu\u0165:\u00a0Prav\u00e9 jahody zaru\u010duj\u00fa vynikaj\u00facu ovocn\u00fa chu\u0165, ktor\u00fa si zamilujete.  Podpora svalov\u00e9ho rastu a regener\u00e1cie:\u00a0Poskytuje potrebn\u00e9 stavebn\u00e9 l\u00e1tky na podporu rastu svalovej hmoty a regener\u00e1ciu.  Univerz\u00e1lne pou\u017eitie:\u00a0Skvel\u00fd na pitie s vodou alebo mliekom, rovnako ako na ochutenie va\u0161ich ob\u013e\u00faben\u00fdch jed\u00e1l.  Obsah 1000g\" \/>\n<meta property=\"og:url\" content=\"https:\/\/fanzone.sk\/en\/product\/body-nutrition-excelent-100-whey-protein-jahodovy-krem\/\" \/>\n<meta property=\"og:site_name\" content=\"fanzone.sk\" \/>\n<meta property=\"article:publisher\" content=\"https:\/\/www.facebook.com\/FANZONEsk\/\" \/>\n<meta property=\"article:modified_time\" content=\"2025-08-18T11:54:15+00:00\" \/>\n<meta property=\"og:image\" content=\"https:\/\/fanzone.sk\/wp-content\/uploads\/2025\/06\/protein-01.jpg\" \/>\n\t<meta property=\"og:image:width\" content=\"801\" \/>\n\t<meta property=\"og:image:height\" content=\"800\" \/>\n\t<meta property=\"og:image:type\" content=\"image\/jpeg\" \/>\n<meta name=\"twitter:card\" content=\"summary_large_image\" \/>\n<meta name=\"twitter:label1\" content=\"Est. reading time\" \/>\n\t<meta name=\"twitter:data1\" content=\"1 minute\" \/>\n<script type=\"application\/ld+json\" class=\"yoast-schema-graph\">{\"@context\":\"https:\/\/schema.org\",\"@graph\":[{\"@type\":\"WebPage\",\"@id\":\"https:\/\/fanzone.sk\/produkt\/body-nutrition-excelent-100-whey-protein-jahodovy-krem\/\",\"url\":\"https:\/\/fanzone.sk\/produkt\/body-nutrition-excelent-100-whey-protein-jahodovy-krem\/\",\"name\":\"Body Nutrition - Excelent 100% Whey Prote\u00edn Jahodov\u00fd kr\u00e9m - fanzone.sk\",\"isPartOf\":{\"@id\":\"https:\/\/fanzone.sk\/#website\"},\"datePublished\":\"2025-06-11T12:29:36+00:00\",\"dateModified\":\"2025-08-18T11:54:15+00:00\",\"breadcrumb\":{\"@id\":\"https:\/\/fanzone.sk\/produkt\/body-nutrition-excelent-100-whey-protein-jahodovy-krem\/#breadcrumb\"},\"inLanguage\":\"en-US\",\"potentialAction\":[{\"@type\":\"ReadAction\",\"target\":[\"https:\/\/fanzone.sk\/produkt\/body-nutrition-excelent-100-whey-protein-jahodovy-krem\/\"]}]},{\"@type\":\"BreadcrumbList\",\"@id\":\"https:\/\/fanzone.sk\/produkt\/body-nutrition-excelent-100-whey-protein-jahodovy-krem\/#breadcrumb\",\"itemListElement\":[{\"@type\":\"ListItem\",\"position\":1,\"name\":\"Home\",\"item\":\"https:\/\/fanzone.sk\/\"},{\"@type\":\"ListItem\",\"position\":2,\"name\":\"Obchod\",\"item\":\"https:\/\/fanzone.sk\/obchod\/\"},{\"@type\":\"ListItem\",\"position\":3,\"name\":\"Body Nutrition &#8211; Excelent 100% Whey Prote\u00edn Jahodov\u00fd kr\u00e9m\"}]},{\"@type\":\"WebSite\",\"@id\":\"https:\/\/fanzone.sk\/#website\",\"url\":\"https:\/\/fanzone.sk\/\",\"name\":\"fanzone.sk\",\"description\":\"\",\"potentialAction\":[{\"@type\":\"SearchAction\",\"target\":{\"@type\":\"EntryPoint\",\"urlTemplate\":\"https:\/\/fanzone.sk\/?s={search_term_string}\"},\"query-input\":\"required name=search_term_string\"}],\"inLanguage\":\"en-US\"}]}<\/script>\n<!-- \/ Yoast SEO plugin. -->","yoast_head_json":{"title":"Body Nutrition - Excelent 100% Whey Prote\u00edn Jahodov\u00fd kr\u00e9m - fanzone.sk","robots":{"index":"index","follow":"follow","max-snippet":"max-snippet:-1","max-image-preview":"max-image-preview:large","max-video-preview":"max-video-preview:-1"},"canonical":"https:\/\/fanzone.sk\/en\/product\/body-nutrition-excelent-100-whey-protein-jahodovy-krem\/","og_locale":"en_US","og_type":"article","og_title":"Body Nutrition - Excelent 100% Whey Prote\u00edn Jahodov\u00fd kr\u00e9m - fanzone.sk","og_description":"Tento\u00a0jahodov\u00fd prote\u00ednov\u00fd drink je ide\u00e1lny nielen na pr\u00edpravu lahodn\u00e9ho kr\u00e9mov\u00e9ho n\u00e1poja, ale aj na ochutenie r\u00f4znych jed\u00e1l.  V\u00fdhody produktu:   Vysok\u00fd obsah bielkov\u00edn:\u00a0Ka\u017ed\u00e1 d\u00e1vka obsahuje a\u017e 27g \u013eahko str\u00e1vite\u013en\u00fdch bielkov\u00edn.  N\u00edzky obsah sacharidov:\u00a0Ide\u00e1lne pre t\u00fdch, \u010do sleduj\u00fa svoj pr\u00edjem sacharidov.  Jedine\u010dn\u00e1 chu\u0165:\u00a0Prav\u00e9 jahody zaru\u010duj\u00fa vynikaj\u00facu ovocn\u00fa chu\u0165, ktor\u00fa si zamilujete.  Podpora svalov\u00e9ho rastu a regener\u00e1cie:\u00a0Poskytuje potrebn\u00e9 stavebn\u00e9 l\u00e1tky na podporu rastu svalovej hmoty a regener\u00e1ciu.  Univerz\u00e1lne pou\u017eitie:\u00a0Skvel\u00fd na pitie s vodou alebo mliekom, rovnako ako na ochutenie va\u0161ich ob\u013e\u00faben\u00fdch jed\u00e1l.  Obsah 1000g","og_url":"https:\/\/fanzone.sk\/en\/product\/body-nutrition-excelent-100-whey-protein-jahodovy-krem\/","og_site_name":"fanzone.sk","article_publisher":"https:\/\/www.facebook.com\/FANZONEsk\/","article_modified_time":"2025-08-18T11:54:15+00:00","og_image":[{"width":801,"height":800,"url":"https:\/\/fanzone.sk\/wp-content\/uploads\/2025\/06\/protein-01.jpg","type":"image\/jpeg"}],"twitter_card":"summary_large_image","twitter_misc":{"Est. reading time":"1 minute"},"schema":{"@context":"https:\/\/schema.org","@graph":[{"@type":"WebPage","@id":"https:\/\/fanzone.sk\/produkt\/body-nutrition-excelent-100-whey-protein-jahodovy-krem\/","url":"https:\/\/fanzone.sk\/produkt\/body-nutrition-excelent-100-whey-protein-jahodovy-krem\/","name":"Body Nutrition - Excelent 100% Whey Prote\u00edn Jahodov\u00fd kr\u00e9m - fanzone.sk","isPartOf":{"@id":"https:\/\/fanzone.sk\/#website"},"datePublished":"2025-06-11T12:29:36+00:00","dateModified":"2025-08-18T11:54:15+00:00","breadcrumb":{"@id":"https:\/\/fanzone.sk\/produkt\/body-nutrition-excelent-100-whey-protein-jahodovy-krem\/#breadcrumb"},"inLanguage":"en-US","potentialAction":[{"@type":"ReadAction","target":["https:\/\/fanzone.sk\/produkt\/body-nutrition-excelent-100-whey-protein-jahodovy-krem\/"]}]},{"@type":"BreadcrumbList","@id":"https:\/\/fanzone.sk\/produkt\/body-nutrition-excelent-100-whey-protein-jahodovy-krem\/#breadcrumb","itemListElement":[{"@type":"ListItem","position":1,"name":"Home","item":"https:\/\/fanzone.sk\/"},{"@type":"ListItem","position":2,"name":"Obchod","item":"https:\/\/fanzone.sk\/obchod\/"},{"@type":"ListItem","position":3,"name":"Body Nutrition &#8211; Excelent 100% Whey Prote\u00edn Jahodov\u00fd kr\u00e9m"}]},{"@type":"WebSite","@id":"https:\/\/fanzone.sk\/#website","url":"https:\/\/fanzone.sk\/","name":"fanzone.sk","description":"","potentialAction":[{"@type":"SearchAction","target":{"@type":"EntryPoint","urlTemplate":"https:\/\/fanzone.sk\/?s={search_term_string}"},"query-input":"required name=search_term_string"}],"inLanguage":"en-US"}]}},"_links":{"self":[{"href":"https:\/\/fanzone.sk\/en\/wp-json\/wp\/v2\/product\/34649"}],"collection":[{"href":"https:\/\/fanzone.sk\/en\/wp-json\/wp\/v2\/product"}],"about":[{"href":"https:\/\/fanzone.sk\/en\/wp-json\/wp\/v2\/types\/product"}],"wp:featuredmedia":[{"embeddable":true,"href":"https:\/\/fanzone.sk\/en\/wp-json\/wp\/v2\/media\/34655"}],"wp:attachment":[{"href":"https:\/\/fanzone.sk\/en\/wp-json\/wp\/v2\/media?parent=34649"}],"wp:term":[{"taxonomy":"product_cat","embeddable":true,"href":"https:\/\/fanzone.sk\/en\/wp-json\/wp\/v2\/product_cat?post=34649"},{"taxonomy":"product_tag","embeddable":true,"href":"https:\/\/fanzone.sk\/en\/wp-json\/wp\/v2\/product_tag?post=34649"}],"curies":[{"name":"wp","href":"https:\/\/api.w.org\/{rel}","templated":true}]}}