{"id":34660,"date":"2025-06-11T15:34:17","date_gmt":"2025-06-11T13:34:17","guid":{"rendered":"https:\/\/fanzone.sk\/?post_type=product&#038;p=34660"},"modified":"2025-08-18T13:51:35","modified_gmt":"2025-08-18T11:51:35","slug":"body-nutrition-excelent-100-whey-protein-cokolada-banan","status":"publish","type":"product","link":"https:\/\/fanzone.sk\/en\/product\/body-nutrition-excelent-100-whey-protein-cokolada-banan\/","title":{"rendered":"Body Nutrition &#8211; Excelent 100% Whey Prote\u00edn \u010cokol\u00e1da &#8211; Ban\u00e1n"},"content":{"rendered":"<p>Nud\u00ed v\u00e1s u\u017e chu\u0165 \u010distej \u010dokol\u00e1dy? Vysk\u00fa\u0161ajte n\u00e1\u0161 prote\u00edn s jedine\u010dnou kombin\u00e1ciou \u010dokol\u00e1dy a ban\u00e1nu, ktor\u00e1 si v\u00e1s okam\u017eite z\u00edska!<\/p>\n<p>Tento prote\u00edn chut\u00ed rovnako vynikaj\u00faco s vodou aj s mliekom. Ak ste milovn\u00edkom kokteilov, m\u00f4\u017eete do \u0161ejkru primixova\u0165 aj ban\u00e1n a n\u00e1poj z\u00edska e\u0161te viac kr\u00e9mov\u00fa chu\u0165 a zv\u00fd\u0161i sa jeho nutri\u010dn\u00fd obsah.<\/p>\n<p><strong>V\u00fdhody \u010dokol\u00e1dovo-ban\u00e1nov\u00e9ho prote\u00ednu:<\/strong><\/p>\n<ul>\n<li>27g bielkov\u00edn v ka\u017edej d\u00e1vke: Podporuje rast svalovej hmoty a regener\u00e1ciu.<\/li>\n<li>Lahodn\u00e1 kombin\u00e1cia \u010dokol\u00e1dy a ban\u00e1nu: O\u010dar\u00ed v\u00e1s svojou jedine\u010dnou chu\u0165ou.<\/li>\n<li>Kr\u00e9mov\u00e1 konzistencia: Ide\u00e1lna pre pr\u00edpravu kokteilov a smoothie.<\/li>\n<\/ul>\n<p>Ka\u017ed\u00e1 d\u00e1vka tohto drinku v\u00e1s o\u010dar\u00ed svojou v\u00fdnimo\u010dnou chu\u0165ou a z\u00e1rove\u0148 dopln\u00ed\u00a0<strong>a\u017e 27g bielkov\u00edn<\/strong>, ktor\u00e9 s\u00fa v organizme \u013eahko str\u00e1vite\u013en\u00e9.<\/p>\n<p>V\u010faka nim dopln\u00edte potrebn\u00e9 stavebn\u00e9 l\u00e1tky, ktor\u00e9 podporuj\u00fa rast svalovej hmoty a regener\u00e1ciu. Jedine\u010dn\u00e1 chu\u0165, ktor\u00e1 je nezamenite\u013en\u00e1 so \u017eiadnym in\u00fdm prote\u00ednom na trhu.<\/p>","protected":false},"excerpt":{"rendered":"<p>Objavte Excelent 100% Whey Protein v exkluz\u00edvnej pr\u00edchuti Rafaelo-coconut cream. Tento vysokokvalitn\u00fd srv\u00e1tkov\u00fd prote\u00edn je ide\u00e1lny pre v\u0161etk\u00fdch, ktor\u00ed h\u013eadaj\u00fa spo\u013eahliv\u00fd zdroj bielkov\u00edn na podporu svalovej hmoty a regener\u00e1cie. S jemnou kokosovou ar\u00f3mou, str\u00fahan\u00fdm kokosom, str\u00fahanou \u010dokol\u00e1dou a s k\u00faskami obl\u00e1tky sa tento lahodn\u00fd Rafaelo prote\u00ednov\u00fd drink stane neoddelite\u013enou s\u00fa\u010das\u0165ou v\u00e1\u0161ho fitnes re\u017eimu. Tento prote\u00edn je ide\u00e1lny spolo\u010dn\u00edk pre v\u00e1\u0161 akt\u00edvny \u017eivotn\u00fd \u0161t\u00fdl a podporu regener\u00e1cie po n\u00e1ro\u010dnom tr\u00e9ningu. S jeho jedine\u010dnou chu\u0165ou a vysokou kvalitou sa stane neoddelite\u013enou s\u00fa\u010das\u0165ou va\u0161ej ka\u017edodennej rutiny.<\/p>\n<ul>\n<li><strong>Excelentn\u00fd chu\u0165ov\u00fd z\u00e1\u017eitok<\/strong>: Excelent 100% Whey Protein v pr\u00edchuti Rafaelo-coconut cream je ur\u010den\u00fd pre t\u00fdch najn\u00e1ro\u010dnej\u0161\u00edch z\u00e1kazn\u00edkov, ktor\u00ed h\u013eadaj\u00fa nielen kvalitu, ale aj nezamenite\u013en\u00fd chu\u0165ov\u00fd z\u00e1\u017eitok.<\/li>\n<li><strong>Fam\u00f3zna kombin\u00e1cia<\/strong>: T\u00e1to pr\u00edchu\u0165 je naozaj jedine\u010dn\u00e1 a nezamenite\u013en\u00e1 s ak\u00fdmko\u013evek in\u00fdm prote\u00ednom na trhu. Sk\u00faste a uvid\u00edte, \u017ee ni\u010d podobn\u00e9 ste e\u0161te neochutnali.<\/li>\n<\/ul>\n<p><strong>V\u00fdhody produktu<\/strong>:<\/p>\n<ul>\n<li><strong>100% srv\u00e1tkov\u00fd prote\u00edn<\/strong>: Vysok\u00fd obsah bielkov\u00edn pre maxim\u00e1lnu podporu svalov\u00e9ho rastu a regener\u00e1cie.<\/li>\n<li><strong>Delik\u00e1tna pr\u00edchu\u0165<\/strong>: Kokosov\u00fd kr\u00e9m s n\u00e1dychom Rafaelo pre v\u00fdnimo\u010dn\u00fd chu\u0165ov\u00fd z\u00e1\u017eitok.<\/li>\n<li><strong>N\u00edzkokalorick\u00fd<\/strong>: Ide\u00e1lny pre di\u00e9ty s kontrolovan\u00fdm pr\u00edjmom kal\u00f3ri\u00ed.<\/li>\n<li><strong>\u013dahko rozpustn\u00fd<\/strong>: Bezprobl\u00e9mov\u00e1 pr\u00edprava v akomko\u013evek n\u00e1poji.<\/li>\n<li><strong>Obsah 1000g<\/strong><\/li>\n<\/ul>","protected":false},"featured_media":34669,"template":"","meta":[],"product_cat":[610,609],"product_tag":[217,601,599],"wcpa_form_fields":null,"yoast_head":"<!-- This site is optimized with the Yoast SEO plugin v21.2 - https:\/\/yoast.com\/wordpress\/plugins\/seo\/ -->\n<title>Body Nutrition - Excelent 100% Whey Prote\u00edn \u010cokol\u00e1da - Ban\u00e1n - fanzone.sk<\/title>\n<meta name=\"robots\" content=\"index, follow, max-snippet:-1, max-image-preview:large, max-video-preview:-1\" \/>\n<link rel=\"canonical\" href=\"https:\/\/fanzone.sk\/en\/product\/body-nutrition-excelent-100-whey-protein-cokolada-banan\/\" \/>\n<meta property=\"og:locale\" content=\"en_US\" \/>\n<meta property=\"og:type\" content=\"article\" \/>\n<meta property=\"og:title\" content=\"Body Nutrition - Excelent 100% Whey Prote\u00edn \u010cokol\u00e1da - Ban\u00e1n - fanzone.sk\" \/>\n<meta property=\"og:description\" content=\"Objavte Excelent 100% Whey Protein v exkluz\u00edvnej pr\u00edchuti Rafaelo-coconut cream. Tento vysokokvalitn\u00fd srv\u00e1tkov\u00fd prote\u00edn je ide\u00e1lny pre v\u0161etk\u00fdch, ktor\u00ed h\u013eadaj\u00fa spo\u013eahliv\u00fd zdroj bielkov\u00edn na podporu svalovej hmoty a regener\u00e1cie. S jemnou kokosovou ar\u00f3mou, str\u00fahan\u00fdm kokosom, str\u00fahanou \u010dokol\u00e1dou a s k\u00faskami obl\u00e1tky sa tento lahodn\u00fd Rafaelo prote\u00ednov\u00fd drink stane neoddelite\u013enou s\u00fa\u010das\u0165ou v\u00e1\u0161ho fitnes re\u017eimu. Tento prote\u00edn je ide\u00e1lny spolo\u010dn\u00edk pre v\u00e1\u0161 akt\u00edvny \u017eivotn\u00fd \u0161t\u00fdl a podporu regener\u00e1cie po n\u00e1ro\u010dnom tr\u00e9ningu. S jeho jedine\u010dnou chu\u0165ou a vysokou kvalitou sa stane neoddelite\u013enou s\u00fa\u010das\u0165ou va\u0161ej ka\u017edodennej rutiny.   Excelentn\u00fd chu\u0165ov\u00fd z\u00e1\u017eitok: Excelent 100% Whey Protein v pr\u00edchuti Rafaelo-coconut cream je ur\u010den\u00fd pre t\u00fdch najn\u00e1ro\u010dnej\u0161\u00edch z\u00e1kazn\u00edkov, ktor\u00ed h\u013eadaj\u00fa nielen kvalitu, ale aj nezamenite\u013en\u00fd chu\u0165ov\u00fd z\u00e1\u017eitok.  Fam\u00f3zna kombin\u00e1cia: T\u00e1to pr\u00edchu\u0165 je naozaj jedine\u010dn\u00e1 a nezamenite\u013en\u00e1 s ak\u00fdmko\u013evek in\u00fdm prote\u00ednom na trhu. Sk\u00faste a uvid\u00edte, \u017ee ni\u010d podobn\u00e9 ste e\u0161te neochutnali.  V\u00fdhody produktu:   100% srv\u00e1tkov\u00fd prote\u00edn: Vysok\u00fd obsah bielkov\u00edn pre maxim\u00e1lnu podporu svalov\u00e9ho rastu a regener\u00e1cie.  Delik\u00e1tna pr\u00edchu\u0165: Kokosov\u00fd kr\u00e9m s n\u00e1dychom Rafaelo pre v\u00fdnimo\u010dn\u00fd chu\u0165ov\u00fd z\u00e1\u017eitok.  N\u00edzkokalorick\u00fd: Ide\u00e1lny pre di\u00e9ty s kontrolovan\u00fdm pr\u00edjmom kal\u00f3ri\u00ed.  \u013dahko rozpustn\u00fd: Bezprobl\u00e9mov\u00e1 pr\u00edprava v akomko\u013evek n\u00e1poji.  Obsah 1000g\" \/>\n<meta property=\"og:url\" content=\"https:\/\/fanzone.sk\/en\/product\/body-nutrition-excelent-100-whey-protein-cokolada-banan\/\" \/>\n<meta property=\"og:site_name\" content=\"fanzone.sk\" \/>\n<meta property=\"article:publisher\" content=\"https:\/\/www.facebook.com\/FANZONEsk\/\" \/>\n<meta property=\"article:modified_time\" content=\"2025-08-18T11:51:35+00:00\" \/>\n<meta property=\"og:image\" content=\"https:\/\/fanzone.sk\/wp-content\/uploads\/2025\/06\/protein-03.jpg\" \/>\n\t<meta property=\"og:image:width\" content=\"801\" \/>\n\t<meta property=\"og:image:height\" content=\"800\" \/>\n\t<meta property=\"og:image:type\" content=\"image\/jpeg\" \/>\n<meta name=\"twitter:card\" content=\"summary_large_image\" \/>\n<meta name=\"twitter:label1\" content=\"Est. reading time\" \/>\n\t<meta name=\"twitter:data1\" content=\"1 minute\" \/>\n<script type=\"application\/ld+json\" class=\"yoast-schema-graph\">{\"@context\":\"https:\/\/schema.org\",\"@graph\":[{\"@type\":\"WebPage\",\"@id\":\"https:\/\/fanzone.sk\/produkt\/body-nutrition-excelent-100-whey-protein-cokolada-banan\/\",\"url\":\"https:\/\/fanzone.sk\/produkt\/body-nutrition-excelent-100-whey-protein-cokolada-banan\/\",\"name\":\"Body Nutrition - Excelent 100% Whey Prote\u00edn \u010cokol\u00e1da - Ban\u00e1n - fanzone.sk\",\"isPartOf\":{\"@id\":\"https:\/\/fanzone.sk\/#website\"},\"datePublished\":\"2025-06-11T13:34:17+00:00\",\"dateModified\":\"2025-08-18T11:51:35+00:00\",\"breadcrumb\":{\"@id\":\"https:\/\/fanzone.sk\/produkt\/body-nutrition-excelent-100-whey-protein-cokolada-banan\/#breadcrumb\"},\"inLanguage\":\"en-US\",\"potentialAction\":[{\"@type\":\"ReadAction\",\"target\":[\"https:\/\/fanzone.sk\/produkt\/body-nutrition-excelent-100-whey-protein-cokolada-banan\/\"]}]},{\"@type\":\"BreadcrumbList\",\"@id\":\"https:\/\/fanzone.sk\/produkt\/body-nutrition-excelent-100-whey-protein-cokolada-banan\/#breadcrumb\",\"itemListElement\":[{\"@type\":\"ListItem\",\"position\":1,\"name\":\"Home\",\"item\":\"https:\/\/fanzone.sk\/\"},{\"@type\":\"ListItem\",\"position\":2,\"name\":\"Obchod\",\"item\":\"https:\/\/fanzone.sk\/obchod\/\"},{\"@type\":\"ListItem\",\"position\":3,\"name\":\"Body Nutrition &#8211; Excelent 100% Whey Prote\u00edn \u010cokol\u00e1da &#8211; Ban\u00e1n\"}]},{\"@type\":\"WebSite\",\"@id\":\"https:\/\/fanzone.sk\/#website\",\"url\":\"https:\/\/fanzone.sk\/\",\"name\":\"fanzone.sk\",\"description\":\"\",\"potentialAction\":[{\"@type\":\"SearchAction\",\"target\":{\"@type\":\"EntryPoint\",\"urlTemplate\":\"https:\/\/fanzone.sk\/?s={search_term_string}\"},\"query-input\":\"required name=search_term_string\"}],\"inLanguage\":\"en-US\"}]}<\/script>\n<!-- \/ Yoast SEO plugin. -->","yoast_head_json":{"title":"Body Nutrition - Excelent 100% Whey Prote\u00edn \u010cokol\u00e1da - Ban\u00e1n - fanzone.sk","robots":{"index":"index","follow":"follow","max-snippet":"max-snippet:-1","max-image-preview":"max-image-preview:large","max-video-preview":"max-video-preview:-1"},"canonical":"https:\/\/fanzone.sk\/en\/product\/body-nutrition-excelent-100-whey-protein-cokolada-banan\/","og_locale":"en_US","og_type":"article","og_title":"Body Nutrition - Excelent 100% Whey Prote\u00edn \u010cokol\u00e1da - Ban\u00e1n - fanzone.sk","og_description":"Objavte Excelent 100% Whey Protein v exkluz\u00edvnej pr\u00edchuti Rafaelo-coconut cream. Tento vysokokvalitn\u00fd srv\u00e1tkov\u00fd prote\u00edn je ide\u00e1lny pre v\u0161etk\u00fdch, ktor\u00ed h\u013eadaj\u00fa spo\u013eahliv\u00fd zdroj bielkov\u00edn na podporu svalovej hmoty a regener\u00e1cie. S jemnou kokosovou ar\u00f3mou, str\u00fahan\u00fdm kokosom, str\u00fahanou \u010dokol\u00e1dou a s k\u00faskami obl\u00e1tky sa tento lahodn\u00fd Rafaelo prote\u00ednov\u00fd drink stane neoddelite\u013enou s\u00fa\u010das\u0165ou v\u00e1\u0161ho fitnes re\u017eimu. Tento prote\u00edn je ide\u00e1lny spolo\u010dn\u00edk pre v\u00e1\u0161 akt\u00edvny \u017eivotn\u00fd \u0161t\u00fdl a podporu regener\u00e1cie po n\u00e1ro\u010dnom tr\u00e9ningu. S jeho jedine\u010dnou chu\u0165ou a vysokou kvalitou sa stane neoddelite\u013enou s\u00fa\u010das\u0165ou va\u0161ej ka\u017edodennej rutiny.   Excelentn\u00fd chu\u0165ov\u00fd z\u00e1\u017eitok: Excelent 100% Whey Protein v pr\u00edchuti Rafaelo-coconut cream je ur\u010den\u00fd pre t\u00fdch najn\u00e1ro\u010dnej\u0161\u00edch z\u00e1kazn\u00edkov, ktor\u00ed h\u013eadaj\u00fa nielen kvalitu, ale aj nezamenite\u013en\u00fd chu\u0165ov\u00fd z\u00e1\u017eitok.  Fam\u00f3zna kombin\u00e1cia: T\u00e1to pr\u00edchu\u0165 je naozaj jedine\u010dn\u00e1 a nezamenite\u013en\u00e1 s ak\u00fdmko\u013evek in\u00fdm prote\u00ednom na trhu. Sk\u00faste a uvid\u00edte, \u017ee ni\u010d podobn\u00e9 ste e\u0161te neochutnali.  V\u00fdhody produktu:   100% srv\u00e1tkov\u00fd prote\u00edn: Vysok\u00fd obsah bielkov\u00edn pre maxim\u00e1lnu podporu svalov\u00e9ho rastu a regener\u00e1cie.  Delik\u00e1tna pr\u00edchu\u0165: Kokosov\u00fd kr\u00e9m s n\u00e1dychom Rafaelo pre v\u00fdnimo\u010dn\u00fd chu\u0165ov\u00fd z\u00e1\u017eitok.  N\u00edzkokalorick\u00fd: Ide\u00e1lny pre di\u00e9ty s kontrolovan\u00fdm pr\u00edjmom kal\u00f3ri\u00ed.  \u013dahko rozpustn\u00fd: Bezprobl\u00e9mov\u00e1 pr\u00edprava v akomko\u013evek n\u00e1poji.  Obsah 1000g","og_url":"https:\/\/fanzone.sk\/en\/product\/body-nutrition-excelent-100-whey-protein-cokolada-banan\/","og_site_name":"fanzone.sk","article_publisher":"https:\/\/www.facebook.com\/FANZONEsk\/","article_modified_time":"2025-08-18T11:51:35+00:00","og_image":[{"width":801,"height":800,"url":"https:\/\/fanzone.sk\/wp-content\/uploads\/2025\/06\/protein-03.jpg","type":"image\/jpeg"}],"twitter_card":"summary_large_image","twitter_misc":{"Est. reading time":"1 minute"},"schema":{"@context":"https:\/\/schema.org","@graph":[{"@type":"WebPage","@id":"https:\/\/fanzone.sk\/produkt\/body-nutrition-excelent-100-whey-protein-cokolada-banan\/","url":"https:\/\/fanzone.sk\/produkt\/body-nutrition-excelent-100-whey-protein-cokolada-banan\/","name":"Body Nutrition - Excelent 100% Whey Prote\u00edn \u010cokol\u00e1da - Ban\u00e1n - fanzone.sk","isPartOf":{"@id":"https:\/\/fanzone.sk\/#website"},"datePublished":"2025-06-11T13:34:17+00:00","dateModified":"2025-08-18T11:51:35+00:00","breadcrumb":{"@id":"https:\/\/fanzone.sk\/produkt\/body-nutrition-excelent-100-whey-protein-cokolada-banan\/#breadcrumb"},"inLanguage":"en-US","potentialAction":[{"@type":"ReadAction","target":["https:\/\/fanzone.sk\/produkt\/body-nutrition-excelent-100-whey-protein-cokolada-banan\/"]}]},{"@type":"BreadcrumbList","@id":"https:\/\/fanzone.sk\/produkt\/body-nutrition-excelent-100-whey-protein-cokolada-banan\/#breadcrumb","itemListElement":[{"@type":"ListItem","position":1,"name":"Home","item":"https:\/\/fanzone.sk\/"},{"@type":"ListItem","position":2,"name":"Obchod","item":"https:\/\/fanzone.sk\/obchod\/"},{"@type":"ListItem","position":3,"name":"Body Nutrition &#8211; Excelent 100% Whey Prote\u00edn \u010cokol\u00e1da &#8211; Ban\u00e1n"}]},{"@type":"WebSite","@id":"https:\/\/fanzone.sk\/#website","url":"https:\/\/fanzone.sk\/","name":"fanzone.sk","description":"","potentialAction":[{"@type":"SearchAction","target":{"@type":"EntryPoint","urlTemplate":"https:\/\/fanzone.sk\/?s={search_term_string}"},"query-input":"required name=search_term_string"}],"inLanguage":"en-US"}]}},"_links":{"self":[{"href":"https:\/\/fanzone.sk\/en\/wp-json\/wp\/v2\/product\/34660"}],"collection":[{"href":"https:\/\/fanzone.sk\/en\/wp-json\/wp\/v2\/product"}],"about":[{"href":"https:\/\/fanzone.sk\/en\/wp-json\/wp\/v2\/types\/product"}],"wp:featuredmedia":[{"embeddable":true,"href":"https:\/\/fanzone.sk\/en\/wp-json\/wp\/v2\/media\/34669"}],"wp:attachment":[{"href":"https:\/\/fanzone.sk\/en\/wp-json\/wp\/v2\/media?parent=34660"}],"wp:term":[{"taxonomy":"product_cat","embeddable":true,"href":"https:\/\/fanzone.sk\/en\/wp-json\/wp\/v2\/product_cat?post=34660"},{"taxonomy":"product_tag","embeddable":true,"href":"https:\/\/fanzone.sk\/en\/wp-json\/wp\/v2\/product_tag?post=34660"}],"curies":[{"name":"wp","href":"https:\/\/api.w.org\/{rel}","templated":true}]}}