{"id":34742,"date":"2025-07-08T15:11:10","date_gmt":"2025-07-08T13:11:10","guid":{"rendered":"https:\/\/fanzone.sk\/?post_type=product&#038;p=34742"},"modified":"2025-07-11T09:44:40","modified_gmt":"2025-07-11T07:44:40","slug":"trielement-bezecka-siltovka","status":"publish","type":"product","link":"https:\/\/fanzone.sk\/en\/product\/trielement-bezecka-siltovka\/","title":{"rendered":"TriElement &#8211; Be\u017eeck\u00e1 \u0161iltovka"},"content":{"rendered":"<ul>\n<li>\u0160iltovka s nastavite\u013en\u00fdm zap\u00ednan\u00edm na zadnej strane<\/li>\n<li>\u013dahk\u00fd priedu\u0161n\u00fd a r\u00fdchloschn\u00faci materi\u00e1l , vetracie otvory po bokoch<\/li>\n<li>\u0160iltovka s nastavite\u013en\u00fdm zap\u00ednan\u00edm na zadnej strane<\/li>\n<li>Vn\u00fatorn\u00fd obvod: 58cm<\/li>\n<li>Potla\u010d loga TriElement<\/li>\n<\/ul>","protected":false},"excerpt":{"rendered":"<ul>\n<li>\u0160iltovka s nastavite\u013en\u00fdm zap\u00ednan\u00edm na zadnej strane<\/li>\n<li>\u013dahk\u00fd priedu\u0161n\u00fd a r\u00fdchloschn\u00faci materi\u00e1l , vetracie otvory po bokoch<\/li>\n<li>Vn\u00fatorn\u00fd obvod: 58cm<\/li>\n<li>Potla\u010d loga TriElement<\/li>\n<\/ul>","protected":false},"featured_media":34721,"template":"","meta":[],"product_cat":[430,602],"product_tag":[88,527],"wcpa_form_fields":null,"yoast_head":"<!-- This site is optimized with the Yoast SEO plugin v21.2 - https:\/\/yoast.com\/wordpress\/plugins\/seo\/ -->\n<title>TriElement - Be\u017eeck\u00e1 \u0161iltovka - fanzone.sk<\/title>\n<meta name=\"robots\" content=\"index, follow, max-snippet:-1, max-image-preview:large, max-video-preview:-1\" \/>\n<link rel=\"canonical\" href=\"https:\/\/fanzone.sk\/en\/product\/trielement-bezecka-siltovka\/\" \/>\n<meta property=\"og:locale\" content=\"en_US\" \/>\n<meta property=\"og:type\" content=\"article\" \/>\n<meta property=\"og:title\" content=\"TriElement - Be\u017eeck\u00e1 \u0161iltovka - fanzone.sk\" \/>\n<meta property=\"og:description\" content=\"\u0160iltovka s nastavite\u013en\u00fdm zap\u00ednan\u00edm na zadnej strane  \u013dahk\u00fd priedu\u0161n\u00fd a r\u00fdchloschn\u00faci materi\u00e1l , vetracie otvory po bokoch  Vn\u00fatorn\u00fd obvod: 58cm  Potla\u010d loga TriElement\" \/>\n<meta property=\"og:url\" content=\"https:\/\/fanzone.sk\/en\/product\/trielement-bezecka-siltovka\/\" \/>\n<meta property=\"og:site_name\" content=\"fanzone.sk\" \/>\n<meta property=\"article:publisher\" content=\"https:\/\/www.facebook.com\/FANZONEsk\/\" \/>\n<meta property=\"article:modified_time\" content=\"2025-07-11T07:44:40+00:00\" \/>\n<meta property=\"og:image\" content=\"https:\/\/fanzone.sk\/wp-content\/uploads\/2025\/07\/siltovka2.jpg\" \/>\n\t<meta property=\"og:image:width\" content=\"800\" \/>\n\t<meta property=\"og:image:height\" content=\"800\" \/>\n\t<meta property=\"og:image:type\" content=\"image\/jpeg\" \/>\n<meta name=\"twitter:card\" content=\"summary_large_image\" \/>\n<meta name=\"twitter:label1\" content=\"Est. reading time\" \/>\n\t<meta name=\"twitter:data1\" content=\"1 minute\" \/>\n<script type=\"application\/ld+json\" class=\"yoast-schema-graph\">{\"@context\":\"https:\/\/schema.org\",\"@graph\":[{\"@type\":\"WebPage\",\"@id\":\"https:\/\/fanzone.sk\/produkt\/trielement-bezecka-siltovka\/\",\"url\":\"https:\/\/fanzone.sk\/produkt\/trielement-bezecka-siltovka\/\",\"name\":\"TriElement - Be\u017eeck\u00e1 \u0161iltovka - fanzone.sk\",\"isPartOf\":{\"@id\":\"https:\/\/fanzone.sk\/#website\"},\"datePublished\":\"2025-07-08T13:11:10+00:00\",\"dateModified\":\"2025-07-11T07:44:40+00:00\",\"breadcrumb\":{\"@id\":\"https:\/\/fanzone.sk\/produkt\/trielement-bezecka-siltovka\/#breadcrumb\"},\"inLanguage\":\"en-US\",\"potentialAction\":[{\"@type\":\"ReadAction\",\"target\":[\"https:\/\/fanzone.sk\/produkt\/trielement-bezecka-siltovka\/\"]}]},{\"@type\":\"BreadcrumbList\",\"@id\":\"https:\/\/fanzone.sk\/produkt\/trielement-bezecka-siltovka\/#breadcrumb\",\"itemListElement\":[{\"@type\":\"ListItem\",\"position\":1,\"name\":\"Home\",\"item\":\"https:\/\/fanzone.sk\/\"},{\"@type\":\"ListItem\",\"position\":2,\"name\":\"Obchod\",\"item\":\"https:\/\/fanzone.sk\/obchod\/\"},{\"@type\":\"ListItem\",\"position\":3,\"name\":\"TriElement &#8211; Be\u017eeck\u00e1 \u0161iltovka\"}]},{\"@type\":\"WebSite\",\"@id\":\"https:\/\/fanzone.sk\/#website\",\"url\":\"https:\/\/fanzone.sk\/\",\"name\":\"fanzone.sk\",\"description\":\"\",\"potentialAction\":[{\"@type\":\"SearchAction\",\"target\":{\"@type\":\"EntryPoint\",\"urlTemplate\":\"https:\/\/fanzone.sk\/?s={search_term_string}\"},\"query-input\":\"required name=search_term_string\"}],\"inLanguage\":\"en-US\"}]}<\/script>\n<!-- \/ Yoast SEO plugin. -->","yoast_head_json":{"title":"TriElement - Be\u017eeck\u00e1 \u0161iltovka - fanzone.sk","robots":{"index":"index","follow":"follow","max-snippet":"max-snippet:-1","max-image-preview":"max-image-preview:large","max-video-preview":"max-video-preview:-1"},"canonical":"https:\/\/fanzone.sk\/en\/product\/trielement-bezecka-siltovka\/","og_locale":"en_US","og_type":"article","og_title":"TriElement - Be\u017eeck\u00e1 \u0161iltovka - fanzone.sk","og_description":"\u0160iltovka s nastavite\u013en\u00fdm zap\u00ednan\u00edm na zadnej strane  \u013dahk\u00fd priedu\u0161n\u00fd a r\u00fdchloschn\u00faci materi\u00e1l , vetracie otvory po bokoch  Vn\u00fatorn\u00fd obvod: 58cm  Potla\u010d loga TriElement","og_url":"https:\/\/fanzone.sk\/en\/product\/trielement-bezecka-siltovka\/","og_site_name":"fanzone.sk","article_publisher":"https:\/\/www.facebook.com\/FANZONEsk\/","article_modified_time":"2025-07-11T07:44:40+00:00","og_image":[{"width":800,"height":800,"url":"https:\/\/fanzone.sk\/wp-content\/uploads\/2025\/07\/siltovka2.jpg","type":"image\/jpeg"}],"twitter_card":"summary_large_image","twitter_misc":{"Est. reading time":"1 minute"},"schema":{"@context":"https:\/\/schema.org","@graph":[{"@type":"WebPage","@id":"https:\/\/fanzone.sk\/produkt\/trielement-bezecka-siltovka\/","url":"https:\/\/fanzone.sk\/produkt\/trielement-bezecka-siltovka\/","name":"TriElement - Be\u017eeck\u00e1 \u0161iltovka - fanzone.sk","isPartOf":{"@id":"https:\/\/fanzone.sk\/#website"},"datePublished":"2025-07-08T13:11:10+00:00","dateModified":"2025-07-11T07:44:40+00:00","breadcrumb":{"@id":"https:\/\/fanzone.sk\/produkt\/trielement-bezecka-siltovka\/#breadcrumb"},"inLanguage":"en-US","potentialAction":[{"@type":"ReadAction","target":["https:\/\/fanzone.sk\/produkt\/trielement-bezecka-siltovka\/"]}]},{"@type":"BreadcrumbList","@id":"https:\/\/fanzone.sk\/produkt\/trielement-bezecka-siltovka\/#breadcrumb","itemListElement":[{"@type":"ListItem","position":1,"name":"Home","item":"https:\/\/fanzone.sk\/"},{"@type":"ListItem","position":2,"name":"Obchod","item":"https:\/\/fanzone.sk\/obchod\/"},{"@type":"ListItem","position":3,"name":"TriElement &#8211; Be\u017eeck\u00e1 \u0161iltovka"}]},{"@type":"WebSite","@id":"https:\/\/fanzone.sk\/#website","url":"https:\/\/fanzone.sk\/","name":"fanzone.sk","description":"","potentialAction":[{"@type":"SearchAction","target":{"@type":"EntryPoint","urlTemplate":"https:\/\/fanzone.sk\/?s={search_term_string}"},"query-input":"required name=search_term_string"}],"inLanguage":"en-US"}]}},"_links":{"self":[{"href":"https:\/\/fanzone.sk\/en\/wp-json\/wp\/v2\/product\/34742"}],"collection":[{"href":"https:\/\/fanzone.sk\/en\/wp-json\/wp\/v2\/product"}],"about":[{"href":"https:\/\/fanzone.sk\/en\/wp-json\/wp\/v2\/types\/product"}],"wp:featuredmedia":[{"embeddable":true,"href":"https:\/\/fanzone.sk\/en\/wp-json\/wp\/v2\/media\/34721"}],"wp:attachment":[{"href":"https:\/\/fanzone.sk\/en\/wp-json\/wp\/v2\/media?parent=34742"}],"wp:term":[{"taxonomy":"product_cat","embeddable":true,"href":"https:\/\/fanzone.sk\/en\/wp-json\/wp\/v2\/product_cat?post=34742"},{"taxonomy":"product_tag","embeddable":true,"href":"https:\/\/fanzone.sk\/en\/wp-json\/wp\/v2\/product_tag?post=34742"}],"curies":[{"name":"wp","href":"https:\/\/api.w.org\/{rel}","templated":true}]}}