{"id":34751,"date":"2025-07-08T16:01:24","date_gmt":"2025-07-08T14:01:24","guid":{"rendered":"https:\/\/fanzone.sk\/?post_type=product&#038;p=34751"},"modified":"2025-07-11T09:22:18","modified_gmt":"2025-07-11T07:22:18","slug":"trielement-mikina-so-stojacikom-a-zipsom","status":"publish","type":"product","link":"https:\/\/fanzone.sk\/en\/product\/trielement-mikina-so-stojacikom-a-zipsom\/","title":{"rendered":"TriElement &#8211; Mikina so stoja\u010dikom a zipsom"},"content":{"rendered":"<ul>\n<li>Funk\u010dn\u00e1 mikina na behanie a \u0161port v aj v chladnej\u0161om po\u010das\u00ed<\/li>\n<li>Bo\u010dn\u00e9 vreck\u00e1<\/li>\n<li>Nov\u00e1 kolekcia pre klub Tri Element, ktor\u00fd je zameran\u00fd na pl\u00e1vanie, atletiku a cyklistiku\n<div class=\"woocommerce-product-details__short-description\"><\/div>\n<form class=\"variations_form cart\" enctype=\"multipart\/form-data\" method=\"post\" data-product_id=\"34729\" data-product_variations=\"[{&quot;attributes&quot;:{&quot;attribute_pa_velkost&quot;:&quot;&quot;},&quot;availability_html&quot;:&quot;&quot;,&quot;backorders_allowed&quot;:false,&quot;dimensions&quot;:{&quot;length&quot;:&quot;&quot;,&quot;width&quot;:&quot;&quot;,&quot;height&quot;:&quot;&quot;},&quot;dimensions_html&quot;:&quot;-&quot;,&quot;display_price&quot;:30.800000000000000710542735760100185871124267578125,&quot;display_regular_price&quot;:30.800000000000000710542735760100185871124267578125,&quot;image&quot;:{&quot;title&quot;:&quot;trickoMILAN_PD&quot;,&quot;caption&quot;:&quot;&quot;,&quot;url&quot;:&quot;https:\\\/\\\/fanzone.sk\\\/wp-content\\\/uploads\\\/2025\\\/07\\\/trickoMILAN_PD.jpg&quot;,&quot;alt&quot;:&quot;trickoMILAN_PD&quot;,&quot;src&quot;:&quot;https:\\\/\\\/fanzone.sk\\\/wp-content\\\/uploads\\\/2025\\\/07\\\/trickoMILAN_PD.jpg&quot;,&quot;srcset&quot;:&quot;https:\\\/\\\/fanzone.sk\\\/wp-content\\\/uploads\\\/2025\\\/07\\\/trickoMILAN_PD.jpg 800w, https:\\\/\\\/fanzone.sk\\\/wp-content\\\/uploads\\\/2025\\\/07\\\/trickoMILAN_PD-300x300.jpg 300w, https:\\\/\\\/fanzone.sk\\\/wp-content\\\/uploads\\\/2025\\\/07\\\/trickoMILAN_PD-150x150.jpg 150w, https:\\\/\\\/fanzone.sk\\\/wp-content\\\/uploads\\\/2025\\\/07\\\/trickoMILAN_PD-768x768.jpg 768w, https:\\\/\\\/fanzone.sk\\\/wp-content\\\/uploads\\\/2025\\\/07\\\/trickoMILAN_PD-12x12.jpg 12w, https:\\\/\\\/fanzone.sk\\\/wp-content\\\/uploads\\\/2025\\\/07\\\/trickoMILAN_PD-45x45.jpg 45w, https:\\\/\\\/fanzone.sk\\\/wp-content\\\/uploads\\\/2025\\\/07\\\/trickoMILAN_PD-600x600.jpg 600w, https:\\\/\\\/fanzone.sk\\\/wp-content\\\/uploads\\\/2025\\\/07\\\/trickoMILAN_PD-100x100.jpg 100w&quot;,&quot;sizes&quot;:&quot;(max-width: 800px) 100vw, 800px&quot;,&quot;full_src&quot;:&quot;https:\\\/\\\/fanzone.sk\\\/wp-content\\\/uploads\\\/2025\\\/07\\\/trickoMILAN_PD.jpg&quot;,&quot;full_src_w&quot;:800,&quot;full_src_h&quot;:800,&quot;gallery_thumbnail_src&quot;:&quot;https:\\\/\\\/fanzone.sk\\\/wp-content\\\/uploads\\\/2025\\\/07\\\/trickoMILAN_PD.jpg&quot;,&quot;gallery_thumbnail_src_w&quot;:800,&quot;gallery_thumbnail_src_h&quot;:800,&quot;thumb_src&quot;:&quot;https:\\\/\\\/fanzone.sk\\\/wp-content\\\/uploads\\\/2025\\\/07\\\/trickoMILAN_PD-600x600.jpg&quot;,&quot;thumb_src_w&quot;:600,&quot;thumb_src_h&quot;:600,&quot;src_w&quot;:800,&quot;src_h&quot;:800},&quot;image_id&quot;:34724,&quot;is_downloadable&quot;:false,&quot;is_in_stock&quot;:true,&quot;is_purchasable&quot;:true,&quot;is_sold_individually&quot;:&quot;no&quot;,&quot;is_virtual&quot;:false,&quot;max_qty&quot;:&quot;&quot;,&quot;min_qty&quot;:1,&quot;price_html&quot;:&quot;&quot;,&quot;sku&quot;:&quot;&quot;,&quot;variation_description&quot;:&quot;&quot;,&quot;variation_id&quot;:34730,&quot;variation_is_active&quot;:true,&quot;variation_is_visible&quot;:true,&quot;weight&quot;:&quot;&quot;,&quot;weight_html&quot;:&quot;-&quot;,&quot;stock_status&quot;:&quot;instock&quot;,&quot;stock_quantity&quot;:null}]\" action=\"\"><input type=\"hidden\" name=\"trp-form-language\" value=\"en\"\/><\/form>\n<\/li>\n<\/ul>","protected":false},"excerpt":{"rendered":"<ul>\n<li>Funk\u010dn\u00e1 mikina na behanie a \u0161port v aj v chladnej\u0161om po\u010das\u00ed<\/li>\n<li>Bo\u010dn\u00e9 vreck\u00e1<\/li>\n<li>Nov\u00e1 kolekcia pre klub Tri Element, ktor\u00fd je zameran\u00fd na pl\u00e1vanie, atletiku a cyklistiku<\/li>\n<\/ul>","protected":false},"featured_media":34713,"template":"","meta":[],"product_cat":[430,602],"product_tag":[604,131,145,527],"wcpa_form_fields":null,"yoast_head":"<!-- This site is optimized with the Yoast SEO plugin v21.2 - https:\/\/yoast.com\/wordpress\/plugins\/seo\/ -->\n<title>TriElement - Mikina so stoja\u010dikom a zipsom - fanzone.sk<\/title>\n<meta name=\"robots\" content=\"index, follow, max-snippet:-1, max-image-preview:large, max-video-preview:-1\" \/>\n<link rel=\"canonical\" href=\"https:\/\/fanzone.sk\/en\/product\/trielement-mikina-so-stojacikom-a-zipsom\/\" \/>\n<meta property=\"og:locale\" content=\"en_US\" \/>\n<meta property=\"og:type\" content=\"article\" \/>\n<meta property=\"og:title\" content=\"TriElement - Mikina so stoja\u010dikom a zipsom - fanzone.sk\" \/>\n<meta property=\"og:description\" content=\"Funk\u010dn\u00e1 mikina na behanie a \u0161port v aj v chladnej\u0161om po\u010das\u00ed  Bo\u010dn\u00e9 vreck\u00e1  Nov\u00e1 kolekcia pre klub Tri Element, ktor\u00fd je zameran\u00fd na pl\u00e1vanie, atletiku a cyklistiku\" \/>\n<meta property=\"og:url\" content=\"https:\/\/fanzone.sk\/en\/product\/trielement-mikina-so-stojacikom-a-zipsom\/\" \/>\n<meta property=\"og:site_name\" content=\"fanzone.sk\" \/>\n<meta property=\"article:publisher\" content=\"https:\/\/www.facebook.com\/FANZONEsk\/\" \/>\n<meta property=\"article:modified_time\" content=\"2025-07-11T07:22:18+00:00\" \/>\n<meta property=\"og:image\" content=\"https:\/\/fanzone.sk\/wp-content\/uploads\/2025\/07\/mikinaPAVOL_PD.jpg\" \/>\n\t<meta property=\"og:image:width\" content=\"800\" \/>\n\t<meta property=\"og:image:height\" content=\"800\" \/>\n\t<meta property=\"og:image:type\" content=\"image\/jpeg\" \/>\n<meta name=\"twitter:card\" content=\"summary_large_image\" \/>\n<meta name=\"twitter:label1\" content=\"Est. reading time\" \/>\n\t<meta name=\"twitter:data1\" content=\"1 minute\" \/>\n<script type=\"application\/ld+json\" class=\"yoast-schema-graph\">{\"@context\":\"https:\/\/schema.org\",\"@graph\":[{\"@type\":\"WebPage\",\"@id\":\"https:\/\/fanzone.sk\/produkt\/trielement-mikina-so-stojacikom-a-zipsom\/\",\"url\":\"https:\/\/fanzone.sk\/produkt\/trielement-mikina-so-stojacikom-a-zipsom\/\",\"name\":\"TriElement - Mikina so stoja\u010dikom a zipsom - fanzone.sk\",\"isPartOf\":{\"@id\":\"https:\/\/fanzone.sk\/#website\"},\"datePublished\":\"2025-07-08T14:01:24+00:00\",\"dateModified\":\"2025-07-11T07:22:18+00:00\",\"breadcrumb\":{\"@id\":\"https:\/\/fanzone.sk\/produkt\/trielement-mikina-so-stojacikom-a-zipsom\/#breadcrumb\"},\"inLanguage\":\"en-US\",\"potentialAction\":[{\"@type\":\"ReadAction\",\"target\":[\"https:\/\/fanzone.sk\/produkt\/trielement-mikina-so-stojacikom-a-zipsom\/\"]}]},{\"@type\":\"BreadcrumbList\",\"@id\":\"https:\/\/fanzone.sk\/produkt\/trielement-mikina-so-stojacikom-a-zipsom\/#breadcrumb\",\"itemListElement\":[{\"@type\":\"ListItem\",\"position\":1,\"name\":\"Home\",\"item\":\"https:\/\/fanzone.sk\/\"},{\"@type\":\"ListItem\",\"position\":2,\"name\":\"Obchod\",\"item\":\"https:\/\/fanzone.sk\/obchod\/\"},{\"@type\":\"ListItem\",\"position\":3,\"name\":\"TriElement &#8211; Mikina so stoja\u010dikom a zipsom\"}]},{\"@type\":\"WebSite\",\"@id\":\"https:\/\/fanzone.sk\/#website\",\"url\":\"https:\/\/fanzone.sk\/\",\"name\":\"fanzone.sk\",\"description\":\"\",\"potentialAction\":[{\"@type\":\"SearchAction\",\"target\":{\"@type\":\"EntryPoint\",\"urlTemplate\":\"https:\/\/fanzone.sk\/?s={search_term_string}\"},\"query-input\":\"required name=search_term_string\"}],\"inLanguage\":\"en-US\"}]}<\/script>\n<!-- \/ Yoast SEO plugin. -->","yoast_head_json":{"title":"TriElement - Mikina so stoja\u010dikom a zipsom - fanzone.sk","robots":{"index":"index","follow":"follow","max-snippet":"max-snippet:-1","max-image-preview":"max-image-preview:large","max-video-preview":"max-video-preview:-1"},"canonical":"https:\/\/fanzone.sk\/en\/product\/trielement-mikina-so-stojacikom-a-zipsom\/","og_locale":"en_US","og_type":"article","og_title":"TriElement - Mikina so stoja\u010dikom a zipsom - fanzone.sk","og_description":"Funk\u010dn\u00e1 mikina na behanie a \u0161port v aj v chladnej\u0161om po\u010das\u00ed  Bo\u010dn\u00e9 vreck\u00e1  Nov\u00e1 kolekcia pre klub Tri Element, ktor\u00fd je zameran\u00fd na pl\u00e1vanie, atletiku a cyklistiku","og_url":"https:\/\/fanzone.sk\/en\/product\/trielement-mikina-so-stojacikom-a-zipsom\/","og_site_name":"fanzone.sk","article_publisher":"https:\/\/www.facebook.com\/FANZONEsk\/","article_modified_time":"2025-07-11T07:22:18+00:00","og_image":[{"width":800,"height":800,"url":"https:\/\/fanzone.sk\/wp-content\/uploads\/2025\/07\/mikinaPAVOL_PD.jpg","type":"image\/jpeg"}],"twitter_card":"summary_large_image","twitter_misc":{"Est. reading time":"1 minute"},"schema":{"@context":"https:\/\/schema.org","@graph":[{"@type":"WebPage","@id":"https:\/\/fanzone.sk\/produkt\/trielement-mikina-so-stojacikom-a-zipsom\/","url":"https:\/\/fanzone.sk\/produkt\/trielement-mikina-so-stojacikom-a-zipsom\/","name":"TriElement - Mikina so stoja\u010dikom a zipsom - fanzone.sk","isPartOf":{"@id":"https:\/\/fanzone.sk\/#website"},"datePublished":"2025-07-08T14:01:24+00:00","dateModified":"2025-07-11T07:22:18+00:00","breadcrumb":{"@id":"https:\/\/fanzone.sk\/produkt\/trielement-mikina-so-stojacikom-a-zipsom\/#breadcrumb"},"inLanguage":"en-US","potentialAction":[{"@type":"ReadAction","target":["https:\/\/fanzone.sk\/produkt\/trielement-mikina-so-stojacikom-a-zipsom\/"]}]},{"@type":"BreadcrumbList","@id":"https:\/\/fanzone.sk\/produkt\/trielement-mikina-so-stojacikom-a-zipsom\/#breadcrumb","itemListElement":[{"@type":"ListItem","position":1,"name":"Home","item":"https:\/\/fanzone.sk\/"},{"@type":"ListItem","position":2,"name":"Obchod","item":"https:\/\/fanzone.sk\/obchod\/"},{"@type":"ListItem","position":3,"name":"TriElement &#8211; Mikina so stoja\u010dikom a zipsom"}]},{"@type":"WebSite","@id":"https:\/\/fanzone.sk\/#website","url":"https:\/\/fanzone.sk\/","name":"fanzone.sk","description":"","potentialAction":[{"@type":"SearchAction","target":{"@type":"EntryPoint","urlTemplate":"https:\/\/fanzone.sk\/?s={search_term_string}"},"query-input":"required name=search_term_string"}],"inLanguage":"en-US"}]}},"_links":{"self":[{"href":"https:\/\/fanzone.sk\/en\/wp-json\/wp\/v2\/product\/34751"}],"collection":[{"href":"https:\/\/fanzone.sk\/en\/wp-json\/wp\/v2\/product"}],"about":[{"href":"https:\/\/fanzone.sk\/en\/wp-json\/wp\/v2\/types\/product"}],"wp:featuredmedia":[{"embeddable":true,"href":"https:\/\/fanzone.sk\/en\/wp-json\/wp\/v2\/media\/34713"}],"wp:attachment":[{"href":"https:\/\/fanzone.sk\/en\/wp-json\/wp\/v2\/media?parent=34751"}],"wp:term":[{"taxonomy":"product_cat","embeddable":true,"href":"https:\/\/fanzone.sk\/en\/wp-json\/wp\/v2\/product_cat?post=34751"},{"taxonomy":"product_tag","embeddable":true,"href":"https:\/\/fanzone.sk\/en\/wp-json\/wp\/v2\/product_tag?post=34751"}],"curies":[{"name":"wp","href":"https:\/\/api.w.org\/{rel}","templated":true}]}}