{"id":34766,"date":"2025-07-10T10:44:11","date_gmt":"2025-07-10T08:44:11","guid":{"rendered":"https:\/\/fanzone.sk\/?post_type=product&#038;p=34766"},"modified":"2025-07-10T11:26:31","modified_gmt":"2025-07-10T09:26:31","slug":"trielement-bezecka-ciapka","status":"publish","type":"product","link":"https:\/\/fanzone.sk\/en\/product\/trielement-bezecka-ciapka\/","title":{"rendered":"TriElement &#8211; Be\u017eeck\u00e1 \u010diapka"},"content":{"rendered":"<ul>\n<li>Be\u017eeck\u00e1 kr\u00e1tka \u010diapka \u2013 100% polyester<\/li>\n<li>Aplik\u00e1cia grafiky TriElement<\/li>\n<li>V\u00fdber z dvoch typov \u2013 zateplen\u00e1 \/ bez zateplenia<\/li>\n<li>Nov\u00e1 kolekcia pre klub Tri Element, ktor\u00fd je zameran\u00fd na pl\u00e1vanie, atletiku a cyklistiku<\/li>\n<\/ul>","protected":false},"excerpt":{"rendered":"<ul>\n<li>Be\u017eeck\u00e1 kr\u00e1tka \u010diapka \u2013 100% polyester<\/li>\n<li>Aplik\u00e1cia grafiky TriElement<\/li>\n<li>V\u00fdber z dvoch typov \u2013 zateplen\u00e1 \/ bez zateplenia<\/li>\n<li>Nov\u00e1 kolekcia pre klub Tri Element, ktor\u00fd je zameran\u00fd na pl\u00e1vanie, atletiku a cyklistiku<\/li>\n<\/ul>","protected":false},"featured_media":34710,"template":"","meta":[],"product_cat":[430,602],"product_tag":[604,88,150,131],"wcpa_form_fields":null,"yoast_head":"<!-- This site is optimized with the Yoast SEO plugin v21.2 - https:\/\/yoast.com\/wordpress\/plugins\/seo\/ -->\n<title>TriElement - Be\u017eeck\u00e1 \u010diapka - fanzone.sk<\/title>\n<meta name=\"robots\" content=\"index, follow, max-snippet:-1, max-image-preview:large, max-video-preview:-1\" \/>\n<link rel=\"canonical\" href=\"https:\/\/fanzone.sk\/en\/product\/trielement-bezecka-ciapka\/\" \/>\n<meta property=\"og:locale\" content=\"en_US\" \/>\n<meta property=\"og:type\" content=\"article\" \/>\n<meta property=\"og:title\" content=\"TriElement - Be\u017eeck\u00e1 \u010diapka - fanzone.sk\" \/>\n<meta property=\"og:description\" content=\"Be\u017eeck\u00e1 kr\u00e1tka \u010diapka \u2013 100% polyester  Aplik\u00e1cia grafiky TriElement  V\u00fdber z dvoch typov \u2013 zateplen\u00e1 \/ bez zateplenia  Nov\u00e1 kolekcia pre klub Tri Element, ktor\u00fd je zameran\u00fd na pl\u00e1vanie, atletiku a cyklistiku\" \/>\n<meta property=\"og:url\" content=\"https:\/\/fanzone.sk\/en\/product\/trielement-bezecka-ciapka\/\" \/>\n<meta property=\"og:site_name\" content=\"fanzone.sk\" \/>\n<meta property=\"article:publisher\" content=\"https:\/\/www.facebook.com\/FANZONEsk\/\" \/>\n<meta property=\"article:modified_time\" content=\"2025-07-10T09:26:31+00:00\" \/>\n<meta property=\"og:image\" content=\"https:\/\/fanzone.sk\/wp-content\/uploads\/2025\/07\/GERLACH.jpg\" \/>\n\t<meta property=\"og:image:width\" content=\"800\" \/>\n\t<meta property=\"og:image:height\" content=\"800\" \/>\n\t<meta property=\"og:image:type\" content=\"image\/jpeg\" \/>\n<meta name=\"twitter:card\" content=\"summary_large_image\" \/>\n<meta name=\"twitter:label1\" content=\"Est. reading time\" \/>\n\t<meta name=\"twitter:data1\" content=\"1 minute\" \/>\n<script type=\"application\/ld+json\" class=\"yoast-schema-graph\">{\"@context\":\"https:\/\/schema.org\",\"@graph\":[{\"@type\":\"WebPage\",\"@id\":\"https:\/\/fanzone.sk\/produkt\/trielement-bezecka-ciapka\/\",\"url\":\"https:\/\/fanzone.sk\/produkt\/trielement-bezecka-ciapka\/\",\"name\":\"TriElement - Be\u017eeck\u00e1 \u010diapka - fanzone.sk\",\"isPartOf\":{\"@id\":\"https:\/\/fanzone.sk\/#website\"},\"datePublished\":\"2025-07-10T08:44:11+00:00\",\"dateModified\":\"2025-07-10T09:26:31+00:00\",\"breadcrumb\":{\"@id\":\"https:\/\/fanzone.sk\/produkt\/trielement-bezecka-ciapka\/#breadcrumb\"},\"inLanguage\":\"en-US\",\"potentialAction\":[{\"@type\":\"ReadAction\",\"target\":[\"https:\/\/fanzone.sk\/produkt\/trielement-bezecka-ciapka\/\"]}]},{\"@type\":\"BreadcrumbList\",\"@id\":\"https:\/\/fanzone.sk\/produkt\/trielement-bezecka-ciapka\/#breadcrumb\",\"itemListElement\":[{\"@type\":\"ListItem\",\"position\":1,\"name\":\"Home\",\"item\":\"https:\/\/fanzone.sk\/\"},{\"@type\":\"ListItem\",\"position\":2,\"name\":\"Obchod\",\"item\":\"https:\/\/fanzone.sk\/obchod\/\"},{\"@type\":\"ListItem\",\"position\":3,\"name\":\"TriElement &#8211; Be\u017eeck\u00e1 \u010diapka\"}]},{\"@type\":\"WebSite\",\"@id\":\"https:\/\/fanzone.sk\/#website\",\"url\":\"https:\/\/fanzone.sk\/\",\"name\":\"fanzone.sk\",\"description\":\"\",\"potentialAction\":[{\"@type\":\"SearchAction\",\"target\":{\"@type\":\"EntryPoint\",\"urlTemplate\":\"https:\/\/fanzone.sk\/?s={search_term_string}\"},\"query-input\":\"required name=search_term_string\"}],\"inLanguage\":\"en-US\"}]}<\/script>\n<!-- \/ Yoast SEO plugin. -->","yoast_head_json":{"title":"TriElement - Be\u017eeck\u00e1 \u010diapka - fanzone.sk","robots":{"index":"index","follow":"follow","max-snippet":"max-snippet:-1","max-image-preview":"max-image-preview:large","max-video-preview":"max-video-preview:-1"},"canonical":"https:\/\/fanzone.sk\/en\/product\/trielement-bezecka-ciapka\/","og_locale":"en_US","og_type":"article","og_title":"TriElement - Be\u017eeck\u00e1 \u010diapka - fanzone.sk","og_description":"Be\u017eeck\u00e1 kr\u00e1tka \u010diapka \u2013 100% polyester  Aplik\u00e1cia grafiky TriElement  V\u00fdber z dvoch typov \u2013 zateplen\u00e1 \/ bez zateplenia  Nov\u00e1 kolekcia pre klub Tri Element, ktor\u00fd je zameran\u00fd na pl\u00e1vanie, atletiku a cyklistiku","og_url":"https:\/\/fanzone.sk\/en\/product\/trielement-bezecka-ciapka\/","og_site_name":"fanzone.sk","article_publisher":"https:\/\/www.facebook.com\/FANZONEsk\/","article_modified_time":"2025-07-10T09:26:31+00:00","og_image":[{"width":800,"height":800,"url":"https:\/\/fanzone.sk\/wp-content\/uploads\/2025\/07\/GERLACH.jpg","type":"image\/jpeg"}],"twitter_card":"summary_large_image","twitter_misc":{"Est. reading time":"1 minute"},"schema":{"@context":"https:\/\/schema.org","@graph":[{"@type":"WebPage","@id":"https:\/\/fanzone.sk\/produkt\/trielement-bezecka-ciapka\/","url":"https:\/\/fanzone.sk\/produkt\/trielement-bezecka-ciapka\/","name":"TriElement - Be\u017eeck\u00e1 \u010diapka - fanzone.sk","isPartOf":{"@id":"https:\/\/fanzone.sk\/#website"},"datePublished":"2025-07-10T08:44:11+00:00","dateModified":"2025-07-10T09:26:31+00:00","breadcrumb":{"@id":"https:\/\/fanzone.sk\/produkt\/trielement-bezecka-ciapka\/#breadcrumb"},"inLanguage":"en-US","potentialAction":[{"@type":"ReadAction","target":["https:\/\/fanzone.sk\/produkt\/trielement-bezecka-ciapka\/"]}]},{"@type":"BreadcrumbList","@id":"https:\/\/fanzone.sk\/produkt\/trielement-bezecka-ciapka\/#breadcrumb","itemListElement":[{"@type":"ListItem","position":1,"name":"Home","item":"https:\/\/fanzone.sk\/"},{"@type":"ListItem","position":2,"name":"Obchod","item":"https:\/\/fanzone.sk\/obchod\/"},{"@type":"ListItem","position":3,"name":"TriElement &#8211; Be\u017eeck\u00e1 \u010diapka"}]},{"@type":"WebSite","@id":"https:\/\/fanzone.sk\/#website","url":"https:\/\/fanzone.sk\/","name":"fanzone.sk","description":"","potentialAction":[{"@type":"SearchAction","target":{"@type":"EntryPoint","urlTemplate":"https:\/\/fanzone.sk\/?s={search_term_string}"},"query-input":"required name=search_term_string"}],"inLanguage":"en-US"}]}},"_links":{"self":[{"href":"https:\/\/fanzone.sk\/en\/wp-json\/wp\/v2\/product\/34766"}],"collection":[{"href":"https:\/\/fanzone.sk\/en\/wp-json\/wp\/v2\/product"}],"about":[{"href":"https:\/\/fanzone.sk\/en\/wp-json\/wp\/v2\/types\/product"}],"wp:featuredmedia":[{"embeddable":true,"href":"https:\/\/fanzone.sk\/en\/wp-json\/wp\/v2\/media\/34710"}],"wp:attachment":[{"href":"https:\/\/fanzone.sk\/en\/wp-json\/wp\/v2\/media?parent=34766"}],"wp:term":[{"taxonomy":"product_cat","embeddable":true,"href":"https:\/\/fanzone.sk\/en\/wp-json\/wp\/v2\/product_cat?post=34766"},{"taxonomy":"product_tag","embeddable":true,"href":"https:\/\/fanzone.sk\/en\/wp-json\/wp\/v2\/product_tag?post=34766"}],"curies":[{"name":"wp","href":"https:\/\/api.w.org\/{rel}","templated":true}]}}