{"id":34891,"date":"2025-08-25T14:53:45","date_gmt":"2025-08-25T12:53:45","guid":{"rendered":"https:\/\/fanzone.sk\/?post_type=product&#038;p=34891"},"modified":"2025-08-25T14:58:24","modified_gmt":"2025-08-25T12:58:24","slug":"body-nutrition-excelent-100-whey-protein-vanilkovy-krem","status":"publish","type":"product","link":"https:\/\/fanzone.sk\/en\/product\/body-nutrition-excelent-100-whey-protein-vanilkovy-krem\/","title":{"rendered":"Body Nutrition &#8211; Excelent 100% Whey Prote\u00edn &#8211; Vanilkov\u00fd kr\u00e9m"},"content":{"rendered":"<p>Objavte lahodn\u00fd kr\u00e9m, ktor\u00fd sa chu\u0165ou vyrovn\u00e1 poctivej vanilkovej zmrzline.<\/p>\n<p>Vymie\u0161ajte n\u00e1\u0161\u00a0<strong>vanilkov\u00fd prote\u00ednov\u00fd drink<\/strong>\u00a0nielen s vodou, ale aj s mliekom a za\u017eite, ako m\u00f4\u017ee chuti\u0165 tak jednoduch\u00fd vanilkov\u00fd koktejl pln\u00fd bielkov\u00edn a aminokysel\u00edn.<\/p>\n<p><strong>V\u00fdhody produktu:<\/strong><\/p>\n<ul>\n<li><strong>Vysok\u00fd obsah bielkov\u00edn:<\/strong>\u00a0Ka\u017ed\u00e1 d\u00e1vka obsahuje a\u017e 27g \u013eahko str\u00e1vite\u013en\u00fdch bielkov\u00edn.<\/li>\n<li><strong>Jedine\u010dn\u00e1 chu\u0165:<\/strong>\u00a0Lahodn\u00e1 vanilkov\u00e1 chu\u0165, ktor\u00e1 sa vyrovn\u00e1 poctivej vanilkovej zmrzline.<\/li>\n<li><strong>Podpora svalov\u00e9ho rastu a regener\u00e1cie:<\/strong>\u00a0Poskytuje potrebn\u00e9 stavebn\u00e9 l\u00e1tky na podporu rastu svalovej hmoty a regener\u00e1ciu.<\/li>\n<li><strong>Jednoduch\u00e1 pr\u00edprava:<\/strong>\u00a0Sta\u010d\u00ed prida\u0165 vodu alebo mlieko pre lahodn\u00fd kr\u00e9mov\u00fd drink.<\/li>\n<li><strong>Lahodn\u00e1 konzistencia:<\/strong>\u00a0Kr\u00e9mov\u00e1 konzistencia, ktor\u00e1 v\u00e1s pr\u00edjemne prekvap\u00ed.<\/li>\n<\/ul>\n<p>Tento prote\u00ednov\u00fd drink v\u00e1s o\u010dar\u00ed svojou\u00a0<strong>jedine\u010dnou chu\u0165ou<\/strong>\u00a0a kvalitou, ktor\u00e1 je nezamenite\u013en\u00e1 s ak\u00fdmko\u013evek in\u00fdm prote\u00ednom na trhu. Sk\u00faste ho a presved\u010dte sa sami!<\/p>","protected":false},"excerpt":{"rendered":"<p>Objavte lahodn\u00fd kr\u00e9m, ktor\u00fd sa chu\u0165ou vyrovn\u00e1 poctivej vanilkovej zmrzline. Vymie\u0161ajte n\u00e1\u0161\u00a0<strong>vanilkov\u00fd prote\u00ednov\u00fd drink<\/strong>\u00a0nielen s vodou, ale aj s mliekom a za\u017eite, ako m\u00f4\u017ee chuti\u0165 tak jednoduch\u00fd vanilkov\u00fd koktejl pln\u00fd bielkov\u00edn a aminokysel\u00edn.<\/p>\n<p><strong>V\u00fdhody produktu:<\/strong><\/p>\n<ul>\n<li><strong>Vysok\u00fd obsah bielkov\u00edn:<\/strong>\u00a0Ka\u017ed\u00e1 d\u00e1vka obsahuje a\u017e 27g \u013eahko str\u00e1vite\u013en\u00fdch bielkov\u00edn.<\/li>\n<li><strong>Jedine\u010dn\u00e1 chu\u0165:<\/strong>\u00a0Lahodn\u00e1 vanilkov\u00e1 chu\u0165, ktor\u00e1 sa vyrovn\u00e1 poctivej vanilkovej zmrzline.<\/li>\n<li><strong>Podpora svalov\u00e9ho rastu a regener\u00e1cie:<\/strong>\u00a0Poskytuje potrebn\u00e9 stavebn\u00e9 l\u00e1tky na podporu rastu svalovej hmoty a regener\u00e1ciu.<\/li>\n<li><strong>Jednoduch\u00e1 pr\u00edprava:<\/strong>\u00a0Sta\u010d\u00ed prida\u0165 vodu alebo mlieko pre lahodn\u00fd kr\u00e9mov\u00fd drink.<\/li>\n<li><strong>Lahodn\u00e1 konzistencia:<\/strong>\u00a0Kr\u00e9mov\u00e1 konzistencia, ktor\u00e1 v\u00e1s pr\u00edjemne prekvap\u00ed.<\/li>\n<\/ul>\n<p>Tento prote\u00ednov\u00fd drink v\u00e1s o\u010dar\u00ed svojou\u00a0<strong>jedine\u010dnou chu\u0165ou<\/strong>\u00a0a kvalitou, ktor\u00e1 je nezamenite\u013en\u00e1 s ak\u00fdmko\u013evek in\u00fdm prote\u00ednom na trhu. Sk\u00faste ho a presved\u010dte sa sami!<\/p>","protected":false},"featured_media":34912,"template":"","meta":[],"product_cat":[610,609],"product_tag":[217,601,599],"wcpa_form_fields":null,"yoast_head":"<!-- This site is optimized with the Yoast SEO plugin v21.2 - https:\/\/yoast.com\/wordpress\/plugins\/seo\/ -->\n<title>Body Nutrition - Excelent 100% Whey Prote\u00edn - Vanilkov\u00fd kr\u00e9m - fanzone.sk<\/title>\n<meta name=\"robots\" content=\"index, follow, max-snippet:-1, max-image-preview:large, max-video-preview:-1\" \/>\n<link rel=\"canonical\" href=\"https:\/\/fanzone.sk\/en\/product\/body-nutrition-excelent-100-whey-protein-vanilkovy-krem\/\" \/>\n<meta property=\"og:locale\" content=\"en_US\" \/>\n<meta property=\"og:type\" content=\"article\" \/>\n<meta property=\"og:title\" content=\"Body Nutrition - Excelent 100% Whey Prote\u00edn - Vanilkov\u00fd kr\u00e9m - fanzone.sk\" \/>\n<meta property=\"og:description\" content=\"Objavte lahodn\u00fd kr\u00e9m, ktor\u00fd sa chu\u0165ou vyrovn\u00e1 poctivej vanilkovej zmrzline. Vymie\u0161ajte n\u00e1\u0161\u00a0vanilkov\u00fd prote\u00ednov\u00fd drink\u00a0nielen s vodou, ale aj s mliekom a za\u017eite, ako m\u00f4\u017ee chuti\u0165 tak jednoduch\u00fd vanilkov\u00fd koktejl pln\u00fd bielkov\u00edn a aminokysel\u00edn.  V\u00fdhody produktu:   Vysok\u00fd obsah bielkov\u00edn:\u00a0Ka\u017ed\u00e1 d\u00e1vka obsahuje a\u017e 27g \u013eahko str\u00e1vite\u013en\u00fdch bielkov\u00edn.  Jedine\u010dn\u00e1 chu\u0165:\u00a0Lahodn\u00e1 vanilkov\u00e1 chu\u0165, ktor\u00e1 sa vyrovn\u00e1 poctivej vanilkovej zmrzline.  Podpora svalov\u00e9ho rastu a regener\u00e1cie:\u00a0Poskytuje potrebn\u00e9 stavebn\u00e9 l\u00e1tky na podporu rastu svalovej hmoty a regener\u00e1ciu.  Jednoduch\u00e1 pr\u00edprava:\u00a0Sta\u010d\u00ed prida\u0165 vodu alebo mlieko pre lahodn\u00fd kr\u00e9mov\u00fd drink.  Lahodn\u00e1 konzistencia:\u00a0Kr\u00e9mov\u00e1 konzistencia, ktor\u00e1 v\u00e1s pr\u00edjemne prekvap\u00ed.  Tento prote\u00ednov\u00fd drink v\u00e1s o\u010dar\u00ed svojou\u00a0jedine\u010dnou chu\u0165ou\u00a0a kvalitou, ktor\u00e1 je nezamenite\u013en\u00e1 s ak\u00fdmko\u013evek in\u00fdm prote\u00ednom na trhu. Sk\u00faste ho a presved\u010dte sa sami!\" \/>\n<meta property=\"og:url\" content=\"https:\/\/fanzone.sk\/en\/product\/body-nutrition-excelent-100-whey-protein-vanilkovy-krem\/\" \/>\n<meta property=\"og:site_name\" content=\"fanzone.sk\" \/>\n<meta property=\"article:publisher\" content=\"https:\/\/www.facebook.com\/FANZONEsk\/\" \/>\n<meta property=\"article:modified_time\" content=\"2025-08-25T12:58:24+00:00\" \/>\n<meta property=\"og:image\" content=\"https:\/\/fanzone.sk\/wp-content\/uploads\/2025\/08\/prot-18.jpg\" \/>\n\t<meta property=\"og:image:width\" content=\"800\" \/>\n\t<meta property=\"og:image:height\" content=\"800\" \/>\n\t<meta property=\"og:image:type\" content=\"image\/jpeg\" \/>\n<meta name=\"twitter:card\" content=\"summary_large_image\" \/>\n<meta name=\"twitter:label1\" content=\"Est. reading time\" \/>\n\t<meta name=\"twitter:data1\" content=\"1 minute\" \/>\n<script type=\"application\/ld+json\" class=\"yoast-schema-graph\">{\"@context\":\"https:\/\/schema.org\",\"@graph\":[{\"@type\":\"WebPage\",\"@id\":\"https:\/\/fanzone.sk\/produkt\/body-nutrition-excelent-100-whey-protein-vanilkovy-krem\/\",\"url\":\"https:\/\/fanzone.sk\/produkt\/body-nutrition-excelent-100-whey-protein-vanilkovy-krem\/\",\"name\":\"Body Nutrition - Excelent 100% Whey Prote\u00edn - Vanilkov\u00fd kr\u00e9m - fanzone.sk\",\"isPartOf\":{\"@id\":\"https:\/\/fanzone.sk\/#website\"},\"datePublished\":\"2025-08-25T12:53:45+00:00\",\"dateModified\":\"2025-08-25T12:58:24+00:00\",\"breadcrumb\":{\"@id\":\"https:\/\/fanzone.sk\/produkt\/body-nutrition-excelent-100-whey-protein-vanilkovy-krem\/#breadcrumb\"},\"inLanguage\":\"en-US\",\"potentialAction\":[{\"@type\":\"ReadAction\",\"target\":[\"https:\/\/fanzone.sk\/produkt\/body-nutrition-excelent-100-whey-protein-vanilkovy-krem\/\"]}]},{\"@type\":\"BreadcrumbList\",\"@id\":\"https:\/\/fanzone.sk\/produkt\/body-nutrition-excelent-100-whey-protein-vanilkovy-krem\/#breadcrumb\",\"itemListElement\":[{\"@type\":\"ListItem\",\"position\":1,\"name\":\"Home\",\"item\":\"https:\/\/fanzone.sk\/\"},{\"@type\":\"ListItem\",\"position\":2,\"name\":\"Obchod\",\"item\":\"https:\/\/fanzone.sk\/obchod\/\"},{\"@type\":\"ListItem\",\"position\":3,\"name\":\"Body Nutrition &#8211; Excelent 100% Whey Prote\u00edn &#8211; Vanilkov\u00fd kr\u00e9m\"}]},{\"@type\":\"WebSite\",\"@id\":\"https:\/\/fanzone.sk\/#website\",\"url\":\"https:\/\/fanzone.sk\/\",\"name\":\"fanzone.sk\",\"description\":\"\",\"potentialAction\":[{\"@type\":\"SearchAction\",\"target\":{\"@type\":\"EntryPoint\",\"urlTemplate\":\"https:\/\/fanzone.sk\/?s={search_term_string}\"},\"query-input\":\"required name=search_term_string\"}],\"inLanguage\":\"en-US\"}]}<\/script>\n<!-- \/ Yoast SEO plugin. -->","yoast_head_json":{"title":"Body Nutrition - Excelent 100% Whey Prote\u00edn - Vanilkov\u00fd kr\u00e9m - fanzone.sk","robots":{"index":"index","follow":"follow","max-snippet":"max-snippet:-1","max-image-preview":"max-image-preview:large","max-video-preview":"max-video-preview:-1"},"canonical":"https:\/\/fanzone.sk\/en\/product\/body-nutrition-excelent-100-whey-protein-vanilkovy-krem\/","og_locale":"en_US","og_type":"article","og_title":"Body Nutrition - Excelent 100% Whey Prote\u00edn - Vanilkov\u00fd kr\u00e9m - fanzone.sk","og_description":"Objavte lahodn\u00fd kr\u00e9m, ktor\u00fd sa chu\u0165ou vyrovn\u00e1 poctivej vanilkovej zmrzline. Vymie\u0161ajte n\u00e1\u0161\u00a0vanilkov\u00fd prote\u00ednov\u00fd drink\u00a0nielen s vodou, ale aj s mliekom a za\u017eite, ako m\u00f4\u017ee chuti\u0165 tak jednoduch\u00fd vanilkov\u00fd koktejl pln\u00fd bielkov\u00edn a aminokysel\u00edn.  V\u00fdhody produktu:   Vysok\u00fd obsah bielkov\u00edn:\u00a0Ka\u017ed\u00e1 d\u00e1vka obsahuje a\u017e 27g \u013eahko str\u00e1vite\u013en\u00fdch bielkov\u00edn.  Jedine\u010dn\u00e1 chu\u0165:\u00a0Lahodn\u00e1 vanilkov\u00e1 chu\u0165, ktor\u00e1 sa vyrovn\u00e1 poctivej vanilkovej zmrzline.  Podpora svalov\u00e9ho rastu a regener\u00e1cie:\u00a0Poskytuje potrebn\u00e9 stavebn\u00e9 l\u00e1tky na podporu rastu svalovej hmoty a regener\u00e1ciu.  Jednoduch\u00e1 pr\u00edprava:\u00a0Sta\u010d\u00ed prida\u0165 vodu alebo mlieko pre lahodn\u00fd kr\u00e9mov\u00fd drink.  Lahodn\u00e1 konzistencia:\u00a0Kr\u00e9mov\u00e1 konzistencia, ktor\u00e1 v\u00e1s pr\u00edjemne prekvap\u00ed.  Tento prote\u00ednov\u00fd drink v\u00e1s o\u010dar\u00ed svojou\u00a0jedine\u010dnou chu\u0165ou\u00a0a kvalitou, ktor\u00e1 je nezamenite\u013en\u00e1 s ak\u00fdmko\u013evek in\u00fdm prote\u00ednom na trhu. Sk\u00faste ho a presved\u010dte sa sami!","og_url":"https:\/\/fanzone.sk\/en\/product\/body-nutrition-excelent-100-whey-protein-vanilkovy-krem\/","og_site_name":"fanzone.sk","article_publisher":"https:\/\/www.facebook.com\/FANZONEsk\/","article_modified_time":"2025-08-25T12:58:24+00:00","og_image":[{"width":800,"height":800,"url":"https:\/\/fanzone.sk\/wp-content\/uploads\/2025\/08\/prot-18.jpg","type":"image\/jpeg"}],"twitter_card":"summary_large_image","twitter_misc":{"Est. reading time":"1 minute"},"schema":{"@context":"https:\/\/schema.org","@graph":[{"@type":"WebPage","@id":"https:\/\/fanzone.sk\/produkt\/body-nutrition-excelent-100-whey-protein-vanilkovy-krem\/","url":"https:\/\/fanzone.sk\/produkt\/body-nutrition-excelent-100-whey-protein-vanilkovy-krem\/","name":"Body Nutrition - Excelent 100% Whey Prote\u00edn - Vanilkov\u00fd kr\u00e9m - fanzone.sk","isPartOf":{"@id":"https:\/\/fanzone.sk\/#website"},"datePublished":"2025-08-25T12:53:45+00:00","dateModified":"2025-08-25T12:58:24+00:00","breadcrumb":{"@id":"https:\/\/fanzone.sk\/produkt\/body-nutrition-excelent-100-whey-protein-vanilkovy-krem\/#breadcrumb"},"inLanguage":"en-US","potentialAction":[{"@type":"ReadAction","target":["https:\/\/fanzone.sk\/produkt\/body-nutrition-excelent-100-whey-protein-vanilkovy-krem\/"]}]},{"@type":"BreadcrumbList","@id":"https:\/\/fanzone.sk\/produkt\/body-nutrition-excelent-100-whey-protein-vanilkovy-krem\/#breadcrumb","itemListElement":[{"@type":"ListItem","position":1,"name":"Home","item":"https:\/\/fanzone.sk\/"},{"@type":"ListItem","position":2,"name":"Obchod","item":"https:\/\/fanzone.sk\/obchod\/"},{"@type":"ListItem","position":3,"name":"Body Nutrition &#8211; Excelent 100% Whey Prote\u00edn &#8211; Vanilkov\u00fd kr\u00e9m"}]},{"@type":"WebSite","@id":"https:\/\/fanzone.sk\/#website","url":"https:\/\/fanzone.sk\/","name":"fanzone.sk","description":"","potentialAction":[{"@type":"SearchAction","target":{"@type":"EntryPoint","urlTemplate":"https:\/\/fanzone.sk\/?s={search_term_string}"},"query-input":"required name=search_term_string"}],"inLanguage":"en-US"}]}},"_links":{"self":[{"href":"https:\/\/fanzone.sk\/en\/wp-json\/wp\/v2\/product\/34891"}],"collection":[{"href":"https:\/\/fanzone.sk\/en\/wp-json\/wp\/v2\/product"}],"about":[{"href":"https:\/\/fanzone.sk\/en\/wp-json\/wp\/v2\/types\/product"}],"wp:featuredmedia":[{"embeddable":true,"href":"https:\/\/fanzone.sk\/en\/wp-json\/wp\/v2\/media\/34912"}],"wp:attachment":[{"href":"https:\/\/fanzone.sk\/en\/wp-json\/wp\/v2\/media?parent=34891"}],"wp:term":[{"taxonomy":"product_cat","embeddable":true,"href":"https:\/\/fanzone.sk\/en\/wp-json\/wp\/v2\/product_cat?post=34891"},{"taxonomy":"product_tag","embeddable":true,"href":"https:\/\/fanzone.sk\/en\/wp-json\/wp\/v2\/product_tag?post=34891"}],"curies":[{"name":"wp","href":"https:\/\/api.w.org\/{rel}","templated":true}]}}