{"id":34917,"date":"2025-08-25T15:07:47","date_gmt":"2025-08-25T13:07:47","guid":{"rendered":"https:\/\/fanzone.sk\/?post_type=product&#038;p=34917"},"modified":"2025-08-25T15:16:30","modified_gmt":"2025-08-25T13:16:30","slug":"body-nutrition-excelent-100-whey-protein-jablkova-strudla-so-skoricou","status":"publish","type":"product","link":"https:\/\/fanzone.sk\/en\/product\/body-nutrition-excelent-100-whey-protein-jablkova-strudla-so-skoricou\/","title":{"rendered":"Body Nutrition &#8211; Excelent 100% Whey Prote\u00edn &#8211; Jablkov\u00e1 \u0161tr\u00fad\u013ea so \u0161koricou"},"content":{"rendered":"<p><strong>Milovn\u00edci dom\u00e1cej jablkovej \u0161tr\u00fadle, tento drink je pre v\u00e1s!<\/strong><\/p>\n<p>V na\u0161om\u00a0<strong>prote\u00ednovom drinku s chu\u0165ou jablkovej \u0161tr\u00fadle<\/strong>\u00a0si m\u00f4\u017eete vychutna\u0165 ob\u013e\u00faben\u00fa chu\u0165 babi\u010dkinej dom\u00e1cej \u0161tr\u00fadle bez n\u00e1ro\u010dnej a zd\u013ahavej pr\u00edpravy.<\/p>\n<p>Sta\u010d\u00ed len zamie\u0161a\u0165 s vodou alebo mliekom a m\u00e1te lahodn\u00fa ma\u0161krtu. Skvel\u00fd aj do receptov, ako napr\u00edklad palacinky \u010di ovsen\u00e9 vlo\u010dky.<\/p>\n<p><strong>V\u00fdhody produktu:<\/strong><\/p>\n<ul>\n<li><strong>Vysok\u00fd obsah bielkov\u00edn:<\/strong>\u00a0Ka\u017ed\u00e1 d\u00e1vka obsahuje a\u017e 27g \u013eahko str\u00e1vite\u013en\u00fdch bielkov\u00edn.<\/li>\n<li><strong>Jedine\u010dn\u00e1 chu\u0165:<\/strong>\u00a0Chu\u0165 dom\u00e1cej jablkovej \u0161tr\u00fadle, ktor\u00fa si zamilujete.<\/li>\n<li><strong>Podpora svalov\u00e9ho rastu a regener\u00e1cie:<\/strong>\u00a0Poskytuje potrebn\u00e9 stavebn\u00e9 l\u00e1tky na podporu rastu svalovej hmoty a regener\u00e1ciu.<\/li>\n<li><strong>Jednoduch\u00e1 pr\u00edprava:<\/strong>\u00a0Sta\u010d\u00ed zamie\u0161a\u0165 s vodou alebo mliekom a m\u00e1te chutn\u00fa ma\u0161krtu.<\/li>\n<li><strong>Univerz\u00e1lne pou\u017eitie:<\/strong>\u00a0Vhodn\u00fd aj do receptov ako palacinky a ovsen\u00e9 vlo\u010dky.<\/li>\n<\/ul>","protected":false},"excerpt":{"rendered":"<p><strong>Milovn\u00edci dom\u00e1cej jablkovej \u0161tr\u00fadle, tento drink je pre v\u00e1s!<\/strong><\/p>\n<p>V na\u0161om\u00a0<strong>prote\u00ednovom drinku s chu\u0165ou jablkovej \u0161tr\u00fadle<\/strong>\u00a0si m\u00f4\u017eete vychutna\u0165 ob\u013e\u00faben\u00fa chu\u0165 babi\u010dkinej dom\u00e1cej \u0161tr\u00fadle bez n\u00e1ro\u010dnej a zd\u013ahavej pr\u00edpravy.<\/p>\n<p>Sta\u010d\u00ed len zamie\u0161a\u0165 s vodou alebo mliekom a m\u00e1te lahodn\u00fa ma\u0161krtu. Skvel\u00fd aj do receptov, ako napr\u00edklad palacinky \u010di ovsen\u00e9 vlo\u010dky.<\/p>\n<p><strong>V\u00fdhody produktu:<\/strong><\/p>\n<ul>\n<li><strong>Vysok\u00fd obsah bielkov\u00edn:<\/strong>\u00a0Ka\u017ed\u00e1 d\u00e1vka obsahuje a\u017e 27g \u013eahko str\u00e1vite\u013en\u00fdch bielkov\u00edn.<\/li>\n<li><strong>Jedine\u010dn\u00e1 chu\u0165:<\/strong>\u00a0Chu\u0165 dom\u00e1cej jablkovej \u0161tr\u00fadle, ktor\u00fa si zamilujete.<\/li>\n<li><strong>Podpora svalov\u00e9ho rastu a regener\u00e1cie:<\/strong>\u00a0Poskytuje potrebn\u00e9 stavebn\u00e9 l\u00e1tky na podporu rastu svalovej hmoty a regener\u00e1ciu.<\/li>\n<li><strong>Jednoduch\u00e1 pr\u00edprava:<\/strong>\u00a0Sta\u010d\u00ed zamie\u0161a\u0165 s vodou alebo mliekom a m\u00e1te chutn\u00fa ma\u0161krtu.<\/li>\n<li><strong>Univerz\u00e1lne pou\u017eitie:<\/strong>\u00a0Vhodn\u00fd aj do receptov ako palacinky a ovsen\u00e9 vlo\u010dky.<\/li>\n<\/ul>","protected":false},"featured_media":34909,"template":"","meta":[],"product_cat":[610,609],"product_tag":[217,601,612],"wcpa_form_fields":null,"yoast_head":"<!-- This site is optimized with the Yoast SEO plugin v21.2 - https:\/\/yoast.com\/wordpress\/plugins\/seo\/ -->\n<title>Body Nutrition - Excelent 100% Whey Prote\u00edn - Jablkov\u00e1 \u0161tr\u00fad\u013ea so \u0161koricou - fanzone.sk<\/title>\n<meta name=\"robots\" content=\"index, follow, max-snippet:-1, max-image-preview:large, max-video-preview:-1\" \/>\n<link rel=\"canonical\" href=\"https:\/\/fanzone.sk\/en\/product\/body-nutrition-excelent-100-whey-protein-jablkova-strudla-so-skoricou\/\" \/>\n<meta property=\"og:locale\" content=\"en_US\" \/>\n<meta property=\"og:type\" content=\"article\" \/>\n<meta property=\"og:title\" content=\"Body Nutrition - Excelent 100% Whey Prote\u00edn - Jablkov\u00e1 \u0161tr\u00fad\u013ea so \u0161koricou - fanzone.sk\" \/>\n<meta property=\"og:description\" content=\"Milovn\u00edci dom\u00e1cej jablkovej \u0161tr\u00fadle, tento drink je pre v\u00e1s!  V na\u0161om\u00a0prote\u00ednovom drinku s chu\u0165ou jablkovej \u0161tr\u00fadle\u00a0si m\u00f4\u017eete vychutna\u0165 ob\u013e\u00faben\u00fa chu\u0165 babi\u010dkinej dom\u00e1cej \u0161tr\u00fadle bez n\u00e1ro\u010dnej a zd\u013ahavej pr\u00edpravy.  Sta\u010d\u00ed len zamie\u0161a\u0165 s vodou alebo mliekom a m\u00e1te lahodn\u00fa ma\u0161krtu. Skvel\u00fd aj do receptov, ako napr\u00edklad palacinky \u010di ovsen\u00e9 vlo\u010dky.  V\u00fdhody produktu:   Vysok\u00fd obsah bielkov\u00edn:\u00a0Ka\u017ed\u00e1 d\u00e1vka obsahuje a\u017e 27g \u013eahko str\u00e1vite\u013en\u00fdch bielkov\u00edn.  Jedine\u010dn\u00e1 chu\u0165:\u00a0Chu\u0165 dom\u00e1cej jablkovej \u0161tr\u00fadle, ktor\u00fa si zamilujete.  Podpora svalov\u00e9ho rastu a regener\u00e1cie:\u00a0Poskytuje potrebn\u00e9 stavebn\u00e9 l\u00e1tky na podporu rastu svalovej hmoty a regener\u00e1ciu.  Jednoduch\u00e1 pr\u00edprava:\u00a0Sta\u010d\u00ed zamie\u0161a\u0165 s vodou alebo mliekom a m\u00e1te chutn\u00fa ma\u0161krtu.  Univerz\u00e1lne pou\u017eitie:\u00a0Vhodn\u00fd aj do receptov ako palacinky a ovsen\u00e9 vlo\u010dky.\" \/>\n<meta property=\"og:url\" content=\"https:\/\/fanzone.sk\/en\/product\/body-nutrition-excelent-100-whey-protein-jablkova-strudla-so-skoricou\/\" \/>\n<meta property=\"og:site_name\" content=\"fanzone.sk\" \/>\n<meta property=\"article:publisher\" content=\"https:\/\/www.facebook.com\/FANZONEsk\/\" \/>\n<meta property=\"article:modified_time\" content=\"2025-08-25T13:16:30+00:00\" \/>\n<meta property=\"og:image\" content=\"https:\/\/fanzone.sk\/wp-content\/uploads\/2025\/08\/prot-15.jpg\" \/>\n\t<meta property=\"og:image:width\" content=\"800\" \/>\n\t<meta property=\"og:image:height\" content=\"800\" \/>\n\t<meta property=\"og:image:type\" content=\"image\/jpeg\" \/>\n<meta name=\"twitter:card\" content=\"summary_large_image\" \/>\n<meta name=\"twitter:label1\" content=\"Est. reading time\" \/>\n\t<meta name=\"twitter:data1\" content=\"1 minute\" \/>\n<script type=\"application\/ld+json\" class=\"yoast-schema-graph\">{\"@context\":\"https:\/\/schema.org\",\"@graph\":[{\"@type\":\"WebPage\",\"@id\":\"https:\/\/fanzone.sk\/produkt\/body-nutrition-excelent-100-whey-protein-jablkova-strudla-so-skoricou\/\",\"url\":\"https:\/\/fanzone.sk\/produkt\/body-nutrition-excelent-100-whey-protein-jablkova-strudla-so-skoricou\/\",\"name\":\"Body Nutrition - Excelent 100% Whey Prote\u00edn - Jablkov\u00e1 \u0161tr\u00fad\u013ea so \u0161koricou - fanzone.sk\",\"isPartOf\":{\"@id\":\"https:\/\/fanzone.sk\/#website\"},\"datePublished\":\"2025-08-25T13:07:47+00:00\",\"dateModified\":\"2025-08-25T13:16:30+00:00\",\"breadcrumb\":{\"@id\":\"https:\/\/fanzone.sk\/produkt\/body-nutrition-excelent-100-whey-protein-jablkova-strudla-so-skoricou\/#breadcrumb\"},\"inLanguage\":\"en-US\",\"potentialAction\":[{\"@type\":\"ReadAction\",\"target\":[\"https:\/\/fanzone.sk\/produkt\/body-nutrition-excelent-100-whey-protein-jablkova-strudla-so-skoricou\/\"]}]},{\"@type\":\"BreadcrumbList\",\"@id\":\"https:\/\/fanzone.sk\/produkt\/body-nutrition-excelent-100-whey-protein-jablkova-strudla-so-skoricou\/#breadcrumb\",\"itemListElement\":[{\"@type\":\"ListItem\",\"position\":1,\"name\":\"Home\",\"item\":\"https:\/\/fanzone.sk\/\"},{\"@type\":\"ListItem\",\"position\":2,\"name\":\"Obchod\",\"item\":\"https:\/\/fanzone.sk\/obchod\/\"},{\"@type\":\"ListItem\",\"position\":3,\"name\":\"Body Nutrition &#8211; Excelent 100% Whey Prote\u00edn &#8211; Jablkov\u00e1 \u0161tr\u00fad\u013ea so \u0161koricou\"}]},{\"@type\":\"WebSite\",\"@id\":\"https:\/\/fanzone.sk\/#website\",\"url\":\"https:\/\/fanzone.sk\/\",\"name\":\"fanzone.sk\",\"description\":\"\",\"potentialAction\":[{\"@type\":\"SearchAction\",\"target\":{\"@type\":\"EntryPoint\",\"urlTemplate\":\"https:\/\/fanzone.sk\/?s={search_term_string}\"},\"query-input\":\"required name=search_term_string\"}],\"inLanguage\":\"en-US\"}]}<\/script>\n<!-- \/ Yoast SEO plugin. -->","yoast_head_json":{"title":"Body Nutrition - Excelent 100% Whey Prote\u00edn - Jablkov\u00e1 \u0161tr\u00fad\u013ea so \u0161koricou - fanzone.sk","robots":{"index":"index","follow":"follow","max-snippet":"max-snippet:-1","max-image-preview":"max-image-preview:large","max-video-preview":"max-video-preview:-1"},"canonical":"https:\/\/fanzone.sk\/en\/product\/body-nutrition-excelent-100-whey-protein-jablkova-strudla-so-skoricou\/","og_locale":"en_US","og_type":"article","og_title":"Body Nutrition - Excelent 100% Whey Prote\u00edn - Jablkov\u00e1 \u0161tr\u00fad\u013ea so \u0161koricou - fanzone.sk","og_description":"Milovn\u00edci dom\u00e1cej jablkovej \u0161tr\u00fadle, tento drink je pre v\u00e1s!  V na\u0161om\u00a0prote\u00ednovom drinku s chu\u0165ou jablkovej \u0161tr\u00fadle\u00a0si m\u00f4\u017eete vychutna\u0165 ob\u013e\u00faben\u00fa chu\u0165 babi\u010dkinej dom\u00e1cej \u0161tr\u00fadle bez n\u00e1ro\u010dnej a zd\u013ahavej pr\u00edpravy.  Sta\u010d\u00ed len zamie\u0161a\u0165 s vodou alebo mliekom a m\u00e1te lahodn\u00fa ma\u0161krtu. Skvel\u00fd aj do receptov, ako napr\u00edklad palacinky \u010di ovsen\u00e9 vlo\u010dky.  V\u00fdhody produktu:   Vysok\u00fd obsah bielkov\u00edn:\u00a0Ka\u017ed\u00e1 d\u00e1vka obsahuje a\u017e 27g \u013eahko str\u00e1vite\u013en\u00fdch bielkov\u00edn.  Jedine\u010dn\u00e1 chu\u0165:\u00a0Chu\u0165 dom\u00e1cej jablkovej \u0161tr\u00fadle, ktor\u00fa si zamilujete.  Podpora svalov\u00e9ho rastu a regener\u00e1cie:\u00a0Poskytuje potrebn\u00e9 stavebn\u00e9 l\u00e1tky na podporu rastu svalovej hmoty a regener\u00e1ciu.  Jednoduch\u00e1 pr\u00edprava:\u00a0Sta\u010d\u00ed zamie\u0161a\u0165 s vodou alebo mliekom a m\u00e1te chutn\u00fa ma\u0161krtu.  Univerz\u00e1lne pou\u017eitie:\u00a0Vhodn\u00fd aj do receptov ako palacinky a ovsen\u00e9 vlo\u010dky.","og_url":"https:\/\/fanzone.sk\/en\/product\/body-nutrition-excelent-100-whey-protein-jablkova-strudla-so-skoricou\/","og_site_name":"fanzone.sk","article_publisher":"https:\/\/www.facebook.com\/FANZONEsk\/","article_modified_time":"2025-08-25T13:16:30+00:00","og_image":[{"width":800,"height":800,"url":"https:\/\/fanzone.sk\/wp-content\/uploads\/2025\/08\/prot-15.jpg","type":"image\/jpeg"}],"twitter_card":"summary_large_image","twitter_misc":{"Est. reading time":"1 minute"},"schema":{"@context":"https:\/\/schema.org","@graph":[{"@type":"WebPage","@id":"https:\/\/fanzone.sk\/produkt\/body-nutrition-excelent-100-whey-protein-jablkova-strudla-so-skoricou\/","url":"https:\/\/fanzone.sk\/produkt\/body-nutrition-excelent-100-whey-protein-jablkova-strudla-so-skoricou\/","name":"Body Nutrition - Excelent 100% Whey Prote\u00edn - Jablkov\u00e1 \u0161tr\u00fad\u013ea so \u0161koricou - fanzone.sk","isPartOf":{"@id":"https:\/\/fanzone.sk\/#website"},"datePublished":"2025-08-25T13:07:47+00:00","dateModified":"2025-08-25T13:16:30+00:00","breadcrumb":{"@id":"https:\/\/fanzone.sk\/produkt\/body-nutrition-excelent-100-whey-protein-jablkova-strudla-so-skoricou\/#breadcrumb"},"inLanguage":"en-US","potentialAction":[{"@type":"ReadAction","target":["https:\/\/fanzone.sk\/produkt\/body-nutrition-excelent-100-whey-protein-jablkova-strudla-so-skoricou\/"]}]},{"@type":"BreadcrumbList","@id":"https:\/\/fanzone.sk\/produkt\/body-nutrition-excelent-100-whey-protein-jablkova-strudla-so-skoricou\/#breadcrumb","itemListElement":[{"@type":"ListItem","position":1,"name":"Home","item":"https:\/\/fanzone.sk\/"},{"@type":"ListItem","position":2,"name":"Obchod","item":"https:\/\/fanzone.sk\/obchod\/"},{"@type":"ListItem","position":3,"name":"Body Nutrition &#8211; Excelent 100% Whey Prote\u00edn &#8211; Jablkov\u00e1 \u0161tr\u00fad\u013ea so \u0161koricou"}]},{"@type":"WebSite","@id":"https:\/\/fanzone.sk\/#website","url":"https:\/\/fanzone.sk\/","name":"fanzone.sk","description":"","potentialAction":[{"@type":"SearchAction","target":{"@type":"EntryPoint","urlTemplate":"https:\/\/fanzone.sk\/?s={search_term_string}"},"query-input":"required name=search_term_string"}],"inLanguage":"en-US"}]}},"_links":{"self":[{"href":"https:\/\/fanzone.sk\/en\/wp-json\/wp\/v2\/product\/34917"}],"collection":[{"href":"https:\/\/fanzone.sk\/en\/wp-json\/wp\/v2\/product"}],"about":[{"href":"https:\/\/fanzone.sk\/en\/wp-json\/wp\/v2\/types\/product"}],"wp:featuredmedia":[{"embeddable":true,"href":"https:\/\/fanzone.sk\/en\/wp-json\/wp\/v2\/media\/34909"}],"wp:attachment":[{"href":"https:\/\/fanzone.sk\/en\/wp-json\/wp\/v2\/media?parent=34917"}],"wp:term":[{"taxonomy":"product_cat","embeddable":true,"href":"https:\/\/fanzone.sk\/en\/wp-json\/wp\/v2\/product_cat?post=34917"},{"taxonomy":"product_tag","embeddable":true,"href":"https:\/\/fanzone.sk\/en\/wp-json\/wp\/v2\/product_tag?post=34917"}],"curies":[{"name":"wp","href":"https:\/\/api.w.org\/{rel}","templated":true}]}}