{"id":34925,"date":"2025-08-25T15:25:33","date_gmt":"2025-08-25T13:25:33","guid":{"rendered":"https:\/\/fanzone.sk\/?post_type=product&#038;p=34925"},"modified":"2025-08-25T15:29:16","modified_gmt":"2025-08-25T13:29:16","slug":"body-nutrition-excelent-100-whey-protein-naturalny","status":"publish","type":"product","link":"https:\/\/fanzone.sk\/en\/product\/body-nutrition-excelent-100-whey-protein-naturalny\/","title":{"rendered":"Body Nutrition &#8211; Excelent 100% Whey Prote\u00edn -Natur\u00e1lny"},"content":{"rendered":"<p data-start=\"196\" data-end=\"324\"><img decoding=\"async\" class=\"emoji\" role=\"img\" draggable=\"false\" src=\"https:\/\/s.w.org\/images\/core\/emoji\/15.0.3\/svg\/1f4aa.svg\" alt=\"\ud83d\udcaa\" \/>\u00a0<strong data-start=\"199\" data-end=\"229\">\u010cIST\u00c1 SILA BEZ KOMPROMISOV<\/strong>\u00a0<img decoding=\"async\" class=\"emoji\" role=\"img\" draggable=\"false\" src=\"https:\/\/s.w.org\/images\/core\/emoji\/15.0.3\/svg\/1f4aa.svg\" alt=\"\ud83d\udcaa\" \/><br data-start=\"232\" data-end=\"235\" \/>\u00a0<em data-start=\"238\" data-end=\"322\">EXCELENT 100% Whey Protein Natural \u2013 bez pr\u00edchute, bez sladidiel, bez zbyto\u010dnost\u00ed!<\/em><\/p>\n<p data-start=\"326\" data-end=\"433\">Nie si fan\u00fa\u0161ik ochuten\u00fdch prote\u00ednov?\u00a0Vad\u00ed ti ar\u00f3ma, sladidl\u00e1 alebo m\u00e1\u0161 vlastn\u00fd \u0161t\u00fdl pr\u00edpravy?<\/p>\n<p data-start=\"435\" data-end=\"799\">\u00a0Tento prote\u00edn je <strong data-start=\"455\" data-end=\"474\">maxim\u00e1lne \u010dist\u00fd<\/strong>\u00a0\u2013 len kvalitn\u00fd srv\u00e1tkov\u00fd koncentr\u00e1t, ide\u00e1lny na:<br data-start=\"523\" data-end=\"526\" \/><img decoding=\"async\" class=\"emoji\" role=\"img\" draggable=\"false\" src=\"https:\/\/s.w.org\/images\/core\/emoji\/15.0.3\/svg\/2705.svg\" alt=\"\u2705\" \/>\u00a0mie\u0161anie do smoothies, ka\u0161\u00ed, palaciniek alebo kedyko\u013evek, ke\u010f chce\u0161 doplni\u0165 bielkoviny bez zmeny chuti<br data-start=\"630\" data-end=\"633\" \/><img decoding=\"async\" class=\"emoji\" role=\"img\" draggable=\"false\" src=\"https:\/\/s.w.org\/images\/core\/emoji\/15.0.3\/svg\/2705.svg\" alt=\"\u2705\" \/>\u00a0kombinovanie s vlastn\u00fdmi surovinami \u2013 ovoc\u00edm, kakaom, k\u00e1vou \u010di in\u00fdmi pr\u00edsadami pod\u013ea seba<br data-start=\"724\" data-end=\"727\" \/><img decoding=\"async\" class=\"emoji\" role=\"img\" draggable=\"false\" src=\"https:\/\/s.w.org\/images\/core\/emoji\/15.0.3\/svg\/2705.svg\" alt=\"\u2705\" \/>\u00a0\u0161portovcov, ktor\u00ed maj\u00fa citliv\u00e9 tr\u00e1venie alebo sa vyh\u00fdbaj\u00fa pr\u00edchutiam<\/p>\n<p data-start=\"801\" data-end=\"909\">2 odmerky = kvalitn\u00e9 bielkoviny pre rast a regener\u00e1ciu svalov<br data-start=\"865\" data-end=\"868\" \/>\u00a0\u017diadne pozl\u00e1tko. Len poctiv\u00e1 v\u00fd\u017eiva.<\/p>\n<p data-start=\"911\" data-end=\"1087\">Ak h\u013ead\u00e1\u0161 <strong data-start=\"924\" data-end=\"958\">\u010distotu, flexibilitu a kvalitu<\/strong>, toto je ten prav\u00fd prote\u00edn pre teba.<br data-start=\"995\" data-end=\"998\" \/>Pridaj ho do suplement\u00e1cie a d\u00e1vaj telu presne to, \u010do potrebuje \u2013 ni\u010d viac, ni\u010d menej.<\/p>\n<p data-start=\"1089\" data-end=\"1226\">Sk\u00fas ho a uvid\u00ed\u0161 rozdiel na vlastnej ko\u017ei!<\/p>","protected":false},"excerpt":{"rendered":"<p data-start=\"196\" data-end=\"324\"><img decoding=\"async\" class=\"emoji\" role=\"img\" draggable=\"false\" src=\"https:\/\/s.w.org\/images\/core\/emoji\/15.0.3\/svg\/1f4aa.svg\" alt=\"\ud83d\udcaa\" \/>\u00a0<strong data-start=\"199\" data-end=\"229\">\u010cIST\u00c1 SILA BEZ KOMPROMISOV<\/strong>\u00a0<img decoding=\"async\" class=\"emoji\" role=\"img\" draggable=\"false\" src=\"https:\/\/s.w.org\/images\/core\/emoji\/15.0.3\/svg\/1f4aa.svg\" alt=\"\ud83d\udcaa\" \/><br data-start=\"232\" data-end=\"235\" \/>\u00a0<em data-start=\"238\" data-end=\"322\">EXCELENT 100% Whey Protein Natural \u2013 bez pr\u00edchute, bez sladidiel, bez zbyto\u010dnost\u00ed!<\/em><\/p>\n<p data-start=\"326\" data-end=\"433\">Nie si fan\u00fa\u0161ik ochuten\u00fdch prote\u00ednov?\u00a0Vad\u00ed ti ar\u00f3ma, sladidl\u00e1 alebo m\u00e1\u0161 vlastn\u00fd \u0161t\u00fdl pr\u00edpravy?<\/p>\n<p data-start=\"435\" data-end=\"799\">\u00a0Tento prote\u00edn je <strong data-start=\"455\" data-end=\"474\">maxim\u00e1lne \u010dist\u00fd<\/strong>\u00a0\u2013 len kvalitn\u00fd srv\u00e1tkov\u00fd koncentr\u00e1t, ide\u00e1lny na:<br data-start=\"523\" data-end=\"526\" \/><img decoding=\"async\" class=\"emoji\" role=\"img\" draggable=\"false\" src=\"https:\/\/s.w.org\/images\/core\/emoji\/15.0.3\/svg\/2705.svg\" alt=\"\u2705\" \/>\u00a0mie\u0161anie do smoothies, ka\u0161\u00ed, palaciniek alebo kedyko\u013evek, ke\u010f chce\u0161 doplni\u0165 bielkoviny bez zmeny chuti<br data-start=\"630\" data-end=\"633\" \/><img decoding=\"async\" class=\"emoji\" role=\"img\" draggable=\"false\" src=\"https:\/\/s.w.org\/images\/core\/emoji\/15.0.3\/svg\/2705.svg\" alt=\"\u2705\" \/>\u00a0kombinovanie s vlastn\u00fdmi surovinami \u2013 ovoc\u00edm, kakaom, k\u00e1vou \u010di in\u00fdmi pr\u00edsadami pod\u013ea seba<br data-start=\"724\" data-end=\"727\" \/><img decoding=\"async\" class=\"emoji\" role=\"img\" draggable=\"false\" src=\"https:\/\/s.w.org\/images\/core\/emoji\/15.0.3\/svg\/2705.svg\" alt=\"\u2705\" \/>\u00a0\u0161portovcov, ktor\u00ed maj\u00fa citliv\u00e9 tr\u00e1venie alebo sa vyh\u00fdbaj\u00fa pr\u00edchutiam<\/p>\n<p data-start=\"801\" data-end=\"909\">2 odmerky = kvalitn\u00e9 bielkoviny pre rast a regener\u00e1ciu svalov<br data-start=\"865\" data-end=\"868\" \/>\u00a0\u017diadne pozl\u00e1tko. Len poctiv\u00e1 v\u00fd\u017eiva.<\/p>\n<p data-start=\"911\" data-end=\"1087\">Ak h\u013ead\u00e1\u0161 <strong data-start=\"924\" data-end=\"958\">\u010distotu, flexibilitu a kvalitu<\/strong>, toto je ten prav\u00fd prote\u00edn pre teba.<br data-start=\"995\" data-end=\"998\" \/>Pridaj ho do suplement\u00e1cie a d\u00e1vaj telu presne to, \u010do potrebuje \u2013 ni\u010d viac, ni\u010d menej.<\/p>\n<p data-start=\"1089\" data-end=\"1226\">Sk\u00fas ho a uvid\u00ed\u0161 rozdiel na vlastnej ko\u017ei!<\/p>","protected":false},"featured_media":34905,"template":"","meta":[],"product_cat":[610,609],"product_tag":[217,601,612],"wcpa_form_fields":null,"yoast_head":"<!-- This site is optimized with the Yoast SEO plugin v21.2 - https:\/\/yoast.com\/wordpress\/plugins\/seo\/ -->\n<title>Body Nutrition - Excelent 100% Whey Prote\u00edn -Natur\u00e1lny - fanzone.sk<\/title>\n<meta name=\"robots\" content=\"index, follow, max-snippet:-1, max-image-preview:large, max-video-preview:-1\" \/>\n<link rel=\"canonical\" href=\"https:\/\/fanzone.sk\/en\/product\/body-nutrition-excelent-100-whey-protein-naturalny\/\" \/>\n<meta property=\"og:locale\" content=\"en_US\" \/>\n<meta property=\"og:type\" content=\"article\" \/>\n<meta property=\"og:title\" content=\"Body Nutrition - Excelent 100% Whey Prote\u00edn -Natur\u00e1lny - fanzone.sk\" \/>\n<meta property=\"og:description\" content=\"\u00a0\u010cIST\u00c1 SILA BEZ KOMPROMISOV\u00a0\u00a0EXCELENT 100% Whey Protein Natural \u2013 bez pr\u00edchute, bez sladidiel, bez zbyto\u010dnost\u00ed! Nie si fan\u00fa\u0161ik ochuten\u00fdch prote\u00ednov?\u00a0Vad\u00ed ti ar\u00f3ma, sladidl\u00e1 alebo m\u00e1\u0161 vlastn\u00fd \u0161t\u00fdl pr\u00edpravy? \u00a0Tento prote\u00edn je maxim\u00e1lne \u010dist\u00fd\u00a0\u2013 len kvalitn\u00fd srv\u00e1tkov\u00fd koncentr\u00e1t, ide\u00e1lny na:\u00a0mie\u0161anie do smoothies, ka\u0161\u00ed, palaciniek alebo kedyko\u013evek, ke\u010f chce\u0161 doplni\u0165 bielkoviny bez zmeny chuti\u00a0kombinovanie s vlastn\u00fdmi surovinami \u2013 ovoc\u00edm, kakaom, k\u00e1vou \u010di in\u00fdmi pr\u00edsadami pod\u013ea seba\u00a0\u0161portovcov, ktor\u00ed maj\u00fa citliv\u00e9 tr\u00e1venie alebo sa vyh\u00fdbaj\u00fa pr\u00edchutiam 2 odmerky = kvalitn\u00e9 bielkoviny pre rast a regener\u00e1ciu svalov\u00a0\u017diadne pozl\u00e1tko. Len poctiv\u00e1 v\u00fd\u017eiva. Ak h\u013ead\u00e1\u0161 \u010distotu, flexibilitu a kvalitu, toto je ten prav\u00fd prote\u00edn pre teba.Pridaj ho do suplement\u00e1cie a d\u00e1vaj telu presne to, \u010do potrebuje \u2013 ni\u010d viac, ni\u010d menej. Sk\u00fas ho a uvid\u00ed\u0161 rozdiel na vlastnej ko\u017ei!\" \/>\n<meta property=\"og:url\" content=\"https:\/\/fanzone.sk\/en\/product\/body-nutrition-excelent-100-whey-protein-naturalny\/\" \/>\n<meta property=\"og:site_name\" content=\"fanzone.sk\" \/>\n<meta property=\"article:publisher\" content=\"https:\/\/www.facebook.com\/FANZONEsk\/\" \/>\n<meta property=\"article:modified_time\" content=\"2025-08-25T13:29:16+00:00\" \/>\n<meta property=\"og:image\" content=\"https:\/\/fanzone.sk\/wp-content\/uploads\/2025\/08\/prot-05.jpg\" \/>\n\t<meta property=\"og:image:width\" content=\"800\" \/>\n\t<meta property=\"og:image:height\" content=\"800\" \/>\n\t<meta property=\"og:image:type\" content=\"image\/jpeg\" \/>\n<meta name=\"twitter:card\" content=\"summary_large_image\" \/>\n<meta name=\"twitter:label1\" content=\"Est. reading time\" \/>\n\t<meta name=\"twitter:data1\" content=\"2 minutes\" \/>\n<script type=\"application\/ld+json\" class=\"yoast-schema-graph\">{\"@context\":\"https:\/\/schema.org\",\"@graph\":[{\"@type\":\"WebPage\",\"@id\":\"https:\/\/fanzone.sk\/produkt\/body-nutrition-excelent-100-whey-protein-naturalny\/\",\"url\":\"https:\/\/fanzone.sk\/produkt\/body-nutrition-excelent-100-whey-protein-naturalny\/\",\"name\":\"Body Nutrition - Excelent 100% Whey Prote\u00edn -Natur\u00e1lny - fanzone.sk\",\"isPartOf\":{\"@id\":\"https:\/\/fanzone.sk\/#website\"},\"datePublished\":\"2025-08-25T13:25:33+00:00\",\"dateModified\":\"2025-08-25T13:29:16+00:00\",\"breadcrumb\":{\"@id\":\"https:\/\/fanzone.sk\/produkt\/body-nutrition-excelent-100-whey-protein-naturalny\/#breadcrumb\"},\"inLanguage\":\"en-US\",\"potentialAction\":[{\"@type\":\"ReadAction\",\"target\":[\"https:\/\/fanzone.sk\/produkt\/body-nutrition-excelent-100-whey-protein-naturalny\/\"]}]},{\"@type\":\"BreadcrumbList\",\"@id\":\"https:\/\/fanzone.sk\/produkt\/body-nutrition-excelent-100-whey-protein-naturalny\/#breadcrumb\",\"itemListElement\":[{\"@type\":\"ListItem\",\"position\":1,\"name\":\"Home\",\"item\":\"https:\/\/fanzone.sk\/\"},{\"@type\":\"ListItem\",\"position\":2,\"name\":\"Obchod\",\"item\":\"https:\/\/fanzone.sk\/obchod\/\"},{\"@type\":\"ListItem\",\"position\":3,\"name\":\"Body Nutrition &#8211; Excelent 100% Whey Prote\u00edn -Natur\u00e1lny\"}]},{\"@type\":\"WebSite\",\"@id\":\"https:\/\/fanzone.sk\/#website\",\"url\":\"https:\/\/fanzone.sk\/\",\"name\":\"fanzone.sk\",\"description\":\"\",\"potentialAction\":[{\"@type\":\"SearchAction\",\"target\":{\"@type\":\"EntryPoint\",\"urlTemplate\":\"https:\/\/fanzone.sk\/?s={search_term_string}\"},\"query-input\":\"required name=search_term_string\"}],\"inLanguage\":\"en-US\"}]}<\/script>\n<!-- \/ Yoast SEO plugin. -->","yoast_head_json":{"title":"Body Nutrition - Excelent 100% Whey Prote\u00edn -Natur\u00e1lny - fanzone.sk","robots":{"index":"index","follow":"follow","max-snippet":"max-snippet:-1","max-image-preview":"max-image-preview:large","max-video-preview":"max-video-preview:-1"},"canonical":"https:\/\/fanzone.sk\/en\/product\/body-nutrition-excelent-100-whey-protein-naturalny\/","og_locale":"en_US","og_type":"article","og_title":"Body Nutrition - Excelent 100% Whey Prote\u00edn -Natur\u00e1lny - fanzone.sk","og_description":"\u00a0\u010cIST\u00c1 SILA BEZ KOMPROMISOV\u00a0\u00a0EXCELENT 100% Whey Protein Natural \u2013 bez pr\u00edchute, bez sladidiel, bez zbyto\u010dnost\u00ed! Nie si fan\u00fa\u0161ik ochuten\u00fdch prote\u00ednov?\u00a0Vad\u00ed ti ar\u00f3ma, sladidl\u00e1 alebo m\u00e1\u0161 vlastn\u00fd \u0161t\u00fdl pr\u00edpravy? \u00a0Tento prote\u00edn je maxim\u00e1lne \u010dist\u00fd\u00a0\u2013 len kvalitn\u00fd srv\u00e1tkov\u00fd koncentr\u00e1t, ide\u00e1lny na:\u00a0mie\u0161anie do smoothies, ka\u0161\u00ed, palaciniek alebo kedyko\u013evek, ke\u010f chce\u0161 doplni\u0165 bielkoviny bez zmeny chuti\u00a0kombinovanie s vlastn\u00fdmi surovinami \u2013 ovoc\u00edm, kakaom, k\u00e1vou \u010di in\u00fdmi pr\u00edsadami pod\u013ea seba\u00a0\u0161portovcov, ktor\u00ed maj\u00fa citliv\u00e9 tr\u00e1venie alebo sa vyh\u00fdbaj\u00fa pr\u00edchutiam 2 odmerky = kvalitn\u00e9 bielkoviny pre rast a regener\u00e1ciu svalov\u00a0\u017diadne pozl\u00e1tko. Len poctiv\u00e1 v\u00fd\u017eiva. Ak h\u013ead\u00e1\u0161 \u010distotu, flexibilitu a kvalitu, toto je ten prav\u00fd prote\u00edn pre teba.Pridaj ho do suplement\u00e1cie a d\u00e1vaj telu presne to, \u010do potrebuje \u2013 ni\u010d viac, ni\u010d menej. Sk\u00fas ho a uvid\u00ed\u0161 rozdiel na vlastnej ko\u017ei!","og_url":"https:\/\/fanzone.sk\/en\/product\/body-nutrition-excelent-100-whey-protein-naturalny\/","og_site_name":"fanzone.sk","article_publisher":"https:\/\/www.facebook.com\/FANZONEsk\/","article_modified_time":"2025-08-25T13:29:16+00:00","og_image":[{"width":800,"height":800,"url":"https:\/\/fanzone.sk\/wp-content\/uploads\/2025\/08\/prot-05.jpg","type":"image\/jpeg"}],"twitter_card":"summary_large_image","twitter_misc":{"Est. reading time":"2 minutes"},"schema":{"@context":"https:\/\/schema.org","@graph":[{"@type":"WebPage","@id":"https:\/\/fanzone.sk\/produkt\/body-nutrition-excelent-100-whey-protein-naturalny\/","url":"https:\/\/fanzone.sk\/produkt\/body-nutrition-excelent-100-whey-protein-naturalny\/","name":"Body Nutrition - Excelent 100% Whey Prote\u00edn -Natur\u00e1lny - fanzone.sk","isPartOf":{"@id":"https:\/\/fanzone.sk\/#website"},"datePublished":"2025-08-25T13:25:33+00:00","dateModified":"2025-08-25T13:29:16+00:00","breadcrumb":{"@id":"https:\/\/fanzone.sk\/produkt\/body-nutrition-excelent-100-whey-protein-naturalny\/#breadcrumb"},"inLanguage":"en-US","potentialAction":[{"@type":"ReadAction","target":["https:\/\/fanzone.sk\/produkt\/body-nutrition-excelent-100-whey-protein-naturalny\/"]}]},{"@type":"BreadcrumbList","@id":"https:\/\/fanzone.sk\/produkt\/body-nutrition-excelent-100-whey-protein-naturalny\/#breadcrumb","itemListElement":[{"@type":"ListItem","position":1,"name":"Home","item":"https:\/\/fanzone.sk\/"},{"@type":"ListItem","position":2,"name":"Obchod","item":"https:\/\/fanzone.sk\/obchod\/"},{"@type":"ListItem","position":3,"name":"Body Nutrition &#8211; Excelent 100% Whey Prote\u00edn -Natur\u00e1lny"}]},{"@type":"WebSite","@id":"https:\/\/fanzone.sk\/#website","url":"https:\/\/fanzone.sk\/","name":"fanzone.sk","description":"","potentialAction":[{"@type":"SearchAction","target":{"@type":"EntryPoint","urlTemplate":"https:\/\/fanzone.sk\/?s={search_term_string}"},"query-input":"required name=search_term_string"}],"inLanguage":"en-US"}]}},"_links":{"self":[{"href":"https:\/\/fanzone.sk\/en\/wp-json\/wp\/v2\/product\/34925"}],"collection":[{"href":"https:\/\/fanzone.sk\/en\/wp-json\/wp\/v2\/product"}],"about":[{"href":"https:\/\/fanzone.sk\/en\/wp-json\/wp\/v2\/types\/product"}],"wp:featuredmedia":[{"embeddable":true,"href":"https:\/\/fanzone.sk\/en\/wp-json\/wp\/v2\/media\/34905"}],"wp:attachment":[{"href":"https:\/\/fanzone.sk\/en\/wp-json\/wp\/v2\/media?parent=34925"}],"wp:term":[{"taxonomy":"product_cat","embeddable":true,"href":"https:\/\/fanzone.sk\/en\/wp-json\/wp\/v2\/product_cat?post=34925"},{"taxonomy":"product_tag","embeddable":true,"href":"https:\/\/fanzone.sk\/en\/wp-json\/wp\/v2\/product_tag?post=34925"}],"curies":[{"name":"wp","href":"https:\/\/api.w.org\/{rel}","templated":true}]}}