{"id":34929,"date":"2025-08-25T15:34:25","date_gmt":"2025-08-25T13:34:25","guid":{"rendered":"https:\/\/fanzone.sk\/?post_type=product&#038;p=34929"},"modified":"2025-08-25T15:36:42","modified_gmt":"2025-08-25T13:36:42","slug":"body-nutrition-excelent-100-whey-protein-citronovy-krem-cheesecake","status":"publish","type":"product","link":"https:\/\/fanzone.sk\/en\/product\/body-nutrition-excelent-100-whey-protein-citronovy-krem-cheesecake\/","title":{"rendered":"Body Nutrition &#8211; Excelent 100% Whey Prote\u00edn -Citr\u00f3nov\u00fd kr\u00e9m (cheesecake)"},"content":{"rendered":"<p><b class=\"html-b xdj266r x11i5rnm xat24cr x1mh8g0r xexx8yu x4uap5 x18d9i69 xkhd6sd x1hl2dhg x16tdsg8 x1vvkbs\">Osvie\u017euj\u00faci citr\u00f3nov\u00fd prote\u00edn \u2013 Perfektn\u00fd po n\u00e1ro\u010dnom tr\u00e9ningu!<\/b><\/p>\n<p>N\u00e1\u0161 kr\u00e9mov\u00fd citr\u00f3nov\u00fd prote\u00edn je skvelou vo\u013ebou najm\u00e4 po n\u00e1ro\u010dnom tr\u00e9ningu.<\/p>\n<p>Jemne citr\u00f3nov\u00e1 chu\u0165 tohto koktejlu v\u00e1s nielen poriadne osvie\u017ei, ale z\u00e1rove\u0148 dopln\u00ed potrebn\u00e9 bielkoviny.<\/p>\n<p>Do hotov\u00e9ho koktejlu m\u00f4\u017eete prida\u0165 limetku alebo m\u00e4tu a spolu s \u013eadom vytvor\u00edte dokonal\u00fd svie\u017ei fresh.<\/p>\n<p><strong>V\u00fdhody n\u00e1\u0161ho citr\u00f3nov\u00e9ho prote\u00ednu<\/strong><\/p>\n<ul>\n<li><b class=\"html-b xdj266r x11i5rnm xat24cr x1mh8g0r xexx8yu x4uap5 x18d9i69 xkhd6sd x1hl2dhg x16tdsg8 x1vvkbs\">27g bielkov\u00edn v ka\u017edej d\u00e1vke<\/b>: Podporuje rast svalovej hmoty a regener\u00e1ciu.<\/li>\n<li><b class=\"html-b xdj266r x11i5rnm xat24cr x1mh8g0r xexx8yu x4uap5 x18d9i69 xkhd6sd x1hl2dhg x16tdsg8 x1vvkbs\">Lahodn\u00e1 citr\u00f3nov\u00e1 chu\u0165<\/b>: Skvel\u00e1 s vodou aj mliekom.<\/li>\n<li><b class=\"html-b xdj266r x11i5rnm xat24cr x1mh8g0r xexx8yu x4uap5 x18d9i69 xkhd6sd x1hl2dhg x16tdsg8 x1vvkbs\">Jedine\u010dn\u00e1 kr\u00e9mov\u00e1 konzistencia<\/b>: Osvie\u017ei a pote\u0161\u00ed va\u0161e chu\u0165ov\u00e9 poh\u00e1riky.<\/li>\n<\/ul>\n<p>Ka\u017ed\u00e1 d\u00e1vka tohto drinku v\u00e1s o\u010dar\u00ed svojou v\u00fdnimo\u010dnou chu\u0165ou a z\u00e1rove\u0148 dopln\u00ed a\u017e 27g bielkov\u00edn, ktor\u00e9 s\u00fa v organizme \u013eahko str\u00e1vite\u013en\u00e9.<\/p>\n<p>Vysk\u00fa\u0161ajte n\u00e1\u0161<strong>\u00a0citr\u00f3nov\u00fd prote\u00edn<\/strong>\u00a0a za\u017eite nezamenite\u013en\u00fa chu\u0165, ktor\u00e1 v\u00e1s dostane.<\/p>\n<p>&nbsp;<\/p>","protected":false},"excerpt":{"rendered":"<p><b class=\"html-b xdj266r x11i5rnm xat24cr x1mh8g0r xexx8yu x4uap5 x18d9i69 xkhd6sd x1hl2dhg x16tdsg8 x1vvkbs\">Osvie\u017euj\u00faci citr\u00f3nov\u00fd prote\u00edn \u2013 Perfektn\u00fd po n\u00e1ro\u010dnom tr\u00e9ningu!<\/b><\/p>\n<p>N\u00e1\u0161 kr\u00e9mov\u00fd citr\u00f3nov\u00fd prote\u00edn je skvelou vo\u013ebou najm\u00e4 po n\u00e1ro\u010dnom tr\u00e9ningu.<\/p>\n<p>Jemne citr\u00f3nov\u00e1 chu\u0165 tohto koktejlu v\u00e1s nielen poriadne osvie\u017ei, ale z\u00e1rove\u0148 dopln\u00ed potrebn\u00e9 bielkoviny.<\/p>\n<p>Do hotov\u00e9ho koktejlu m\u00f4\u017eete prida\u0165 limetku alebo m\u00e4tu a spolu s \u013eadom vytvor\u00edte dokonal\u00fd svie\u017ei fresh.<\/p>\n<p><strong>V\u00fdhody n\u00e1\u0161ho citr\u00f3nov\u00e9ho prote\u00ednu<\/strong><\/p>\n<ul>\n<li><b class=\"html-b xdj266r x11i5rnm xat24cr x1mh8g0r xexx8yu x4uap5 x18d9i69 xkhd6sd x1hl2dhg x16tdsg8 x1vvkbs\">27g bielkov\u00edn v ka\u017edej d\u00e1vke<\/b>: Podporuje rast svalovej hmoty a regener\u00e1ciu.<\/li>\n<li><b class=\"html-b xdj266r x11i5rnm xat24cr x1mh8g0r xexx8yu x4uap5 x18d9i69 xkhd6sd x1hl2dhg x16tdsg8 x1vvkbs\">Lahodn\u00e1 citr\u00f3nov\u00e1 chu\u0165<\/b>: Skvel\u00e1 s vodou aj mliekom.<\/li>\n<li><b class=\"html-b xdj266r x11i5rnm xat24cr x1mh8g0r xexx8yu x4uap5 x18d9i69 xkhd6sd x1hl2dhg x16tdsg8 x1vvkbs\">Jedine\u010dn\u00e1 kr\u00e9mov\u00e1 konzistencia<\/b>: Osvie\u017ei a pote\u0161\u00ed va\u0161e chu\u0165ov\u00e9 poh\u00e1riky.<\/li>\n<\/ul>\n<p>Ka\u017ed\u00e1 d\u00e1vka tohto drinku v\u00e1s o\u010dar\u00ed svojou v\u00fdnimo\u010dnou chu\u0165ou a z\u00e1rove\u0148 dopln\u00ed a\u017e 27g bielkov\u00edn, ktor\u00e9 s\u00fa v organizme \u013eahko str\u00e1vite\u013en\u00e9.<\/p>\n<p>Vysk\u00fa\u0161ajte n\u00e1\u0161<strong>\u00a0citr\u00f3nov\u00fd prote\u00edn<\/strong>\u00a0a za\u017eite nezamenite\u013en\u00fa chu\u0165, ktor\u00e1 v\u00e1s dostane.<\/p>\n<p>&nbsp;<\/p>","protected":false},"featured_media":34903,"template":"","meta":[],"product_cat":[610,609],"product_tag":[217,601,612],"wcpa_form_fields":null,"yoast_head":"<!-- This site is optimized with the Yoast SEO plugin v21.2 - https:\/\/yoast.com\/wordpress\/plugins\/seo\/ -->\n<title>Body Nutrition - Excelent 100% Whey Prote\u00edn -Citr\u00f3nov\u00fd kr\u00e9m (cheesecake) - fanzone.sk<\/title>\n<meta name=\"robots\" content=\"index, follow, max-snippet:-1, max-image-preview:large, max-video-preview:-1\" \/>\n<link rel=\"canonical\" href=\"https:\/\/fanzone.sk\/en\/product\/body-nutrition-excelent-100-whey-protein-citronovy-krem-cheesecake\/\" \/>\n<meta property=\"og:locale\" content=\"en_US\" \/>\n<meta property=\"og:type\" content=\"article\" \/>\n<meta property=\"og:title\" content=\"Body Nutrition - Excelent 100% Whey Prote\u00edn -Citr\u00f3nov\u00fd kr\u00e9m (cheesecake) - fanzone.sk\" \/>\n<meta property=\"og:description\" content=\"Osvie\u017euj\u00faci citr\u00f3nov\u00fd prote\u00edn \u2013 Perfektn\u00fd po n\u00e1ro\u010dnom tr\u00e9ningu!  N\u00e1\u0161 kr\u00e9mov\u00fd citr\u00f3nov\u00fd prote\u00edn je skvelou vo\u013ebou najm\u00e4 po n\u00e1ro\u010dnom tr\u00e9ningu.  Jemne citr\u00f3nov\u00e1 chu\u0165 tohto koktejlu v\u00e1s nielen poriadne osvie\u017ei, ale z\u00e1rove\u0148 dopln\u00ed potrebn\u00e9 bielkoviny.  Do hotov\u00e9ho koktejlu m\u00f4\u017eete prida\u0165 limetku alebo m\u00e4tu a spolu s \u013eadom vytvor\u00edte dokonal\u00fd svie\u017ei fresh.  V\u00fdhody n\u00e1\u0161ho citr\u00f3nov\u00e9ho prote\u00ednu   27g bielkov\u00edn v ka\u017edej d\u00e1vke: Podporuje rast svalovej hmoty a regener\u00e1ciu.  Lahodn\u00e1 citr\u00f3nov\u00e1 chu\u0165: Skvel\u00e1 s vodou aj mliekom.  Jedine\u010dn\u00e1 kr\u00e9mov\u00e1 konzistencia: Osvie\u017ei a pote\u0161\u00ed va\u0161e chu\u0165ov\u00e9 poh\u00e1riky.  Ka\u017ed\u00e1 d\u00e1vka tohto drinku v\u00e1s o\u010dar\u00ed svojou v\u00fdnimo\u010dnou chu\u0165ou a z\u00e1rove\u0148 dopln\u00ed a\u017e 27g bielkov\u00edn, ktor\u00e9 s\u00fa v organizme \u013eahko str\u00e1vite\u013en\u00e9.  Vysk\u00fa\u0161ajte n\u00e1\u0161\u00a0citr\u00f3nov\u00fd prote\u00edn\u00a0a za\u017eite nezamenite\u013en\u00fa chu\u0165, ktor\u00e1 v\u00e1s dostane.  &nbsp;\" \/>\n<meta property=\"og:url\" content=\"https:\/\/fanzone.sk\/en\/product\/body-nutrition-excelent-100-whey-protein-citronovy-krem-cheesecake\/\" \/>\n<meta property=\"og:site_name\" content=\"fanzone.sk\" \/>\n<meta property=\"article:publisher\" content=\"https:\/\/www.facebook.com\/FANZONEsk\/\" \/>\n<meta property=\"article:modified_time\" content=\"2025-08-25T13:36:42+00:00\" \/>\n<meta property=\"og:image\" content=\"https:\/\/fanzone.sk\/wp-content\/uploads\/2025\/08\/prot-03.jpg\" \/>\n\t<meta property=\"og:image:width\" content=\"800\" \/>\n\t<meta property=\"og:image:height\" content=\"800\" \/>\n\t<meta property=\"og:image:type\" content=\"image\/jpeg\" \/>\n<meta name=\"twitter:card\" content=\"summary_large_image\" \/>\n<meta name=\"twitter:label1\" content=\"Est. reading time\" \/>\n\t<meta name=\"twitter:data1\" content=\"1 minute\" \/>\n<script type=\"application\/ld+json\" class=\"yoast-schema-graph\">{\"@context\":\"https:\/\/schema.org\",\"@graph\":[{\"@type\":\"WebPage\",\"@id\":\"https:\/\/fanzone.sk\/produkt\/body-nutrition-excelent-100-whey-protein-citronovy-krem-cheesecake\/\",\"url\":\"https:\/\/fanzone.sk\/produkt\/body-nutrition-excelent-100-whey-protein-citronovy-krem-cheesecake\/\",\"name\":\"Body Nutrition - Excelent 100% Whey Prote\u00edn -Citr\u00f3nov\u00fd kr\u00e9m (cheesecake) - fanzone.sk\",\"isPartOf\":{\"@id\":\"https:\/\/fanzone.sk\/#website\"},\"datePublished\":\"2025-08-25T13:34:25+00:00\",\"dateModified\":\"2025-08-25T13:36:42+00:00\",\"breadcrumb\":{\"@id\":\"https:\/\/fanzone.sk\/produkt\/body-nutrition-excelent-100-whey-protein-citronovy-krem-cheesecake\/#breadcrumb\"},\"inLanguage\":\"en-US\",\"potentialAction\":[{\"@type\":\"ReadAction\",\"target\":[\"https:\/\/fanzone.sk\/produkt\/body-nutrition-excelent-100-whey-protein-citronovy-krem-cheesecake\/\"]}]},{\"@type\":\"BreadcrumbList\",\"@id\":\"https:\/\/fanzone.sk\/produkt\/body-nutrition-excelent-100-whey-protein-citronovy-krem-cheesecake\/#breadcrumb\",\"itemListElement\":[{\"@type\":\"ListItem\",\"position\":1,\"name\":\"Home\",\"item\":\"https:\/\/fanzone.sk\/\"},{\"@type\":\"ListItem\",\"position\":2,\"name\":\"Obchod\",\"item\":\"https:\/\/fanzone.sk\/obchod\/\"},{\"@type\":\"ListItem\",\"position\":3,\"name\":\"Body Nutrition &#8211; Excelent 100% Whey Prote\u00edn -Citr\u00f3nov\u00fd kr\u00e9m (cheesecake)\"}]},{\"@type\":\"WebSite\",\"@id\":\"https:\/\/fanzone.sk\/#website\",\"url\":\"https:\/\/fanzone.sk\/\",\"name\":\"fanzone.sk\",\"description\":\"\",\"potentialAction\":[{\"@type\":\"SearchAction\",\"target\":{\"@type\":\"EntryPoint\",\"urlTemplate\":\"https:\/\/fanzone.sk\/?s={search_term_string}\"},\"query-input\":\"required name=search_term_string\"}],\"inLanguage\":\"en-US\"}]}<\/script>\n<!-- \/ Yoast SEO plugin. -->","yoast_head_json":{"title":"Body Nutrition - Excelent 100% Whey Prote\u00edn -Citr\u00f3nov\u00fd kr\u00e9m (cheesecake) - fanzone.sk","robots":{"index":"index","follow":"follow","max-snippet":"max-snippet:-1","max-image-preview":"max-image-preview:large","max-video-preview":"max-video-preview:-1"},"canonical":"https:\/\/fanzone.sk\/en\/product\/body-nutrition-excelent-100-whey-protein-citronovy-krem-cheesecake\/","og_locale":"en_US","og_type":"article","og_title":"Body Nutrition - Excelent 100% Whey Prote\u00edn -Citr\u00f3nov\u00fd kr\u00e9m (cheesecake) - fanzone.sk","og_description":"Osvie\u017euj\u00faci citr\u00f3nov\u00fd prote\u00edn \u2013 Perfektn\u00fd po n\u00e1ro\u010dnom tr\u00e9ningu!  N\u00e1\u0161 kr\u00e9mov\u00fd citr\u00f3nov\u00fd prote\u00edn je skvelou vo\u013ebou najm\u00e4 po n\u00e1ro\u010dnom tr\u00e9ningu.  Jemne citr\u00f3nov\u00e1 chu\u0165 tohto koktejlu v\u00e1s nielen poriadne osvie\u017ei, ale z\u00e1rove\u0148 dopln\u00ed potrebn\u00e9 bielkoviny.  Do hotov\u00e9ho koktejlu m\u00f4\u017eete prida\u0165 limetku alebo m\u00e4tu a spolu s \u013eadom vytvor\u00edte dokonal\u00fd svie\u017ei fresh.  V\u00fdhody n\u00e1\u0161ho citr\u00f3nov\u00e9ho prote\u00ednu   27g bielkov\u00edn v ka\u017edej d\u00e1vke: Podporuje rast svalovej hmoty a regener\u00e1ciu.  Lahodn\u00e1 citr\u00f3nov\u00e1 chu\u0165: Skvel\u00e1 s vodou aj mliekom.  Jedine\u010dn\u00e1 kr\u00e9mov\u00e1 konzistencia: Osvie\u017ei a pote\u0161\u00ed va\u0161e chu\u0165ov\u00e9 poh\u00e1riky.  Ka\u017ed\u00e1 d\u00e1vka tohto drinku v\u00e1s o\u010dar\u00ed svojou v\u00fdnimo\u010dnou chu\u0165ou a z\u00e1rove\u0148 dopln\u00ed a\u017e 27g bielkov\u00edn, ktor\u00e9 s\u00fa v organizme \u013eahko str\u00e1vite\u013en\u00e9.  Vysk\u00fa\u0161ajte n\u00e1\u0161\u00a0citr\u00f3nov\u00fd prote\u00edn\u00a0a za\u017eite nezamenite\u013en\u00fa chu\u0165, ktor\u00e1 v\u00e1s dostane.  &nbsp;","og_url":"https:\/\/fanzone.sk\/en\/product\/body-nutrition-excelent-100-whey-protein-citronovy-krem-cheesecake\/","og_site_name":"fanzone.sk","article_publisher":"https:\/\/www.facebook.com\/FANZONEsk\/","article_modified_time":"2025-08-25T13:36:42+00:00","og_image":[{"width":800,"height":800,"url":"https:\/\/fanzone.sk\/wp-content\/uploads\/2025\/08\/prot-03.jpg","type":"image\/jpeg"}],"twitter_card":"summary_large_image","twitter_misc":{"Est. reading time":"1 minute"},"schema":{"@context":"https:\/\/schema.org","@graph":[{"@type":"WebPage","@id":"https:\/\/fanzone.sk\/produkt\/body-nutrition-excelent-100-whey-protein-citronovy-krem-cheesecake\/","url":"https:\/\/fanzone.sk\/produkt\/body-nutrition-excelent-100-whey-protein-citronovy-krem-cheesecake\/","name":"Body Nutrition - Excelent 100% Whey Prote\u00edn -Citr\u00f3nov\u00fd kr\u00e9m (cheesecake) - fanzone.sk","isPartOf":{"@id":"https:\/\/fanzone.sk\/#website"},"datePublished":"2025-08-25T13:34:25+00:00","dateModified":"2025-08-25T13:36:42+00:00","breadcrumb":{"@id":"https:\/\/fanzone.sk\/produkt\/body-nutrition-excelent-100-whey-protein-citronovy-krem-cheesecake\/#breadcrumb"},"inLanguage":"en-US","potentialAction":[{"@type":"ReadAction","target":["https:\/\/fanzone.sk\/produkt\/body-nutrition-excelent-100-whey-protein-citronovy-krem-cheesecake\/"]}]},{"@type":"BreadcrumbList","@id":"https:\/\/fanzone.sk\/produkt\/body-nutrition-excelent-100-whey-protein-citronovy-krem-cheesecake\/#breadcrumb","itemListElement":[{"@type":"ListItem","position":1,"name":"Home","item":"https:\/\/fanzone.sk\/"},{"@type":"ListItem","position":2,"name":"Obchod","item":"https:\/\/fanzone.sk\/obchod\/"},{"@type":"ListItem","position":3,"name":"Body Nutrition &#8211; Excelent 100% Whey Prote\u00edn -Citr\u00f3nov\u00fd kr\u00e9m (cheesecake)"}]},{"@type":"WebSite","@id":"https:\/\/fanzone.sk\/#website","url":"https:\/\/fanzone.sk\/","name":"fanzone.sk","description":"","potentialAction":[{"@type":"SearchAction","target":{"@type":"EntryPoint","urlTemplate":"https:\/\/fanzone.sk\/?s={search_term_string}"},"query-input":"required name=search_term_string"}],"inLanguage":"en-US"}]}},"_links":{"self":[{"href":"https:\/\/fanzone.sk\/en\/wp-json\/wp\/v2\/product\/34929"}],"collection":[{"href":"https:\/\/fanzone.sk\/en\/wp-json\/wp\/v2\/product"}],"about":[{"href":"https:\/\/fanzone.sk\/en\/wp-json\/wp\/v2\/types\/product"}],"wp:featuredmedia":[{"embeddable":true,"href":"https:\/\/fanzone.sk\/en\/wp-json\/wp\/v2\/media\/34903"}],"wp:attachment":[{"href":"https:\/\/fanzone.sk\/en\/wp-json\/wp\/v2\/media?parent=34929"}],"wp:term":[{"taxonomy":"product_cat","embeddable":true,"href":"https:\/\/fanzone.sk\/en\/wp-json\/wp\/v2\/product_cat?post=34929"},{"taxonomy":"product_tag","embeddable":true,"href":"https:\/\/fanzone.sk\/en\/wp-json\/wp\/v2\/product_tag?post=34929"}],"curies":[{"name":"wp","href":"https:\/\/api.w.org\/{rel}","templated":true}]}}