{"id":34933,"date":"2025-08-25T15:42:47","date_gmt":"2025-08-25T13:42:47","guid":{"rendered":"https:\/\/fanzone.sk\/?post_type=product&#038;p=34933"},"modified":"2025-08-25T15:46:13","modified_gmt":"2025-08-25T13:46:13","slug":"body-nutrition-excelent-100-whey-protein-bananovy-krem","status":"publish","type":"product","link":"https:\/\/fanzone.sk\/en\/product\/body-nutrition-excelent-100-whey-protein-bananovy-krem\/","title":{"rendered":"Body Nutrition &#8211; Excelent 100% Whey Prote\u00edn &#8211; Ban\u00e1nov\u00fd kr\u00e9m"},"content":{"rendered":"<p><b class=\"html-b xdj266r x11i5rnm xat24cr x1mh8g0r xexx8yu x4uap5 x18d9i69 xkhd6sd x1hl2dhg x16tdsg8 x1vvkbs\">Milujete ban\u00e1ny? Vysk\u00fa\u0161ajte n\u00e1\u0161 fantastick\u00fd prote\u00edn!<\/b><\/p>\n<p>Ak si neviete predstavi\u0165 de\u0148 bez ban\u00e1novej lah\u00f4dky, tento prote\u00edn je pre v\u00e1s to prav\u00e9.<\/p>\n<p>Ka\u017ed\u00e1 d\u00e1vka v\u00e1s o\u010dar\u00ed svojou v\u00fdnimo\u010dnou chu\u0165ou a z\u00e1rove\u0148 dopln\u00ed a\u017e 2<b class=\"html-b xdj266r x11i5rnm xat24cr x1mh8g0r xexx8yu x4uap5 x18d9i69 xkhd6sd x1hl2dhg x16tdsg8 x1vvkbs\">7g bielkov\u00edn<\/b>, ktor\u00e9 s\u00fa v organizme\u00a0<b class=\"html-b xdj266r x11i5rnm xat24cr x1mh8g0r xexx8yu x4uap5 x18d9i69 xkhd6sd x1hl2dhg x16tdsg8 x1vvkbs\">\u013eahko str\u00e1vite\u013en\u00e9<\/b>. Tieto bielkoviny podporuj\u00fa\u00a0<b class=\"html-b xdj266r x11i5rnm xat24cr x1mh8g0r xexx8yu x4uap5 x18d9i69 xkhd6sd x1hl2dhg x16tdsg8 x1vvkbs\">rast svalovej hmoty a regener\u00e1ciu<\/b>.<\/p>\n<p><strong>V\u00fdhody n\u00e1\u0161ho ban\u00e1nov\u00e9ho prote\u00ednu:<\/strong><\/p>\n<ul>\n<li><b class=\"html-b xdj266r x11i5rnm xat24cr x1mh8g0r xexx8yu x4uap5 x18d9i69 xkhd6sd x1hl2dhg x16tdsg8 x1vvkbs\">27g bielkov\u00edn v ka\u017edej d\u00e1vke<\/b><\/li>\n<li><b class=\"html-b xdj266r x11i5rnm xat24cr x1mh8g0r xexx8yu x4uap5 x18d9i69 xkhd6sd x1hl2dhg x16tdsg8 x1vvkbs\">Podpora rastu svalovej hmoty a regener\u00e1cie<\/b><\/li>\n<li><b class=\"html-b xdj266r x11i5rnm xat24cr x1mh8g0r xexx8yu x4uap5 x18d9i69 xkhd6sd x1hl2dhg x16tdsg8 x1vvkbs\">Lahodn\u00e1 ban\u00e1nov\u00e1 chu\u0165<\/b>: \u00da\u017easne chut\u00ed s vodou alebo mliekom.<\/li>\n<li><b class=\"html-b xdj266r x11i5rnm xat24cr x1mh8g0r xexx8yu x4uap5 x18d9i69 xkhd6sd x1hl2dhg x16tdsg8 x1vvkbs\">Kr\u00e9mov\u00e1 konzistencia<\/b>: Pridajte ban\u00e1n do \u0161ejkru a za\u017eite nezamenite\u013en\u00fa chu\u0165.<\/li>\n<\/ul>\n<p>Skvel\u00e1 konzistencia prav\u00e9ho kokteilu s vysok\u00fdm obsahom bielkov\u00edn za fantastick\u00fa cenu.<\/p>\n<p>Jedine\u010dn\u00e1 chu\u0165, ktor\u00e1 je nezamenite\u013en\u00e1 so \u017eiadnym in\u00fdm prote\u00ednom na trhu.<\/p>\n<p>Vysk\u00fa\u0161ajte n\u00e1\u0161\u00a0<b class=\"html-b xdj266r x11i5rnm xat24cr x1mh8g0r xexx8yu x4uap5 x18d9i69 xkhd6sd x1hl2dhg x16tdsg8 x1vvkbs\">ban\u00e1nov\u00fd prote\u00edn<\/b>\u00a0a za\u017eite exceletn\u00fd chu\u0165ov\u00fd z\u00e1\u017eitok!<\/p>","protected":false},"excerpt":{"rendered":"<p><b class=\"html-b xdj266r x11i5rnm xat24cr x1mh8g0r xexx8yu x4uap5 x18d9i69 xkhd6sd x1hl2dhg x16tdsg8 x1vvkbs\">Milujete ban\u00e1ny? Vysk\u00fa\u0161ajte n\u00e1\u0161 fantastick\u00fd prote\u00edn!<\/b><\/p>\n<p>Ak si neviete predstavi\u0165 de\u0148 bez ban\u00e1novej lah\u00f4dky, tento prote\u00edn je pre v\u00e1s to prav\u00e9.<\/p>\n<p>Ka\u017ed\u00e1 d\u00e1vka v\u00e1s o\u010dar\u00ed svojou v\u00fdnimo\u010dnou chu\u0165ou a z\u00e1rove\u0148 dopln\u00ed a\u017e 2<b class=\"html-b xdj266r x11i5rnm xat24cr x1mh8g0r xexx8yu x4uap5 x18d9i69 xkhd6sd x1hl2dhg x16tdsg8 x1vvkbs\">7g bielkov\u00edn<\/b>, ktor\u00e9 s\u00fa v organizme\u00a0<b class=\"html-b xdj266r x11i5rnm xat24cr x1mh8g0r xexx8yu x4uap5 x18d9i69 xkhd6sd x1hl2dhg x16tdsg8 x1vvkbs\">\u013eahko str\u00e1vite\u013en\u00e9<\/b>. Tieto bielkoviny podporuj\u00fa\u00a0<b class=\"html-b xdj266r x11i5rnm xat24cr x1mh8g0r xexx8yu x4uap5 x18d9i69 xkhd6sd x1hl2dhg x16tdsg8 x1vvkbs\">rast svalovej hmoty a regener\u00e1ciu<\/b>.<\/p>\n<p><strong>V\u00fdhody n\u00e1\u0161ho ban\u00e1nov\u00e9ho prote\u00ednu:<\/strong><\/p>\n<ul>\n<li><b class=\"html-b xdj266r x11i5rnm xat24cr x1mh8g0r xexx8yu x4uap5 x18d9i69 xkhd6sd x1hl2dhg x16tdsg8 x1vvkbs\">27g bielkov\u00edn v ka\u017edej d\u00e1vke<\/b><\/li>\n<li><b class=\"html-b xdj266r x11i5rnm xat24cr x1mh8g0r xexx8yu x4uap5 x18d9i69 xkhd6sd x1hl2dhg x16tdsg8 x1vvkbs\">Podpora rastu svalovej hmoty a regener\u00e1cie<\/b><\/li>\n<li><b class=\"html-b xdj266r x11i5rnm xat24cr x1mh8g0r xexx8yu x4uap5 x18d9i69 xkhd6sd x1hl2dhg x16tdsg8 x1vvkbs\">Lahodn\u00e1 ban\u00e1nov\u00e1 chu\u0165<\/b>: \u00da\u017easne chut\u00ed s vodou alebo mliekom.<\/li>\n<li><b class=\"html-b xdj266r x11i5rnm xat24cr x1mh8g0r xexx8yu x4uap5 x18d9i69 xkhd6sd x1hl2dhg x16tdsg8 x1vvkbs\">Kr\u00e9mov\u00e1 konzistencia<\/b>: Pridajte ban\u00e1n do \u0161ejkru a za\u017eite nezamenite\u013en\u00fa chu\u0165.<\/li>\n<\/ul>\n<p>Skvel\u00e1 konzistencia prav\u00e9ho kokteilu s vysok\u00fdm obsahom bielkov\u00edn za fantastick\u00fa cenu.<\/p>\n<p>Jedine\u010dn\u00e1 chu\u0165, ktor\u00e1 je nezamenite\u013en\u00e1 so \u017eiadnym in\u00fdm prote\u00ednom na trhu.<\/p>\n<p>Vysk\u00fa\u0161ajte n\u00e1\u0161\u00a0<b class=\"html-b xdj266r x11i5rnm xat24cr x1mh8g0r xexx8yu x4uap5 x18d9i69 xkhd6sd x1hl2dhg x16tdsg8 x1vvkbs\">ban\u00e1nov\u00fd prote\u00edn<\/b>\u00a0a za\u017eite exceletn\u00fd chu\u0165ov\u00fd z\u00e1\u017eitok!<\/p>","protected":false},"featured_media":34934,"template":"","meta":[],"product_cat":[610,609],"product_tag":[217,601,612],"wcpa_form_fields":null,"yoast_head":"<!-- This site is optimized with the Yoast SEO plugin v21.2 - https:\/\/yoast.com\/wordpress\/plugins\/seo\/ -->\n<title>Body Nutrition - Excelent 100% Whey Prote\u00edn - Ban\u00e1nov\u00fd kr\u00e9m - fanzone.sk<\/title>\n<meta name=\"robots\" content=\"index, follow, max-snippet:-1, max-image-preview:large, max-video-preview:-1\" \/>\n<link rel=\"canonical\" href=\"https:\/\/fanzone.sk\/en\/product\/body-nutrition-excelent-100-whey-protein-bananovy-krem\/\" \/>\n<meta property=\"og:locale\" content=\"en_US\" \/>\n<meta property=\"og:type\" content=\"article\" \/>\n<meta property=\"og:title\" content=\"Body Nutrition - Excelent 100% Whey Prote\u00edn - Ban\u00e1nov\u00fd kr\u00e9m - fanzone.sk\" \/>\n<meta property=\"og:description\" content=\"Milujete ban\u00e1ny? Vysk\u00fa\u0161ajte n\u00e1\u0161 fantastick\u00fd prote\u00edn!  Ak si neviete predstavi\u0165 de\u0148 bez ban\u00e1novej lah\u00f4dky, tento prote\u00edn je pre v\u00e1s to prav\u00e9.  Ka\u017ed\u00e1 d\u00e1vka v\u00e1s o\u010dar\u00ed svojou v\u00fdnimo\u010dnou chu\u0165ou a z\u00e1rove\u0148 dopln\u00ed a\u017e 27g bielkov\u00edn, ktor\u00e9 s\u00fa v organizme\u00a0\u013eahko str\u00e1vite\u013en\u00e9. Tieto bielkoviny podporuj\u00fa\u00a0rast svalovej hmoty a regener\u00e1ciu.  V\u00fdhody n\u00e1\u0161ho ban\u00e1nov\u00e9ho prote\u00ednu:   27g bielkov\u00edn v ka\u017edej d\u00e1vke  Podpora rastu svalovej hmoty a regener\u00e1cie  Lahodn\u00e1 ban\u00e1nov\u00e1 chu\u0165: \u00da\u017easne chut\u00ed s vodou alebo mliekom.  Kr\u00e9mov\u00e1 konzistencia: Pridajte ban\u00e1n do \u0161ejkru a za\u017eite nezamenite\u013en\u00fa chu\u0165.  Skvel\u00e1 konzistencia prav\u00e9ho kokteilu s vysok\u00fdm obsahom bielkov\u00edn za fantastick\u00fa cenu.  Jedine\u010dn\u00e1 chu\u0165, ktor\u00e1 je nezamenite\u013en\u00e1 so \u017eiadnym in\u00fdm prote\u00ednom na trhu.  Vysk\u00fa\u0161ajte n\u00e1\u0161\u00a0ban\u00e1nov\u00fd prote\u00edn\u00a0a za\u017eite exceletn\u00fd chu\u0165ov\u00fd z\u00e1\u017eitok!\" \/>\n<meta property=\"og:url\" content=\"https:\/\/fanzone.sk\/en\/product\/body-nutrition-excelent-100-whey-protein-bananovy-krem\/\" \/>\n<meta property=\"og:site_name\" content=\"fanzone.sk\" \/>\n<meta property=\"article:publisher\" content=\"https:\/\/www.facebook.com\/FANZONEsk\/\" \/>\n<meta property=\"article:modified_time\" content=\"2025-08-25T13:46:13+00:00\" \/>\n<meta property=\"og:image\" content=\"https:\/\/fanzone.sk\/wp-content\/uploads\/2025\/08\/prot-02-1.jpg\" \/>\n\t<meta property=\"og:image:width\" content=\"800\" \/>\n\t<meta property=\"og:image:height\" content=\"800\" \/>\n\t<meta property=\"og:image:type\" content=\"image\/jpeg\" \/>\n<meta name=\"twitter:card\" content=\"summary_large_image\" \/>\n<meta name=\"twitter:label1\" content=\"Est. reading time\" \/>\n\t<meta name=\"twitter:data1\" content=\"1 minute\" \/>\n<script type=\"application\/ld+json\" class=\"yoast-schema-graph\">{\"@context\":\"https:\/\/schema.org\",\"@graph\":[{\"@type\":\"WebPage\",\"@id\":\"https:\/\/fanzone.sk\/produkt\/body-nutrition-excelent-100-whey-protein-bananovy-krem\/\",\"url\":\"https:\/\/fanzone.sk\/produkt\/body-nutrition-excelent-100-whey-protein-bananovy-krem\/\",\"name\":\"Body Nutrition - Excelent 100% Whey Prote\u00edn - Ban\u00e1nov\u00fd kr\u00e9m - fanzone.sk\",\"isPartOf\":{\"@id\":\"https:\/\/fanzone.sk\/#website\"},\"datePublished\":\"2025-08-25T13:42:47+00:00\",\"dateModified\":\"2025-08-25T13:46:13+00:00\",\"breadcrumb\":{\"@id\":\"https:\/\/fanzone.sk\/produkt\/body-nutrition-excelent-100-whey-protein-bananovy-krem\/#breadcrumb\"},\"inLanguage\":\"en-US\",\"potentialAction\":[{\"@type\":\"ReadAction\",\"target\":[\"https:\/\/fanzone.sk\/produkt\/body-nutrition-excelent-100-whey-protein-bananovy-krem\/\"]}]},{\"@type\":\"BreadcrumbList\",\"@id\":\"https:\/\/fanzone.sk\/produkt\/body-nutrition-excelent-100-whey-protein-bananovy-krem\/#breadcrumb\",\"itemListElement\":[{\"@type\":\"ListItem\",\"position\":1,\"name\":\"Home\",\"item\":\"https:\/\/fanzone.sk\/\"},{\"@type\":\"ListItem\",\"position\":2,\"name\":\"Obchod\",\"item\":\"https:\/\/fanzone.sk\/obchod\/\"},{\"@type\":\"ListItem\",\"position\":3,\"name\":\"Body Nutrition &#8211; Excelent 100% Whey Prote\u00edn &#8211; Ban\u00e1nov\u00fd kr\u00e9m\"}]},{\"@type\":\"WebSite\",\"@id\":\"https:\/\/fanzone.sk\/#website\",\"url\":\"https:\/\/fanzone.sk\/\",\"name\":\"fanzone.sk\",\"description\":\"\",\"potentialAction\":[{\"@type\":\"SearchAction\",\"target\":{\"@type\":\"EntryPoint\",\"urlTemplate\":\"https:\/\/fanzone.sk\/?s={search_term_string}\"},\"query-input\":\"required name=search_term_string\"}],\"inLanguage\":\"en-US\"}]}<\/script>\n<!-- \/ Yoast SEO plugin. -->","yoast_head_json":{"title":"Body Nutrition - Excelent 100% Whey Prote\u00edn - Ban\u00e1nov\u00fd kr\u00e9m - fanzone.sk","robots":{"index":"index","follow":"follow","max-snippet":"max-snippet:-1","max-image-preview":"max-image-preview:large","max-video-preview":"max-video-preview:-1"},"canonical":"https:\/\/fanzone.sk\/en\/product\/body-nutrition-excelent-100-whey-protein-bananovy-krem\/","og_locale":"en_US","og_type":"article","og_title":"Body Nutrition - Excelent 100% Whey Prote\u00edn - Ban\u00e1nov\u00fd kr\u00e9m - fanzone.sk","og_description":"Milujete ban\u00e1ny? Vysk\u00fa\u0161ajte n\u00e1\u0161 fantastick\u00fd prote\u00edn!  Ak si neviete predstavi\u0165 de\u0148 bez ban\u00e1novej lah\u00f4dky, tento prote\u00edn je pre v\u00e1s to prav\u00e9.  Ka\u017ed\u00e1 d\u00e1vka v\u00e1s o\u010dar\u00ed svojou v\u00fdnimo\u010dnou chu\u0165ou a z\u00e1rove\u0148 dopln\u00ed a\u017e 27g bielkov\u00edn, ktor\u00e9 s\u00fa v organizme\u00a0\u013eahko str\u00e1vite\u013en\u00e9. Tieto bielkoviny podporuj\u00fa\u00a0rast svalovej hmoty a regener\u00e1ciu.  V\u00fdhody n\u00e1\u0161ho ban\u00e1nov\u00e9ho prote\u00ednu:   27g bielkov\u00edn v ka\u017edej d\u00e1vke  Podpora rastu svalovej hmoty a regener\u00e1cie  Lahodn\u00e1 ban\u00e1nov\u00e1 chu\u0165: \u00da\u017easne chut\u00ed s vodou alebo mliekom.  Kr\u00e9mov\u00e1 konzistencia: Pridajte ban\u00e1n do \u0161ejkru a za\u017eite nezamenite\u013en\u00fa chu\u0165.  Skvel\u00e1 konzistencia prav\u00e9ho kokteilu s vysok\u00fdm obsahom bielkov\u00edn za fantastick\u00fa cenu.  Jedine\u010dn\u00e1 chu\u0165, ktor\u00e1 je nezamenite\u013en\u00e1 so \u017eiadnym in\u00fdm prote\u00ednom na trhu.  Vysk\u00fa\u0161ajte n\u00e1\u0161\u00a0ban\u00e1nov\u00fd prote\u00edn\u00a0a za\u017eite exceletn\u00fd chu\u0165ov\u00fd z\u00e1\u017eitok!","og_url":"https:\/\/fanzone.sk\/en\/product\/body-nutrition-excelent-100-whey-protein-bananovy-krem\/","og_site_name":"fanzone.sk","article_publisher":"https:\/\/www.facebook.com\/FANZONEsk\/","article_modified_time":"2025-08-25T13:46:13+00:00","og_image":[{"width":800,"height":800,"url":"https:\/\/fanzone.sk\/wp-content\/uploads\/2025\/08\/prot-02-1.jpg","type":"image\/jpeg"}],"twitter_card":"summary_large_image","twitter_misc":{"Est. reading time":"1 minute"},"schema":{"@context":"https:\/\/schema.org","@graph":[{"@type":"WebPage","@id":"https:\/\/fanzone.sk\/produkt\/body-nutrition-excelent-100-whey-protein-bananovy-krem\/","url":"https:\/\/fanzone.sk\/produkt\/body-nutrition-excelent-100-whey-protein-bananovy-krem\/","name":"Body Nutrition - Excelent 100% Whey Prote\u00edn - Ban\u00e1nov\u00fd kr\u00e9m - fanzone.sk","isPartOf":{"@id":"https:\/\/fanzone.sk\/#website"},"datePublished":"2025-08-25T13:42:47+00:00","dateModified":"2025-08-25T13:46:13+00:00","breadcrumb":{"@id":"https:\/\/fanzone.sk\/produkt\/body-nutrition-excelent-100-whey-protein-bananovy-krem\/#breadcrumb"},"inLanguage":"en-US","potentialAction":[{"@type":"ReadAction","target":["https:\/\/fanzone.sk\/produkt\/body-nutrition-excelent-100-whey-protein-bananovy-krem\/"]}]},{"@type":"BreadcrumbList","@id":"https:\/\/fanzone.sk\/produkt\/body-nutrition-excelent-100-whey-protein-bananovy-krem\/#breadcrumb","itemListElement":[{"@type":"ListItem","position":1,"name":"Home","item":"https:\/\/fanzone.sk\/"},{"@type":"ListItem","position":2,"name":"Obchod","item":"https:\/\/fanzone.sk\/obchod\/"},{"@type":"ListItem","position":3,"name":"Body Nutrition &#8211; Excelent 100% Whey Prote\u00edn &#8211; Ban\u00e1nov\u00fd kr\u00e9m"}]},{"@type":"WebSite","@id":"https:\/\/fanzone.sk\/#website","url":"https:\/\/fanzone.sk\/","name":"fanzone.sk","description":"","potentialAction":[{"@type":"SearchAction","target":{"@type":"EntryPoint","urlTemplate":"https:\/\/fanzone.sk\/?s={search_term_string}"},"query-input":"required name=search_term_string"}],"inLanguage":"en-US"}]}},"_links":{"self":[{"href":"https:\/\/fanzone.sk\/en\/wp-json\/wp\/v2\/product\/34933"}],"collection":[{"href":"https:\/\/fanzone.sk\/en\/wp-json\/wp\/v2\/product"}],"about":[{"href":"https:\/\/fanzone.sk\/en\/wp-json\/wp\/v2\/types\/product"}],"wp:featuredmedia":[{"embeddable":true,"href":"https:\/\/fanzone.sk\/en\/wp-json\/wp\/v2\/media\/34934"}],"wp:attachment":[{"href":"https:\/\/fanzone.sk\/en\/wp-json\/wp\/v2\/media?parent=34933"}],"wp:term":[{"taxonomy":"product_cat","embeddable":true,"href":"https:\/\/fanzone.sk\/en\/wp-json\/wp\/v2\/product_cat?post=34933"},{"taxonomy":"product_tag","embeddable":true,"href":"https:\/\/fanzone.sk\/en\/wp-json\/wp\/v2\/product_tag?post=34933"}],"curies":[{"name":"wp","href":"https:\/\/api.w.org\/{rel}","templated":true}]}}