{"id":34944,"date":"2025-08-25T15:51:28","date_gmt":"2025-08-25T13:51:28","guid":{"rendered":"https:\/\/fanzone.sk\/?post_type=product&#038;p=34944"},"modified":"2025-08-25T15:55:27","modified_gmt":"2025-08-25T13:55:27","slug":"body-nutrition-excelent-100-whey-protein-cokolada-kokos","status":"publish","type":"product","link":"https:\/\/fanzone.sk\/en\/product\/body-nutrition-excelent-100-whey-protein-cokolada-kokos\/","title":{"rendered":"Body Nutrition &#8211; Excelent 100% Whey Prote\u00edn &#8211; \u010cokol\u00e1da &#8211; kokos"},"content":{"rendered":"<p><strong>H\u013ead\u00e1te chutn\u00fd a zdrav\u00fd sp\u00f4sob, ako doplni\u0165 bielkoviny?<\/strong><\/p>\n<p>N\u00e1\u0161\u00a0<strong>\u010dokol\u00e1dovo-kokosov\u00fd prote\u00ednov\u00fd drink<\/strong>\u00a0je presne to, \u010do potrebujete!<\/p>\n<p>Tento v\u00fdnimo\u010dn\u00fd n\u00e1poj obsahuje v jednej d\u00e1vke len\u00a0<strong>5,5g sacharidov<\/strong>\u00a0a a\u017e\u00a0<strong>27g bielkov\u00edn<\/strong>. Skvel\u00e1 vo\u013eba pre v\u0161etk\u00fdch milovn\u00edkov \u010dokol\u00e1dov\u00fdch ty\u010diniek s kokosom, no s minimom cukru.<\/p>\n<p><strong>V\u00fdhody produktu:<\/strong><\/p>\n<ul>\n<li><strong>N\u00edzky obsah sacharidov:<\/strong>\u00a0Iba 5,5g sacharidov na d\u00e1vku.<\/li>\n<li><strong>Vysok\u00fd obsah bielkov\u00edn:<\/strong>\u00a0A\u017e 27g \u013eahko str\u00e1vite\u013en\u00fdch bielkov\u00edn na d\u00e1vku.<\/li>\n<li><strong>Lahodn\u00e1 chu\u0165:<\/strong>\u00a0Dokonale kombinuje \u010dokol\u00e1du a kokos, vhodn\u00fd na konzum\u00e1ciu s vodou aj s mliekom.<\/li>\n<li><strong>Podpora svalov\u00e9ho rastu a regener\u00e1cie:<\/strong>\u00a0Poskytuje potrebn\u00e9 stavebn\u00e9 l\u00e1tky na podporu rastu svalovej hmoty a regener\u00e1ciu.<\/li>\n<\/ul>\n<p>Tento jedine\u010dn\u00fd prote\u00ednov\u00fd drink v\u00e1s o\u010dar\u00ed svojou\u00a0<strong>v\u00fdnimo\u010dnou chu\u0165ou<\/strong>\u00a0a kvalitou, ktor\u00e1 je nezamenite\u013en\u00e1 s ak\u00fdmko\u013evek in\u00fdm prote\u00ednom na trhu.<\/p>\n<p>Vysk\u00fa\u0161ajte ho a presved\u010dte sa sami!<\/p>","protected":false},"excerpt":{"rendered":"<p><strong>H\u013ead\u00e1te chutn\u00fd a zdrav\u00fd sp\u00f4sob, ako doplni\u0165 bielkoviny?<\/strong><\/p>\n<p>N\u00e1\u0161\u00a0<strong>\u010dokol\u00e1dovo-kokosov\u00fd prote\u00ednov\u00fd drink<\/strong>\u00a0je presne to, \u010do potrebujete!<\/p>\n<p>Tento v\u00fdnimo\u010dn\u00fd n\u00e1poj obsahuje v jednej d\u00e1vke len\u00a0<strong>5,5g sacharidov<\/strong>\u00a0a a\u017e\u00a0<strong>27g bielkov\u00edn<\/strong>. Skvel\u00e1 vo\u013eba pre v\u0161etk\u00fdch milovn\u00edkov \u010dokol\u00e1dov\u00fdch ty\u010diniek s kokosom, no s minimom cukru.<\/p>\n<p><strong>V\u00fdhody produktu:<\/strong><\/p>\n<ul>\n<li><strong>N\u00edzky obsah sacharidov:<\/strong>\u00a0Iba 5,5g sacharidov na d\u00e1vku.<\/li>\n<li><strong>Vysok\u00fd obsah bielkov\u00edn:<\/strong>\u00a0A\u017e 27g \u013eahko str\u00e1vite\u013en\u00fdch bielkov\u00edn na d\u00e1vku.<\/li>\n<li><strong>Lahodn\u00e1 chu\u0165:<\/strong>\u00a0Dokonale kombinuje \u010dokol\u00e1du a kokos, vhodn\u00fd na konzum\u00e1ciu s vodou aj s mliekom.<\/li>\n<li><strong>Podpora svalov\u00e9ho rastu a regener\u00e1cie:<\/strong>\u00a0Poskytuje potrebn\u00e9 stavebn\u00e9 l\u00e1tky na podporu rastu svalovej hmoty a regener\u00e1ciu.<\/li>\n<\/ul>\n<p>Tento jedine\u010dn\u00fd prote\u00ednov\u00fd drink v\u00e1s o\u010dar\u00ed svojou\u00a0<strong>v\u00fdnimo\u010dnou chu\u0165ou<\/strong>\u00a0a kvalitou, ktor\u00e1 je nezamenite\u013en\u00e1 s ak\u00fdmko\u013evek in\u00fdm prote\u00ednom na trhu.<\/p>\n<p>Vysk\u00fa\u0161ajte ho a presved\u010dte sa sami!<\/p>","protected":false},"featured_media":34936,"template":"","meta":[],"product_cat":[610,609],"product_tag":[217,601,612],"wcpa_form_fields":null,"yoast_head":"<!-- This site is optimized with the Yoast SEO plugin v21.2 - https:\/\/yoast.com\/wordpress\/plugins\/seo\/ -->\n<title>Body Nutrition - Excelent 100% Whey Prote\u00edn - \u010cokol\u00e1da - kokos - fanzone.sk<\/title>\n<meta name=\"robots\" content=\"index, follow, max-snippet:-1, max-image-preview:large, max-video-preview:-1\" \/>\n<link rel=\"canonical\" href=\"https:\/\/fanzone.sk\/en\/product\/body-nutrition-excelent-100-whey-protein-cokolada-kokos\/\" \/>\n<meta property=\"og:locale\" content=\"en_US\" \/>\n<meta property=\"og:type\" content=\"article\" \/>\n<meta property=\"og:title\" content=\"Body Nutrition - Excelent 100% Whey Prote\u00edn - \u010cokol\u00e1da - kokos - fanzone.sk\" \/>\n<meta property=\"og:description\" content=\"H\u013ead\u00e1te chutn\u00fd a zdrav\u00fd sp\u00f4sob, ako doplni\u0165 bielkoviny?  N\u00e1\u0161\u00a0\u010dokol\u00e1dovo-kokosov\u00fd prote\u00ednov\u00fd drink\u00a0je presne to, \u010do potrebujete!  Tento v\u00fdnimo\u010dn\u00fd n\u00e1poj obsahuje v jednej d\u00e1vke len\u00a05,5g sacharidov\u00a0a a\u017e\u00a027g bielkov\u00edn. Skvel\u00e1 vo\u013eba pre v\u0161etk\u00fdch milovn\u00edkov \u010dokol\u00e1dov\u00fdch ty\u010diniek s kokosom, no s minimom cukru.  V\u00fdhody produktu:   N\u00edzky obsah sacharidov:\u00a0Iba 5,5g sacharidov na d\u00e1vku.  Vysok\u00fd obsah bielkov\u00edn:\u00a0A\u017e 27g \u013eahko str\u00e1vite\u013en\u00fdch bielkov\u00edn na d\u00e1vku.  Lahodn\u00e1 chu\u0165:\u00a0Dokonale kombinuje \u010dokol\u00e1du a kokos, vhodn\u00fd na konzum\u00e1ciu s vodou aj s mliekom.  Podpora svalov\u00e9ho rastu a regener\u00e1cie:\u00a0Poskytuje potrebn\u00e9 stavebn\u00e9 l\u00e1tky na podporu rastu svalovej hmoty a regener\u00e1ciu.  Tento jedine\u010dn\u00fd prote\u00ednov\u00fd drink v\u00e1s o\u010dar\u00ed svojou\u00a0v\u00fdnimo\u010dnou chu\u0165ou\u00a0a kvalitou, ktor\u00e1 je nezamenite\u013en\u00e1 s ak\u00fdmko\u013evek in\u00fdm prote\u00ednom na trhu.  Vysk\u00fa\u0161ajte ho a presved\u010dte sa sami!\" \/>\n<meta property=\"og:url\" content=\"https:\/\/fanzone.sk\/en\/product\/body-nutrition-excelent-100-whey-protein-cokolada-kokos\/\" \/>\n<meta property=\"og:site_name\" content=\"fanzone.sk\" \/>\n<meta property=\"article:publisher\" content=\"https:\/\/www.facebook.com\/FANZONEsk\/\" \/>\n<meta property=\"article:modified_time\" content=\"2025-08-25T13:55:27+00:00\" \/>\n<meta property=\"og:image\" content=\"https:\/\/fanzone.sk\/wp-content\/uploads\/2025\/08\/prot-08.jpg\" \/>\n\t<meta property=\"og:image:width\" content=\"800\" \/>\n\t<meta property=\"og:image:height\" content=\"800\" \/>\n\t<meta property=\"og:image:type\" content=\"image\/jpeg\" \/>\n<meta name=\"twitter:card\" content=\"summary_large_image\" \/>\n<meta name=\"twitter:label1\" content=\"Est. reading time\" \/>\n\t<meta name=\"twitter:data1\" content=\"1 minute\" \/>\n<script type=\"application\/ld+json\" class=\"yoast-schema-graph\">{\"@context\":\"https:\/\/schema.org\",\"@graph\":[{\"@type\":\"WebPage\",\"@id\":\"https:\/\/fanzone.sk\/produkt\/body-nutrition-excelent-100-whey-protein-cokolada-kokos\/\",\"url\":\"https:\/\/fanzone.sk\/produkt\/body-nutrition-excelent-100-whey-protein-cokolada-kokos\/\",\"name\":\"Body Nutrition - Excelent 100% Whey Prote\u00edn - \u010cokol\u00e1da - kokos - fanzone.sk\",\"isPartOf\":{\"@id\":\"https:\/\/fanzone.sk\/#website\"},\"datePublished\":\"2025-08-25T13:51:28+00:00\",\"dateModified\":\"2025-08-25T13:55:27+00:00\",\"breadcrumb\":{\"@id\":\"https:\/\/fanzone.sk\/produkt\/body-nutrition-excelent-100-whey-protein-cokolada-kokos\/#breadcrumb\"},\"inLanguage\":\"en-US\",\"potentialAction\":[{\"@type\":\"ReadAction\",\"target\":[\"https:\/\/fanzone.sk\/produkt\/body-nutrition-excelent-100-whey-protein-cokolada-kokos\/\"]}]},{\"@type\":\"BreadcrumbList\",\"@id\":\"https:\/\/fanzone.sk\/produkt\/body-nutrition-excelent-100-whey-protein-cokolada-kokos\/#breadcrumb\",\"itemListElement\":[{\"@type\":\"ListItem\",\"position\":1,\"name\":\"Home\",\"item\":\"https:\/\/fanzone.sk\/\"},{\"@type\":\"ListItem\",\"position\":2,\"name\":\"Obchod\",\"item\":\"https:\/\/fanzone.sk\/obchod\/\"},{\"@type\":\"ListItem\",\"position\":3,\"name\":\"Body Nutrition &#8211; Excelent 100% Whey Prote\u00edn &#8211; \u010cokol\u00e1da &#8211; kokos\"}]},{\"@type\":\"WebSite\",\"@id\":\"https:\/\/fanzone.sk\/#website\",\"url\":\"https:\/\/fanzone.sk\/\",\"name\":\"fanzone.sk\",\"description\":\"\",\"potentialAction\":[{\"@type\":\"SearchAction\",\"target\":{\"@type\":\"EntryPoint\",\"urlTemplate\":\"https:\/\/fanzone.sk\/?s={search_term_string}\"},\"query-input\":\"required name=search_term_string\"}],\"inLanguage\":\"en-US\"}]}<\/script>\n<!-- \/ Yoast SEO plugin. -->","yoast_head_json":{"title":"Body Nutrition - Excelent 100% Whey Prote\u00edn - \u010cokol\u00e1da - kokos - fanzone.sk","robots":{"index":"index","follow":"follow","max-snippet":"max-snippet:-1","max-image-preview":"max-image-preview:large","max-video-preview":"max-video-preview:-1"},"canonical":"https:\/\/fanzone.sk\/en\/product\/body-nutrition-excelent-100-whey-protein-cokolada-kokos\/","og_locale":"en_US","og_type":"article","og_title":"Body Nutrition - Excelent 100% Whey Prote\u00edn - \u010cokol\u00e1da - kokos - fanzone.sk","og_description":"H\u013ead\u00e1te chutn\u00fd a zdrav\u00fd sp\u00f4sob, ako doplni\u0165 bielkoviny?  N\u00e1\u0161\u00a0\u010dokol\u00e1dovo-kokosov\u00fd prote\u00ednov\u00fd drink\u00a0je presne to, \u010do potrebujete!  Tento v\u00fdnimo\u010dn\u00fd n\u00e1poj obsahuje v jednej d\u00e1vke len\u00a05,5g sacharidov\u00a0a a\u017e\u00a027g bielkov\u00edn. Skvel\u00e1 vo\u013eba pre v\u0161etk\u00fdch milovn\u00edkov \u010dokol\u00e1dov\u00fdch ty\u010diniek s kokosom, no s minimom cukru.  V\u00fdhody produktu:   N\u00edzky obsah sacharidov:\u00a0Iba 5,5g sacharidov na d\u00e1vku.  Vysok\u00fd obsah bielkov\u00edn:\u00a0A\u017e 27g \u013eahko str\u00e1vite\u013en\u00fdch bielkov\u00edn na d\u00e1vku.  Lahodn\u00e1 chu\u0165:\u00a0Dokonale kombinuje \u010dokol\u00e1du a kokos, vhodn\u00fd na konzum\u00e1ciu s vodou aj s mliekom.  Podpora svalov\u00e9ho rastu a regener\u00e1cie:\u00a0Poskytuje potrebn\u00e9 stavebn\u00e9 l\u00e1tky na podporu rastu svalovej hmoty a regener\u00e1ciu.  Tento jedine\u010dn\u00fd prote\u00ednov\u00fd drink v\u00e1s o\u010dar\u00ed svojou\u00a0v\u00fdnimo\u010dnou chu\u0165ou\u00a0a kvalitou, ktor\u00e1 je nezamenite\u013en\u00e1 s ak\u00fdmko\u013evek in\u00fdm prote\u00ednom na trhu.  Vysk\u00fa\u0161ajte ho a presved\u010dte sa sami!","og_url":"https:\/\/fanzone.sk\/en\/product\/body-nutrition-excelent-100-whey-protein-cokolada-kokos\/","og_site_name":"fanzone.sk","article_publisher":"https:\/\/www.facebook.com\/FANZONEsk\/","article_modified_time":"2025-08-25T13:55:27+00:00","og_image":[{"width":800,"height":800,"url":"https:\/\/fanzone.sk\/wp-content\/uploads\/2025\/08\/prot-08.jpg","type":"image\/jpeg"}],"twitter_card":"summary_large_image","twitter_misc":{"Est. reading time":"1 minute"},"schema":{"@context":"https:\/\/schema.org","@graph":[{"@type":"WebPage","@id":"https:\/\/fanzone.sk\/produkt\/body-nutrition-excelent-100-whey-protein-cokolada-kokos\/","url":"https:\/\/fanzone.sk\/produkt\/body-nutrition-excelent-100-whey-protein-cokolada-kokos\/","name":"Body Nutrition - Excelent 100% Whey Prote\u00edn - \u010cokol\u00e1da - kokos - fanzone.sk","isPartOf":{"@id":"https:\/\/fanzone.sk\/#website"},"datePublished":"2025-08-25T13:51:28+00:00","dateModified":"2025-08-25T13:55:27+00:00","breadcrumb":{"@id":"https:\/\/fanzone.sk\/produkt\/body-nutrition-excelent-100-whey-protein-cokolada-kokos\/#breadcrumb"},"inLanguage":"en-US","potentialAction":[{"@type":"ReadAction","target":["https:\/\/fanzone.sk\/produkt\/body-nutrition-excelent-100-whey-protein-cokolada-kokos\/"]}]},{"@type":"BreadcrumbList","@id":"https:\/\/fanzone.sk\/produkt\/body-nutrition-excelent-100-whey-protein-cokolada-kokos\/#breadcrumb","itemListElement":[{"@type":"ListItem","position":1,"name":"Home","item":"https:\/\/fanzone.sk\/"},{"@type":"ListItem","position":2,"name":"Obchod","item":"https:\/\/fanzone.sk\/obchod\/"},{"@type":"ListItem","position":3,"name":"Body Nutrition &#8211; Excelent 100% Whey Prote\u00edn &#8211; \u010cokol\u00e1da &#8211; kokos"}]},{"@type":"WebSite","@id":"https:\/\/fanzone.sk\/#website","url":"https:\/\/fanzone.sk\/","name":"fanzone.sk","description":"","potentialAction":[{"@type":"SearchAction","target":{"@type":"EntryPoint","urlTemplate":"https:\/\/fanzone.sk\/?s={search_term_string}"},"query-input":"required name=search_term_string"}],"inLanguage":"en-US"}]}},"_links":{"self":[{"href":"https:\/\/fanzone.sk\/en\/wp-json\/wp\/v2\/product\/34944"}],"collection":[{"href":"https:\/\/fanzone.sk\/en\/wp-json\/wp\/v2\/product"}],"about":[{"href":"https:\/\/fanzone.sk\/en\/wp-json\/wp\/v2\/types\/product"}],"wp:featuredmedia":[{"embeddable":true,"href":"https:\/\/fanzone.sk\/en\/wp-json\/wp\/v2\/media\/34936"}],"wp:attachment":[{"href":"https:\/\/fanzone.sk\/en\/wp-json\/wp\/v2\/media?parent=34944"}],"wp:term":[{"taxonomy":"product_cat","embeddable":true,"href":"https:\/\/fanzone.sk\/en\/wp-json\/wp\/v2\/product_cat?post=34944"},{"taxonomy":"product_tag","embeddable":true,"href":"https:\/\/fanzone.sk\/en\/wp-json\/wp\/v2\/product_tag?post=34944"}],"curies":[{"name":"wp","href":"https:\/\/api.w.org\/{rel}","templated":true}]}}