{"id":34956,"date":"2025-08-27T15:36:09","date_gmt":"2025-08-27T13:36:09","guid":{"rendered":"https:\/\/fanzone.sk\/?post_type=product&#038;p=34956"},"modified":"2025-08-27T15:42:04","modified_gmt":"2025-08-27T13:42:04","slug":"body-nutrition-excelent-100-whey-protein-cappucino","status":"publish","type":"product","link":"https:\/\/fanzone.sk\/en\/product\/body-nutrition-excelent-100-whey-protein-cappucino\/","title":{"rendered":"Body Nutrition &#8211; Excelent 100% Whey Prote\u00edn &#8211; Cappucino"},"content":{"rendered":"<p><strong>Si milovn\u00edk k\u00e1vy? Tento prote\u00ednov\u00fd drink je pre v\u00e1s!<\/strong><\/p>\n<p>Objavte chu\u0165 pravej talianskej bezkofe\u00ednovej k\u00e1vy v na\u0161om\u00a0<strong>prote\u00ednovom drinku<\/strong>, ktor\u00fd si v\u00e1s okam\u017eite z\u00edska.<\/p>\n<p>Vychutnajte si ho s mliekom, vodou alebo ako lahodn\u00fd drink v podobe \u013eadovej k\u00e1vy.<\/p>\n<p>Sta\u010d\u00ed v\u00e1m prote\u00edn, \u0161ejker, voda\/mlieko a kocky \u013eadu a m\u00e1te \u00fa\u017easn\u00fd n\u00e1poj pln\u00fd bielkov\u00edn, ide\u00e1lny na vychutnanie s priate\u013emi.<\/p>\n<p><strong>V\u00fdhody produktu:<\/strong><\/p>\n<ul>\n<li><strong>Vysok\u00fd obsah bielkov\u00edn:<\/strong>\u00a0Ka\u017ed\u00e1 d\u00e1vka obsahuje a\u017e 27g \u013eahko str\u00e1vite\u013en\u00fdch bielkov\u00edn.<\/li>\n<li><strong>N\u00edzky obsah sacharidov:<\/strong>\u00a0Vhodn\u00fd pre t\u00fdch, \u010do sleduj\u00fa svoj pr\u00edjem sacharidov.<\/li>\n<li><strong>Jedine\u010dn\u00e1 chu\u0165:<\/strong>\u00a0Prav\u00e1 talianska bezkofe\u00ednov\u00e1 k\u00e1va pre milovn\u00edkov k\u00e1vy.<\/li>\n<li><strong>Podpora svalov\u00e9ho rastu a regener\u00e1cie:<\/strong>\u00a0Poskytuje potrebn\u00e9 stavebn\u00e9 l\u00e1tky na podporu rastu svalovej hmoty a regener\u00e1ciu.<\/li>\n<li><strong>Univerz\u00e1lne pou\u017eitie:<\/strong>\u00a0Perfektn\u00fd s mliekom, vodou alebo ako \u013eadov\u00e1 k\u00e1va.<\/li>\n<\/ul>\n<p>Tento prote\u00ednov\u00fd drink v\u00e1s o\u010dar\u00ed svojou\u00a0<strong>v\u00fdnimo\u010dnou chu\u0165ou<\/strong>\u00a0a kvalitou, ktor\u00e1 je nezamenite\u013en\u00e1 s ak\u00fdmko\u013evek in\u00fdm prote\u00ednom na trhu. Sk\u00faste ho a za\u017eite lahodn\u00fd n\u00e1poj pln\u00fd bielkov\u00edn!<\/p>","protected":false},"excerpt":{"rendered":"<p><strong>Si milovn\u00edk k\u00e1vy? Tento prote\u00ednov\u00fd drink je pre v\u00e1s!<\/strong><\/p>\n<p>Objavte chu\u0165 pravej talianskej bezkofe\u00ednovej k\u00e1vy v na\u0161om\u00a0<strong>prote\u00ednovom drinku<\/strong>, ktor\u00fd si v\u00e1s okam\u017eite z\u00edska.<\/p>\n<p>Vychutnajte si ho s mliekom, vodou alebo ako lahodn\u00fd drink v podobe \u013eadovej k\u00e1vy.<\/p>\n<p>Sta\u010d\u00ed v\u00e1m prote\u00edn, \u0161ejker, voda\/mlieko a kocky \u013eadu a m\u00e1te \u00fa\u017easn\u00fd n\u00e1poj pln\u00fd bielkov\u00edn, ide\u00e1lny na vychutnanie s priate\u013emi.<\/p>\n<p><strong>V\u00fdhody produktu:<\/strong><\/p>\n<ul>\n<li><strong>Vysok\u00fd obsah bielkov\u00edn:<\/strong>\u00a0Ka\u017ed\u00e1 d\u00e1vka obsahuje a\u017e 27g \u013eahko str\u00e1vite\u013en\u00fdch bielkov\u00edn.<\/li>\n<li><strong>N\u00edzky obsah sacharidov:<\/strong>\u00a0Vhodn\u00fd pre t\u00fdch, \u010do sleduj\u00fa svoj pr\u00edjem sacharidov.<\/li>\n<li><strong>Jedine\u010dn\u00e1 chu\u0165:<\/strong>\u00a0Prav\u00e1 talianska bezkofe\u00ednov\u00e1 k\u00e1va pre milovn\u00edkov k\u00e1vy.<\/li>\n<li><strong>Podpora svalov\u00e9ho rastu a regener\u00e1cie:<\/strong>\u00a0Poskytuje potrebn\u00e9 stavebn\u00e9 l\u00e1tky na podporu rastu svalovej hmoty a regener\u00e1ciu.<\/li>\n<li><strong>Univerz\u00e1lne pou\u017eitie:<\/strong>\u00a0Perfektn\u00fd s mliekom, vodou alebo ako \u013eadov\u00e1 k\u00e1va.<\/li>\n<\/ul>\n<p>Tento prote\u00ednov\u00fd drink v\u00e1s o\u010dar\u00ed svojou\u00a0<strong>v\u00fdnimo\u010dnou chu\u0165ou<\/strong>\u00a0a kvalitou, ktor\u00e1 je nezamenite\u013en\u00e1 s ak\u00fdmko\u013evek in\u00fdm prote\u00ednom na trhu. Sk\u00faste ho a za\u017eite lahodn\u00fd n\u00e1poj pln\u00fd bielkov\u00edn!<\/p>","protected":false},"featured_media":34937,"template":"","meta":[],"product_cat":[610,609],"product_tag":[217,601,612],"wcpa_form_fields":null,"yoast_head":"<!-- This site is optimized with the Yoast SEO plugin v21.2 - https:\/\/yoast.com\/wordpress\/plugins\/seo\/ -->\n<title>Body Nutrition - Excelent 100% Whey Prote\u00edn - Cappucino - fanzone.sk<\/title>\n<meta name=\"robots\" content=\"index, follow, max-snippet:-1, max-image-preview:large, max-video-preview:-1\" \/>\n<link rel=\"canonical\" href=\"https:\/\/fanzone.sk\/en\/product\/body-nutrition-excelent-100-whey-protein-cappucino\/\" \/>\n<meta property=\"og:locale\" content=\"en_US\" \/>\n<meta property=\"og:type\" content=\"article\" \/>\n<meta property=\"og:title\" content=\"Body Nutrition - Excelent 100% Whey Prote\u00edn - Cappucino - fanzone.sk\" \/>\n<meta property=\"og:description\" content=\"Si milovn\u00edk k\u00e1vy? Tento prote\u00ednov\u00fd drink je pre v\u00e1s!  Objavte chu\u0165 pravej talianskej bezkofe\u00ednovej k\u00e1vy v na\u0161om\u00a0prote\u00ednovom drinku, ktor\u00fd si v\u00e1s okam\u017eite z\u00edska.  Vychutnajte si ho s mliekom, vodou alebo ako lahodn\u00fd drink v podobe \u013eadovej k\u00e1vy.  Sta\u010d\u00ed v\u00e1m prote\u00edn, \u0161ejker, voda\/mlieko a kocky \u013eadu a m\u00e1te \u00fa\u017easn\u00fd n\u00e1poj pln\u00fd bielkov\u00edn, ide\u00e1lny na vychutnanie s priate\u013emi.  V\u00fdhody produktu:   Vysok\u00fd obsah bielkov\u00edn:\u00a0Ka\u017ed\u00e1 d\u00e1vka obsahuje a\u017e 27g \u013eahko str\u00e1vite\u013en\u00fdch bielkov\u00edn.  N\u00edzky obsah sacharidov:\u00a0Vhodn\u00fd pre t\u00fdch, \u010do sleduj\u00fa svoj pr\u00edjem sacharidov.  Jedine\u010dn\u00e1 chu\u0165:\u00a0Prav\u00e1 talianska bezkofe\u00ednov\u00e1 k\u00e1va pre milovn\u00edkov k\u00e1vy.  Podpora svalov\u00e9ho rastu a regener\u00e1cie:\u00a0Poskytuje potrebn\u00e9 stavebn\u00e9 l\u00e1tky na podporu rastu svalovej hmoty a regener\u00e1ciu.  Univerz\u00e1lne pou\u017eitie:\u00a0Perfektn\u00fd s mliekom, vodou alebo ako \u013eadov\u00e1 k\u00e1va.  Tento prote\u00ednov\u00fd drink v\u00e1s o\u010dar\u00ed svojou\u00a0v\u00fdnimo\u010dnou chu\u0165ou\u00a0a kvalitou, ktor\u00e1 je nezamenite\u013en\u00e1 s ak\u00fdmko\u013evek in\u00fdm prote\u00ednom na trhu. Sk\u00faste ho a za\u017eite lahodn\u00fd n\u00e1poj pln\u00fd bielkov\u00edn!\" \/>\n<meta property=\"og:url\" content=\"https:\/\/fanzone.sk\/en\/product\/body-nutrition-excelent-100-whey-protein-cappucino\/\" \/>\n<meta property=\"og:site_name\" content=\"fanzone.sk\" \/>\n<meta property=\"article:publisher\" content=\"https:\/\/www.facebook.com\/FANZONEsk\/\" \/>\n<meta property=\"article:modified_time\" content=\"2025-08-27T13:42:04+00:00\" \/>\n<meta property=\"og:image\" content=\"https:\/\/fanzone.sk\/wp-content\/uploads\/2025\/08\/prot-09.jpg\" \/>\n\t<meta property=\"og:image:width\" content=\"800\" \/>\n\t<meta property=\"og:image:height\" content=\"800\" \/>\n\t<meta property=\"og:image:type\" content=\"image\/jpeg\" \/>\n<meta name=\"twitter:card\" content=\"summary_large_image\" \/>\n<meta name=\"twitter:label1\" content=\"Est. reading time\" \/>\n\t<meta name=\"twitter:data1\" content=\"1 minute\" \/>\n<script type=\"application\/ld+json\" class=\"yoast-schema-graph\">{\"@context\":\"https:\/\/schema.org\",\"@graph\":[{\"@type\":\"WebPage\",\"@id\":\"https:\/\/fanzone.sk\/produkt\/body-nutrition-excelent-100-whey-protein-cappucino\/\",\"url\":\"https:\/\/fanzone.sk\/produkt\/body-nutrition-excelent-100-whey-protein-cappucino\/\",\"name\":\"Body Nutrition - Excelent 100% Whey Prote\u00edn - Cappucino - fanzone.sk\",\"isPartOf\":{\"@id\":\"https:\/\/fanzone.sk\/#website\"},\"datePublished\":\"2025-08-27T13:36:09+00:00\",\"dateModified\":\"2025-08-27T13:42:04+00:00\",\"breadcrumb\":{\"@id\":\"https:\/\/fanzone.sk\/produkt\/body-nutrition-excelent-100-whey-protein-cappucino\/#breadcrumb\"},\"inLanguage\":\"en-US\",\"potentialAction\":[{\"@type\":\"ReadAction\",\"target\":[\"https:\/\/fanzone.sk\/produkt\/body-nutrition-excelent-100-whey-protein-cappucino\/\"]}]},{\"@type\":\"BreadcrumbList\",\"@id\":\"https:\/\/fanzone.sk\/produkt\/body-nutrition-excelent-100-whey-protein-cappucino\/#breadcrumb\",\"itemListElement\":[{\"@type\":\"ListItem\",\"position\":1,\"name\":\"Home\",\"item\":\"https:\/\/fanzone.sk\/\"},{\"@type\":\"ListItem\",\"position\":2,\"name\":\"Obchod\",\"item\":\"https:\/\/fanzone.sk\/obchod\/\"},{\"@type\":\"ListItem\",\"position\":3,\"name\":\"Body Nutrition &#8211; Excelent 100% Whey Prote\u00edn &#8211; Cappucino\"}]},{\"@type\":\"WebSite\",\"@id\":\"https:\/\/fanzone.sk\/#website\",\"url\":\"https:\/\/fanzone.sk\/\",\"name\":\"fanzone.sk\",\"description\":\"\",\"potentialAction\":[{\"@type\":\"SearchAction\",\"target\":{\"@type\":\"EntryPoint\",\"urlTemplate\":\"https:\/\/fanzone.sk\/?s={search_term_string}\"},\"query-input\":\"required name=search_term_string\"}],\"inLanguage\":\"en-US\"}]}<\/script>\n<!-- \/ Yoast SEO plugin. -->","yoast_head_json":{"title":"Body Nutrition - Excelent 100% Whey Prote\u00edn - Cappucino - fanzone.sk","robots":{"index":"index","follow":"follow","max-snippet":"max-snippet:-1","max-image-preview":"max-image-preview:large","max-video-preview":"max-video-preview:-1"},"canonical":"https:\/\/fanzone.sk\/en\/product\/body-nutrition-excelent-100-whey-protein-cappucino\/","og_locale":"en_US","og_type":"article","og_title":"Body Nutrition - Excelent 100% Whey Prote\u00edn - Cappucino - fanzone.sk","og_description":"Si milovn\u00edk k\u00e1vy? Tento prote\u00ednov\u00fd drink je pre v\u00e1s!  Objavte chu\u0165 pravej talianskej bezkofe\u00ednovej k\u00e1vy v na\u0161om\u00a0prote\u00ednovom drinku, ktor\u00fd si v\u00e1s okam\u017eite z\u00edska.  Vychutnajte si ho s mliekom, vodou alebo ako lahodn\u00fd drink v podobe \u013eadovej k\u00e1vy.  Sta\u010d\u00ed v\u00e1m prote\u00edn, \u0161ejker, voda\/mlieko a kocky \u013eadu a m\u00e1te \u00fa\u017easn\u00fd n\u00e1poj pln\u00fd bielkov\u00edn, ide\u00e1lny na vychutnanie s priate\u013emi.  V\u00fdhody produktu:   Vysok\u00fd obsah bielkov\u00edn:\u00a0Ka\u017ed\u00e1 d\u00e1vka obsahuje a\u017e 27g \u013eahko str\u00e1vite\u013en\u00fdch bielkov\u00edn.  N\u00edzky obsah sacharidov:\u00a0Vhodn\u00fd pre t\u00fdch, \u010do sleduj\u00fa svoj pr\u00edjem sacharidov.  Jedine\u010dn\u00e1 chu\u0165:\u00a0Prav\u00e1 talianska bezkofe\u00ednov\u00e1 k\u00e1va pre milovn\u00edkov k\u00e1vy.  Podpora svalov\u00e9ho rastu a regener\u00e1cie:\u00a0Poskytuje potrebn\u00e9 stavebn\u00e9 l\u00e1tky na podporu rastu svalovej hmoty a regener\u00e1ciu.  Univerz\u00e1lne pou\u017eitie:\u00a0Perfektn\u00fd s mliekom, vodou alebo ako \u013eadov\u00e1 k\u00e1va.  Tento prote\u00ednov\u00fd drink v\u00e1s o\u010dar\u00ed svojou\u00a0v\u00fdnimo\u010dnou chu\u0165ou\u00a0a kvalitou, ktor\u00e1 je nezamenite\u013en\u00e1 s ak\u00fdmko\u013evek in\u00fdm prote\u00ednom na trhu. Sk\u00faste ho a za\u017eite lahodn\u00fd n\u00e1poj pln\u00fd bielkov\u00edn!","og_url":"https:\/\/fanzone.sk\/en\/product\/body-nutrition-excelent-100-whey-protein-cappucino\/","og_site_name":"fanzone.sk","article_publisher":"https:\/\/www.facebook.com\/FANZONEsk\/","article_modified_time":"2025-08-27T13:42:04+00:00","og_image":[{"width":800,"height":800,"url":"https:\/\/fanzone.sk\/wp-content\/uploads\/2025\/08\/prot-09.jpg","type":"image\/jpeg"}],"twitter_card":"summary_large_image","twitter_misc":{"Est. reading time":"1 minute"},"schema":{"@context":"https:\/\/schema.org","@graph":[{"@type":"WebPage","@id":"https:\/\/fanzone.sk\/produkt\/body-nutrition-excelent-100-whey-protein-cappucino\/","url":"https:\/\/fanzone.sk\/produkt\/body-nutrition-excelent-100-whey-protein-cappucino\/","name":"Body Nutrition - Excelent 100% Whey Prote\u00edn - Cappucino - fanzone.sk","isPartOf":{"@id":"https:\/\/fanzone.sk\/#website"},"datePublished":"2025-08-27T13:36:09+00:00","dateModified":"2025-08-27T13:42:04+00:00","breadcrumb":{"@id":"https:\/\/fanzone.sk\/produkt\/body-nutrition-excelent-100-whey-protein-cappucino\/#breadcrumb"},"inLanguage":"en-US","potentialAction":[{"@type":"ReadAction","target":["https:\/\/fanzone.sk\/produkt\/body-nutrition-excelent-100-whey-protein-cappucino\/"]}]},{"@type":"BreadcrumbList","@id":"https:\/\/fanzone.sk\/produkt\/body-nutrition-excelent-100-whey-protein-cappucino\/#breadcrumb","itemListElement":[{"@type":"ListItem","position":1,"name":"Home","item":"https:\/\/fanzone.sk\/"},{"@type":"ListItem","position":2,"name":"Obchod","item":"https:\/\/fanzone.sk\/obchod\/"},{"@type":"ListItem","position":3,"name":"Body Nutrition &#8211; Excelent 100% Whey Prote\u00edn &#8211; Cappucino"}]},{"@type":"WebSite","@id":"https:\/\/fanzone.sk\/#website","url":"https:\/\/fanzone.sk\/","name":"fanzone.sk","description":"","potentialAction":[{"@type":"SearchAction","target":{"@type":"EntryPoint","urlTemplate":"https:\/\/fanzone.sk\/?s={search_term_string}"},"query-input":"required name=search_term_string"}],"inLanguage":"en-US"}]}},"_links":{"self":[{"href":"https:\/\/fanzone.sk\/en\/wp-json\/wp\/v2\/product\/34956"}],"collection":[{"href":"https:\/\/fanzone.sk\/en\/wp-json\/wp\/v2\/product"}],"about":[{"href":"https:\/\/fanzone.sk\/en\/wp-json\/wp\/v2\/types\/product"}],"wp:featuredmedia":[{"embeddable":true,"href":"https:\/\/fanzone.sk\/en\/wp-json\/wp\/v2\/media\/34937"}],"wp:attachment":[{"href":"https:\/\/fanzone.sk\/en\/wp-json\/wp\/v2\/media?parent=34956"}],"wp:term":[{"taxonomy":"product_cat","embeddable":true,"href":"https:\/\/fanzone.sk\/en\/wp-json\/wp\/v2\/product_cat?post=34956"},{"taxonomy":"product_tag","embeddable":true,"href":"https:\/\/fanzone.sk\/en\/wp-json\/wp\/v2\/product_tag?post=34956"}],"curies":[{"name":"wp","href":"https:\/\/api.w.org\/{rel}","templated":true}]}}