{"id":34973,"date":"2025-08-28T11:47:10","date_gmt":"2025-08-28T09:47:10","guid":{"rendered":"https:\/\/fanzone.sk\/?post_type=product&#038;p=34973"},"modified":"2025-08-28T11:48:56","modified_gmt":"2025-08-28T09:48:56","slug":"body-nutrition-powerbar-elektrolytovy-sirup-koncentrat-marakuja-limetka","status":"publish","type":"product","link":"https:\/\/fanzone.sk\/en\/product\/body-nutrition-powerbar-elektrolytovy-sirup-koncentrat-marakuja-limetka\/","title":{"rendered":"Body Nutrition &#8211; PowerBar elektrolytov\u00fd sirup-koncentr\u00e1t Marakuja\/Limetka"},"content":{"rendered":"<p>Ak chce\u0161 by\u0165 po\u010das svojho v\u00fdkonu\u00a0<strong>hydratovan\u00fd<\/strong>\u00a0bez toho, aby si prij\u00edmal \u010fal\u0161ie kal\u00f3rie nemus\u00ed\u0161 pi\u0165 iba vodu.<\/p>\n<p>S\u00a0<strong>PowerBar\u00a0Electrolyte drink\u00a0<\/strong>si m\u00f4\u017ee\u0161 urobi\u0165 vlastn\u00fd\u00a0<strong>hypotonick\u00fd n\u00e1poj<\/strong>\u00a0s minim\u00e1lnym obsahom\u00a0kal\u00f3ri\u00ed.<\/p>\n<p>Na rozdiel od vody obsahuje tento\u00a0<strong>elektrolytov\u00fd sirup-koncentr\u00e1t\u00a0extra HOR\u010c\u00cdK a SOD\u00cdK\u00a0<\/strong>v rovnakom pomere v akom sa str\u00e1caj\u00fa po\u010das potenia.<\/p>\n<p>Ide\u00e1lne pre profesion\u00e1lnych a rekrea\u010dn\u00fdch \u0161portovcov, aby si bol po\u010das cvi\u010denia hydratovan\u00fd a neprij\u00edmal pr\u00edli\u0161 ve\u013ea sacharidov a kal\u00f3ri\u00ed.<\/p>\n<p>OBSAh 1L<\/p>","protected":false},"excerpt":{"rendered":"<p>Ak chce\u0161 by\u0165 po\u010das svojho v\u00fdkonu\u00a0<strong>hydratovan\u00fd<\/strong>\u00a0bez toho, aby si prij\u00edmal \u010fal\u0161ie kal\u00f3rie nemus\u00ed\u0161 pi\u0165 iba vodu.<\/p>\n<p>S\u00a0<strong>PowerBar\u00a0Electrolyte drink\u00a0<\/strong>si m\u00f4\u017ee\u0161 urobi\u0165 vlastn\u00fd\u00a0<strong>hypotonick\u00fd n\u00e1poj<\/strong>\u00a0s minim\u00e1lnym obsahom\u00a0kal\u00f3ri\u00ed.<\/p>\n<p>Na rozdiel od vody obsahuje tento\u00a0<strong>elektrolytov\u00fd sirup-koncentr\u00e1t\u00a0extra HOR\u010c\u00cdK a SOD\u00cdK\u00a0<\/strong>v rovnakom pomere v akom sa str\u00e1caj\u00fa po\u010das potenia.<\/p>\n<p>Ide\u00e1lne pre profesion\u00e1lnych a rekrea\u010dn\u00fdch \u0161portovcov, aby si bol po\u010das cvi\u010denia hydratovan\u00fd a neprij\u00edmal pr\u00edli\u0161 ve\u013ea sacharidov a kal\u00f3ri\u00ed.<\/p>\n<p>OBSAh 1L<\/p>","protected":false},"featured_media":34892,"template":"","meta":[],"product_cat":[613,609],"product_tag":[614,217,612],"wcpa_form_fields":null,"yoast_head":"<!-- This site is optimized with the Yoast SEO plugin v21.2 - https:\/\/yoast.com\/wordpress\/plugins\/seo\/ -->\n<title>Body Nutrition - PowerBar elektrolytov\u00fd sirup-koncentr\u00e1t Marakuja\/Limetka - fanzone.sk<\/title>\n<meta name=\"robots\" content=\"index, follow, max-snippet:-1, max-image-preview:large, max-video-preview:-1\" \/>\n<link rel=\"canonical\" href=\"https:\/\/fanzone.sk\/en\/product\/body-nutrition-powerbar-elektrolytovy-sirup-koncentrat-marakuja-limetka\/\" \/>\n<meta property=\"og:locale\" content=\"en_US\" \/>\n<meta property=\"og:type\" content=\"article\" \/>\n<meta property=\"og:title\" content=\"Body Nutrition - PowerBar elektrolytov\u00fd sirup-koncentr\u00e1t Marakuja\/Limetka - fanzone.sk\" \/>\n<meta property=\"og:description\" content=\"Ak chce\u0161 by\u0165 po\u010das svojho v\u00fdkonu\u00a0hydratovan\u00fd\u00a0bez toho, aby si prij\u00edmal \u010fal\u0161ie kal\u00f3rie nemus\u00ed\u0161 pi\u0165 iba vodu.  S\u00a0PowerBar\u00a0Electrolyte drink\u00a0si m\u00f4\u017ee\u0161 urobi\u0165 vlastn\u00fd\u00a0hypotonick\u00fd n\u00e1poj\u00a0s minim\u00e1lnym obsahom\u00a0kal\u00f3ri\u00ed.  Na rozdiel od vody obsahuje tento\u00a0elektrolytov\u00fd sirup-koncentr\u00e1t\u00a0extra HOR\u010c\u00cdK a SOD\u00cdK\u00a0v rovnakom pomere v akom sa str\u00e1caj\u00fa po\u010das potenia.  Ide\u00e1lne pre profesion\u00e1lnych a rekrea\u010dn\u00fdch \u0161portovcov, aby si bol po\u010das cvi\u010denia hydratovan\u00fd a neprij\u00edmal pr\u00edli\u0161 ve\u013ea sacharidov a kal\u00f3ri\u00ed.  OBSAh 1L\" \/>\n<meta property=\"og:url\" content=\"https:\/\/fanzone.sk\/en\/product\/body-nutrition-powerbar-elektrolytovy-sirup-koncentrat-marakuja-limetka\/\" \/>\n<meta property=\"og:site_name\" content=\"fanzone.sk\" \/>\n<meta property=\"article:publisher\" content=\"https:\/\/www.facebook.com\/FANZONEsk\/\" \/>\n<meta property=\"article:modified_time\" content=\"2025-08-28T09:48:56+00:00\" \/>\n<meta property=\"og:image\" content=\"https:\/\/fanzone.sk\/wp-content\/uploads\/2025\/08\/elektrolyty-01.jpg\" \/>\n\t<meta property=\"og:image:width\" content=\"800\" \/>\n\t<meta property=\"og:image:height\" content=\"800\" \/>\n\t<meta property=\"og:image:type\" content=\"image\/jpeg\" \/>\n<meta name=\"twitter:card\" content=\"summary_large_image\" \/>\n<meta name=\"twitter:label1\" content=\"Est. reading time\" \/>\n\t<meta name=\"twitter:data1\" content=\"1 minute\" \/>\n<script type=\"application\/ld+json\" class=\"yoast-schema-graph\">{\"@context\":\"https:\/\/schema.org\",\"@graph\":[{\"@type\":\"WebPage\",\"@id\":\"https:\/\/fanzone.sk\/produkt\/body-nutrition-powerbar-elektrolytovy-sirup-koncentrat-marakuja-limetka\/\",\"url\":\"https:\/\/fanzone.sk\/produkt\/body-nutrition-powerbar-elektrolytovy-sirup-koncentrat-marakuja-limetka\/\",\"name\":\"Body Nutrition - PowerBar elektrolytov\u00fd sirup-koncentr\u00e1t Marakuja\/Limetka - fanzone.sk\",\"isPartOf\":{\"@id\":\"https:\/\/fanzone.sk\/#website\"},\"datePublished\":\"2025-08-28T09:47:10+00:00\",\"dateModified\":\"2025-08-28T09:48:56+00:00\",\"breadcrumb\":{\"@id\":\"https:\/\/fanzone.sk\/produkt\/body-nutrition-powerbar-elektrolytovy-sirup-koncentrat-marakuja-limetka\/#breadcrumb\"},\"inLanguage\":\"en-US\",\"potentialAction\":[{\"@type\":\"ReadAction\",\"target\":[\"https:\/\/fanzone.sk\/produkt\/body-nutrition-powerbar-elektrolytovy-sirup-koncentrat-marakuja-limetka\/\"]}]},{\"@type\":\"BreadcrumbList\",\"@id\":\"https:\/\/fanzone.sk\/produkt\/body-nutrition-powerbar-elektrolytovy-sirup-koncentrat-marakuja-limetka\/#breadcrumb\",\"itemListElement\":[{\"@type\":\"ListItem\",\"position\":1,\"name\":\"Home\",\"item\":\"https:\/\/fanzone.sk\/\"},{\"@type\":\"ListItem\",\"position\":2,\"name\":\"Obchod\",\"item\":\"https:\/\/fanzone.sk\/obchod\/\"},{\"@type\":\"ListItem\",\"position\":3,\"name\":\"Body Nutrition &#8211; PowerBar elektrolytov\u00fd sirup-koncentr\u00e1t Marakuja\/Limetka\"}]},{\"@type\":\"WebSite\",\"@id\":\"https:\/\/fanzone.sk\/#website\",\"url\":\"https:\/\/fanzone.sk\/\",\"name\":\"fanzone.sk\",\"description\":\"\",\"potentialAction\":[{\"@type\":\"SearchAction\",\"target\":{\"@type\":\"EntryPoint\",\"urlTemplate\":\"https:\/\/fanzone.sk\/?s={search_term_string}\"},\"query-input\":\"required name=search_term_string\"}],\"inLanguage\":\"en-US\"}]}<\/script>\n<!-- \/ Yoast SEO plugin. -->","yoast_head_json":{"title":"Body Nutrition - PowerBar elektrolytov\u00fd sirup-koncentr\u00e1t Marakuja\/Limetka - fanzone.sk","robots":{"index":"index","follow":"follow","max-snippet":"max-snippet:-1","max-image-preview":"max-image-preview:large","max-video-preview":"max-video-preview:-1"},"canonical":"https:\/\/fanzone.sk\/en\/product\/body-nutrition-powerbar-elektrolytovy-sirup-koncentrat-marakuja-limetka\/","og_locale":"en_US","og_type":"article","og_title":"Body Nutrition - PowerBar elektrolytov\u00fd sirup-koncentr\u00e1t Marakuja\/Limetka - fanzone.sk","og_description":"Ak chce\u0161 by\u0165 po\u010das svojho v\u00fdkonu\u00a0hydratovan\u00fd\u00a0bez toho, aby si prij\u00edmal \u010fal\u0161ie kal\u00f3rie nemus\u00ed\u0161 pi\u0165 iba vodu.  S\u00a0PowerBar\u00a0Electrolyte drink\u00a0si m\u00f4\u017ee\u0161 urobi\u0165 vlastn\u00fd\u00a0hypotonick\u00fd n\u00e1poj\u00a0s minim\u00e1lnym obsahom\u00a0kal\u00f3ri\u00ed.  Na rozdiel od vody obsahuje tento\u00a0elektrolytov\u00fd sirup-koncentr\u00e1t\u00a0extra HOR\u010c\u00cdK a SOD\u00cdK\u00a0v rovnakom pomere v akom sa str\u00e1caj\u00fa po\u010das potenia.  Ide\u00e1lne pre profesion\u00e1lnych a rekrea\u010dn\u00fdch \u0161portovcov, aby si bol po\u010das cvi\u010denia hydratovan\u00fd a neprij\u00edmal pr\u00edli\u0161 ve\u013ea sacharidov a kal\u00f3ri\u00ed.  OBSAh 1L","og_url":"https:\/\/fanzone.sk\/en\/product\/body-nutrition-powerbar-elektrolytovy-sirup-koncentrat-marakuja-limetka\/","og_site_name":"fanzone.sk","article_publisher":"https:\/\/www.facebook.com\/FANZONEsk\/","article_modified_time":"2025-08-28T09:48:56+00:00","og_image":[{"width":800,"height":800,"url":"https:\/\/fanzone.sk\/wp-content\/uploads\/2025\/08\/elektrolyty-01.jpg","type":"image\/jpeg"}],"twitter_card":"summary_large_image","twitter_misc":{"Est. reading time":"1 minute"},"schema":{"@context":"https:\/\/schema.org","@graph":[{"@type":"WebPage","@id":"https:\/\/fanzone.sk\/produkt\/body-nutrition-powerbar-elektrolytovy-sirup-koncentrat-marakuja-limetka\/","url":"https:\/\/fanzone.sk\/produkt\/body-nutrition-powerbar-elektrolytovy-sirup-koncentrat-marakuja-limetka\/","name":"Body Nutrition - PowerBar elektrolytov\u00fd sirup-koncentr\u00e1t Marakuja\/Limetka - fanzone.sk","isPartOf":{"@id":"https:\/\/fanzone.sk\/#website"},"datePublished":"2025-08-28T09:47:10+00:00","dateModified":"2025-08-28T09:48:56+00:00","breadcrumb":{"@id":"https:\/\/fanzone.sk\/produkt\/body-nutrition-powerbar-elektrolytovy-sirup-koncentrat-marakuja-limetka\/#breadcrumb"},"inLanguage":"en-US","potentialAction":[{"@type":"ReadAction","target":["https:\/\/fanzone.sk\/produkt\/body-nutrition-powerbar-elektrolytovy-sirup-koncentrat-marakuja-limetka\/"]}]},{"@type":"BreadcrumbList","@id":"https:\/\/fanzone.sk\/produkt\/body-nutrition-powerbar-elektrolytovy-sirup-koncentrat-marakuja-limetka\/#breadcrumb","itemListElement":[{"@type":"ListItem","position":1,"name":"Home","item":"https:\/\/fanzone.sk\/"},{"@type":"ListItem","position":2,"name":"Obchod","item":"https:\/\/fanzone.sk\/obchod\/"},{"@type":"ListItem","position":3,"name":"Body Nutrition &#8211; PowerBar elektrolytov\u00fd sirup-koncentr\u00e1t Marakuja\/Limetka"}]},{"@type":"WebSite","@id":"https:\/\/fanzone.sk\/#website","url":"https:\/\/fanzone.sk\/","name":"fanzone.sk","description":"","potentialAction":[{"@type":"SearchAction","target":{"@type":"EntryPoint","urlTemplate":"https:\/\/fanzone.sk\/?s={search_term_string}"},"query-input":"required name=search_term_string"}],"inLanguage":"en-US"}]}},"_links":{"self":[{"href":"https:\/\/fanzone.sk\/en\/wp-json\/wp\/v2\/product\/34973"}],"collection":[{"href":"https:\/\/fanzone.sk\/en\/wp-json\/wp\/v2\/product"}],"about":[{"href":"https:\/\/fanzone.sk\/en\/wp-json\/wp\/v2\/types\/product"}],"wp:featuredmedia":[{"embeddable":true,"href":"https:\/\/fanzone.sk\/en\/wp-json\/wp\/v2\/media\/34892"}],"wp:attachment":[{"href":"https:\/\/fanzone.sk\/en\/wp-json\/wp\/v2\/media?parent=34973"}],"wp:term":[{"taxonomy":"product_cat","embeddable":true,"href":"https:\/\/fanzone.sk\/en\/wp-json\/wp\/v2\/product_cat?post=34973"},{"taxonomy":"product_tag","embeddable":true,"href":"https:\/\/fanzone.sk\/en\/wp-json\/wp\/v2\/product_tag?post=34973"}],"curies":[{"name":"wp","href":"https:\/\/api.w.org\/{rel}","templated":true}]}}