{"id":35009,"date":"2025-09-01T16:19:26","date_gmt":"2025-09-01T14:19:26","guid":{"rendered":"https:\/\/fanzone.sk\/?post_type=product&#038;p=35009"},"modified":"2025-09-02T14:55:46","modified_gmt":"2025-09-02T12:55:46","slug":"body-nutrition-iso-power-energy-cierna-ribezla","status":"publish","type":"product","link":"https:\/\/fanzone.sk\/en\/product\/body-nutrition-iso-power-energy-cierna-ribezla\/","title":{"rendered":"Body Nutrition &#8211; ISO Power Energy \u010cierna r\u00edbez\u013ea"},"content":{"rendered":"<p><b>Iso<\/b><strong>\u00a0power energy<\/strong>\u00a0je<strong>\u00a0izotonick\u00fd\u00a0a\u00a0hypotonick\u00fd\u00a0n\u00e1poj<\/strong>, obohaten\u00ed o\u00a0vitam\u00edny, miner\u00e1ly<strong>\u00a0a elektrolyty.<\/strong><\/p>\n<p>Jeho<strong>\u00a0zlo\u017eenie<\/strong>\u00a0a skladba jednotliv\u00fdch l\u00e1tok je\u00a0<strong>navrhnut\u00e1 tak<\/strong>\u00a0aby \u010do\u00a0<strong>najefekt\u00edvnej\u0161ie hydratoval<\/strong>\u00a0<strong>organizmus<\/strong>, ktor\u00fd je v z\u00e1\u0165a\u017ei a okrem tekut\u00edn do organizmu dopravil dostatok<strong>\u00a0energie vo forme sacharidov<\/strong>\u00a0a d\u00f4le\u017eit\u00e9<strong>\u00a0elektrolyty<\/strong>, ktor\u00e9 zohr\u00e1vaj\u00fa<strong>\u00a0k\u013e\u00fa\u010dov\u00fa \u00falohu<\/strong>\u00a0pri prenose elektrick\u00fdch impulzov\u00a0<strong>ovplyv\u0148uj\u00facich \u010dinnos\u0165\u00a0 mozgu, nervov, srdca, od\u010fa\u013euj\u00fa svalov\u00fa \u00fanavu a zabra\u0148uj\u00fa svalov\u00fdm k\u0155\u010dom<\/strong>.<\/p>\n<p>Po\u010das v\u00fdkonu je d\u00f4le\u017eit\u00e9 prij\u00edma\u0165\u00a0<strong>dostato\u010dn\u00e9 mno\u017estvo tekut\u00edn,<\/strong>\u00a0aby sa organizmus nedehydroval a \u0161portovcovi sa tak<strong>\u00a0nezn\u00ed\u017eila jeho \u0165a\u017eko vybudovan\u00e1<\/strong>\u00a0<strong>v\u00fdkonnos\u0165<\/strong>.<\/p>\n<p>Tento drink je vhodn\u00e9 u\u017e\u00edva\u0165\u00a0<strong>aj pred<\/strong>\u00a0<strong>\u0161portov\u00fdm v\u00fdkonom<\/strong>\u00a0kv\u00f4li dostato\u010dnom\u00a0<strong>zavodnen\u00ed organizmu,<\/strong>\u00a0ak sa \u0161portov\u00fd v\u00fdkon bude vykon\u00e1va\u0165 v teplom po\u010das\u00ed.<\/p>\n<p><b>Iso<\/b>\u00a0<strong>power energy\u00a0<\/strong>\u00a0u\u017e\u00edvaj\u00fa\u00a0<strong>aj Slovensk\u00ed reprezentanti.<\/strong><\/p>\n<p>&nbsp;<\/p>","protected":false},"excerpt":{"rendered":"<p><b>Iso<\/b><strong>\u00a0power energy<\/strong>\u00a0je<strong>\u00a0izotonick\u00fd\u00a0a\u00a0hypotonick\u00fd\u00a0n\u00e1poj<\/strong>, obohaten\u00ed o\u00a0vitam\u00edny, miner\u00e1ly<strong>\u00a0a elektrolyty.<\/strong><\/p>\n<p>Jeho<strong>\u00a0zlo\u017eenie<\/strong>\u00a0a skladba jednotliv\u00fdch l\u00e1tok je\u00a0<strong>navrhnut\u00e1 tak<\/strong>\u00a0aby \u010do\u00a0<strong>najefekt\u00edvnej\u0161ie hydratoval<\/strong>\u00a0<strong>organizmus<\/strong>, ktor\u00fd je v z\u00e1\u0165a\u017ei a okrem tekut\u00edn do organizmu dopravil dostatok<strong>\u00a0energie vo forme sacharidov<\/strong>\u00a0a d\u00f4le\u017eit\u00e9<strong>\u00a0elektrolyty<\/strong>, ktor\u00e9 zohr\u00e1vaj\u00fa<strong>\u00a0k\u013e\u00fa\u010dov\u00fa \u00falohu<\/strong>\u00a0pri prenose elektrick\u00fdch impulzov\u00a0<strong>ovplyv\u0148uj\u00facich \u010dinnos\u0165\u00a0 mozgu, nervov, srdca, od\u010fa\u013euj\u00fa svalov\u00fa \u00fanavu a zabra\u0148uj\u00fa svalov\u00fdm k\u0155\u010dom<\/strong>.<\/p>\n<p>Po\u010das v\u00fdkonu je d\u00f4le\u017eit\u00e9 prij\u00edma\u0165\u00a0<strong>dostato\u010dn\u00e9 mno\u017estvo tekut\u00edn,<\/strong>\u00a0aby sa organizmus nedehydroval a \u0161portovcovi sa tak<strong>\u00a0nezn\u00ed\u017eila jeho \u0165a\u017eko vybudovan\u00e1<\/strong>\u00a0<strong>v\u00fdkonnos\u0165<\/strong>.<\/p>\n<p>Tento drink je vhodn\u00e9 u\u017e\u00edva\u0165\u00a0<strong>aj pred<\/strong>\u00a0<strong>\u0161portov\u00fdm v\u00fdkonom<\/strong>\u00a0kv\u00f4li dostato\u010dnom\u00a0<strong>zavodnen\u00ed organizmu,<\/strong>\u00a0ak sa \u0161portov\u00fd v\u00fdkon bude vykon\u00e1va\u0165 v teplom po\u010das\u00ed.<\/p>\n<p><b>Iso<\/b>\u00a0<strong>power energy\u00a0<\/strong>\u00a0u\u017e\u00edvaj\u00fa\u00a0<strong>aj Slovensk\u00ed reprezentanti.<\/strong><\/p>\n<p>&nbsp;<\/p>","protected":false},"featured_media":35023,"template":"","meta":[],"product_cat":[615,609],"product_tag":[614,217,618,612],"wcpa_form_fields":null,"yoast_head":"<!-- This site is optimized with the Yoast SEO plugin v21.2 - https:\/\/yoast.com\/wordpress\/plugins\/seo\/ -->\n<title>Body Nutrition - ISO Power Energy \u010cierna r\u00edbez\u013ea - fanzone.sk<\/title>\n<meta name=\"robots\" content=\"index, follow, max-snippet:-1, max-image-preview:large, max-video-preview:-1\" \/>\n<link rel=\"canonical\" href=\"https:\/\/fanzone.sk\/en\/product\/body-nutrition-iso-power-energy-cierna-ribezla\/\" \/>\n<meta property=\"og:locale\" content=\"en_US\" \/>\n<meta property=\"og:type\" content=\"article\" \/>\n<meta property=\"og:title\" content=\"Body Nutrition - ISO Power Energy \u010cierna r\u00edbez\u013ea - fanzone.sk\" \/>\n<meta property=\"og:description\" content=\"Iso\u00a0power energy\u00a0je\u00a0izotonick\u00fd\u00a0a\u00a0hypotonick\u00fd\u00a0n\u00e1poj, obohaten\u00ed o\u00a0vitam\u00edny, miner\u00e1ly\u00a0a elektrolyty.  Jeho\u00a0zlo\u017eenie\u00a0a skladba jednotliv\u00fdch l\u00e1tok je\u00a0navrhnut\u00e1 tak\u00a0aby \u010do\u00a0najefekt\u00edvnej\u0161ie hydratoval\u00a0organizmus, ktor\u00fd je v z\u00e1\u0165a\u017ei a okrem tekut\u00edn do organizmu dopravil dostatok\u00a0energie vo forme sacharidov\u00a0a d\u00f4le\u017eit\u00e9\u00a0elektrolyty, ktor\u00e9 zohr\u00e1vaj\u00fa\u00a0k\u013e\u00fa\u010dov\u00fa \u00falohu\u00a0pri prenose elektrick\u00fdch impulzov\u00a0ovplyv\u0148uj\u00facich \u010dinnos\u0165\u00a0 mozgu, nervov, srdca, od\u010fa\u013euj\u00fa svalov\u00fa \u00fanavu a zabra\u0148uj\u00fa svalov\u00fdm k\u0155\u010dom.  Po\u010das v\u00fdkonu je d\u00f4le\u017eit\u00e9 prij\u00edma\u0165\u00a0dostato\u010dn\u00e9 mno\u017estvo tekut\u00edn,\u00a0aby sa organizmus nedehydroval a \u0161portovcovi sa tak\u00a0nezn\u00ed\u017eila jeho \u0165a\u017eko vybudovan\u00e1\u00a0v\u00fdkonnos\u0165.  Tento drink je vhodn\u00e9 u\u017e\u00edva\u0165\u00a0aj pred\u00a0\u0161portov\u00fdm v\u00fdkonom\u00a0kv\u00f4li dostato\u010dnom\u00a0zavodnen\u00ed organizmu,\u00a0ak sa \u0161portov\u00fd v\u00fdkon bude vykon\u00e1va\u0165 v teplom po\u010das\u00ed.  Iso\u00a0power energy\u00a0\u00a0u\u017e\u00edvaj\u00fa\u00a0aj Slovensk\u00ed reprezentanti.  &nbsp;\" \/>\n<meta property=\"og:url\" content=\"https:\/\/fanzone.sk\/en\/product\/body-nutrition-iso-power-energy-cierna-ribezla\/\" \/>\n<meta property=\"og:site_name\" content=\"fanzone.sk\" \/>\n<meta property=\"article:publisher\" content=\"https:\/\/www.facebook.com\/FANZONEsk\/\" \/>\n<meta property=\"article:modified_time\" content=\"2025-09-02T12:55:46+00:00\" \/>\n<meta property=\"og:image\" content=\"https:\/\/fanzone.sk\/wp-content\/uploads\/2025\/09\/iso-ribezla-01.jpg\" \/>\n\t<meta property=\"og:image:width\" content=\"800\" \/>\n\t<meta property=\"og:image:height\" content=\"800\" \/>\n\t<meta property=\"og:image:type\" content=\"image\/jpeg\" \/>\n<meta name=\"twitter:card\" content=\"summary_large_image\" \/>\n<meta name=\"twitter:label1\" content=\"Est. reading time\" \/>\n\t<meta name=\"twitter:data1\" content=\"1 minute\" \/>\n<script type=\"application\/ld+json\" class=\"yoast-schema-graph\">{\"@context\":\"https:\/\/schema.org\",\"@graph\":[{\"@type\":\"WebPage\",\"@id\":\"https:\/\/fanzone.sk\/produkt\/body-nutrition-iso-power-energy-cierna-ribezla\/\",\"url\":\"https:\/\/fanzone.sk\/produkt\/body-nutrition-iso-power-energy-cierna-ribezla\/\",\"name\":\"Body Nutrition - ISO Power Energy \u010cierna r\u00edbez\u013ea - fanzone.sk\",\"isPartOf\":{\"@id\":\"https:\/\/fanzone.sk\/#website\"},\"datePublished\":\"2025-09-01T14:19:26+00:00\",\"dateModified\":\"2025-09-02T12:55:46+00:00\",\"breadcrumb\":{\"@id\":\"https:\/\/fanzone.sk\/produkt\/body-nutrition-iso-power-energy-cierna-ribezla\/#breadcrumb\"},\"inLanguage\":\"en-US\",\"potentialAction\":[{\"@type\":\"ReadAction\",\"target\":[\"https:\/\/fanzone.sk\/produkt\/body-nutrition-iso-power-energy-cierna-ribezla\/\"]}]},{\"@type\":\"BreadcrumbList\",\"@id\":\"https:\/\/fanzone.sk\/produkt\/body-nutrition-iso-power-energy-cierna-ribezla\/#breadcrumb\",\"itemListElement\":[{\"@type\":\"ListItem\",\"position\":1,\"name\":\"Home\",\"item\":\"https:\/\/fanzone.sk\/\"},{\"@type\":\"ListItem\",\"position\":2,\"name\":\"Obchod\",\"item\":\"https:\/\/fanzone.sk\/obchod\/\"},{\"@type\":\"ListItem\",\"position\":3,\"name\":\"Body Nutrition &#8211; ISO Power Energy \u010cierna r\u00edbez\u013ea\"}]},{\"@type\":\"WebSite\",\"@id\":\"https:\/\/fanzone.sk\/#website\",\"url\":\"https:\/\/fanzone.sk\/\",\"name\":\"fanzone.sk\",\"description\":\"\",\"potentialAction\":[{\"@type\":\"SearchAction\",\"target\":{\"@type\":\"EntryPoint\",\"urlTemplate\":\"https:\/\/fanzone.sk\/?s={search_term_string}\"},\"query-input\":\"required name=search_term_string\"}],\"inLanguage\":\"en-US\"}]}<\/script>\n<!-- \/ Yoast SEO plugin. -->","yoast_head_json":{"title":"Body Nutrition - ISO Power Energy \u010cierna r\u00edbez\u013ea - fanzone.sk","robots":{"index":"index","follow":"follow","max-snippet":"max-snippet:-1","max-image-preview":"max-image-preview:large","max-video-preview":"max-video-preview:-1"},"canonical":"https:\/\/fanzone.sk\/en\/product\/body-nutrition-iso-power-energy-cierna-ribezla\/","og_locale":"en_US","og_type":"article","og_title":"Body Nutrition - ISO Power Energy \u010cierna r\u00edbez\u013ea - fanzone.sk","og_description":"Iso\u00a0power energy\u00a0je\u00a0izotonick\u00fd\u00a0a\u00a0hypotonick\u00fd\u00a0n\u00e1poj, obohaten\u00ed o\u00a0vitam\u00edny, miner\u00e1ly\u00a0a elektrolyty.  Jeho\u00a0zlo\u017eenie\u00a0a skladba jednotliv\u00fdch l\u00e1tok je\u00a0navrhnut\u00e1 tak\u00a0aby \u010do\u00a0najefekt\u00edvnej\u0161ie hydratoval\u00a0organizmus, ktor\u00fd je v z\u00e1\u0165a\u017ei a okrem tekut\u00edn do organizmu dopravil dostatok\u00a0energie vo forme sacharidov\u00a0a d\u00f4le\u017eit\u00e9\u00a0elektrolyty, ktor\u00e9 zohr\u00e1vaj\u00fa\u00a0k\u013e\u00fa\u010dov\u00fa \u00falohu\u00a0pri prenose elektrick\u00fdch impulzov\u00a0ovplyv\u0148uj\u00facich \u010dinnos\u0165\u00a0 mozgu, nervov, srdca, od\u010fa\u013euj\u00fa svalov\u00fa \u00fanavu a zabra\u0148uj\u00fa svalov\u00fdm k\u0155\u010dom.  Po\u010das v\u00fdkonu je d\u00f4le\u017eit\u00e9 prij\u00edma\u0165\u00a0dostato\u010dn\u00e9 mno\u017estvo tekut\u00edn,\u00a0aby sa organizmus nedehydroval a \u0161portovcovi sa tak\u00a0nezn\u00ed\u017eila jeho \u0165a\u017eko vybudovan\u00e1\u00a0v\u00fdkonnos\u0165.  Tento drink je vhodn\u00e9 u\u017e\u00edva\u0165\u00a0aj pred\u00a0\u0161portov\u00fdm v\u00fdkonom\u00a0kv\u00f4li dostato\u010dnom\u00a0zavodnen\u00ed organizmu,\u00a0ak sa \u0161portov\u00fd v\u00fdkon bude vykon\u00e1va\u0165 v teplom po\u010das\u00ed.  Iso\u00a0power energy\u00a0\u00a0u\u017e\u00edvaj\u00fa\u00a0aj Slovensk\u00ed reprezentanti.  &nbsp;","og_url":"https:\/\/fanzone.sk\/en\/product\/body-nutrition-iso-power-energy-cierna-ribezla\/","og_site_name":"fanzone.sk","article_publisher":"https:\/\/www.facebook.com\/FANZONEsk\/","article_modified_time":"2025-09-02T12:55:46+00:00","og_image":[{"width":800,"height":800,"url":"https:\/\/fanzone.sk\/wp-content\/uploads\/2025\/09\/iso-ribezla-01.jpg","type":"image\/jpeg"}],"twitter_card":"summary_large_image","twitter_misc":{"Est. reading time":"1 minute"},"schema":{"@context":"https:\/\/schema.org","@graph":[{"@type":"WebPage","@id":"https:\/\/fanzone.sk\/produkt\/body-nutrition-iso-power-energy-cierna-ribezla\/","url":"https:\/\/fanzone.sk\/produkt\/body-nutrition-iso-power-energy-cierna-ribezla\/","name":"Body Nutrition - ISO Power Energy \u010cierna r\u00edbez\u013ea - fanzone.sk","isPartOf":{"@id":"https:\/\/fanzone.sk\/#website"},"datePublished":"2025-09-01T14:19:26+00:00","dateModified":"2025-09-02T12:55:46+00:00","breadcrumb":{"@id":"https:\/\/fanzone.sk\/produkt\/body-nutrition-iso-power-energy-cierna-ribezla\/#breadcrumb"},"inLanguage":"en-US","potentialAction":[{"@type":"ReadAction","target":["https:\/\/fanzone.sk\/produkt\/body-nutrition-iso-power-energy-cierna-ribezla\/"]}]},{"@type":"BreadcrumbList","@id":"https:\/\/fanzone.sk\/produkt\/body-nutrition-iso-power-energy-cierna-ribezla\/#breadcrumb","itemListElement":[{"@type":"ListItem","position":1,"name":"Home","item":"https:\/\/fanzone.sk\/"},{"@type":"ListItem","position":2,"name":"Obchod","item":"https:\/\/fanzone.sk\/obchod\/"},{"@type":"ListItem","position":3,"name":"Body Nutrition &#8211; ISO Power Energy \u010cierna r\u00edbez\u013ea"}]},{"@type":"WebSite","@id":"https:\/\/fanzone.sk\/#website","url":"https:\/\/fanzone.sk\/","name":"fanzone.sk","description":"","potentialAction":[{"@type":"SearchAction","target":{"@type":"EntryPoint","urlTemplate":"https:\/\/fanzone.sk\/?s={search_term_string}"},"query-input":"required name=search_term_string"}],"inLanguage":"en-US"}]}},"_links":{"self":[{"href":"https:\/\/fanzone.sk\/en\/wp-json\/wp\/v2\/product\/35009"}],"collection":[{"href":"https:\/\/fanzone.sk\/en\/wp-json\/wp\/v2\/product"}],"about":[{"href":"https:\/\/fanzone.sk\/en\/wp-json\/wp\/v2\/types\/product"}],"wp:featuredmedia":[{"embeddable":true,"href":"https:\/\/fanzone.sk\/en\/wp-json\/wp\/v2\/media\/35023"}],"wp:attachment":[{"href":"https:\/\/fanzone.sk\/en\/wp-json\/wp\/v2\/media?parent=35009"}],"wp:term":[{"taxonomy":"product_cat","embeddable":true,"href":"https:\/\/fanzone.sk\/en\/wp-json\/wp\/v2\/product_cat?post=35009"},{"taxonomy":"product_tag","embeddable":true,"href":"https:\/\/fanzone.sk\/en\/wp-json\/wp\/v2\/product_tag?post=35009"}],"curies":[{"name":"wp","href":"https:\/\/api.w.org\/{rel}","templated":true}]}}