{"id":35050,"date":"2025-09-05T14:36:28","date_gmt":"2025-09-05T12:36:28","guid":{"rendered":"https:\/\/fanzone.sk\/?post_type=product&#038;p=35050"},"modified":"2025-09-05T14:44:44","modified_gmt":"2025-09-05T12:44:44","slug":"body-nutrition-excelent-100-whey-protein-dubajska-cokolada-1kg-cokolada-1kg-pistacia","status":"publish","type":"product","link":"https:\/\/fanzone.sk\/en\/product\/body-nutrition-excelent-100-whey-protein-dubajska-cokolada-1kg-cokolada-1kg-pistacia\/","title":{"rendered":"Body Nutrition &#8211; Excelent 100% Whey Prote\u00edn Dubajsk\u00e1 \u010dokol\u00e1da \u2013 1kg \u010cokol\u00e1da\/1kg Pist\u00e1cia"},"content":{"rendered":"<p><strong>Vy<\/strong><strong>tvorte si vlastn\u00fd nezamenite\u013en\u00fd prote\u00ednov\u00fd drink.<\/strong><\/p>\n<p>Za\u017eite jedine\u010dn\u00fd chu\u0165ov\u00fd z\u00e1\u017eitok s na\u0161im\u00a0<strong>Excelent 100%Whey Proteinom<\/strong>, kde sa sp\u00e1ja\u00a0<strong>intenz\u00edvna \u010dokol\u00e1da<\/strong>\u00a0s\u00a0<strong>jemnou pist\u00e1ciou<\/strong>\u00a0\u2013 dve pr\u00e9miov\u00e9 ingrediencie, ktor\u00e9 s\u00fa z\u00e1kladom luxusnej Dubajskej \u010dokol\u00e1dy.<\/p>\n<p>Teraz m\u00e1te mo\u017enos\u0165 namie\u0161a\u0165 si t\u00fato delik\u00e1tnu kombin\u00e1ciu presne pod\u013ea svojej chuti!<\/p>\n<p><img decoding=\"async\" class=\"emoji\" role=\"img\" draggable=\"false\" src=\"https:\/\/s.w.org\/images\/core\/emoji\/15.0.3\/svg\/1f4a1.svg\" alt=\"\ud83d\udca1\" \/>\u00a0<strong>Ako si vytvori\u0165 svoju Dubajsk\u00fa \u010dokol\u00e1du?<\/strong><\/p>\n<ul>\n<li>Zmie\u0161ajte\u00a0<strong>jednu odmerku \u010dokol\u00e1dov\u00e9ho prote\u00ednu<\/strong>\u00a0s\u00a0<strong>jednou odmerkou pist\u00e1ciov\u00e9ho prote\u00ednu<\/strong><\/li>\n<li>Mixujte s vodou alebo mliekom<\/li>\n<li>Po p\u00e1r sekund\u00e1ch mie\u0161ania z\u00edskate\u00a0<strong>neodolate\u013ene kr\u00e9mov\u00fa konzistenciu<\/strong><\/li>\n<\/ul>\n<p>T\u00e1to kombin\u00e1cia v\u00e1m umo\u017en\u00ed vychutna\u0165 si\u00a0<strong>lahodn\u00e9 pote\u0161enie bez v\u00fd\u010ditiek<\/strong>, pri\u010dom si m\u00f4\u017eete\u00a0<strong>doladi\u0165 intenzitu \u010dokol\u00e1dy alebo pist\u00e1cie<\/strong>\u00a0pod\u013ea vlastnej chuti.<\/p>\n<p>\u010ci u\u017e potrebujete kvalitn\u00fd zdroj bielkov\u00edn po tr\u00e9ningu alebo si chcete dopria\u0165\u00a0<strong>luxusn\u00fa ma\u0161krtu pln\u00fa v\u00fd\u017eivn\u00fdch l\u00e1tok.\u00a0<\/strong><\/p>","protected":false},"excerpt":{"rendered":"<p><strong>Vy<\/strong><strong>tvorte si vlastn\u00fd nezamenite\u013en\u00fd prote\u00ednov\u00fd drink.<\/strong><\/p>\n<p>Za\u017eite jedine\u010dn\u00fd chu\u0165ov\u00fd z\u00e1\u017eitok s na\u0161im\u00a0<strong>Excelent 100%Whey Proteinom<\/strong>, kde sa sp\u00e1ja\u00a0<strong>intenz\u00edvna \u010dokol\u00e1da<\/strong>\u00a0s\u00a0<strong>jemnou pist\u00e1ciou<\/strong>\u00a0\u2013 dve pr\u00e9miov\u00e9 ingrediencie, ktor\u00e9 s\u00fa z\u00e1kladom luxusnej Dubajskej \u010dokol\u00e1dy.<\/p>\n<p>Teraz m\u00e1te mo\u017enos\u0165 namie\u0161a\u0165 si t\u00fato delik\u00e1tnu kombin\u00e1ciu presne pod\u013ea svojej chuti!<\/p>\n<p><img decoding=\"async\" class=\"emoji\" role=\"img\" draggable=\"false\" src=\"https:\/\/s.w.org\/images\/core\/emoji\/15.0.3\/svg\/1f4a1.svg\" alt=\"\ud83d\udca1\" \/>\u00a0<strong>Ako si vytvori\u0165 svoju Dubajsk\u00fa \u010dokol\u00e1du?<\/strong><\/p>\n<ul>\n<li>Zmie\u0161ajte\u00a0<strong>jednu odmerku \u010dokol\u00e1dov\u00e9ho prote\u00ednu<\/strong>\u00a0s\u00a0<strong>jednou odmerkou pist\u00e1ciov\u00e9ho prote\u00ednu<\/strong><\/li>\n<li>Mixujte s vodou alebo mliekom<\/li>\n<li>Po p\u00e1r sekund\u00e1ch mie\u0161ania z\u00edskate\u00a0<strong>neodolate\u013ene kr\u00e9mov\u00fa konzistenciu<\/strong><\/li>\n<\/ul>\n<p>T\u00e1to kombin\u00e1cia v\u00e1m umo\u017en\u00ed vychutna\u0165 si\u00a0<strong>lahodn\u00e9 pote\u0161enie bez v\u00fd\u010ditiek<\/strong>, pri\u010dom si m\u00f4\u017eete\u00a0<strong>doladi\u0165 intenzitu \u010dokol\u00e1dy alebo pist\u00e1cie<\/strong>\u00a0pod\u013ea vlastnej chuti.<\/p>\n<p>\u010ci u\u017e potrebujete kvalitn\u00fd zdroj bielkov\u00edn po tr\u00e9ningu alebo si chcete dopria\u0165\u00a0<strong>luxusn\u00fa ma\u0161krtu pln\u00fa v\u00fd\u017eivn\u00fdch l\u00e1tok.\u00a0<\/strong><\/p>","protected":false},"featured_media":35025,"template":"","meta":[],"product_cat":[611,610,609],"product_tag":[217,601,612],"wcpa_form_fields":null,"yoast_head":"<!-- This site is optimized with the Yoast SEO plugin v21.2 - https:\/\/yoast.com\/wordpress\/plugins\/seo\/ -->\n<title>Body Nutrition - Excelent 100% Whey Prote\u00edn Dubajsk\u00e1 \u010dokol\u00e1da \u2013 1kg \u010cokol\u00e1da\/1kg Pist\u00e1cia - fanzone.sk<\/title>\n<meta name=\"robots\" content=\"index, follow, max-snippet:-1, max-image-preview:large, max-video-preview:-1\" \/>\n<link rel=\"canonical\" href=\"https:\/\/fanzone.sk\/en\/product\/body-nutrition-excelent-100-whey-protein-dubajska-cokolada-1kg-cokolada-1kg-pistacia\/\" \/>\n<meta property=\"og:locale\" content=\"en_US\" \/>\n<meta property=\"og:type\" content=\"article\" \/>\n<meta property=\"og:title\" content=\"Body Nutrition - Excelent 100% Whey Prote\u00edn Dubajsk\u00e1 \u010dokol\u00e1da \u2013 1kg \u010cokol\u00e1da\/1kg Pist\u00e1cia - fanzone.sk\" \/>\n<meta property=\"og:description\" content=\"Vytvorte si vlastn\u00fd nezamenite\u013en\u00fd prote\u00ednov\u00fd drink.  Za\u017eite jedine\u010dn\u00fd chu\u0165ov\u00fd z\u00e1\u017eitok s na\u0161im\u00a0Excelent 100%Whey Proteinom, kde sa sp\u00e1ja\u00a0intenz\u00edvna \u010dokol\u00e1da\u00a0s\u00a0jemnou pist\u00e1ciou\u00a0\u2013 dve pr\u00e9miov\u00e9 ingrediencie, ktor\u00e9 s\u00fa z\u00e1kladom luxusnej Dubajskej \u010dokol\u00e1dy.  Teraz m\u00e1te mo\u017enos\u0165 namie\u0161a\u0165 si t\u00fato delik\u00e1tnu kombin\u00e1ciu presne pod\u013ea svojej chuti!  \u00a0Ako si vytvori\u0165 svoju Dubajsk\u00fa \u010dokol\u00e1du?   Zmie\u0161ajte\u00a0jednu odmerku \u010dokol\u00e1dov\u00e9ho prote\u00ednu\u00a0s\u00a0jednou odmerkou pist\u00e1ciov\u00e9ho prote\u00ednu  Mixujte s vodou alebo mliekom  Po p\u00e1r sekund\u00e1ch mie\u0161ania z\u00edskate\u00a0neodolate\u013ene kr\u00e9mov\u00fa konzistenciu  T\u00e1to kombin\u00e1cia v\u00e1m umo\u017en\u00ed vychutna\u0165 si\u00a0lahodn\u00e9 pote\u0161enie bez v\u00fd\u010ditiek, pri\u010dom si m\u00f4\u017eete\u00a0doladi\u0165 intenzitu \u010dokol\u00e1dy alebo pist\u00e1cie\u00a0pod\u013ea vlastnej chuti.  \u010ci u\u017e potrebujete kvalitn\u00fd zdroj bielkov\u00edn po tr\u00e9ningu alebo si chcete dopria\u0165\u00a0luxusn\u00fa ma\u0161krtu pln\u00fa v\u00fd\u017eivn\u00fdch l\u00e1tok.\u00a0\" \/>\n<meta property=\"og:url\" content=\"https:\/\/fanzone.sk\/en\/product\/body-nutrition-excelent-100-whey-protein-dubajska-cokolada-1kg-cokolada-1kg-pistacia\/\" \/>\n<meta property=\"og:site_name\" content=\"fanzone.sk\" \/>\n<meta property=\"article:publisher\" content=\"https:\/\/www.facebook.com\/FANZONEsk\/\" \/>\n<meta property=\"article:modified_time\" content=\"2025-09-05T12:44:44+00:00\" \/>\n<meta property=\"og:image\" content=\"https:\/\/fanzone.sk\/wp-content\/uploads\/2025\/09\/prot-19.jpg\" \/>\n\t<meta property=\"og:image:width\" content=\"800\" \/>\n\t<meta property=\"og:image:height\" content=\"800\" \/>\n\t<meta property=\"og:image:type\" content=\"image\/jpeg\" \/>\n<meta name=\"twitter:card\" content=\"summary_large_image\" \/>\n<meta name=\"twitter:label1\" content=\"Est. reading time\" \/>\n\t<meta name=\"twitter:data1\" content=\"1 minute\" \/>\n<script type=\"application\/ld+json\" class=\"yoast-schema-graph\">{\"@context\":\"https:\/\/schema.org\",\"@graph\":[{\"@type\":\"WebPage\",\"@id\":\"https:\/\/fanzone.sk\/produkt\/body-nutrition-excelent-100-whey-protein-dubajska-cokolada-1kg-cokolada-1kg-pistacia\/\",\"url\":\"https:\/\/fanzone.sk\/produkt\/body-nutrition-excelent-100-whey-protein-dubajska-cokolada-1kg-cokolada-1kg-pistacia\/\",\"name\":\"Body Nutrition - Excelent 100% Whey Prote\u00edn Dubajsk\u00e1 \u010dokol\u00e1da \u2013 1kg \u010cokol\u00e1da\/1kg Pist\u00e1cia - fanzone.sk\",\"isPartOf\":{\"@id\":\"https:\/\/fanzone.sk\/#website\"},\"datePublished\":\"2025-09-05T12:36:28+00:00\",\"dateModified\":\"2025-09-05T12:44:44+00:00\",\"breadcrumb\":{\"@id\":\"https:\/\/fanzone.sk\/produkt\/body-nutrition-excelent-100-whey-protein-dubajska-cokolada-1kg-cokolada-1kg-pistacia\/#breadcrumb\"},\"inLanguage\":\"en-US\",\"potentialAction\":[{\"@type\":\"ReadAction\",\"target\":[\"https:\/\/fanzone.sk\/produkt\/body-nutrition-excelent-100-whey-protein-dubajska-cokolada-1kg-cokolada-1kg-pistacia\/\"]}]},{\"@type\":\"BreadcrumbList\",\"@id\":\"https:\/\/fanzone.sk\/produkt\/body-nutrition-excelent-100-whey-protein-dubajska-cokolada-1kg-cokolada-1kg-pistacia\/#breadcrumb\",\"itemListElement\":[{\"@type\":\"ListItem\",\"position\":1,\"name\":\"Home\",\"item\":\"https:\/\/fanzone.sk\/\"},{\"@type\":\"ListItem\",\"position\":2,\"name\":\"Obchod\",\"item\":\"https:\/\/fanzone.sk\/obchod\/\"},{\"@type\":\"ListItem\",\"position\":3,\"name\":\"Body Nutrition &#8211; Excelent 100% Whey Prote\u00edn Dubajsk\u00e1 \u010dokol\u00e1da \u2013 1kg \u010cokol\u00e1da\/1kg Pist\u00e1cia\"}]},{\"@type\":\"WebSite\",\"@id\":\"https:\/\/fanzone.sk\/#website\",\"url\":\"https:\/\/fanzone.sk\/\",\"name\":\"fanzone.sk\",\"description\":\"\",\"potentialAction\":[{\"@type\":\"SearchAction\",\"target\":{\"@type\":\"EntryPoint\",\"urlTemplate\":\"https:\/\/fanzone.sk\/?s={search_term_string}\"},\"query-input\":\"required name=search_term_string\"}],\"inLanguage\":\"en-US\"}]}<\/script>\n<!-- \/ Yoast SEO plugin. -->","yoast_head_json":{"title":"Body Nutrition - Excelent 100% Whey Prote\u00edn Dubajsk\u00e1 \u010dokol\u00e1da \u2013 1kg \u010cokol\u00e1da\/1kg Pist\u00e1cia - fanzone.sk","robots":{"index":"index","follow":"follow","max-snippet":"max-snippet:-1","max-image-preview":"max-image-preview:large","max-video-preview":"max-video-preview:-1"},"canonical":"https:\/\/fanzone.sk\/en\/product\/body-nutrition-excelent-100-whey-protein-dubajska-cokolada-1kg-cokolada-1kg-pistacia\/","og_locale":"en_US","og_type":"article","og_title":"Body Nutrition - Excelent 100% Whey Prote\u00edn Dubajsk\u00e1 \u010dokol\u00e1da \u2013 1kg \u010cokol\u00e1da\/1kg Pist\u00e1cia - fanzone.sk","og_description":"Vytvorte si vlastn\u00fd nezamenite\u013en\u00fd prote\u00ednov\u00fd drink.  Za\u017eite jedine\u010dn\u00fd chu\u0165ov\u00fd z\u00e1\u017eitok s na\u0161im\u00a0Excelent 100%Whey Proteinom, kde sa sp\u00e1ja\u00a0intenz\u00edvna \u010dokol\u00e1da\u00a0s\u00a0jemnou pist\u00e1ciou\u00a0\u2013 dve pr\u00e9miov\u00e9 ingrediencie, ktor\u00e9 s\u00fa z\u00e1kladom luxusnej Dubajskej \u010dokol\u00e1dy.  Teraz m\u00e1te mo\u017enos\u0165 namie\u0161a\u0165 si t\u00fato delik\u00e1tnu kombin\u00e1ciu presne pod\u013ea svojej chuti!  \u00a0Ako si vytvori\u0165 svoju Dubajsk\u00fa \u010dokol\u00e1du?   Zmie\u0161ajte\u00a0jednu odmerku \u010dokol\u00e1dov\u00e9ho prote\u00ednu\u00a0s\u00a0jednou odmerkou pist\u00e1ciov\u00e9ho prote\u00ednu  Mixujte s vodou alebo mliekom  Po p\u00e1r sekund\u00e1ch mie\u0161ania z\u00edskate\u00a0neodolate\u013ene kr\u00e9mov\u00fa konzistenciu  T\u00e1to kombin\u00e1cia v\u00e1m umo\u017en\u00ed vychutna\u0165 si\u00a0lahodn\u00e9 pote\u0161enie bez v\u00fd\u010ditiek, pri\u010dom si m\u00f4\u017eete\u00a0doladi\u0165 intenzitu \u010dokol\u00e1dy alebo pist\u00e1cie\u00a0pod\u013ea vlastnej chuti.  \u010ci u\u017e potrebujete kvalitn\u00fd zdroj bielkov\u00edn po tr\u00e9ningu alebo si chcete dopria\u0165\u00a0luxusn\u00fa ma\u0161krtu pln\u00fa v\u00fd\u017eivn\u00fdch l\u00e1tok.\u00a0","og_url":"https:\/\/fanzone.sk\/en\/product\/body-nutrition-excelent-100-whey-protein-dubajska-cokolada-1kg-cokolada-1kg-pistacia\/","og_site_name":"fanzone.sk","article_publisher":"https:\/\/www.facebook.com\/FANZONEsk\/","article_modified_time":"2025-09-05T12:44:44+00:00","og_image":[{"width":800,"height":800,"url":"https:\/\/fanzone.sk\/wp-content\/uploads\/2025\/09\/prot-19.jpg","type":"image\/jpeg"}],"twitter_card":"summary_large_image","twitter_misc":{"Est. reading time":"1 minute"},"schema":{"@context":"https:\/\/schema.org","@graph":[{"@type":"WebPage","@id":"https:\/\/fanzone.sk\/produkt\/body-nutrition-excelent-100-whey-protein-dubajska-cokolada-1kg-cokolada-1kg-pistacia\/","url":"https:\/\/fanzone.sk\/produkt\/body-nutrition-excelent-100-whey-protein-dubajska-cokolada-1kg-cokolada-1kg-pistacia\/","name":"Body Nutrition - Excelent 100% Whey Prote\u00edn Dubajsk\u00e1 \u010dokol\u00e1da \u2013 1kg \u010cokol\u00e1da\/1kg Pist\u00e1cia - fanzone.sk","isPartOf":{"@id":"https:\/\/fanzone.sk\/#website"},"datePublished":"2025-09-05T12:36:28+00:00","dateModified":"2025-09-05T12:44:44+00:00","breadcrumb":{"@id":"https:\/\/fanzone.sk\/produkt\/body-nutrition-excelent-100-whey-protein-dubajska-cokolada-1kg-cokolada-1kg-pistacia\/#breadcrumb"},"inLanguage":"en-US","potentialAction":[{"@type":"ReadAction","target":["https:\/\/fanzone.sk\/produkt\/body-nutrition-excelent-100-whey-protein-dubajska-cokolada-1kg-cokolada-1kg-pistacia\/"]}]},{"@type":"BreadcrumbList","@id":"https:\/\/fanzone.sk\/produkt\/body-nutrition-excelent-100-whey-protein-dubajska-cokolada-1kg-cokolada-1kg-pistacia\/#breadcrumb","itemListElement":[{"@type":"ListItem","position":1,"name":"Home","item":"https:\/\/fanzone.sk\/"},{"@type":"ListItem","position":2,"name":"Obchod","item":"https:\/\/fanzone.sk\/obchod\/"},{"@type":"ListItem","position":3,"name":"Body Nutrition &#8211; Excelent 100% Whey Prote\u00edn Dubajsk\u00e1 \u010dokol\u00e1da \u2013 1kg \u010cokol\u00e1da\/1kg Pist\u00e1cia"}]},{"@type":"WebSite","@id":"https:\/\/fanzone.sk\/#website","url":"https:\/\/fanzone.sk\/","name":"fanzone.sk","description":"","potentialAction":[{"@type":"SearchAction","target":{"@type":"EntryPoint","urlTemplate":"https:\/\/fanzone.sk\/?s={search_term_string}"},"query-input":"required name=search_term_string"}],"inLanguage":"en-US"}]}},"_links":{"self":[{"href":"https:\/\/fanzone.sk\/en\/wp-json\/wp\/v2\/product\/35050"}],"collection":[{"href":"https:\/\/fanzone.sk\/en\/wp-json\/wp\/v2\/product"}],"about":[{"href":"https:\/\/fanzone.sk\/en\/wp-json\/wp\/v2\/types\/product"}],"wp:featuredmedia":[{"embeddable":true,"href":"https:\/\/fanzone.sk\/en\/wp-json\/wp\/v2\/media\/35025"}],"wp:attachment":[{"href":"https:\/\/fanzone.sk\/en\/wp-json\/wp\/v2\/media?parent=35050"}],"wp:term":[{"taxonomy":"product_cat","embeddable":true,"href":"https:\/\/fanzone.sk\/en\/wp-json\/wp\/v2\/product_cat?post=35050"},{"taxonomy":"product_tag","embeddable":true,"href":"https:\/\/fanzone.sk\/en\/wp-json\/wp\/v2\/product_tag?post=35050"}],"curies":[{"name":"wp","href":"https:\/\/api.w.org\/{rel}","templated":true}]}}