{"id":36271,"date":"2025-11-11T15:20:21","date_gmt":"2025-11-11T14:20:21","guid":{"rendered":"https:\/\/fanzone.sk\/?post_type=product&#038;p=36271"},"modified":"2026-02-22T20:48:25","modified_gmt":"2026-02-22T19:48:25","slug":"asociacia-volejbaloych-rozhodcov-zrebovacia-minca","status":"publish","type":"product","link":"https:\/\/fanzone.sk\/en\/product\/asociacia-volejbaloych-rozhodcov-zrebovacia-minca\/","title":{"rendered":"ASOCI\u00c1CIA VOLEJBALO\u00ddCH ROZHODCOV &#8211; \u017drebovacia minca"},"content":{"rendered":"<ul>\n<li>\u017divicov\u00e1 \u017erebovacia minca s so striebornou antik\u00f3rovou platni\u010dkou v rozmere 1,5mm<\/li>\n<li>Priemer mince je 39mm<\/li>\n<\/ul>","protected":false},"excerpt":{"rendered":"<ul>\n<li>\u017divicov\u00e1 \u017erebovacia minca s so striebornou antik\u00f3rovou platni\u010dkou v rozmere 1,5mm<\/li>\n<li>Priemer mince je 39mm<\/li>\n<\/ul>","protected":false},"featured_media":36275,"template":"","meta":[],"product_cat":[534,310],"product_tag":[633,130],"wcpa_form_fields":null,"yoast_head":"<!-- This site is optimized with the Yoast SEO plugin v21.2 - https:\/\/yoast.com\/wordpress\/plugins\/seo\/ -->\n<title>ASOCI\u00c1CIA VOLEJBALO\u00ddCH ROZHODCOV - \u017drebovacia minca - fanzone.sk<\/title>\n<meta name=\"robots\" content=\"index, follow, max-snippet:-1, max-image-preview:large, max-video-preview:-1\" \/>\n<link rel=\"canonical\" href=\"https:\/\/fanzone.sk\/en\/product\/asociacia-volejbaloych-rozhodcov-zrebovacia-minca\/\" \/>\n<meta property=\"og:locale\" content=\"en_US\" \/>\n<meta property=\"og:type\" content=\"article\" \/>\n<meta property=\"og:title\" content=\"ASOCI\u00c1CIA VOLEJBALO\u00ddCH ROZHODCOV - \u017drebovacia minca - fanzone.sk\" \/>\n<meta property=\"og:description\" content=\"\u017divicov\u00e1 \u017erebovacia minca s so striebornou antik\u00f3rovou platni\u010dkou v rozmere 1,5mm  Priemer mince je 39mm\" \/>\n<meta property=\"og:url\" content=\"https:\/\/fanzone.sk\/en\/product\/asociacia-volejbaloych-rozhodcov-zrebovacia-minca\/\" \/>\n<meta property=\"og:site_name\" content=\"fanzone.sk\" \/>\n<meta property=\"article:publisher\" content=\"https:\/\/www.facebook.com\/FANZONEsk\/\" \/>\n<meta property=\"article:modified_time\" content=\"2026-02-22T19:48:25+00:00\" \/>\n<meta property=\"og:image\" content=\"https:\/\/fanzone.sk\/wp-content\/uploads\/2025\/11\/minca-01-PS-1.jpg\" \/>\n\t<meta property=\"og:image:width\" content=\"800\" \/>\n\t<meta property=\"og:image:height\" content=\"800\" \/>\n\t<meta property=\"og:image:type\" content=\"image\/jpeg\" \/>\n<meta name=\"twitter:card\" content=\"summary_large_image\" \/>\n<meta name=\"twitter:label1\" content=\"Est. reading time\" \/>\n\t<meta name=\"twitter:data1\" content=\"1 minute\" \/>\n<script type=\"application\/ld+json\" class=\"yoast-schema-graph\">{\"@context\":\"https:\/\/schema.org\",\"@graph\":[{\"@type\":\"WebPage\",\"@id\":\"https:\/\/fanzone.sk\/produkt\/asociacia-volejbaloych-rozhodcov-zrebovacia-minca\/\",\"url\":\"https:\/\/fanzone.sk\/produkt\/asociacia-volejbaloych-rozhodcov-zrebovacia-minca\/\",\"name\":\"ASOCI\u00c1CIA VOLEJBALO\u00ddCH ROZHODCOV - \u017drebovacia minca - fanzone.sk\",\"isPartOf\":{\"@id\":\"https:\/\/fanzone.sk\/#website\"},\"datePublished\":\"2025-11-11T14:20:21+00:00\",\"dateModified\":\"2026-02-22T19:48:25+00:00\",\"breadcrumb\":{\"@id\":\"https:\/\/fanzone.sk\/produkt\/asociacia-volejbaloych-rozhodcov-zrebovacia-minca\/#breadcrumb\"},\"inLanguage\":\"en-US\",\"potentialAction\":[{\"@type\":\"ReadAction\",\"target\":[\"https:\/\/fanzone.sk\/produkt\/asociacia-volejbaloych-rozhodcov-zrebovacia-minca\/\"]}]},{\"@type\":\"BreadcrumbList\",\"@id\":\"https:\/\/fanzone.sk\/produkt\/asociacia-volejbaloych-rozhodcov-zrebovacia-minca\/#breadcrumb\",\"itemListElement\":[{\"@type\":\"ListItem\",\"position\":1,\"name\":\"Home\",\"item\":\"https:\/\/fanzone.sk\/\"},{\"@type\":\"ListItem\",\"position\":2,\"name\":\"Obchod\",\"item\":\"https:\/\/fanzone.sk\/obchod\/\"},{\"@type\":\"ListItem\",\"position\":3,\"name\":\"ASOCI\u00c1CIA VOLEJBALO\u00ddCH ROZHODCOV &#8211; \u017drebovacia minca\"}]},{\"@type\":\"WebSite\",\"@id\":\"https:\/\/fanzone.sk\/#website\",\"url\":\"https:\/\/fanzone.sk\/\",\"name\":\"fanzone.sk\",\"description\":\"\",\"potentialAction\":[{\"@type\":\"SearchAction\",\"target\":{\"@type\":\"EntryPoint\",\"urlTemplate\":\"https:\/\/fanzone.sk\/?s={search_term_string}\"},\"query-input\":\"required name=search_term_string\"}],\"inLanguage\":\"en-US\"}]}<\/script>\n<!-- \/ Yoast SEO plugin. -->","yoast_head_json":{"title":"ASOCI\u00c1CIA VOLEJBALO\u00ddCH ROZHODCOV - \u017drebovacia minca - fanzone.sk","robots":{"index":"index","follow":"follow","max-snippet":"max-snippet:-1","max-image-preview":"max-image-preview:large","max-video-preview":"max-video-preview:-1"},"canonical":"https:\/\/fanzone.sk\/en\/product\/asociacia-volejbaloych-rozhodcov-zrebovacia-minca\/","og_locale":"en_US","og_type":"article","og_title":"ASOCI\u00c1CIA VOLEJBALO\u00ddCH ROZHODCOV - \u017drebovacia minca - fanzone.sk","og_description":"\u017divicov\u00e1 \u017erebovacia minca s so striebornou antik\u00f3rovou platni\u010dkou v rozmere 1,5mm  Priemer mince je 39mm","og_url":"https:\/\/fanzone.sk\/en\/product\/asociacia-volejbaloych-rozhodcov-zrebovacia-minca\/","og_site_name":"fanzone.sk","article_publisher":"https:\/\/www.facebook.com\/FANZONEsk\/","article_modified_time":"2026-02-22T19:48:25+00:00","og_image":[{"width":800,"height":800,"url":"https:\/\/fanzone.sk\/wp-content\/uploads\/2025\/11\/minca-01-PS-1.jpg","type":"image\/jpeg"}],"twitter_card":"summary_large_image","twitter_misc":{"Est. reading time":"1 minute"},"schema":{"@context":"https:\/\/schema.org","@graph":[{"@type":"WebPage","@id":"https:\/\/fanzone.sk\/produkt\/asociacia-volejbaloych-rozhodcov-zrebovacia-minca\/","url":"https:\/\/fanzone.sk\/produkt\/asociacia-volejbaloych-rozhodcov-zrebovacia-minca\/","name":"ASOCI\u00c1CIA VOLEJBALO\u00ddCH ROZHODCOV - \u017drebovacia minca - fanzone.sk","isPartOf":{"@id":"https:\/\/fanzone.sk\/#website"},"datePublished":"2025-11-11T14:20:21+00:00","dateModified":"2026-02-22T19:48:25+00:00","breadcrumb":{"@id":"https:\/\/fanzone.sk\/produkt\/asociacia-volejbaloych-rozhodcov-zrebovacia-minca\/#breadcrumb"},"inLanguage":"en-US","potentialAction":[{"@type":"ReadAction","target":["https:\/\/fanzone.sk\/produkt\/asociacia-volejbaloych-rozhodcov-zrebovacia-minca\/"]}]},{"@type":"BreadcrumbList","@id":"https:\/\/fanzone.sk\/produkt\/asociacia-volejbaloych-rozhodcov-zrebovacia-minca\/#breadcrumb","itemListElement":[{"@type":"ListItem","position":1,"name":"Home","item":"https:\/\/fanzone.sk\/"},{"@type":"ListItem","position":2,"name":"Obchod","item":"https:\/\/fanzone.sk\/obchod\/"},{"@type":"ListItem","position":3,"name":"ASOCI\u00c1CIA VOLEJBALO\u00ddCH ROZHODCOV &#8211; \u017drebovacia minca"}]},{"@type":"WebSite","@id":"https:\/\/fanzone.sk\/#website","url":"https:\/\/fanzone.sk\/","name":"fanzone.sk","description":"","potentialAction":[{"@type":"SearchAction","target":{"@type":"EntryPoint","urlTemplate":"https:\/\/fanzone.sk\/?s={search_term_string}"},"query-input":"required name=search_term_string"}],"inLanguage":"en-US"}]}},"_links":{"self":[{"href":"https:\/\/fanzone.sk\/en\/wp-json\/wp\/v2\/product\/36271"}],"collection":[{"href":"https:\/\/fanzone.sk\/en\/wp-json\/wp\/v2\/product"}],"about":[{"href":"https:\/\/fanzone.sk\/en\/wp-json\/wp\/v2\/types\/product"}],"wp:featuredmedia":[{"embeddable":true,"href":"https:\/\/fanzone.sk\/en\/wp-json\/wp\/v2\/media\/36275"}],"wp:attachment":[{"href":"https:\/\/fanzone.sk\/en\/wp-json\/wp\/v2\/media?parent=36271"}],"wp:term":[{"taxonomy":"product_cat","embeddable":true,"href":"https:\/\/fanzone.sk\/en\/wp-json\/wp\/v2\/product_cat?post=36271"},{"taxonomy":"product_tag","embeddable":true,"href":"https:\/\/fanzone.sk\/en\/wp-json\/wp\/v2\/product_tag?post=36271"}],"curies":[{"name":"wp","href":"https:\/\/api.w.org\/{rel}","templated":true}]}}