{"id":36307,"date":"2025-11-14T08:35:10","date_gmt":"2025-11-14T07:35:10","guid":{"rendered":"https:\/\/fanzone.sk\/?post_type=product&#038;p=36307"},"modified":"2026-04-09T15:16:35","modified_gmt":"2026-04-09T13:16:35","slug":"hc-19-humenne-25-26-pleteny-sal","status":"publish","type":"product","link":"https:\/\/fanzone.sk\/en\/product\/hc-19-humenne-25-26-pleteny-sal\/","title":{"rendered":"HC 19 Humenn\u00e9 25\/26 &#8211; Pleten\u00fd \u0161\u00e1l"},"content":{"rendered":"<div class=\"woocommerce-product-details__short-description\">\n<ul>\n<li>Pleten\u00fd \u0161\u00e1l v dizajne HC 19 Humenn\u00e9<\/li>\n<li>100% akryl<\/li>\n<li>Rozmer 120 x 16 cm<\/li>\n<li>Ukon\u010den\u00fd strapcami<\/li>\n<\/ul>\n<\/div>","protected":false},"excerpt":{"rendered":"<div class=\"woocommerce-product-details__short-description\">\n<ul>\n<li>Pleten\u00fd \u0161\u00e1l v dizajne HC 19 Humenn\u00e9<\/li>\n<li>100% akryl<\/li>\n<li>Rozmer 120 x 16 cm<\/li>\n<li>Ukon\u010den\u00fd strapcami<\/li>\n<\/ul>\n<\/div>","protected":false},"featured_media":36312,"template":"","meta":[],"product_cat":[309,552,415,95],"product_tag":[521,151],"wcpa_form_fields":null,"yoast_head":"<!-- This site is optimized with the Yoast SEO plugin v21.2 - https:\/\/yoast.com\/wordpress\/plugins\/seo\/ -->\n<title>HC 19 Humenn\u00e9 25\/26 - Pleten\u00fd \u0161\u00e1l - fanzone.sk<\/title>\n<meta name=\"robots\" content=\"index, follow, max-snippet:-1, max-image-preview:large, max-video-preview:-1\" \/>\n<link rel=\"canonical\" href=\"https:\/\/fanzone.sk\/en\/product\/hc-19-humenne-25-26-pleteny-sal\/\" \/>\n<meta property=\"og:locale\" content=\"en_US\" \/>\n<meta property=\"og:type\" content=\"article\" \/>\n<meta property=\"og:title\" content=\"HC 19 Humenn\u00e9 25\/26 - Pleten\u00fd \u0161\u00e1l - fanzone.sk\" \/>\n<meta property=\"og:description\" content=\"Pleten\u00fd \u0161\u00e1l v dizajne HC 19 Humenn\u00e9  100% akryl  Rozmer 120 x 16 cm  Ukon\u010den\u00fd strapcami\" \/>\n<meta property=\"og:url\" content=\"https:\/\/fanzone.sk\/en\/product\/hc-19-humenne-25-26-pleteny-sal\/\" \/>\n<meta property=\"og:site_name\" content=\"fanzone.sk\" \/>\n<meta property=\"article:publisher\" content=\"https:\/\/www.facebook.com\/FANZONEsk\/\" \/>\n<meta property=\"article:modified_time\" content=\"2026-04-09T13:16:35+00:00\" \/>\n<meta property=\"og:image\" content=\"https:\/\/fanzone.sk\/wp-content\/uploads\/2025\/11\/hron.jpg\" \/>\n\t<meta property=\"og:image:width\" content=\"800\" \/>\n\t<meta property=\"og:image:height\" content=\"800\" \/>\n\t<meta property=\"og:image:type\" content=\"image\/jpeg\" \/>\n<meta name=\"twitter:card\" content=\"summary_large_image\" \/>\n<meta name=\"twitter:label1\" content=\"Est. reading time\" \/>\n\t<meta name=\"twitter:data1\" content=\"1 minute\" \/>\n<script type=\"application\/ld+json\" class=\"yoast-schema-graph\">{\"@context\":\"https:\/\/schema.org\",\"@graph\":[{\"@type\":\"WebPage\",\"@id\":\"https:\/\/fanzone.sk\/produkt\/hc-19-humenne-25-26-pleteny-sal\/\",\"url\":\"https:\/\/fanzone.sk\/produkt\/hc-19-humenne-25-26-pleteny-sal\/\",\"name\":\"HC 19 Humenn\u00e9 25\/26 - Pleten\u00fd \u0161\u00e1l - fanzone.sk\",\"isPartOf\":{\"@id\":\"https:\/\/fanzone.sk\/#website\"},\"datePublished\":\"2025-11-14T07:35:10+00:00\",\"dateModified\":\"2026-04-09T13:16:35+00:00\",\"breadcrumb\":{\"@id\":\"https:\/\/fanzone.sk\/produkt\/hc-19-humenne-25-26-pleteny-sal\/#breadcrumb\"},\"inLanguage\":\"en-US\",\"potentialAction\":[{\"@type\":\"ReadAction\",\"target\":[\"https:\/\/fanzone.sk\/produkt\/hc-19-humenne-25-26-pleteny-sal\/\"]}]},{\"@type\":\"BreadcrumbList\",\"@id\":\"https:\/\/fanzone.sk\/produkt\/hc-19-humenne-25-26-pleteny-sal\/#breadcrumb\",\"itemListElement\":[{\"@type\":\"ListItem\",\"position\":1,\"name\":\"Home\",\"item\":\"https:\/\/fanzone.sk\/\"},{\"@type\":\"ListItem\",\"position\":2,\"name\":\"Obchod\",\"item\":\"https:\/\/fanzone.sk\/obchod\/\"},{\"@type\":\"ListItem\",\"position\":3,\"name\":\"HC 19 Humenn\u00e9 25\/26 &#8211; Pleten\u00fd \u0161\u00e1l\"}]},{\"@type\":\"WebSite\",\"@id\":\"https:\/\/fanzone.sk\/#website\",\"url\":\"https:\/\/fanzone.sk\/\",\"name\":\"fanzone.sk\",\"description\":\"\",\"potentialAction\":[{\"@type\":\"SearchAction\",\"target\":{\"@type\":\"EntryPoint\",\"urlTemplate\":\"https:\/\/fanzone.sk\/?s={search_term_string}\"},\"query-input\":\"required name=search_term_string\"}],\"inLanguage\":\"en-US\"}]}<\/script>\n<!-- \/ Yoast SEO plugin. -->","yoast_head_json":{"title":"HC 19 Humenn\u00e9 25\/26 - Pleten\u00fd \u0161\u00e1l - fanzone.sk","robots":{"index":"index","follow":"follow","max-snippet":"max-snippet:-1","max-image-preview":"max-image-preview:large","max-video-preview":"max-video-preview:-1"},"canonical":"https:\/\/fanzone.sk\/en\/product\/hc-19-humenne-25-26-pleteny-sal\/","og_locale":"en_US","og_type":"article","og_title":"HC 19 Humenn\u00e9 25\/26 - Pleten\u00fd \u0161\u00e1l - fanzone.sk","og_description":"Pleten\u00fd \u0161\u00e1l v dizajne HC 19 Humenn\u00e9  100% akryl  Rozmer 120 x 16 cm  Ukon\u010den\u00fd strapcami","og_url":"https:\/\/fanzone.sk\/en\/product\/hc-19-humenne-25-26-pleteny-sal\/","og_site_name":"fanzone.sk","article_publisher":"https:\/\/www.facebook.com\/FANZONEsk\/","article_modified_time":"2026-04-09T13:16:35+00:00","og_image":[{"width":800,"height":800,"url":"https:\/\/fanzone.sk\/wp-content\/uploads\/2025\/11\/hron.jpg","type":"image\/jpeg"}],"twitter_card":"summary_large_image","twitter_misc":{"Est. reading time":"1 minute"},"schema":{"@context":"https:\/\/schema.org","@graph":[{"@type":"WebPage","@id":"https:\/\/fanzone.sk\/produkt\/hc-19-humenne-25-26-pleteny-sal\/","url":"https:\/\/fanzone.sk\/produkt\/hc-19-humenne-25-26-pleteny-sal\/","name":"HC 19 Humenn\u00e9 25\/26 - Pleten\u00fd \u0161\u00e1l - fanzone.sk","isPartOf":{"@id":"https:\/\/fanzone.sk\/#website"},"datePublished":"2025-11-14T07:35:10+00:00","dateModified":"2026-04-09T13:16:35+00:00","breadcrumb":{"@id":"https:\/\/fanzone.sk\/produkt\/hc-19-humenne-25-26-pleteny-sal\/#breadcrumb"},"inLanguage":"en-US","potentialAction":[{"@type":"ReadAction","target":["https:\/\/fanzone.sk\/produkt\/hc-19-humenne-25-26-pleteny-sal\/"]}]},{"@type":"BreadcrumbList","@id":"https:\/\/fanzone.sk\/produkt\/hc-19-humenne-25-26-pleteny-sal\/#breadcrumb","itemListElement":[{"@type":"ListItem","position":1,"name":"Home","item":"https:\/\/fanzone.sk\/"},{"@type":"ListItem","position":2,"name":"Obchod","item":"https:\/\/fanzone.sk\/obchod\/"},{"@type":"ListItem","position":3,"name":"HC 19 Humenn\u00e9 25\/26 &#8211; Pleten\u00fd \u0161\u00e1l"}]},{"@type":"WebSite","@id":"https:\/\/fanzone.sk\/#website","url":"https:\/\/fanzone.sk\/","name":"fanzone.sk","description":"","potentialAction":[{"@type":"SearchAction","target":{"@type":"EntryPoint","urlTemplate":"https:\/\/fanzone.sk\/?s={search_term_string}"},"query-input":"required name=search_term_string"}],"inLanguage":"en-US"}]}},"_links":{"self":[{"href":"https:\/\/fanzone.sk\/en\/wp-json\/wp\/v2\/product\/36307"}],"collection":[{"href":"https:\/\/fanzone.sk\/en\/wp-json\/wp\/v2\/product"}],"about":[{"href":"https:\/\/fanzone.sk\/en\/wp-json\/wp\/v2\/types\/product"}],"wp:featuredmedia":[{"embeddable":true,"href":"https:\/\/fanzone.sk\/en\/wp-json\/wp\/v2\/media\/36312"}],"wp:attachment":[{"href":"https:\/\/fanzone.sk\/en\/wp-json\/wp\/v2\/media?parent=36307"}],"wp:term":[{"taxonomy":"product_cat","embeddable":true,"href":"https:\/\/fanzone.sk\/en\/wp-json\/wp\/v2\/product_cat?post=36307"},{"taxonomy":"product_tag","embeddable":true,"href":"https:\/\/fanzone.sk\/en\/wp-json\/wp\/v2\/product_tag?post=36307"}],"curies":[{"name":"wp","href":"https:\/\/api.w.org\/{rel}","templated":true}]}}