{"id":36518,"date":"2025-11-24T17:04:22","date_gmt":"2025-11-24T16:04:22","guid":{"rendered":"https:\/\/fanzone.sk\/?post_type=product&#038;p=36518"},"modified":"2026-02-09T08:47:01","modified_gmt":"2026-02-09T07:47:01","slug":"cft-academy-bavlnene-tricko-s-potlacou-si-tak-pomaly","status":"publish","type":"product","link":"https:\/\/fanzone.sk\/en\/product\/cft-academy-bavlnene-tricko-s-potlacou-si-tak-pomaly\/","title":{"rendered":"CFT Styles ST-shirt &#8211; Bavlnen\u00e9 tri\u010dko s potla\u010dou \u00b4 \u00b4Si tak pomal\u00fd\u2026.\u00b4"},"content":{"rendered":"<ul>\n<li>Detsk\u00e9 bavlnen\u00e9 tri\u010dko s bo\u010dn\u00fdmi \u0161vami<\/li>\n<li>100% bavlna<\/li>\n<li>Na prednej \u010dasti tri\u010dka logo CFT<\/li>\n<li>Na zadnej \u010dasti aplikovan\u00e1 grafika Si tak pomal\u00fd, \u017ee aj replay \u0164a predbehne<\/li>\n<\/ul>","protected":false},"excerpt":{"rendered":"<ul>\n<li>Detsk\u00e9 bavlnen\u00e9 tri\u010dko s bo\u010dn\u00fdmi \u0161vami<\/li>\n<li>100% bavlna<\/li>\n<li>Na prednej \u010dasti tri\u010dka logo CFT<\/li>\n<li>Na zadnej \u010dasti aplikovan\u00e1 grafika Si tak pomal\u00fd, \u017ee aj replay \u0164a predbehne<\/li>\n<\/ul>","protected":false},"featured_media":36487,"template":"","meta":[],"product_cat":[307,75],"product_tag":[41,144],"wcpa_form_fields":null,"yoast_head":"<!-- This site is optimized with the Yoast SEO plugin v21.2 - https:\/\/yoast.com\/wordpress\/plugins\/seo\/ -->\n<title>CFT Styles ST-shirt - Bavlnen\u00e9 tri\u010dko s potla\u010dou \u00b4 \u00b4Si tak pomal\u00fd\u2026.\u00b4 - fanzone.sk<\/title>\n<meta name=\"robots\" content=\"index, follow, max-snippet:-1, max-image-preview:large, max-video-preview:-1\" \/>\n<link rel=\"canonical\" href=\"https:\/\/fanzone.sk\/en\/product\/cft-academy-bavlnene-tricko-s-potlacou-si-tak-pomaly\/\" \/>\n<meta property=\"og:locale\" content=\"en_US\" \/>\n<meta property=\"og:type\" content=\"article\" \/>\n<meta property=\"og:title\" content=\"CFT Styles ST-shirt - Bavlnen\u00e9 tri\u010dko s potla\u010dou \u00b4 \u00b4Si tak pomal\u00fd\u2026.\u00b4 - fanzone.sk\" \/>\n<meta property=\"og:description\" content=\"Detsk\u00e9 bavlnen\u00e9 tri\u010dko s bo\u010dn\u00fdmi \u0161vami  100% bavlna  Na prednej \u010dasti tri\u010dka logo CFT  Na zadnej \u010dasti aplikovan\u00e1 grafika Si tak pomal\u00fd, \u017ee aj replay \u0164a predbehne\" \/>\n<meta property=\"og:url\" content=\"https:\/\/fanzone.sk\/en\/product\/cft-academy-bavlnene-tricko-s-potlacou-si-tak-pomaly\/\" \/>\n<meta property=\"og:site_name\" content=\"fanzone.sk\" \/>\n<meta property=\"article:publisher\" content=\"https:\/\/www.facebook.com\/FANZONEsk\/\" \/>\n<meta property=\"article:modified_time\" content=\"2026-02-09T07:47:01+00:00\" \/>\n<meta property=\"og:image\" content=\"https:\/\/fanzone.sk\/wp-content\/uploads\/2025\/11\/EVA-05-ZD.jpg\" \/>\n\t<meta property=\"og:image:width\" content=\"801\" \/>\n\t<meta property=\"og:image:height\" content=\"800\" \/>\n\t<meta property=\"og:image:type\" content=\"image\/jpeg\" \/>\n<meta name=\"twitter:card\" content=\"summary_large_image\" \/>\n<meta name=\"twitter:label1\" content=\"Est. reading time\" \/>\n\t<meta name=\"twitter:data1\" content=\"1 minute\" \/>\n<script type=\"application\/ld+json\" class=\"yoast-schema-graph\">{\"@context\":\"https:\/\/schema.org\",\"@graph\":[{\"@type\":\"WebPage\",\"@id\":\"https:\/\/fanzone.sk\/produkt\/cft-academy-bavlnene-tricko-s-potlacou-si-tak-pomaly\/\",\"url\":\"https:\/\/fanzone.sk\/produkt\/cft-academy-bavlnene-tricko-s-potlacou-si-tak-pomaly\/\",\"name\":\"CFT Styles ST-shirt - Bavlnen\u00e9 tri\u010dko s potla\u010dou \u00b4 \u00b4Si tak pomal\u00fd\u2026.\u00b4 - fanzone.sk\",\"isPartOf\":{\"@id\":\"https:\/\/fanzone.sk\/#website\"},\"datePublished\":\"2025-11-24T16:04:22+00:00\",\"dateModified\":\"2026-02-09T07:47:01+00:00\",\"breadcrumb\":{\"@id\":\"https:\/\/fanzone.sk\/produkt\/cft-academy-bavlnene-tricko-s-potlacou-si-tak-pomaly\/#breadcrumb\"},\"inLanguage\":\"en-US\",\"potentialAction\":[{\"@type\":\"ReadAction\",\"target\":[\"https:\/\/fanzone.sk\/produkt\/cft-academy-bavlnene-tricko-s-potlacou-si-tak-pomaly\/\"]}]},{\"@type\":\"BreadcrumbList\",\"@id\":\"https:\/\/fanzone.sk\/produkt\/cft-academy-bavlnene-tricko-s-potlacou-si-tak-pomaly\/#breadcrumb\",\"itemListElement\":[{\"@type\":\"ListItem\",\"position\":1,\"name\":\"Home\",\"item\":\"https:\/\/fanzone.sk\/\"},{\"@type\":\"ListItem\",\"position\":2,\"name\":\"Obchod\",\"item\":\"https:\/\/fanzone.sk\/obchod\/\"},{\"@type\":\"ListItem\",\"position\":3,\"name\":\"CFT Styles ST-shirt &#8211; Bavlnen\u00e9 tri\u010dko s potla\u010dou \u00b4 \u00b4Si tak pomal\u00fd\u2026.\u00b4\"}]},{\"@type\":\"WebSite\",\"@id\":\"https:\/\/fanzone.sk\/#website\",\"url\":\"https:\/\/fanzone.sk\/\",\"name\":\"fanzone.sk\",\"description\":\"\",\"potentialAction\":[{\"@type\":\"SearchAction\",\"target\":{\"@type\":\"EntryPoint\",\"urlTemplate\":\"https:\/\/fanzone.sk\/?s={search_term_string}\"},\"query-input\":\"required name=search_term_string\"}],\"inLanguage\":\"en-US\"}]}<\/script>\n<!-- \/ Yoast SEO plugin. -->","yoast_head_json":{"title":"CFT Styles ST-shirt - Bavlnen\u00e9 tri\u010dko s potla\u010dou \u00b4 \u00b4Si tak pomal\u00fd\u2026.\u00b4 - fanzone.sk","robots":{"index":"index","follow":"follow","max-snippet":"max-snippet:-1","max-image-preview":"max-image-preview:large","max-video-preview":"max-video-preview:-1"},"canonical":"https:\/\/fanzone.sk\/en\/product\/cft-academy-bavlnene-tricko-s-potlacou-si-tak-pomaly\/","og_locale":"en_US","og_type":"article","og_title":"CFT Styles ST-shirt - Bavlnen\u00e9 tri\u010dko s potla\u010dou \u00b4 \u00b4Si tak pomal\u00fd\u2026.\u00b4 - fanzone.sk","og_description":"Detsk\u00e9 bavlnen\u00e9 tri\u010dko s bo\u010dn\u00fdmi \u0161vami  100% bavlna  Na prednej \u010dasti tri\u010dka logo CFT  Na zadnej \u010dasti aplikovan\u00e1 grafika Si tak pomal\u00fd, \u017ee aj replay \u0164a predbehne","og_url":"https:\/\/fanzone.sk\/en\/product\/cft-academy-bavlnene-tricko-s-potlacou-si-tak-pomaly\/","og_site_name":"fanzone.sk","article_publisher":"https:\/\/www.facebook.com\/FANZONEsk\/","article_modified_time":"2026-02-09T07:47:01+00:00","og_image":[{"width":801,"height":800,"url":"https:\/\/fanzone.sk\/wp-content\/uploads\/2025\/11\/EVA-05-ZD.jpg","type":"image\/jpeg"}],"twitter_card":"summary_large_image","twitter_misc":{"Est. reading time":"1 minute"},"schema":{"@context":"https:\/\/schema.org","@graph":[{"@type":"WebPage","@id":"https:\/\/fanzone.sk\/produkt\/cft-academy-bavlnene-tricko-s-potlacou-si-tak-pomaly\/","url":"https:\/\/fanzone.sk\/produkt\/cft-academy-bavlnene-tricko-s-potlacou-si-tak-pomaly\/","name":"CFT Styles ST-shirt - Bavlnen\u00e9 tri\u010dko s potla\u010dou \u00b4 \u00b4Si tak pomal\u00fd\u2026.\u00b4 - fanzone.sk","isPartOf":{"@id":"https:\/\/fanzone.sk\/#website"},"datePublished":"2025-11-24T16:04:22+00:00","dateModified":"2026-02-09T07:47:01+00:00","breadcrumb":{"@id":"https:\/\/fanzone.sk\/produkt\/cft-academy-bavlnene-tricko-s-potlacou-si-tak-pomaly\/#breadcrumb"},"inLanguage":"en-US","potentialAction":[{"@type":"ReadAction","target":["https:\/\/fanzone.sk\/produkt\/cft-academy-bavlnene-tricko-s-potlacou-si-tak-pomaly\/"]}]},{"@type":"BreadcrumbList","@id":"https:\/\/fanzone.sk\/produkt\/cft-academy-bavlnene-tricko-s-potlacou-si-tak-pomaly\/#breadcrumb","itemListElement":[{"@type":"ListItem","position":1,"name":"Home","item":"https:\/\/fanzone.sk\/"},{"@type":"ListItem","position":2,"name":"Obchod","item":"https:\/\/fanzone.sk\/obchod\/"},{"@type":"ListItem","position":3,"name":"CFT Styles ST-shirt &#8211; Bavlnen\u00e9 tri\u010dko s potla\u010dou \u00b4 \u00b4Si tak pomal\u00fd\u2026.\u00b4"}]},{"@type":"WebSite","@id":"https:\/\/fanzone.sk\/#website","url":"https:\/\/fanzone.sk\/","name":"fanzone.sk","description":"","potentialAction":[{"@type":"SearchAction","target":{"@type":"EntryPoint","urlTemplate":"https:\/\/fanzone.sk\/?s={search_term_string}"},"query-input":"required name=search_term_string"}],"inLanguage":"en-US"}]}},"_links":{"self":[{"href":"https:\/\/fanzone.sk\/en\/wp-json\/wp\/v2\/product\/36518"}],"collection":[{"href":"https:\/\/fanzone.sk\/en\/wp-json\/wp\/v2\/product"}],"about":[{"href":"https:\/\/fanzone.sk\/en\/wp-json\/wp\/v2\/types\/product"}],"wp:featuredmedia":[{"embeddable":true,"href":"https:\/\/fanzone.sk\/en\/wp-json\/wp\/v2\/media\/36487"}],"wp:attachment":[{"href":"https:\/\/fanzone.sk\/en\/wp-json\/wp\/v2\/media?parent=36518"}],"wp:term":[{"taxonomy":"product_cat","embeddable":true,"href":"https:\/\/fanzone.sk\/en\/wp-json\/wp\/v2\/product_cat?post=36518"},{"taxonomy":"product_tag","embeddable":true,"href":"https:\/\/fanzone.sk\/en\/wp-json\/wp\/v2\/product_tag?post=36518"}],"curies":[{"name":"wp","href":"https:\/\/api.w.org\/{rel}","templated":true}]}}