{"id":36818,"date":"2025-12-10T11:28:27","date_gmt":"2025-12-10T10:28:27","guid":{"rendered":"https:\/\/fanzone.sk\/?post_type=product&#038;p=36818"},"modified":"2026-03-30T16:49:38","modified_gmt":"2026-03-30T14:49:38","slug":"slovensko-original-hokejovy-dres-zoh-2026","status":"publish","type":"product","link":"https:\/\/fanzone.sk\/en\/product\/slovensko-original-hokejovy-dres-zoh-2026\/","title":{"rendered":"SLOVENSKO &#8211; PROFI Hokejov\u00fd dres s v\u00fd\u0161ivkou 26"},"content":{"rendered":"<ul>\n<li>Hokejov\u00fd dres<\/li>\n<li>Dres z 250gr\/m2 100% PES s vetrac\u00edmi \u010das\u0165ami, spevnen\u00fdm sedlom z 300g\/m2 l\u00e1tky, profi golier s \u010distiacim p\u00e1sikom.<\/li>\n<li><strong>Vy\u0161\u00edvan\u00fd SVK znak<\/strong><\/li>\n<li>Mo\u017enos\u0165 potla\u010de mena a \u010d\u00edsla za pr\u00edplatok<\/li>\n<li>V\u00fdber z dvoch farieb<\/li>\n<\/ul>","protected":false},"excerpt":{"rendered":"<ul>\n<li>Hokejov\u00fd dres<\/li>\n<li>Dres z 250gr\/m2 100% PES s vetrac\u00edmi \u010das\u0165ami, spevnen\u00fdm sedlom z 300g\/m2 l\u00e1tky, profi golier s \u010distiacim p\u00e1sikom.<\/li>\n<li><strong>Vy\u0161\u00edvan\u00fd SVK znak<\/strong><\/li>\n<li>Mo\u017enos\u0165 potla\u010de mena a \u010d\u00edsla za pr\u00edplatok<\/li>\n<li>V\u00fdber z dvoch farieb<\/li>\n<\/ul>","protected":false},"featured_media":38110,"template":"","meta":[],"product_cat":[645,327,20,21],"product_tag":[40,108],"wcpa_form_fields":{"rules":{"pric_overide_base_price":false,"pric_overide_base_price_if_gt_zero":false,"pric_cal_option_once":false,"pric_use_as_fee":false,"bind_quantity":false,"quantity_bind_formula":false},"fields":[{"type":"text","elementId":"wcpa-text-1554311022362","label":"Meno","enablePrice":true,"pricingType":"fixed","price":"1.50","className":"form-control","name":"text-1554311022362","subtype":"text","cl_rule":"show","operator":"and","col":6,"relations":[{"operator":"and","rules":[{"operator":false,"rules":{"cl_field":"wcpa-text-1554311022362","cl_relation":"0","cl_val":""}}]},{"operator":false,"rules":[{"operator":false,"rules":{"cl_field":"wcpa-number-1554284231985","cl_relation":"0","cl_val":""}}]}],"form_id":1648,"form_rules":{"pric_cal_option_once":false,"exclude_from_discount":false,"pric_use_as_fee":false,"fee_label":"Zdarma","render_after_acb":false,"disp_hide_options_price":false}},{"type":"number","elementId":"wcpa-number-1554284231985","label":"\u010c\u00edslo","enablePrice":true,"pricingType":"fixed","price":"1.50","className":"form-control","name":"number-1554284231985","cl_rule":"show","col":6,"relations":false,"form_id":1648,"form_rules":{"pric_cal_option_once":false,"exclude_from_discount":false,"pric_use_as_fee":false,"fee_label":"Zdarma","render_after_acb":false,"disp_hide_options_price":false}},{"type":"paragraph","subtype":"output","label":"Pri personaliz\u00e1cii nem\u00e1te n\u00e1rok na ve\u013ekostn\u00fa v\u00fdmenu produktu.\nPersonaliz\u00e1cia 3\u20ac","elementId":"wcpa-paragraph-1554310533053","pricingType":"fixed","cl_rule":"show","col":"6","relations":false,"form_id":1648,"form_rules":{"pric_cal_option_once":false,"exclude_from_discount":false,"pric_use_as_fee":false,"fee_label":"Zdarma","render_after_acb":false,"disp_hide_options_price":false}}]},"yoast_head":"<!-- This site is optimized with the Yoast SEO plugin v21.2 - https:\/\/yoast.com\/wordpress\/plugins\/seo\/ -->\n<title>SLOVENSKO - PROFI Hokejov\u00fd dres s v\u00fd\u0161ivkou 26 - fanzone.sk<\/title>\n<meta name=\"robots\" content=\"index, follow, max-snippet:-1, max-image-preview:large, max-video-preview:-1\" \/>\n<link rel=\"canonical\" href=\"https:\/\/fanzone.sk\/en\/product\/slovensko-original-hokejovy-dres-zoh-2026\/\" \/>\n<meta property=\"og:locale\" content=\"en_US\" \/>\n<meta property=\"og:type\" content=\"article\" \/>\n<meta property=\"og:title\" content=\"SLOVENSKO - PROFI Hokejov\u00fd dres s v\u00fd\u0161ivkou 26 - fanzone.sk\" \/>\n<meta property=\"og:description\" content=\"Hokejov\u00fd dres  Dres z 250gr\/m2 100% PES s vetrac\u00edmi \u010das\u0165ami, spevnen\u00fdm sedlom z 300g\/m2 l\u00e1tky, profi golier s \u010distiacim p\u00e1sikom.  Vy\u0161\u00edvan\u00fd SVK znak  Mo\u017enos\u0165 potla\u010de mena a \u010d\u00edsla za pr\u00edplatok  V\u00fdber z dvoch farieb\" \/>\n<meta property=\"og:url\" content=\"https:\/\/fanzone.sk\/en\/product\/slovensko-original-hokejovy-dres-zoh-2026\/\" \/>\n<meta property=\"og:site_name\" content=\"fanzone.sk\" \/>\n<meta property=\"article:publisher\" content=\"https:\/\/www.facebook.com\/FANZONEsk\/\" \/>\n<meta property=\"article:modified_time\" content=\"2026-03-30T14:49:38+00:00\" \/>\n<meta property=\"og:image\" content=\"https:\/\/fanzone.sk\/wp-content\/uploads\/2026\/01\/CONNOR-PROFI-02-PD.jpg\" \/>\n\t<meta property=\"og:image:width\" content=\"800\" \/>\n\t<meta property=\"og:image:height\" content=\"800\" \/>\n\t<meta property=\"og:image:type\" content=\"image\/jpeg\" \/>\n<meta name=\"twitter:card\" content=\"summary_large_image\" \/>\n<meta name=\"twitter:label1\" content=\"Est. reading time\" \/>\n\t<meta name=\"twitter:data1\" content=\"1 minute\" \/>\n<script type=\"application\/ld+json\" class=\"yoast-schema-graph\">{\"@context\":\"https:\/\/schema.org\",\"@graph\":[{\"@type\":\"WebPage\",\"@id\":\"https:\/\/fanzone.sk\/produkt\/slovensko-original-hokejovy-dres-zoh-2026\/\",\"url\":\"https:\/\/fanzone.sk\/produkt\/slovensko-original-hokejovy-dres-zoh-2026\/\",\"name\":\"SLOVENSKO - PROFI Hokejov\u00fd dres s v\u00fd\u0161ivkou 26 - fanzone.sk\",\"isPartOf\":{\"@id\":\"https:\/\/fanzone.sk\/#website\"},\"datePublished\":\"2025-12-10T10:28:27+00:00\",\"dateModified\":\"2026-03-30T14:49:38+00:00\",\"breadcrumb\":{\"@id\":\"https:\/\/fanzone.sk\/produkt\/slovensko-original-hokejovy-dres-zoh-2026\/#breadcrumb\"},\"inLanguage\":\"en-US\",\"potentialAction\":[{\"@type\":\"ReadAction\",\"target\":[\"https:\/\/fanzone.sk\/produkt\/slovensko-original-hokejovy-dres-zoh-2026\/\"]}]},{\"@type\":\"BreadcrumbList\",\"@id\":\"https:\/\/fanzone.sk\/produkt\/slovensko-original-hokejovy-dres-zoh-2026\/#breadcrumb\",\"itemListElement\":[{\"@type\":\"ListItem\",\"position\":1,\"name\":\"Home\",\"item\":\"https:\/\/fanzone.sk\/\"},{\"@type\":\"ListItem\",\"position\":2,\"name\":\"Obchod\",\"item\":\"https:\/\/fanzone.sk\/obchod\/\"},{\"@type\":\"ListItem\",\"position\":3,\"name\":\"SLOVENSKO &#8211; PROFI Hokejov\u00fd dres s v\u00fd\u0161ivkou 26\"}]},{\"@type\":\"WebSite\",\"@id\":\"https:\/\/fanzone.sk\/#website\",\"url\":\"https:\/\/fanzone.sk\/\",\"name\":\"fanzone.sk\",\"description\":\"\",\"potentialAction\":[{\"@type\":\"SearchAction\",\"target\":{\"@type\":\"EntryPoint\",\"urlTemplate\":\"https:\/\/fanzone.sk\/?s={search_term_string}\"},\"query-input\":\"required name=search_term_string\"}],\"inLanguage\":\"en-US\"}]}<\/script>\n<!-- \/ Yoast SEO plugin. -->","yoast_head_json":{"title":"SLOVENSKO - PROFI Hokejov\u00fd dres s v\u00fd\u0161ivkou 26 - fanzone.sk","robots":{"index":"index","follow":"follow","max-snippet":"max-snippet:-1","max-image-preview":"max-image-preview:large","max-video-preview":"max-video-preview:-1"},"canonical":"https:\/\/fanzone.sk\/en\/product\/slovensko-original-hokejovy-dres-zoh-2026\/","og_locale":"en_US","og_type":"article","og_title":"SLOVENSKO - PROFI Hokejov\u00fd dres s v\u00fd\u0161ivkou 26 - fanzone.sk","og_description":"Hokejov\u00fd dres  Dres z 250gr\/m2 100% PES s vetrac\u00edmi \u010das\u0165ami, spevnen\u00fdm sedlom z 300g\/m2 l\u00e1tky, profi golier s \u010distiacim p\u00e1sikom.  Vy\u0161\u00edvan\u00fd SVK znak  Mo\u017enos\u0165 potla\u010de mena a \u010d\u00edsla za pr\u00edplatok  V\u00fdber z dvoch farieb","og_url":"https:\/\/fanzone.sk\/en\/product\/slovensko-original-hokejovy-dres-zoh-2026\/","og_site_name":"fanzone.sk","article_publisher":"https:\/\/www.facebook.com\/FANZONEsk\/","article_modified_time":"2026-03-30T14:49:38+00:00","og_image":[{"width":800,"height":800,"url":"https:\/\/fanzone.sk\/wp-content\/uploads\/2026\/01\/CONNOR-PROFI-02-PD.jpg","type":"image\/jpeg"}],"twitter_card":"summary_large_image","twitter_misc":{"Est. reading time":"1 minute"},"schema":{"@context":"https:\/\/schema.org","@graph":[{"@type":"WebPage","@id":"https:\/\/fanzone.sk\/produkt\/slovensko-original-hokejovy-dres-zoh-2026\/","url":"https:\/\/fanzone.sk\/produkt\/slovensko-original-hokejovy-dres-zoh-2026\/","name":"SLOVENSKO - PROFI Hokejov\u00fd dres s v\u00fd\u0161ivkou 26 - fanzone.sk","isPartOf":{"@id":"https:\/\/fanzone.sk\/#website"},"datePublished":"2025-12-10T10:28:27+00:00","dateModified":"2026-03-30T14:49:38+00:00","breadcrumb":{"@id":"https:\/\/fanzone.sk\/produkt\/slovensko-original-hokejovy-dres-zoh-2026\/#breadcrumb"},"inLanguage":"en-US","potentialAction":[{"@type":"ReadAction","target":["https:\/\/fanzone.sk\/produkt\/slovensko-original-hokejovy-dres-zoh-2026\/"]}]},{"@type":"BreadcrumbList","@id":"https:\/\/fanzone.sk\/produkt\/slovensko-original-hokejovy-dres-zoh-2026\/#breadcrumb","itemListElement":[{"@type":"ListItem","position":1,"name":"Home","item":"https:\/\/fanzone.sk\/"},{"@type":"ListItem","position":2,"name":"Obchod","item":"https:\/\/fanzone.sk\/obchod\/"},{"@type":"ListItem","position":3,"name":"SLOVENSKO &#8211; PROFI Hokejov\u00fd dres s v\u00fd\u0161ivkou 26"}]},{"@type":"WebSite","@id":"https:\/\/fanzone.sk\/#website","url":"https:\/\/fanzone.sk\/","name":"fanzone.sk","description":"","potentialAction":[{"@type":"SearchAction","target":{"@type":"EntryPoint","urlTemplate":"https:\/\/fanzone.sk\/?s={search_term_string}"},"query-input":"required name=search_term_string"}],"inLanguage":"en-US"}]}},"_links":{"self":[{"href":"https:\/\/fanzone.sk\/en\/wp-json\/wp\/v2\/product\/36818"}],"collection":[{"href":"https:\/\/fanzone.sk\/en\/wp-json\/wp\/v2\/product"}],"about":[{"href":"https:\/\/fanzone.sk\/en\/wp-json\/wp\/v2\/types\/product"}],"wp:featuredmedia":[{"embeddable":true,"href":"https:\/\/fanzone.sk\/en\/wp-json\/wp\/v2\/media\/38110"}],"wp:attachment":[{"href":"https:\/\/fanzone.sk\/en\/wp-json\/wp\/v2\/media?parent=36818"}],"wp:term":[{"taxonomy":"product_cat","embeddable":true,"href":"https:\/\/fanzone.sk\/en\/wp-json\/wp\/v2\/product_cat?post=36818"},{"taxonomy":"product_tag","embeddable":true,"href":"https:\/\/fanzone.sk\/en\/wp-json\/wp\/v2\/product_tag?post=36818"}],"curies":[{"name":"wp","href":"https:\/\/api.w.org\/{rel}","templated":true}]}}