{"id":36855,"date":"2025-12-10T13:54:22","date_gmt":"2025-12-10T12:54:22","guid":{"rendered":"https:\/\/fanzone.sk\/?post_type=product&#038;p=36855"},"modified":"2026-03-30T16:35:57","modified_gmt":"2026-03-30T14:35:57","slug":"slovensko-latkovy-sal-zoh-2026","status":"publish","type":"product","link":"https:\/\/fanzone.sk\/en\/product\/slovensko-latkovy-sal-zoh-2026\/","title":{"rendered":"SLOVENSKO &#8211; L\u00e1tkov\u00fd \u0161\u00e1l 26"},"content":{"rendered":"<ul>\n<li>\u0160\u00e1l obojstrann\u00fd l\u00e1tkov\u00fd<\/li>\n<li>Ukon\u010den\u00fd strapcami<\/li>\n<li>Rozmer :\u00a0 130 x 18 cm<\/li>\n<\/ul>","protected":false},"excerpt":{"rendered":"<ul>\n<li>\u0160\u00e1l obojstrann\u00fd l\u00e1tkov\u00fd<\/li>\n<li>Ukon\u010den\u00fd strapcami<\/li>\n<li>Rozmer :\u00a0 130 x 18 cm<\/li>\n<\/ul>","protected":false},"featured_media":38142,"template":"","meta":[],"product_cat":[645,327,20,124,24],"product_tag":[521,40,151,108],"wcpa_form_fields":null,"yoast_head":"<!-- This site is optimized with the Yoast SEO plugin v21.2 - https:\/\/yoast.com\/wordpress\/plugins\/seo\/ -->\n<title>SLOVENSKO - L\u00e1tkov\u00fd \u0161\u00e1l 26 - fanzone.sk<\/title>\n<meta name=\"robots\" content=\"index, follow, max-snippet:-1, max-image-preview:large, max-video-preview:-1\" \/>\n<link rel=\"canonical\" href=\"https:\/\/fanzone.sk\/en\/product\/slovensko-latkovy-sal-zoh-2026\/\" \/>\n<meta property=\"og:locale\" content=\"en_US\" \/>\n<meta property=\"og:type\" content=\"article\" \/>\n<meta property=\"og:title\" content=\"SLOVENSKO - L\u00e1tkov\u00fd \u0161\u00e1l 26 - fanzone.sk\" \/>\n<meta property=\"og:description\" content=\"\u0160\u00e1l obojstrann\u00fd l\u00e1tkov\u00fd  Ukon\u010den\u00fd strapcami  Rozmer :\u00a0 130 x 18 cm\" \/>\n<meta property=\"og:url\" content=\"https:\/\/fanzone.sk\/en\/product\/slovensko-latkovy-sal-zoh-2026\/\" \/>\n<meta property=\"og:site_name\" content=\"fanzone.sk\" \/>\n<meta property=\"article:publisher\" content=\"https:\/\/www.facebook.com\/FANZONEsk\/\" \/>\n<meta property=\"article:modified_time\" content=\"2026-03-30T14:35:57+00:00\" \/>\n<meta property=\"og:image\" content=\"https:\/\/fanzone.sk\/wp-content\/uploads\/2026\/01\/VAH.jpg\" \/>\n\t<meta property=\"og:image:width\" content=\"800\" \/>\n\t<meta property=\"og:image:height\" content=\"800\" \/>\n\t<meta property=\"og:image:type\" content=\"image\/jpeg\" \/>\n<meta name=\"twitter:card\" content=\"summary_large_image\" \/>\n<meta name=\"twitter:label1\" content=\"Est. reading time\" \/>\n\t<meta name=\"twitter:data1\" content=\"1 minute\" \/>\n<script type=\"application\/ld+json\" class=\"yoast-schema-graph\">{\"@context\":\"https:\/\/schema.org\",\"@graph\":[{\"@type\":\"WebPage\",\"@id\":\"https:\/\/fanzone.sk\/produkt\/slovensko-latkovy-sal-zoh-2026\/\",\"url\":\"https:\/\/fanzone.sk\/produkt\/slovensko-latkovy-sal-zoh-2026\/\",\"name\":\"SLOVENSKO - L\u00e1tkov\u00fd \u0161\u00e1l 26 - fanzone.sk\",\"isPartOf\":{\"@id\":\"https:\/\/fanzone.sk\/#website\"},\"datePublished\":\"2025-12-10T12:54:22+00:00\",\"dateModified\":\"2026-03-30T14:35:57+00:00\",\"breadcrumb\":{\"@id\":\"https:\/\/fanzone.sk\/produkt\/slovensko-latkovy-sal-zoh-2026\/#breadcrumb\"},\"inLanguage\":\"en-US\",\"potentialAction\":[{\"@type\":\"ReadAction\",\"target\":[\"https:\/\/fanzone.sk\/produkt\/slovensko-latkovy-sal-zoh-2026\/\"]}]},{\"@type\":\"BreadcrumbList\",\"@id\":\"https:\/\/fanzone.sk\/produkt\/slovensko-latkovy-sal-zoh-2026\/#breadcrumb\",\"itemListElement\":[{\"@type\":\"ListItem\",\"position\":1,\"name\":\"Home\",\"item\":\"https:\/\/fanzone.sk\/\"},{\"@type\":\"ListItem\",\"position\":2,\"name\":\"Obchod\",\"item\":\"https:\/\/fanzone.sk\/obchod\/\"},{\"@type\":\"ListItem\",\"position\":3,\"name\":\"SLOVENSKO &#8211; L\u00e1tkov\u00fd \u0161\u00e1l 26\"}]},{\"@type\":\"WebSite\",\"@id\":\"https:\/\/fanzone.sk\/#website\",\"url\":\"https:\/\/fanzone.sk\/\",\"name\":\"fanzone.sk\",\"description\":\"\",\"potentialAction\":[{\"@type\":\"SearchAction\",\"target\":{\"@type\":\"EntryPoint\",\"urlTemplate\":\"https:\/\/fanzone.sk\/?s={search_term_string}\"},\"query-input\":\"required name=search_term_string\"}],\"inLanguage\":\"en-US\"}]}<\/script>\n<!-- \/ Yoast SEO plugin. -->","yoast_head_json":{"title":"SLOVENSKO - L\u00e1tkov\u00fd \u0161\u00e1l 26 - fanzone.sk","robots":{"index":"index","follow":"follow","max-snippet":"max-snippet:-1","max-image-preview":"max-image-preview:large","max-video-preview":"max-video-preview:-1"},"canonical":"https:\/\/fanzone.sk\/en\/product\/slovensko-latkovy-sal-zoh-2026\/","og_locale":"en_US","og_type":"article","og_title":"SLOVENSKO - L\u00e1tkov\u00fd \u0161\u00e1l 26 - fanzone.sk","og_description":"\u0160\u00e1l obojstrann\u00fd l\u00e1tkov\u00fd  Ukon\u010den\u00fd strapcami  Rozmer :\u00a0 130 x 18 cm","og_url":"https:\/\/fanzone.sk\/en\/product\/slovensko-latkovy-sal-zoh-2026\/","og_site_name":"fanzone.sk","article_publisher":"https:\/\/www.facebook.com\/FANZONEsk\/","article_modified_time":"2026-03-30T14:35:57+00:00","og_image":[{"width":800,"height":800,"url":"https:\/\/fanzone.sk\/wp-content\/uploads\/2026\/01\/VAH.jpg","type":"image\/jpeg"}],"twitter_card":"summary_large_image","twitter_misc":{"Est. reading time":"1 minute"},"schema":{"@context":"https:\/\/schema.org","@graph":[{"@type":"WebPage","@id":"https:\/\/fanzone.sk\/produkt\/slovensko-latkovy-sal-zoh-2026\/","url":"https:\/\/fanzone.sk\/produkt\/slovensko-latkovy-sal-zoh-2026\/","name":"SLOVENSKO - L\u00e1tkov\u00fd \u0161\u00e1l 26 - fanzone.sk","isPartOf":{"@id":"https:\/\/fanzone.sk\/#website"},"datePublished":"2025-12-10T12:54:22+00:00","dateModified":"2026-03-30T14:35:57+00:00","breadcrumb":{"@id":"https:\/\/fanzone.sk\/produkt\/slovensko-latkovy-sal-zoh-2026\/#breadcrumb"},"inLanguage":"en-US","potentialAction":[{"@type":"ReadAction","target":["https:\/\/fanzone.sk\/produkt\/slovensko-latkovy-sal-zoh-2026\/"]}]},{"@type":"BreadcrumbList","@id":"https:\/\/fanzone.sk\/produkt\/slovensko-latkovy-sal-zoh-2026\/#breadcrumb","itemListElement":[{"@type":"ListItem","position":1,"name":"Home","item":"https:\/\/fanzone.sk\/"},{"@type":"ListItem","position":2,"name":"Obchod","item":"https:\/\/fanzone.sk\/obchod\/"},{"@type":"ListItem","position":3,"name":"SLOVENSKO &#8211; L\u00e1tkov\u00fd \u0161\u00e1l 26"}]},{"@type":"WebSite","@id":"https:\/\/fanzone.sk\/#website","url":"https:\/\/fanzone.sk\/","name":"fanzone.sk","description":"","potentialAction":[{"@type":"SearchAction","target":{"@type":"EntryPoint","urlTemplate":"https:\/\/fanzone.sk\/?s={search_term_string}"},"query-input":"required name=search_term_string"}],"inLanguage":"en-US"}]}},"_links":{"self":[{"href":"https:\/\/fanzone.sk\/en\/wp-json\/wp\/v2\/product\/36855"}],"collection":[{"href":"https:\/\/fanzone.sk\/en\/wp-json\/wp\/v2\/product"}],"about":[{"href":"https:\/\/fanzone.sk\/en\/wp-json\/wp\/v2\/types\/product"}],"wp:featuredmedia":[{"embeddable":true,"href":"https:\/\/fanzone.sk\/en\/wp-json\/wp\/v2\/media\/38142"}],"wp:attachment":[{"href":"https:\/\/fanzone.sk\/en\/wp-json\/wp\/v2\/media?parent=36855"}],"wp:term":[{"taxonomy":"product_cat","embeddable":true,"href":"https:\/\/fanzone.sk\/en\/wp-json\/wp\/v2\/product_cat?post=36855"},{"taxonomy":"product_tag","embeddable":true,"href":"https:\/\/fanzone.sk\/en\/wp-json\/wp\/v2\/product_tag?post=36855"}],"curies":[{"name":"wp","href":"https:\/\/api.w.org\/{rel}","templated":true}]}}