{"id":37298,"date":"2026-02-05T07:56:05","date_gmt":"2026-02-05T06:56:05","guid":{"rendered":"https:\/\/fanzone.sk\/?post_type=product&#038;p=37298"},"modified":"2026-02-05T08:06:23","modified_gmt":"2026-02-05T07:06:23","slug":"hc-19-humenne-25-26-balicek-6-mikina-s-kapucnou-a-vreckom-pletena-ciapka","status":"publish","type":"product","link":"https:\/\/fanzone.sk\/en\/product\/hc-19-humenne-25-26-balicek-6-mikina-s-kapucnou-a-vreckom-pletena-ciapka\/","title":{"rendered":"HC 19 Humenn\u00e9 25\/26 &#8211; Bal\u00ed\u010dek 6\/Mikina s kapuc\u0148ou a vreckom + pleten\u00e1 \u010diapka"},"content":{"rendered":"<ul>\n<li>Bal\u00ed\u010dek pre hokejov\u00e9ho fan\u00fa\u0161ika obsahuje:<\/li>\n<li><strong>Mikina s kapuc\u0148ou a vreckom v dizajne HC19 Humenn\u00e9<\/strong><\/li>\n<li>Materi\u00e1l- 100% polyester<\/li>\n<li><strong>Pleten\u00e1 \u010diapka 1ks ZDARMA<\/strong><\/li>\n<\/ul>","protected":false},"excerpt":{"rendered":"<ul>\n<li>Bal\u00ed\u010dek pre hokejov\u00e9ho fan\u00fa\u0161ika obsahuje:<\/li>\n<li><strong>Mikina s kapuc\u0148ou a vreckom v dizajne HC19 Humenn\u00e9<\/strong><\/li>\n<li>Materi\u00e1l- 100% polyester<\/li>\n<li><strong>Pleten\u00e1 \u010diapka 1ks ZDARMA<\/strong><\/li>\n<\/ul>","protected":false},"featured_media":37302,"template":"","meta":[],"product_cat":[621,309,552,413,95],"product_tag":[594,87,40,145],"wcpa_form_fields":{"rules":{"pric_overide_base_price":false,"pric_overide_base_price_if_gt_zero":false,"pric_cal_option_once":false,"pric_use_as_fee":false,"bind_quantity":false,"quantity_bind_formula":false},"fields":[{"type":"number","elementId":"wcpa-number-5e26aedec61a4","label":"\u010c\u00edslo","enablePrice":true,"pricingType":"fixed","price":"1.50","className":"form-control","name":"number-5e26aedec61b1","cl_rule":"show","col":6,"relations":false,"form_id":5232,"form_rules":{"pric_cal_option_once":false,"exclude_from_discount":false,"pric_use_as_fee":false,"fee_label":"Zdarma","render_after_acb":false,"disp_hide_options_price":false}},{"type":"paragraph","subtype":"output","label":"Pri personaliz\u00e1cii nem\u00e1te n\u00e1rok na ve\u013ekostn\u00fa v\u00fdmenu produktu.\nPersonaliz\u00e1cia 1,50\u20ac","elementId":"wcpa-paragraph-5e26aedec61bf","pricingType":"fixed","cl_rule":"show","col":6,"relations":false,"form_id":5232,"form_rules":{"pric_cal_option_once":false,"exclude_from_discount":false,"pric_use_as_fee":false,"fee_label":"Zdarma","render_after_acb":false,"disp_hide_options_price":false}}]},"yoast_head":"<!-- This site is optimized with the Yoast SEO plugin v21.2 - https:\/\/yoast.com\/wordpress\/plugins\/seo\/ -->\n<title>HC 19 Humenn\u00e9 25\/26 - Bal\u00ed\u010dek 6\/Mikina s kapuc\u0148ou a vreckom + pleten\u00e1 \u010diapka - fanzone.sk<\/title>\n<meta name=\"robots\" content=\"index, follow, max-snippet:-1, max-image-preview:large, max-video-preview:-1\" \/>\n<link rel=\"canonical\" href=\"https:\/\/fanzone.sk\/en\/product\/hc-19-humenne-25-26-balicek-6-mikina-s-kapucnou-a-vreckom-pletena-ciapka\/\" \/>\n<meta property=\"og:locale\" content=\"en_US\" \/>\n<meta property=\"og:type\" content=\"article\" \/>\n<meta property=\"og:title\" content=\"HC 19 Humenn\u00e9 25\/26 - Bal\u00ed\u010dek 6\/Mikina s kapuc\u0148ou a vreckom + pleten\u00e1 \u010diapka - fanzone.sk\" \/>\n<meta property=\"og:description\" content=\"Bal\u00ed\u010dek pre hokejov\u00e9ho fan\u00fa\u0161ika obsahuje:  Mikina s kapuc\u0148ou a vreckom v dizajne HC19 Humenn\u00e9  Materi\u00e1l- 100% polyester  Pleten\u00e1 \u010diapka 1ks ZDARMA\" \/>\n<meta property=\"og:url\" content=\"https:\/\/fanzone.sk\/en\/product\/hc-19-humenne-25-26-balicek-6-mikina-s-kapucnou-a-vreckom-pletena-ciapka\/\" \/>\n<meta property=\"og:site_name\" content=\"fanzone.sk\" \/>\n<meta property=\"article:publisher\" content=\"https:\/\/www.facebook.com\/FANZONEsk\/\" \/>\n<meta property=\"article:modified_time\" content=\"2026-02-05T07:06:23+00:00\" \/>\n<meta property=\"og:image\" content=\"https:\/\/fanzone.sk\/wp-content\/uploads\/2026\/02\/balicek-07.jpg\" \/>\n\t<meta property=\"og:image:width\" content=\"801\" \/>\n\t<meta property=\"og:image:height\" content=\"801\" \/>\n\t<meta property=\"og:image:type\" content=\"image\/jpeg\" \/>\n<meta name=\"twitter:card\" content=\"summary_large_image\" \/>\n<meta name=\"twitter:label1\" content=\"Est. reading time\" \/>\n\t<meta name=\"twitter:data1\" content=\"1 minute\" \/>\n<script type=\"application\/ld+json\" class=\"yoast-schema-graph\">{\"@context\":\"https:\/\/schema.org\",\"@graph\":[{\"@type\":\"WebPage\",\"@id\":\"https:\/\/fanzone.sk\/produkt\/hc-19-humenne-25-26-balicek-6-mikina-s-kapucnou-a-vreckom-pletena-ciapka\/\",\"url\":\"https:\/\/fanzone.sk\/produkt\/hc-19-humenne-25-26-balicek-6-mikina-s-kapucnou-a-vreckom-pletena-ciapka\/\",\"name\":\"HC 19 Humenn\u00e9 25\/26 - Bal\u00ed\u010dek 6\/Mikina s kapuc\u0148ou a vreckom + pleten\u00e1 \u010diapka - fanzone.sk\",\"isPartOf\":{\"@id\":\"https:\/\/fanzone.sk\/#website\"},\"datePublished\":\"2026-02-05T06:56:05+00:00\",\"dateModified\":\"2026-02-05T07:06:23+00:00\",\"breadcrumb\":{\"@id\":\"https:\/\/fanzone.sk\/produkt\/hc-19-humenne-25-26-balicek-6-mikina-s-kapucnou-a-vreckom-pletena-ciapka\/#breadcrumb\"},\"inLanguage\":\"en-US\",\"potentialAction\":[{\"@type\":\"ReadAction\",\"target\":[\"https:\/\/fanzone.sk\/produkt\/hc-19-humenne-25-26-balicek-6-mikina-s-kapucnou-a-vreckom-pletena-ciapka\/\"]}]},{\"@type\":\"BreadcrumbList\",\"@id\":\"https:\/\/fanzone.sk\/produkt\/hc-19-humenne-25-26-balicek-6-mikina-s-kapucnou-a-vreckom-pletena-ciapka\/#breadcrumb\",\"itemListElement\":[{\"@type\":\"ListItem\",\"position\":1,\"name\":\"Home\",\"item\":\"https:\/\/fanzone.sk\/\"},{\"@type\":\"ListItem\",\"position\":2,\"name\":\"Obchod\",\"item\":\"https:\/\/fanzone.sk\/obchod\/\"},{\"@type\":\"ListItem\",\"position\":3,\"name\":\"HC 19 Humenn\u00e9 25\/26 &#8211; Bal\u00ed\u010dek 6\/Mikina s kapuc\u0148ou a vreckom + pleten\u00e1 \u010diapka\"}]},{\"@type\":\"WebSite\",\"@id\":\"https:\/\/fanzone.sk\/#website\",\"url\":\"https:\/\/fanzone.sk\/\",\"name\":\"fanzone.sk\",\"description\":\"\",\"potentialAction\":[{\"@type\":\"SearchAction\",\"target\":{\"@type\":\"EntryPoint\",\"urlTemplate\":\"https:\/\/fanzone.sk\/?s={search_term_string}\"},\"query-input\":\"required name=search_term_string\"}],\"inLanguage\":\"en-US\"}]}<\/script>\n<!-- \/ Yoast SEO plugin. -->","yoast_head_json":{"title":"HC 19 Humenn\u00e9 25\/26 - Bal\u00ed\u010dek 6\/Mikina s kapuc\u0148ou a vreckom + pleten\u00e1 \u010diapka - fanzone.sk","robots":{"index":"index","follow":"follow","max-snippet":"max-snippet:-1","max-image-preview":"max-image-preview:large","max-video-preview":"max-video-preview:-1"},"canonical":"https:\/\/fanzone.sk\/en\/product\/hc-19-humenne-25-26-balicek-6-mikina-s-kapucnou-a-vreckom-pletena-ciapka\/","og_locale":"en_US","og_type":"article","og_title":"HC 19 Humenn\u00e9 25\/26 - Bal\u00ed\u010dek 6\/Mikina s kapuc\u0148ou a vreckom + pleten\u00e1 \u010diapka - fanzone.sk","og_description":"Bal\u00ed\u010dek pre hokejov\u00e9ho fan\u00fa\u0161ika obsahuje:  Mikina s kapuc\u0148ou a vreckom v dizajne HC19 Humenn\u00e9  Materi\u00e1l- 100% polyester  Pleten\u00e1 \u010diapka 1ks ZDARMA","og_url":"https:\/\/fanzone.sk\/en\/product\/hc-19-humenne-25-26-balicek-6-mikina-s-kapucnou-a-vreckom-pletena-ciapka\/","og_site_name":"fanzone.sk","article_publisher":"https:\/\/www.facebook.com\/FANZONEsk\/","article_modified_time":"2026-02-05T07:06:23+00:00","og_image":[{"width":801,"height":801,"url":"https:\/\/fanzone.sk\/wp-content\/uploads\/2026\/02\/balicek-07.jpg","type":"image\/jpeg"}],"twitter_card":"summary_large_image","twitter_misc":{"Est. reading time":"1 minute"},"schema":{"@context":"https:\/\/schema.org","@graph":[{"@type":"WebPage","@id":"https:\/\/fanzone.sk\/produkt\/hc-19-humenne-25-26-balicek-6-mikina-s-kapucnou-a-vreckom-pletena-ciapka\/","url":"https:\/\/fanzone.sk\/produkt\/hc-19-humenne-25-26-balicek-6-mikina-s-kapucnou-a-vreckom-pletena-ciapka\/","name":"HC 19 Humenn\u00e9 25\/26 - Bal\u00ed\u010dek 6\/Mikina s kapuc\u0148ou a vreckom + pleten\u00e1 \u010diapka - fanzone.sk","isPartOf":{"@id":"https:\/\/fanzone.sk\/#website"},"datePublished":"2026-02-05T06:56:05+00:00","dateModified":"2026-02-05T07:06:23+00:00","breadcrumb":{"@id":"https:\/\/fanzone.sk\/produkt\/hc-19-humenne-25-26-balicek-6-mikina-s-kapucnou-a-vreckom-pletena-ciapka\/#breadcrumb"},"inLanguage":"en-US","potentialAction":[{"@type":"ReadAction","target":["https:\/\/fanzone.sk\/produkt\/hc-19-humenne-25-26-balicek-6-mikina-s-kapucnou-a-vreckom-pletena-ciapka\/"]}]},{"@type":"BreadcrumbList","@id":"https:\/\/fanzone.sk\/produkt\/hc-19-humenne-25-26-balicek-6-mikina-s-kapucnou-a-vreckom-pletena-ciapka\/#breadcrumb","itemListElement":[{"@type":"ListItem","position":1,"name":"Home","item":"https:\/\/fanzone.sk\/"},{"@type":"ListItem","position":2,"name":"Obchod","item":"https:\/\/fanzone.sk\/obchod\/"},{"@type":"ListItem","position":3,"name":"HC 19 Humenn\u00e9 25\/26 &#8211; Bal\u00ed\u010dek 6\/Mikina s kapuc\u0148ou a vreckom + pleten\u00e1 \u010diapka"}]},{"@type":"WebSite","@id":"https:\/\/fanzone.sk\/#website","url":"https:\/\/fanzone.sk\/","name":"fanzone.sk","description":"","potentialAction":[{"@type":"SearchAction","target":{"@type":"EntryPoint","urlTemplate":"https:\/\/fanzone.sk\/?s={search_term_string}"},"query-input":"required name=search_term_string"}],"inLanguage":"en-US"}]}},"_links":{"self":[{"href":"https:\/\/fanzone.sk\/en\/wp-json\/wp\/v2\/product\/37298"}],"collection":[{"href":"https:\/\/fanzone.sk\/en\/wp-json\/wp\/v2\/product"}],"about":[{"href":"https:\/\/fanzone.sk\/en\/wp-json\/wp\/v2\/types\/product"}],"wp:featuredmedia":[{"embeddable":true,"href":"https:\/\/fanzone.sk\/en\/wp-json\/wp\/v2\/media\/37302"}],"wp:attachment":[{"href":"https:\/\/fanzone.sk\/en\/wp-json\/wp\/v2\/media?parent=37298"}],"wp:term":[{"taxonomy":"product_cat","embeddable":true,"href":"https:\/\/fanzone.sk\/en\/wp-json\/wp\/v2\/product_cat?post=37298"},{"taxonomy":"product_tag","embeddable":true,"href":"https:\/\/fanzone.sk\/en\/wp-json\/wp\/v2\/product_tag?post=37298"}],"curies":[{"name":"wp","href":"https:\/\/api.w.org\/{rel}","templated":true}]}}