{"id":37569,"date":"2026-02-24T16:35:21","date_gmt":"2026-02-24T15:35:21","guid":{"rendered":"https:\/\/fanzone.sk\/?post_type=product&#038;p=37569"},"modified":"2026-02-25T14:51:11","modified_gmt":"2026-02-25T13:51:11","slug":"slovensko-pamatna-mikina-s-kapucnou","status":"publish","type":"product","link":"https:\/\/fanzone.sk\/en\/product\/slovensko-pamatna-mikina-s-kapucnou\/","title":{"rendered":"SLOVENSKO &#8211; Pam\u00e4tn\u00e1 mikina s kapuc\u0148ou"},"content":{"rendered":"<ul>\n<li>80% bavlna \u2013 prstencov\u00e1, \u010desan\u00e1<\/li>\n<li>20% polyester \u2013 dvojvrstvov\u00e1 kapuc\u0148a<\/li>\n<li>Dvojit\u00e9 \u0161v\u00edky na ramen\u00e1ch<\/li>\n<li>Rebrovan\u00fd lem s elast\u00e9nom na man\u017eet\u00e1ch a spodnom okraji<\/li>\n<li>Klokanie vrecko<\/li>\n<\/ul>","protected":false},"excerpt":{"rendered":"<ul>\n<li>80% bavlna \u2013 prstencov\u00e1, \u010desan\u00e1<\/li>\n<li>20% polyester \u2013 dvojvrstvov\u00e1 kapuc\u0148a<\/li>\n<li>Dvojit\u00e9 \u0161v\u00edky na ramen\u00e1ch<\/li>\n<li>Rebrovan\u00fd lem s elast\u00e9nom na man\u017eet\u00e1ch a spodnom okraji<\/li>\n<li>Klokanie vrecko<\/li>\n<\/ul>","protected":false},"featured_media":37599,"template":"","meta":[],"product_cat":[645,327,20,23],"product_tag":[40,145,108],"wcpa_form_fields":null,"yoast_head":"<!-- This site is optimized with the Yoast SEO plugin v21.2 - https:\/\/yoast.com\/wordpress\/plugins\/seo\/ -->\n<title>SLOVENSKO - Pam\u00e4tn\u00e1 mikina s kapuc\u0148ou - fanzone.sk<\/title>\n<meta name=\"robots\" content=\"index, follow, max-snippet:-1, max-image-preview:large, max-video-preview:-1\" \/>\n<link rel=\"canonical\" href=\"https:\/\/fanzone.sk\/en\/product\/slovensko-pamatna-mikina-s-kapucnou\/\" \/>\n<meta property=\"og:locale\" content=\"en_US\" \/>\n<meta property=\"og:type\" content=\"article\" \/>\n<meta property=\"og:title\" content=\"SLOVENSKO - Pam\u00e4tn\u00e1 mikina s kapuc\u0148ou - fanzone.sk\" \/>\n<meta property=\"og:description\" content=\"80% bavlna \u2013 prstencov\u00e1, \u010desan\u00e1  20% polyester \u2013 dvojvrstvov\u00e1 kapuc\u0148a  Dvojit\u00e9 \u0161v\u00edky na ramen\u00e1ch  Rebrovan\u00fd lem s elast\u00e9nom na man\u017eet\u00e1ch a spodnom okraji  Klokanie vrecko\" \/>\n<meta property=\"og:url\" content=\"https:\/\/fanzone.sk\/en\/product\/slovensko-pamatna-mikina-s-kapucnou\/\" \/>\n<meta property=\"og:site_name\" content=\"fanzone.sk\" \/>\n<meta property=\"article:publisher\" content=\"https:\/\/www.facebook.com\/FANZONEsk\/\" \/>\n<meta property=\"article:modified_time\" content=\"2026-02-25T13:51:11+00:00\" \/>\n<meta property=\"og:image\" content=\"https:\/\/fanzone.sk\/wp-content\/uploads\/2026\/02\/DIANA-01-PD-1.jpg\" \/>\n\t<meta property=\"og:image:width\" content=\"800\" \/>\n\t<meta property=\"og:image:height\" content=\"800\" \/>\n\t<meta property=\"og:image:type\" content=\"image\/jpeg\" \/>\n<meta name=\"twitter:card\" content=\"summary_large_image\" \/>\n<meta name=\"twitter:label1\" content=\"Est. reading time\" \/>\n\t<meta name=\"twitter:data1\" content=\"1 minute\" \/>\n<script type=\"application\/ld+json\" class=\"yoast-schema-graph\">{\"@context\":\"https:\/\/schema.org\",\"@graph\":[{\"@type\":\"WebPage\",\"@id\":\"https:\/\/fanzone.sk\/produkt\/slovensko-pamatna-mikina-s-kapucnou\/\",\"url\":\"https:\/\/fanzone.sk\/produkt\/slovensko-pamatna-mikina-s-kapucnou\/\",\"name\":\"SLOVENSKO - Pam\u00e4tn\u00e1 mikina s kapuc\u0148ou - fanzone.sk\",\"isPartOf\":{\"@id\":\"https:\/\/fanzone.sk\/#website\"},\"datePublished\":\"2026-02-24T15:35:21+00:00\",\"dateModified\":\"2026-02-25T13:51:11+00:00\",\"breadcrumb\":{\"@id\":\"https:\/\/fanzone.sk\/produkt\/slovensko-pamatna-mikina-s-kapucnou\/#breadcrumb\"},\"inLanguage\":\"en-US\",\"potentialAction\":[{\"@type\":\"ReadAction\",\"target\":[\"https:\/\/fanzone.sk\/produkt\/slovensko-pamatna-mikina-s-kapucnou\/\"]}]},{\"@type\":\"BreadcrumbList\",\"@id\":\"https:\/\/fanzone.sk\/produkt\/slovensko-pamatna-mikina-s-kapucnou\/#breadcrumb\",\"itemListElement\":[{\"@type\":\"ListItem\",\"position\":1,\"name\":\"Home\",\"item\":\"https:\/\/fanzone.sk\/\"},{\"@type\":\"ListItem\",\"position\":2,\"name\":\"Obchod\",\"item\":\"https:\/\/fanzone.sk\/obchod\/\"},{\"@type\":\"ListItem\",\"position\":3,\"name\":\"SLOVENSKO &#8211; Pam\u00e4tn\u00e1 mikina s kapuc\u0148ou\"}]},{\"@type\":\"WebSite\",\"@id\":\"https:\/\/fanzone.sk\/#website\",\"url\":\"https:\/\/fanzone.sk\/\",\"name\":\"fanzone.sk\",\"description\":\"\",\"potentialAction\":[{\"@type\":\"SearchAction\",\"target\":{\"@type\":\"EntryPoint\",\"urlTemplate\":\"https:\/\/fanzone.sk\/?s={search_term_string}\"},\"query-input\":\"required name=search_term_string\"}],\"inLanguage\":\"en-US\"}]}<\/script>\n<!-- \/ Yoast SEO plugin. -->","yoast_head_json":{"title":"SLOVENSKO - Pam\u00e4tn\u00e1 mikina s kapuc\u0148ou - fanzone.sk","robots":{"index":"index","follow":"follow","max-snippet":"max-snippet:-1","max-image-preview":"max-image-preview:large","max-video-preview":"max-video-preview:-1"},"canonical":"https:\/\/fanzone.sk\/en\/product\/slovensko-pamatna-mikina-s-kapucnou\/","og_locale":"en_US","og_type":"article","og_title":"SLOVENSKO - Pam\u00e4tn\u00e1 mikina s kapuc\u0148ou - fanzone.sk","og_description":"80% bavlna \u2013 prstencov\u00e1, \u010desan\u00e1  20% polyester \u2013 dvojvrstvov\u00e1 kapuc\u0148a  Dvojit\u00e9 \u0161v\u00edky na ramen\u00e1ch  Rebrovan\u00fd lem s elast\u00e9nom na man\u017eet\u00e1ch a spodnom okraji  Klokanie vrecko","og_url":"https:\/\/fanzone.sk\/en\/product\/slovensko-pamatna-mikina-s-kapucnou\/","og_site_name":"fanzone.sk","article_publisher":"https:\/\/www.facebook.com\/FANZONEsk\/","article_modified_time":"2026-02-25T13:51:11+00:00","og_image":[{"width":800,"height":800,"url":"https:\/\/fanzone.sk\/wp-content\/uploads\/2026\/02\/DIANA-01-PD-1.jpg","type":"image\/jpeg"}],"twitter_card":"summary_large_image","twitter_misc":{"Est. reading time":"1 minute"},"schema":{"@context":"https:\/\/schema.org","@graph":[{"@type":"WebPage","@id":"https:\/\/fanzone.sk\/produkt\/slovensko-pamatna-mikina-s-kapucnou\/","url":"https:\/\/fanzone.sk\/produkt\/slovensko-pamatna-mikina-s-kapucnou\/","name":"SLOVENSKO - Pam\u00e4tn\u00e1 mikina s kapuc\u0148ou - fanzone.sk","isPartOf":{"@id":"https:\/\/fanzone.sk\/#website"},"datePublished":"2026-02-24T15:35:21+00:00","dateModified":"2026-02-25T13:51:11+00:00","breadcrumb":{"@id":"https:\/\/fanzone.sk\/produkt\/slovensko-pamatna-mikina-s-kapucnou\/#breadcrumb"},"inLanguage":"en-US","potentialAction":[{"@type":"ReadAction","target":["https:\/\/fanzone.sk\/produkt\/slovensko-pamatna-mikina-s-kapucnou\/"]}]},{"@type":"BreadcrumbList","@id":"https:\/\/fanzone.sk\/produkt\/slovensko-pamatna-mikina-s-kapucnou\/#breadcrumb","itemListElement":[{"@type":"ListItem","position":1,"name":"Home","item":"https:\/\/fanzone.sk\/"},{"@type":"ListItem","position":2,"name":"Obchod","item":"https:\/\/fanzone.sk\/obchod\/"},{"@type":"ListItem","position":3,"name":"SLOVENSKO &#8211; Pam\u00e4tn\u00e1 mikina s kapuc\u0148ou"}]},{"@type":"WebSite","@id":"https:\/\/fanzone.sk\/#website","url":"https:\/\/fanzone.sk\/","name":"fanzone.sk","description":"","potentialAction":[{"@type":"SearchAction","target":{"@type":"EntryPoint","urlTemplate":"https:\/\/fanzone.sk\/?s={search_term_string}"},"query-input":"required name=search_term_string"}],"inLanguage":"en-US"}]}},"_links":{"self":[{"href":"https:\/\/fanzone.sk\/en\/wp-json\/wp\/v2\/product\/37569"}],"collection":[{"href":"https:\/\/fanzone.sk\/en\/wp-json\/wp\/v2\/product"}],"about":[{"href":"https:\/\/fanzone.sk\/en\/wp-json\/wp\/v2\/types\/product"}],"wp:featuredmedia":[{"embeddable":true,"href":"https:\/\/fanzone.sk\/en\/wp-json\/wp\/v2\/media\/37599"}],"wp:attachment":[{"href":"https:\/\/fanzone.sk\/en\/wp-json\/wp\/v2\/media?parent=37569"}],"wp:term":[{"taxonomy":"product_cat","embeddable":true,"href":"https:\/\/fanzone.sk\/en\/wp-json\/wp\/v2\/product_cat?post=37569"},{"taxonomy":"product_tag","embeddable":true,"href":"https:\/\/fanzone.sk\/en\/wp-json\/wp\/v2\/product_tag?post=37569"}],"curies":[{"name":"wp","href":"https:\/\/api.w.org\/{rel}","templated":true}]}}