{"id":37692,"date":"2026-03-02T10:42:25","date_gmt":"2026-03-02T09:42:25","guid":{"rendered":"https:\/\/fanzone.sk\/?post_type=product&#038;p=37692"},"modified":"2026-03-02T10:45:03","modified_gmt":"2026-03-02T09:45:03","slug":"mtb-slovensky-opal-cyklo-dres-profi-iv","status":"publish","type":"product","link":"https:\/\/fanzone.sk\/en\/product\/mtb-slovensky-opal-cyklo-dres-profi-iv\/","title":{"rendered":"MTB Slovensk\u00fd Op\u00e1l &#8211; Cyklo dres PROFI IV."},"content":{"rendered":"<ul>\n<li>Funk\u010dn\u00fd a ve\u013emi komfortn\u00fd cyklo dres z\u00fa\u017een\u00e9ho strihu<\/li>\n<li>Regul\u00e1cia vlhkosti, \u013eahk\u00fd materi\u00e1l ,<\/li>\n<li>3 zadn\u00e9 vreck\u00e1 \u2013 v\u00fdbava ka\u017ed\u00e9ho cyklistu, reflexn\u00e9 prvky<\/li>\n<li>Zips po celej d\u013a\u017eke dresu<\/li>\n<li>Ruk\u00e1vy ukon\u010den\u00e9 proti\u0161mykovou p\u00e1skou<\/li>\n<li>Vyroben\u00fd z \u0161pecialnej talianskej l\u00e1tky ur\u010denej v\u00fdlu\u010dne na cyklistiku z\u00a0 145 g\/m2<\/li>\n<li>Mo\u017enos\u0165 v\u00fdberu p\u00e1nsk\u00e9ho a d\u00e1msk\u00e9ho strihu<\/li>\n<\/ul>","protected":false},"excerpt":{"rendered":"<ul>\n<li>Funk\u010dn\u00fd a ve\u013emi komfortn\u00fd cyklo dres z\u00fa\u017een\u00e9ho strihu<\/li>\n<li>Regul\u00e1cia vlhkosti, \u013eahk\u00fd materi\u00e1l ,<\/li>\n<li>3 zadn\u00e9 vreck\u00e1 \u2013 v\u00fdbava ka\u017ed\u00e9ho cyklistu, reflexn\u00e9 prvky<\/li>\n<li>Zips po celej d\u013a\u017eke dresu<\/li>\n<li>Ruk\u00e1vy ukon\u010den\u00e9 proti\u0161mykovou p\u00e1skou<\/li>\n<li>Vyroben\u00fd z \u0161pecialnej talianskej l\u00e1tky ur\u010denej v\u00fdlu\u010dne na cyklistiku z\u00a0 145 g\/m2<\/li>\n<li>Mo\u017enos\u0165 v\u00fdberu p\u00e1nsk\u00e9ho a d\u00e1msk\u00e9ho strihu<\/li>\n<\/ul>","protected":false},"featured_media":37418,"template":"","meta":[],"product_cat":[662,127],"product_tag":[131],"wcpa_form_fields":null,"yoast_head":"<!-- This site is optimized with the Yoast SEO plugin v21.2 - https:\/\/yoast.com\/wordpress\/plugins\/seo\/ -->\n<title>MTB Slovensk\u00fd Op\u00e1l - Cyklo dres PROFI IV. - fanzone.sk<\/title>\n<meta name=\"robots\" content=\"index, follow, max-snippet:-1, max-image-preview:large, max-video-preview:-1\" \/>\n<link rel=\"canonical\" href=\"https:\/\/fanzone.sk\/en\/product\/mtb-slovensky-opal-cyklo-dres-profi-iv\/\" \/>\n<meta property=\"og:locale\" content=\"en_US\" \/>\n<meta property=\"og:type\" content=\"article\" \/>\n<meta property=\"og:title\" content=\"MTB Slovensk\u00fd Op\u00e1l - Cyklo dres PROFI IV. - fanzone.sk\" \/>\n<meta property=\"og:description\" content=\"Funk\u010dn\u00fd a ve\u013emi komfortn\u00fd cyklo dres z\u00fa\u017een\u00e9ho strihu  Regul\u00e1cia vlhkosti, \u013eahk\u00fd materi\u00e1l ,  3 zadn\u00e9 vreck\u00e1 \u2013 v\u00fdbava ka\u017ed\u00e9ho cyklistu, reflexn\u00e9 prvky  Zips po celej d\u013a\u017eke dresu  Ruk\u00e1vy ukon\u010den\u00e9 proti\u0161mykovou p\u00e1skou  Vyroben\u00fd z \u0161pecialnej talianskej l\u00e1tky ur\u010denej v\u00fdlu\u010dne na cyklistiku z\u00a0 145 g\/m2  Mo\u017enos\u0165 v\u00fdberu p\u00e1nsk\u00e9ho a d\u00e1msk\u00e9ho strihu\" \/>\n<meta property=\"og:url\" content=\"https:\/\/fanzone.sk\/en\/product\/mtb-slovensky-opal-cyklo-dres-profi-iv\/\" \/>\n<meta property=\"og:site_name\" content=\"fanzone.sk\" \/>\n<meta property=\"article:publisher\" content=\"https:\/\/www.facebook.com\/FANZONEsk\/\" \/>\n<meta property=\"article:modified_time\" content=\"2026-03-02T09:45:03+00:00\" \/>\n<meta property=\"og:image\" content=\"https:\/\/fanzone.sk\/wp-content\/uploads\/2026\/02\/MTB-dresVELO2022-PD.jpg\" \/>\n\t<meta property=\"og:image:width\" content=\"800\" \/>\n\t<meta property=\"og:image:height\" content=\"800\" \/>\n\t<meta property=\"og:image:type\" content=\"image\/jpeg\" \/>\n<meta name=\"twitter:card\" content=\"summary_large_image\" \/>\n<meta name=\"twitter:label1\" content=\"Est. reading time\" \/>\n\t<meta name=\"twitter:data1\" content=\"1 minute\" \/>\n<script type=\"application\/ld+json\" class=\"yoast-schema-graph\">{\"@context\":\"https:\/\/schema.org\",\"@graph\":[{\"@type\":\"WebPage\",\"@id\":\"https:\/\/fanzone.sk\/produkt\/mtb-slovensky-opal-cyklo-dres-profi-iv\/\",\"url\":\"https:\/\/fanzone.sk\/produkt\/mtb-slovensky-opal-cyklo-dres-profi-iv\/\",\"name\":\"MTB Slovensk\u00fd Op\u00e1l - Cyklo dres PROFI IV. - fanzone.sk\",\"isPartOf\":{\"@id\":\"https:\/\/fanzone.sk\/#website\"},\"datePublished\":\"2026-03-02T09:42:25+00:00\",\"dateModified\":\"2026-03-02T09:45:03+00:00\",\"breadcrumb\":{\"@id\":\"https:\/\/fanzone.sk\/produkt\/mtb-slovensky-opal-cyklo-dres-profi-iv\/#breadcrumb\"},\"inLanguage\":\"en-US\",\"potentialAction\":[{\"@type\":\"ReadAction\",\"target\":[\"https:\/\/fanzone.sk\/produkt\/mtb-slovensky-opal-cyklo-dres-profi-iv\/\"]}]},{\"@type\":\"BreadcrumbList\",\"@id\":\"https:\/\/fanzone.sk\/produkt\/mtb-slovensky-opal-cyklo-dres-profi-iv\/#breadcrumb\",\"itemListElement\":[{\"@type\":\"ListItem\",\"position\":1,\"name\":\"Home\",\"item\":\"https:\/\/fanzone.sk\/\"},{\"@type\":\"ListItem\",\"position\":2,\"name\":\"Obchod\",\"item\":\"https:\/\/fanzone.sk\/obchod\/\"},{\"@type\":\"ListItem\",\"position\":3,\"name\":\"MTB Slovensk\u00fd Op\u00e1l &#8211; Cyklo dres PROFI IV.\"}]},{\"@type\":\"WebSite\",\"@id\":\"https:\/\/fanzone.sk\/#website\",\"url\":\"https:\/\/fanzone.sk\/\",\"name\":\"fanzone.sk\",\"description\":\"\",\"potentialAction\":[{\"@type\":\"SearchAction\",\"target\":{\"@type\":\"EntryPoint\",\"urlTemplate\":\"https:\/\/fanzone.sk\/?s={search_term_string}\"},\"query-input\":\"required name=search_term_string\"}],\"inLanguage\":\"en-US\"}]}<\/script>\n<!-- \/ Yoast SEO plugin. -->","yoast_head_json":{"title":"MTB Slovensk\u00fd Op\u00e1l - Cyklo dres PROFI IV. - fanzone.sk","robots":{"index":"index","follow":"follow","max-snippet":"max-snippet:-1","max-image-preview":"max-image-preview:large","max-video-preview":"max-video-preview:-1"},"canonical":"https:\/\/fanzone.sk\/en\/product\/mtb-slovensky-opal-cyklo-dres-profi-iv\/","og_locale":"en_US","og_type":"article","og_title":"MTB Slovensk\u00fd Op\u00e1l - Cyklo dres PROFI IV. - fanzone.sk","og_description":"Funk\u010dn\u00fd a ve\u013emi komfortn\u00fd cyklo dres z\u00fa\u017een\u00e9ho strihu  Regul\u00e1cia vlhkosti, \u013eahk\u00fd materi\u00e1l ,  3 zadn\u00e9 vreck\u00e1 \u2013 v\u00fdbava ka\u017ed\u00e9ho cyklistu, reflexn\u00e9 prvky  Zips po celej d\u013a\u017eke dresu  Ruk\u00e1vy ukon\u010den\u00e9 proti\u0161mykovou p\u00e1skou  Vyroben\u00fd z \u0161pecialnej talianskej l\u00e1tky ur\u010denej v\u00fdlu\u010dne na cyklistiku z\u00a0 145 g\/m2  Mo\u017enos\u0165 v\u00fdberu p\u00e1nsk\u00e9ho a d\u00e1msk\u00e9ho strihu","og_url":"https:\/\/fanzone.sk\/en\/product\/mtb-slovensky-opal-cyklo-dres-profi-iv\/","og_site_name":"fanzone.sk","article_publisher":"https:\/\/www.facebook.com\/FANZONEsk\/","article_modified_time":"2026-03-02T09:45:03+00:00","og_image":[{"width":800,"height":800,"url":"https:\/\/fanzone.sk\/wp-content\/uploads\/2026\/02\/MTB-dresVELO2022-PD.jpg","type":"image\/jpeg"}],"twitter_card":"summary_large_image","twitter_misc":{"Est. reading time":"1 minute"},"schema":{"@context":"https:\/\/schema.org","@graph":[{"@type":"WebPage","@id":"https:\/\/fanzone.sk\/produkt\/mtb-slovensky-opal-cyklo-dres-profi-iv\/","url":"https:\/\/fanzone.sk\/produkt\/mtb-slovensky-opal-cyklo-dres-profi-iv\/","name":"MTB Slovensk\u00fd Op\u00e1l - Cyklo dres PROFI IV. - fanzone.sk","isPartOf":{"@id":"https:\/\/fanzone.sk\/#website"},"datePublished":"2026-03-02T09:42:25+00:00","dateModified":"2026-03-02T09:45:03+00:00","breadcrumb":{"@id":"https:\/\/fanzone.sk\/produkt\/mtb-slovensky-opal-cyklo-dres-profi-iv\/#breadcrumb"},"inLanguage":"en-US","potentialAction":[{"@type":"ReadAction","target":["https:\/\/fanzone.sk\/produkt\/mtb-slovensky-opal-cyklo-dres-profi-iv\/"]}]},{"@type":"BreadcrumbList","@id":"https:\/\/fanzone.sk\/produkt\/mtb-slovensky-opal-cyklo-dres-profi-iv\/#breadcrumb","itemListElement":[{"@type":"ListItem","position":1,"name":"Home","item":"https:\/\/fanzone.sk\/"},{"@type":"ListItem","position":2,"name":"Obchod","item":"https:\/\/fanzone.sk\/obchod\/"},{"@type":"ListItem","position":3,"name":"MTB Slovensk\u00fd Op\u00e1l &#8211; Cyklo dres PROFI IV."}]},{"@type":"WebSite","@id":"https:\/\/fanzone.sk\/#website","url":"https:\/\/fanzone.sk\/","name":"fanzone.sk","description":"","potentialAction":[{"@type":"SearchAction","target":{"@type":"EntryPoint","urlTemplate":"https:\/\/fanzone.sk\/?s={search_term_string}"},"query-input":"required name=search_term_string"}],"inLanguage":"en-US"}]}},"_links":{"self":[{"href":"https:\/\/fanzone.sk\/en\/wp-json\/wp\/v2\/product\/37692"}],"collection":[{"href":"https:\/\/fanzone.sk\/en\/wp-json\/wp\/v2\/product"}],"about":[{"href":"https:\/\/fanzone.sk\/en\/wp-json\/wp\/v2\/types\/product"}],"wp:featuredmedia":[{"embeddable":true,"href":"https:\/\/fanzone.sk\/en\/wp-json\/wp\/v2\/media\/37418"}],"wp:attachment":[{"href":"https:\/\/fanzone.sk\/en\/wp-json\/wp\/v2\/media?parent=37692"}],"wp:term":[{"taxonomy":"product_cat","embeddable":true,"href":"https:\/\/fanzone.sk\/en\/wp-json\/wp\/v2\/product_cat?post=37692"},{"taxonomy":"product_tag","embeddable":true,"href":"https:\/\/fanzone.sk\/en\/wp-json\/wp\/v2\/product_tag?post=37692"}],"curies":[{"name":"wp","href":"https:\/\/api.w.org\/{rel}","templated":true}]}}