{"id":37709,"date":"2026-03-02T11:27:46","date_gmt":"2026-03-02T10:27:46","guid":{"rendered":"https:\/\/fanzone.sk\/?post_type=product&#038;p=37709"},"modified":"2026-03-02T11:46:56","modified_gmt":"2026-03-02T10:46:56","slug":"body-nutrition-excelent-100-whey-protein-dubajska-cokolada","status":"publish","type":"product","link":"https:\/\/fanzone.sk\/en\/product\/body-nutrition-excelent-100-whey-protein-dubajska-cokolada\/","title":{"rendered":"Body Nutrition &#8211; Excelent 100% Whey Prote\u00edn &#8211; Dubajsk\u00e1 \u010cokol\u00e1da"},"content":{"rendered":"<h4 data-path-to-node=\"3\"><b data-path-to-node=\"3\" data-index-in-node=\"0\">Excelent Dubai Chocolate \u2013 Va\u0161a nov\u00e1 z\u00e1vislos\u0165 s n\u00e1dychom orient\u00e1lneho luxusu<\/b><\/h4>\n<p data-path-to-node=\"4\">S na\u0161\u00edm nov\u00fdm prote\u00ednom <b data-path-to-node=\"4\" data-index-in-node=\"102\">Dubai Chocolate<\/b>\u00a0za\u017eijete moment, kedy sa \u0161portov\u00e1 v\u00fd\u017eiva men\u00ed na \u010dist\u00fd gurm\u00e1nsky p\u00f4\u017eitok.<\/p>\n<p data-path-to-node=\"4\">Predstavte si zamatov\u00fa jemnos\u0165 pr\u00e9miovej mlie\u010dnej \u010dokol\u00e1dy, v ktorej sa ukr\u00fdva exotick\u00e9 spojenie pra\u017een\u00fdch pist\u00e1ci\u00ed a jemn\u00e9ho tahini \u2013 ka\u017ed\u00fdm d\u00fa\u0161kom dod\u00e1vate svojim svalom prvotriedne aminokyseliny a svojim zmyslom expl\u00f3ziu luxusu.<\/p>\n<p data-path-to-node=\"4\">Toto nie je len prote\u00edn, je to limitovan\u00e1 ed\u00edcia, ktor\u00e1 si v\u00e1s z\u00edska svojou neprekonate\u013enou kr\u00e9movos\u0165ou a funk\u010dnos\u0165ou.<\/p>\n<p data-path-to-node=\"4\">Doprajte si to najlep\u0161ie, \u010do zna\u010dka Body Nutrition vytvorila, a preme\u0148te svoju regener\u00e1ciu na udalos\u0165, na ktor\u00fa sa budete te\u0161i\u0165 cel\u00fd de\u0148.<\/p>\n<p data-path-to-node=\"5\">\u2022\u00a0<b data-path-to-node=\"5\" data-index-in-node=\"2\">Absolute Trend:<\/b>\u00a0Prav\u00e1 prote\u00ednov\u00e1 verzia legend\u00e1rnej dubajskej recept\u00fary.<\/p>\n<p data-path-to-node=\"6\">\u2022\u00a0<b data-path-to-node=\"6\" data-index-in-node=\"2\">Pistachio Dream:<\/b>\u00a0Autentick\u00e1 chu\u0165 pra\u017een\u00fdch pist\u00e1ci\u00ed v ka\u017edom \u0161ejkri.<\/p>\n<p data-path-to-node=\"7\">\u2022\u00a0<b data-path-to-node=\"7\" data-index-in-node=\"2\">Svalov\u00e1 dominancia:<\/b>\u00a0Maxim\u00e1lna podpora rastu a bleskov\u00e1 obnova tkan\u00edv.<\/p>\n<p data-path-to-node=\"8\">\u2022\u00a0<b data-path-to-node=\"8\" data-index-in-node=\"2\">\u010cistota bez hran\u00edc:<\/b>\u00a0Pr\u00e9miov\u00fd WPC spracovan\u00fd najmodernej\u0161ou technol\u00f3giou.<\/p>\n<p data-path-to-node=\"9\">\u2022\u00a0<b data-path-to-node=\"9\" data-index-in-node=\"2\">V\u0161estrann\u00e9 vyu\u017eitie:<\/b>\u00a0Dokonal\u00fd shake alebo luxusn\u00fd upgrade va\u0161ich ra\u0148ajkov\u00fdch ka\u0161\u00ed.<\/p>\n<ul>\n<li data-path-to-node=\"9\">Obsah 1000g<\/li>\n<\/ul>","protected":false},"excerpt":{"rendered":"<h4 data-path-to-node=\"3\"><b data-path-to-node=\"3\" data-index-in-node=\"0\">Excelent Dubai Chocolate \u2013 Va\u0161a nov\u00e1 z\u00e1vislos\u0165 s n\u00e1dychom orient\u00e1lneho luxusu<\/b><\/h4>\n<p data-path-to-node=\"4\">S na\u0161\u00edm nov\u00fdm prote\u00ednom <b data-path-to-node=\"4\" data-index-in-node=\"102\">Dubai Chocolate<\/b>\u00a0za\u017eijete moment, kedy sa \u0161portov\u00e1 v\u00fd\u017eiva men\u00ed na \u010dist\u00fd gurm\u00e1nsky p\u00f4\u017eitok.<\/p>\n<p data-path-to-node=\"4\">Predstavte si zamatov\u00fa jemnos\u0165 pr\u00e9miovej mlie\u010dnej \u010dokol\u00e1dy, v ktorej sa ukr\u00fdva exotick\u00e9 spojenie pra\u017een\u00fdch pist\u00e1ci\u00ed a jemn\u00e9ho tahini \u2013 ka\u017ed\u00fdm d\u00fa\u0161kom dod\u00e1vate svojim svalom prvotriedne aminokyseliny a svojim zmyslom expl\u00f3ziu luxusu.<\/p>\n<p data-path-to-node=\"4\">Toto nie je len prote\u00edn, je to limitovan\u00e1 ed\u00edcia, ktor\u00e1 si v\u00e1s z\u00edska svojou neprekonate\u013enou kr\u00e9movos\u0165ou a funk\u010dnos\u0165ou.<\/p>\n<p data-path-to-node=\"4\">Doprajte si to najlep\u0161ie, \u010do zna\u010dka Body Nutrition vytvorila, a preme\u0148te svoju regener\u00e1ciu na udalos\u0165, na ktor\u00fa sa budete te\u0161i\u0165 cel\u00fd de\u0148.<\/p>\n<p data-path-to-node=\"5\">\u2022\u00a0<b data-path-to-node=\"5\" data-index-in-node=\"2\">Absolute Trend:<\/b>\u00a0Prav\u00e1 prote\u00ednov\u00e1 verzia legend\u00e1rnej dubajskej recept\u00fary.<\/p>\n<p data-path-to-node=\"6\">\u2022\u00a0<b data-path-to-node=\"6\" data-index-in-node=\"2\">Pistachio Dream:<\/b>\u00a0Autentick\u00e1 chu\u0165 pra\u017een\u00fdch pist\u00e1ci\u00ed v ka\u017edom \u0161ejkri.<\/p>\n<p data-path-to-node=\"7\">\u2022\u00a0<b data-path-to-node=\"7\" data-index-in-node=\"2\">Svalov\u00e1 dominancia:<\/b>\u00a0Maxim\u00e1lna podpora rastu a bleskov\u00e1 obnova tkan\u00edv.<\/p>\n<p data-path-to-node=\"8\">\u2022\u00a0<b data-path-to-node=\"8\" data-index-in-node=\"2\">\u010cistota bez hran\u00edc:<\/b>\u00a0Pr\u00e9miov\u00fd WPC spracovan\u00fd najmodernej\u0161ou technol\u00f3giou.<\/p>\n<p data-path-to-node=\"9\">\u2022\u00a0<b data-path-to-node=\"9\" data-index-in-node=\"2\">V\u0161estrann\u00e9 vyu\u017eitie:<\/b>\u00a0Dokonal\u00fd shake alebo luxusn\u00fd upgrade va\u0161ich ra\u0148ajkov\u00fdch ka\u0161\u00ed.<\/p>\n<p data-path-to-node=\"9\">Obsah 1000g<\/p>","protected":false},"featured_media":37710,"template":"","meta":[],"product_cat":[610,609],"product_tag":[614,217,618,622,612],"wcpa_form_fields":null,"yoast_head":"<!-- This site is optimized with the Yoast SEO plugin v21.2 - https:\/\/yoast.com\/wordpress\/plugins\/seo\/ -->\n<title>Body Nutrition - Excelent 100% Whey Prote\u00edn - Dubajsk\u00e1 \u010cokol\u00e1da - fanzone.sk<\/title>\n<meta name=\"robots\" content=\"index, follow, max-snippet:-1, max-image-preview:large, max-video-preview:-1\" \/>\n<link rel=\"canonical\" href=\"https:\/\/fanzone.sk\/en\/product\/body-nutrition-excelent-100-whey-protein-dubajska-cokolada\/\" \/>\n<meta property=\"og:locale\" content=\"en_US\" \/>\n<meta property=\"og:type\" content=\"article\" \/>\n<meta property=\"og:title\" content=\"Body Nutrition - Excelent 100% Whey Prote\u00edn - Dubajsk\u00e1 \u010cokol\u00e1da - fanzone.sk\" \/>\n<meta property=\"og:description\" content=\"Excelent Dubai Chocolate \u2013 Va\u0161a nov\u00e1 z\u00e1vislos\u0165 s n\u00e1dychom orient\u00e1lneho luxusu S na\u0161\u00edm nov\u00fdm prote\u00ednom Dubai Chocolate\u00a0za\u017eijete moment, kedy sa \u0161portov\u00e1 v\u00fd\u017eiva men\u00ed na \u010dist\u00fd gurm\u00e1nsky p\u00f4\u017eitok. Predstavte si zamatov\u00fa jemnos\u0165 pr\u00e9miovej mlie\u010dnej \u010dokol\u00e1dy, v ktorej sa ukr\u00fdva exotick\u00e9 spojenie pra\u017een\u00fdch pist\u00e1ci\u00ed a jemn\u00e9ho tahini \u2013 ka\u017ed\u00fdm d\u00fa\u0161kom dod\u00e1vate svojim svalom prvotriedne aminokyseliny a svojim zmyslom expl\u00f3ziu luxusu. Toto nie je len prote\u00edn, je to limitovan\u00e1 ed\u00edcia, ktor\u00e1 si v\u00e1s z\u00edska svojou neprekonate\u013enou kr\u00e9movos\u0165ou a funk\u010dnos\u0165ou. Doprajte si to najlep\u0161ie, \u010do zna\u010dka Body Nutrition vytvorila, a preme\u0148te svoju regener\u00e1ciu na udalos\u0165, na ktor\u00fa sa budete te\u0161i\u0165 cel\u00fd de\u0148. \u2022\u00a0Absolute Trend:\u00a0Prav\u00e1 prote\u00ednov\u00e1 verzia legend\u00e1rnej dubajskej recept\u00fary. \u2022\u00a0Pistachio Dream:\u00a0Autentick\u00e1 chu\u0165 pra\u017een\u00fdch pist\u00e1ci\u00ed v ka\u017edom \u0161ejkri. \u2022\u00a0Svalov\u00e1 dominancia:\u00a0Maxim\u00e1lna podpora rastu a bleskov\u00e1 obnova tkan\u00edv. \u2022\u00a0\u010cistota bez hran\u00edc:\u00a0Pr\u00e9miov\u00fd WPC spracovan\u00fd najmodernej\u0161ou technol\u00f3giou. \u2022\u00a0V\u0161estrann\u00e9 vyu\u017eitie:\u00a0Dokonal\u00fd shake alebo luxusn\u00fd upgrade va\u0161ich ra\u0148ajkov\u00fdch ka\u0161\u00ed. Obsah 1000g\" \/>\n<meta property=\"og:url\" content=\"https:\/\/fanzone.sk\/en\/product\/body-nutrition-excelent-100-whey-protein-dubajska-cokolada\/\" \/>\n<meta property=\"og:site_name\" content=\"fanzone.sk\" \/>\n<meta property=\"article:publisher\" content=\"https:\/\/www.facebook.com\/FANZONEsk\/\" \/>\n<meta property=\"article:modified_time\" content=\"2026-03-02T10:46:56+00:00\" \/>\n<meta property=\"og:image\" content=\"https:\/\/fanzone.sk\/wp-content\/uploads\/2025\/10\/prot-20.jpg\" \/>\n\t<meta property=\"og:image:width\" content=\"800\" \/>\n\t<meta property=\"og:image:height\" content=\"800\" \/>\n\t<meta property=\"og:image:type\" content=\"image\/jpeg\" \/>\n<meta name=\"twitter:card\" content=\"summary_large_image\" \/>\n<meta name=\"twitter:label1\" content=\"Est. reading time\" \/>\n\t<meta name=\"twitter:data1\" content=\"1 minute\" \/>\n<script type=\"application\/ld+json\" class=\"yoast-schema-graph\">{\"@context\":\"https:\/\/schema.org\",\"@graph\":[{\"@type\":\"WebPage\",\"@id\":\"https:\/\/fanzone.sk\/produkt\/body-nutrition-excelent-100-whey-protein-dubajska-cokolada\/\",\"url\":\"https:\/\/fanzone.sk\/produkt\/body-nutrition-excelent-100-whey-protein-dubajska-cokolada\/\",\"name\":\"Body Nutrition - Excelent 100% Whey Prote\u00edn - Dubajsk\u00e1 \u010cokol\u00e1da - fanzone.sk\",\"isPartOf\":{\"@id\":\"https:\/\/fanzone.sk\/#website\"},\"datePublished\":\"2026-03-02T10:27:46+00:00\",\"dateModified\":\"2026-03-02T10:46:56+00:00\",\"breadcrumb\":{\"@id\":\"https:\/\/fanzone.sk\/produkt\/body-nutrition-excelent-100-whey-protein-dubajska-cokolada\/#breadcrumb\"},\"inLanguage\":\"en-US\",\"potentialAction\":[{\"@type\":\"ReadAction\",\"target\":[\"https:\/\/fanzone.sk\/produkt\/body-nutrition-excelent-100-whey-protein-dubajska-cokolada\/\"]}]},{\"@type\":\"BreadcrumbList\",\"@id\":\"https:\/\/fanzone.sk\/produkt\/body-nutrition-excelent-100-whey-protein-dubajska-cokolada\/#breadcrumb\",\"itemListElement\":[{\"@type\":\"ListItem\",\"position\":1,\"name\":\"Home\",\"item\":\"https:\/\/fanzone.sk\/\"},{\"@type\":\"ListItem\",\"position\":2,\"name\":\"Obchod\",\"item\":\"https:\/\/fanzone.sk\/obchod\/\"},{\"@type\":\"ListItem\",\"position\":3,\"name\":\"Body Nutrition &#8211; Excelent 100% Whey Prote\u00edn &#8211; Dubajsk\u00e1 \u010cokol\u00e1da\"}]},{\"@type\":\"WebSite\",\"@id\":\"https:\/\/fanzone.sk\/#website\",\"url\":\"https:\/\/fanzone.sk\/\",\"name\":\"fanzone.sk\",\"description\":\"\",\"potentialAction\":[{\"@type\":\"SearchAction\",\"target\":{\"@type\":\"EntryPoint\",\"urlTemplate\":\"https:\/\/fanzone.sk\/?s={search_term_string}\"},\"query-input\":\"required name=search_term_string\"}],\"inLanguage\":\"en-US\"}]}<\/script>\n<!-- \/ Yoast SEO plugin. -->","yoast_head_json":{"title":"Body Nutrition - Excelent 100% Whey Prote\u00edn - Dubajsk\u00e1 \u010cokol\u00e1da - fanzone.sk","robots":{"index":"index","follow":"follow","max-snippet":"max-snippet:-1","max-image-preview":"max-image-preview:large","max-video-preview":"max-video-preview:-1"},"canonical":"https:\/\/fanzone.sk\/en\/product\/body-nutrition-excelent-100-whey-protein-dubajska-cokolada\/","og_locale":"en_US","og_type":"article","og_title":"Body Nutrition - Excelent 100% Whey Prote\u00edn - Dubajsk\u00e1 \u010cokol\u00e1da - fanzone.sk","og_description":"Excelent Dubai Chocolate \u2013 Va\u0161a nov\u00e1 z\u00e1vislos\u0165 s n\u00e1dychom orient\u00e1lneho luxusu S na\u0161\u00edm nov\u00fdm prote\u00ednom Dubai Chocolate\u00a0za\u017eijete moment, kedy sa \u0161portov\u00e1 v\u00fd\u017eiva men\u00ed na \u010dist\u00fd gurm\u00e1nsky p\u00f4\u017eitok. Predstavte si zamatov\u00fa jemnos\u0165 pr\u00e9miovej mlie\u010dnej \u010dokol\u00e1dy, v ktorej sa ukr\u00fdva exotick\u00e9 spojenie pra\u017een\u00fdch pist\u00e1ci\u00ed a jemn\u00e9ho tahini \u2013 ka\u017ed\u00fdm d\u00fa\u0161kom dod\u00e1vate svojim svalom prvotriedne aminokyseliny a svojim zmyslom expl\u00f3ziu luxusu. Toto nie je len prote\u00edn, je to limitovan\u00e1 ed\u00edcia, ktor\u00e1 si v\u00e1s z\u00edska svojou neprekonate\u013enou kr\u00e9movos\u0165ou a funk\u010dnos\u0165ou. Doprajte si to najlep\u0161ie, \u010do zna\u010dka Body Nutrition vytvorila, a preme\u0148te svoju regener\u00e1ciu na udalos\u0165, na ktor\u00fa sa budete te\u0161i\u0165 cel\u00fd de\u0148. \u2022\u00a0Absolute Trend:\u00a0Prav\u00e1 prote\u00ednov\u00e1 verzia legend\u00e1rnej dubajskej recept\u00fary. \u2022\u00a0Pistachio Dream:\u00a0Autentick\u00e1 chu\u0165 pra\u017een\u00fdch pist\u00e1ci\u00ed v ka\u017edom \u0161ejkri. \u2022\u00a0Svalov\u00e1 dominancia:\u00a0Maxim\u00e1lna podpora rastu a bleskov\u00e1 obnova tkan\u00edv. \u2022\u00a0\u010cistota bez hran\u00edc:\u00a0Pr\u00e9miov\u00fd WPC spracovan\u00fd najmodernej\u0161ou technol\u00f3giou. \u2022\u00a0V\u0161estrann\u00e9 vyu\u017eitie:\u00a0Dokonal\u00fd shake alebo luxusn\u00fd upgrade va\u0161ich ra\u0148ajkov\u00fdch ka\u0161\u00ed. Obsah 1000g","og_url":"https:\/\/fanzone.sk\/en\/product\/body-nutrition-excelent-100-whey-protein-dubajska-cokolada\/","og_site_name":"fanzone.sk","article_publisher":"https:\/\/www.facebook.com\/FANZONEsk\/","article_modified_time":"2026-03-02T10:46:56+00:00","og_image":[{"width":800,"height":800,"url":"https:\/\/fanzone.sk\/wp-content\/uploads\/2025\/10\/prot-20.jpg","type":"image\/jpeg"}],"twitter_card":"summary_large_image","twitter_misc":{"Est. reading time":"1 minute"},"schema":{"@context":"https:\/\/schema.org","@graph":[{"@type":"WebPage","@id":"https:\/\/fanzone.sk\/produkt\/body-nutrition-excelent-100-whey-protein-dubajska-cokolada\/","url":"https:\/\/fanzone.sk\/produkt\/body-nutrition-excelent-100-whey-protein-dubajska-cokolada\/","name":"Body Nutrition - Excelent 100% Whey Prote\u00edn - Dubajsk\u00e1 \u010cokol\u00e1da - fanzone.sk","isPartOf":{"@id":"https:\/\/fanzone.sk\/#website"},"datePublished":"2026-03-02T10:27:46+00:00","dateModified":"2026-03-02T10:46:56+00:00","breadcrumb":{"@id":"https:\/\/fanzone.sk\/produkt\/body-nutrition-excelent-100-whey-protein-dubajska-cokolada\/#breadcrumb"},"inLanguage":"en-US","potentialAction":[{"@type":"ReadAction","target":["https:\/\/fanzone.sk\/produkt\/body-nutrition-excelent-100-whey-protein-dubajska-cokolada\/"]}]},{"@type":"BreadcrumbList","@id":"https:\/\/fanzone.sk\/produkt\/body-nutrition-excelent-100-whey-protein-dubajska-cokolada\/#breadcrumb","itemListElement":[{"@type":"ListItem","position":1,"name":"Home","item":"https:\/\/fanzone.sk\/"},{"@type":"ListItem","position":2,"name":"Obchod","item":"https:\/\/fanzone.sk\/obchod\/"},{"@type":"ListItem","position":3,"name":"Body Nutrition &#8211; Excelent 100% Whey Prote\u00edn &#8211; Dubajsk\u00e1 \u010cokol\u00e1da"}]},{"@type":"WebSite","@id":"https:\/\/fanzone.sk\/#website","url":"https:\/\/fanzone.sk\/","name":"fanzone.sk","description":"","potentialAction":[{"@type":"SearchAction","target":{"@type":"EntryPoint","urlTemplate":"https:\/\/fanzone.sk\/?s={search_term_string}"},"query-input":"required name=search_term_string"}],"inLanguage":"en-US"}]}},"_links":{"self":[{"href":"https:\/\/fanzone.sk\/en\/wp-json\/wp\/v2\/product\/37709"}],"collection":[{"href":"https:\/\/fanzone.sk\/en\/wp-json\/wp\/v2\/product"}],"about":[{"href":"https:\/\/fanzone.sk\/en\/wp-json\/wp\/v2\/types\/product"}],"wp:featuredmedia":[{"embeddable":true,"href":"https:\/\/fanzone.sk\/en\/wp-json\/wp\/v2\/media\/37710"}],"wp:attachment":[{"href":"https:\/\/fanzone.sk\/en\/wp-json\/wp\/v2\/media?parent=37709"}],"wp:term":[{"taxonomy":"product_cat","embeddable":true,"href":"https:\/\/fanzone.sk\/en\/wp-json\/wp\/v2\/product_cat?post=37709"},{"taxonomy":"product_tag","embeddable":true,"href":"https:\/\/fanzone.sk\/en\/wp-json\/wp\/v2\/product_tag?post=37709"}],"curies":[{"name":"wp","href":"https:\/\/api.w.org\/{rel}","templated":true}]}}