{"id":37931,"date":"2026-03-16T14:27:24","date_gmt":"2026-03-16T13:27:24","guid":{"rendered":"https:\/\/fanzone.sk\/?post_type=product&#038;p=37931"},"modified":"2026-03-24T13:45:47","modified_gmt":"2026-03-24T12:45:47","slug":"kolekcia-dhz-funkcne-tricko-s-kratkym-rukavom-ohen","status":"publish","type":"product","link":"https:\/\/fanzone.sk\/en\/product\/kolekcia-dhz-funkcne-tricko-s-kratkym-rukavom-ohen\/","title":{"rendered":"Kolekcia DHZ &#8211; Funk\u010dn\u00e9 tri\u010dko s kr\u00e1tkym ruk\u00e1vom OHE\u0147"},"content":{"rendered":"<ul>\n<li>\u0160portov\u00e9 funk\u010dn\u00e9 tri\u010dko vhodn\u00e9 na \u0161port, vonkaj\u0161ie aj vn\u00fatorn\u00e9 aktivity<\/li>\n<li>Funk\u010dn\u00fd a priedu\u0161n\u00fd materi\u00e1l<\/li>\n<li>Materi\u00e1l : 100 % polyester<\/li>\n<li>Mo\u017enos\u0165 potla\u010de vlastn\u00e9ho loga a n\u00e1zvu<\/li>\n<\/ul>","protected":false},"excerpt":{"rendered":"<ul>\n<li>\u0160portov\u00e9 funk\u010dn\u00e9 tri\u010dko vhodn\u00e9 na \u0161port, vonkaj\u0161ie aj vn\u00fatorn\u00e9 aktivity<\/li>\n<li>Funk\u010dn\u00fd a priedu\u0161n\u00fd materi\u00e1l<\/li>\n<li>Materi\u00e1l : 100 % polyester<\/li>\n<li>Mo\u017enos\u0165 potla\u010de vlastn\u00e9ho loga a n\u00e1zvu<\/li>\n<\/ul>","protected":false},"featured_media":37894,"template":"","meta":[],"product_cat":[678,327,15],"product_tag":[531,679],"wcpa_form_fields":{"rules":{"pric_overide_base_price":false,"pric_overide_base_price_if_gt_zero":false,"pric_cal_option_once":false,"pric_use_as_fee":false,"bind_quantity":false,"quantity_bind_formula":false},"fields":[{"type":"text","elementId":"wcpa-text-1554311022362","label":"Meno","enablePrice":true,"pricingType":"fixed","price":"3.00","className":"form-control","name":"text-1554311022362","subtype":"text","cl_rule":"show","operator":"and","col":6,"relations":[{"operator":"and","rules":[{"operator":false,"rules":{"cl_field":"wcpa-text-1554311022362","cl_relation":"0","cl_val":""}}]},{"operator":false,"rules":[{"operator":false,"rules":{"cl_field":"wcpa-number-1554284231985","cl_relation":"0","cl_val":""}}]}],"form_id":30451,"form_rules":{"pric_cal_option_once":false,"exclude_from_discount":false,"pric_use_as_fee":false,"fee_label":"Zdarma","render_after_acb":false,"disp_hide_options_price":false}},{"type":"paragraph","subtype":"output","label":"Pri personaliz\u00e1cii nem\u00e1te n\u00e1rok na ve\u013ekostn\u00fa v\u00fdmenu produktu.\nPersonaliz\u00e1cia 3\u20ac","elementId":"wcpa-paragraph-1554310533053","pricingType":"fixed","cl_rule":"show","col":6,"relations":false,"form_id":30451,"form_rules":{"pric_cal_option_once":false,"exclude_from_discount":false,"pric_use_as_fee":false,"fee_label":"Zdarma","render_after_acb":false,"disp_hide_options_price":false}}]},"yoast_head":"<!-- This site is optimized with the Yoast SEO plugin v21.2 - https:\/\/yoast.com\/wordpress\/plugins\/seo\/ -->\n<title>Kolekcia DHZ - Funk\u010dn\u00e9 tri\u010dko s kr\u00e1tkym ruk\u00e1vom OHE\u0147 - fanzone.sk<\/title>\n<meta name=\"robots\" content=\"index, follow, max-snippet:-1, max-image-preview:large, max-video-preview:-1\" \/>\n<link rel=\"canonical\" href=\"https:\/\/fanzone.sk\/en\/product\/kolekcia-dhz-funkcne-tricko-s-kratkym-rukavom-ohen\/\" \/>\n<meta property=\"og:locale\" content=\"en_US\" \/>\n<meta property=\"og:type\" content=\"article\" \/>\n<meta property=\"og:title\" content=\"Kolekcia DHZ - Funk\u010dn\u00e9 tri\u010dko s kr\u00e1tkym ruk\u00e1vom OHE\u0147 - fanzone.sk\" \/>\n<meta property=\"og:description\" content=\"\u0160portov\u00e9 funk\u010dn\u00e9 tri\u010dko vhodn\u00e9 na \u0161port, vonkaj\u0161ie aj vn\u00fatorn\u00e9 aktivity  Funk\u010dn\u00fd a priedu\u0161n\u00fd materi\u00e1l  Materi\u00e1l : 100 % polyester  Mo\u017enos\u0165 potla\u010de vlastn\u00e9ho loga a n\u00e1zvu\" \/>\n<meta property=\"og:url\" content=\"https:\/\/fanzone.sk\/en\/product\/kolekcia-dhz-funkcne-tricko-s-kratkym-rukavom-ohen\/\" \/>\n<meta property=\"og:site_name\" content=\"fanzone.sk\" \/>\n<meta property=\"article:publisher\" content=\"https:\/\/www.facebook.com\/FANZONEsk\/\" \/>\n<meta property=\"article:modified_time\" content=\"2026-03-24T12:45:47+00:00\" \/>\n<meta property=\"og:image\" content=\"https:\/\/fanzone.sk\/wp-content\/uploads\/2026\/03\/trickoMILAN3-PD.jpg\" \/>\n\t<meta property=\"og:image:width\" content=\"800\" \/>\n\t<meta property=\"og:image:height\" content=\"800\" \/>\n\t<meta property=\"og:image:type\" content=\"image\/jpeg\" \/>\n<meta name=\"twitter:card\" content=\"summary_large_image\" \/>\n<meta name=\"twitter:label1\" content=\"Est. reading time\" \/>\n\t<meta name=\"twitter:data1\" content=\"1 minute\" \/>\n<script type=\"application\/ld+json\" class=\"yoast-schema-graph\">{\"@context\":\"https:\/\/schema.org\",\"@graph\":[{\"@type\":\"WebPage\",\"@id\":\"https:\/\/fanzone.sk\/produkt\/kolekcia-dhz-funkcne-tricko-s-kratkym-rukavom-ohen\/\",\"url\":\"https:\/\/fanzone.sk\/produkt\/kolekcia-dhz-funkcne-tricko-s-kratkym-rukavom-ohen\/\",\"name\":\"Kolekcia DHZ - Funk\u010dn\u00e9 tri\u010dko s kr\u00e1tkym ruk\u00e1vom OHE\u0147 - fanzone.sk\",\"isPartOf\":{\"@id\":\"https:\/\/fanzone.sk\/#website\"},\"datePublished\":\"2026-03-16T13:27:24+00:00\",\"dateModified\":\"2026-03-24T12:45:47+00:00\",\"breadcrumb\":{\"@id\":\"https:\/\/fanzone.sk\/produkt\/kolekcia-dhz-funkcne-tricko-s-kratkym-rukavom-ohen\/#breadcrumb\"},\"inLanguage\":\"en-US\",\"potentialAction\":[{\"@type\":\"ReadAction\",\"target\":[\"https:\/\/fanzone.sk\/produkt\/kolekcia-dhz-funkcne-tricko-s-kratkym-rukavom-ohen\/\"]}]},{\"@type\":\"BreadcrumbList\",\"@id\":\"https:\/\/fanzone.sk\/produkt\/kolekcia-dhz-funkcne-tricko-s-kratkym-rukavom-ohen\/#breadcrumb\",\"itemListElement\":[{\"@type\":\"ListItem\",\"position\":1,\"name\":\"Home\",\"item\":\"https:\/\/fanzone.sk\/\"},{\"@type\":\"ListItem\",\"position\":2,\"name\":\"Obchod\",\"item\":\"https:\/\/fanzone.sk\/obchod\/\"},{\"@type\":\"ListItem\",\"position\":3,\"name\":\"Kolekcia DHZ &#8211; Funk\u010dn\u00e9 tri\u010dko s kr\u00e1tkym ruk\u00e1vom OHE\u0147\"}]},{\"@type\":\"WebSite\",\"@id\":\"https:\/\/fanzone.sk\/#website\",\"url\":\"https:\/\/fanzone.sk\/\",\"name\":\"fanzone.sk\",\"description\":\"\",\"potentialAction\":[{\"@type\":\"SearchAction\",\"target\":{\"@type\":\"EntryPoint\",\"urlTemplate\":\"https:\/\/fanzone.sk\/?s={search_term_string}\"},\"query-input\":\"required name=search_term_string\"}],\"inLanguage\":\"en-US\"}]}<\/script>\n<!-- \/ Yoast SEO plugin. -->","yoast_head_json":{"title":"Kolekcia DHZ - Funk\u010dn\u00e9 tri\u010dko s kr\u00e1tkym ruk\u00e1vom OHE\u0147 - fanzone.sk","robots":{"index":"index","follow":"follow","max-snippet":"max-snippet:-1","max-image-preview":"max-image-preview:large","max-video-preview":"max-video-preview:-1"},"canonical":"https:\/\/fanzone.sk\/en\/product\/kolekcia-dhz-funkcne-tricko-s-kratkym-rukavom-ohen\/","og_locale":"en_US","og_type":"article","og_title":"Kolekcia DHZ - Funk\u010dn\u00e9 tri\u010dko s kr\u00e1tkym ruk\u00e1vom OHE\u0147 - fanzone.sk","og_description":"\u0160portov\u00e9 funk\u010dn\u00e9 tri\u010dko vhodn\u00e9 na \u0161port, vonkaj\u0161ie aj vn\u00fatorn\u00e9 aktivity  Funk\u010dn\u00fd a priedu\u0161n\u00fd materi\u00e1l  Materi\u00e1l : 100 % polyester  Mo\u017enos\u0165 potla\u010de vlastn\u00e9ho loga a n\u00e1zvu","og_url":"https:\/\/fanzone.sk\/en\/product\/kolekcia-dhz-funkcne-tricko-s-kratkym-rukavom-ohen\/","og_site_name":"fanzone.sk","article_publisher":"https:\/\/www.facebook.com\/FANZONEsk\/","article_modified_time":"2026-03-24T12:45:47+00:00","og_image":[{"width":800,"height":800,"url":"https:\/\/fanzone.sk\/wp-content\/uploads\/2026\/03\/trickoMILAN3-PD.jpg","type":"image\/jpeg"}],"twitter_card":"summary_large_image","twitter_misc":{"Est. reading time":"1 minute"},"schema":{"@context":"https:\/\/schema.org","@graph":[{"@type":"WebPage","@id":"https:\/\/fanzone.sk\/produkt\/kolekcia-dhz-funkcne-tricko-s-kratkym-rukavom-ohen\/","url":"https:\/\/fanzone.sk\/produkt\/kolekcia-dhz-funkcne-tricko-s-kratkym-rukavom-ohen\/","name":"Kolekcia DHZ - Funk\u010dn\u00e9 tri\u010dko s kr\u00e1tkym ruk\u00e1vom OHE\u0147 - fanzone.sk","isPartOf":{"@id":"https:\/\/fanzone.sk\/#website"},"datePublished":"2026-03-16T13:27:24+00:00","dateModified":"2026-03-24T12:45:47+00:00","breadcrumb":{"@id":"https:\/\/fanzone.sk\/produkt\/kolekcia-dhz-funkcne-tricko-s-kratkym-rukavom-ohen\/#breadcrumb"},"inLanguage":"en-US","potentialAction":[{"@type":"ReadAction","target":["https:\/\/fanzone.sk\/produkt\/kolekcia-dhz-funkcne-tricko-s-kratkym-rukavom-ohen\/"]}]},{"@type":"BreadcrumbList","@id":"https:\/\/fanzone.sk\/produkt\/kolekcia-dhz-funkcne-tricko-s-kratkym-rukavom-ohen\/#breadcrumb","itemListElement":[{"@type":"ListItem","position":1,"name":"Home","item":"https:\/\/fanzone.sk\/"},{"@type":"ListItem","position":2,"name":"Obchod","item":"https:\/\/fanzone.sk\/obchod\/"},{"@type":"ListItem","position":3,"name":"Kolekcia DHZ &#8211; Funk\u010dn\u00e9 tri\u010dko s kr\u00e1tkym ruk\u00e1vom OHE\u0147"}]},{"@type":"WebSite","@id":"https:\/\/fanzone.sk\/#website","url":"https:\/\/fanzone.sk\/","name":"fanzone.sk","description":"","potentialAction":[{"@type":"SearchAction","target":{"@type":"EntryPoint","urlTemplate":"https:\/\/fanzone.sk\/?s={search_term_string}"},"query-input":"required name=search_term_string"}],"inLanguage":"en-US"}]}},"_links":{"self":[{"href":"https:\/\/fanzone.sk\/en\/wp-json\/wp\/v2\/product\/37931"}],"collection":[{"href":"https:\/\/fanzone.sk\/en\/wp-json\/wp\/v2\/product"}],"about":[{"href":"https:\/\/fanzone.sk\/en\/wp-json\/wp\/v2\/types\/product"}],"wp:featuredmedia":[{"embeddable":true,"href":"https:\/\/fanzone.sk\/en\/wp-json\/wp\/v2\/media\/37894"}],"wp:attachment":[{"href":"https:\/\/fanzone.sk\/en\/wp-json\/wp\/v2\/media?parent=37931"}],"wp:term":[{"taxonomy":"product_cat","embeddable":true,"href":"https:\/\/fanzone.sk\/en\/wp-json\/wp\/v2\/product_cat?post=37931"},{"taxonomy":"product_tag","embeddable":true,"href":"https:\/\/fanzone.sk\/en\/wp-json\/wp\/v2\/product_tag?post=37931"}],"curies":[{"name":"wp","href":"https:\/\/api.w.org\/{rel}","templated":true}]}}