{"id":37985,"date":"2026-03-17T14:15:56","date_gmt":"2026-03-17T13:15:56","guid":{"rendered":"https:\/\/fanzone.sk\/?post_type=product&#038;p=37985"},"modified":"2026-03-17T14:24:36","modified_gmt":"2026-03-17T13:24:36","slug":"hc-19-humenne-bavlnene-tricko-s-potlacou-2","status":"publish","type":"product","link":"https:\/\/fanzone.sk\/en\/product\/hc-19-humenne-bavlnene-tricko-s-potlacou-2\/","title":{"rendered":"HC 19 Humenn\u00e9 &#8211; Bavlnen\u00e9 tri\u010dko s potla\u010dou PLAY OFF 25\/26"},"content":{"rendered":"<ul>\n<li>100% bavlna, prstencov\u00e1 a \u010desen\u00e1<\/li>\n<li>Tenk\u00fd rebrovan\u00fd lem okolo krku<\/li>\n<li>Spev\u0148uj\u00faca p\u00e1ska vzadu na krku<\/li>\n<li>Bez bo\u010dn\u00fdch \u0161vov<\/li>\n<li>Unisex<\/li>\n<\/ul>","protected":false},"excerpt":{"rendered":"<ul>\n<li>100% bavlna, prstencov\u00e1 a \u010desen\u00e1<\/li>\n<li>Tenk\u00fd rebrovan\u00fd lem okolo krku<\/li>\n<li>Spev\u0148uj\u00faca p\u00e1ska vzadu na krku<\/li>\n<li>Bez bo\u010dn\u00fdch \u0161vov<\/li>\n<li>Unisex<\/li>\n<\/ul>","protected":false},"featured_media":37981,"template":"","meta":[],"product_cat":[309,680,411,95],"product_tag":[40,144],"wcpa_form_fields":null,"yoast_head":"<!-- This site is optimized with the Yoast SEO plugin v21.2 - https:\/\/yoast.com\/wordpress\/plugins\/seo\/ -->\n<title>HC 19 Humenn\u00e9 - Bavlnen\u00e9 tri\u010dko s potla\u010dou PLAY OFF 25\/26 - fanzone.sk<\/title>\n<meta name=\"robots\" content=\"index, follow, max-snippet:-1, max-image-preview:large, max-video-preview:-1\" \/>\n<link rel=\"canonical\" href=\"https:\/\/fanzone.sk\/en\/product\/hc-19-humenne-bavlnene-tricko-s-potlacou-2\/\" \/>\n<meta property=\"og:locale\" content=\"en_US\" \/>\n<meta property=\"og:type\" content=\"article\" \/>\n<meta property=\"og:title\" content=\"HC 19 Humenn\u00e9 - Bavlnen\u00e9 tri\u010dko s potla\u010dou PLAY OFF 25\/26 - fanzone.sk\" \/>\n<meta property=\"og:description\" content=\"100% bavlna, prstencov\u00e1 a \u010desen\u00e1  Tenk\u00fd rebrovan\u00fd lem okolo krku  Spev\u0148uj\u00faca p\u00e1ska vzadu na krku  Bez bo\u010dn\u00fdch \u0161vov  Unisex\" \/>\n<meta property=\"og:url\" content=\"https:\/\/fanzone.sk\/en\/product\/hc-19-humenne-bavlnene-tricko-s-potlacou-2\/\" \/>\n<meta property=\"og:site_name\" content=\"fanzone.sk\" \/>\n<meta property=\"article:publisher\" content=\"https:\/\/www.facebook.com\/FANZONEsk\/\" \/>\n<meta property=\"article:modified_time\" content=\"2026-03-17T13:24:36+00:00\" \/>\n<meta property=\"og:image\" content=\"https:\/\/fanzone.sk\/wp-content\/uploads\/2026\/03\/eva-02.jpg\" \/>\n\t<meta property=\"og:image:width\" content=\"800\" \/>\n\t<meta property=\"og:image:height\" content=\"800\" \/>\n\t<meta property=\"og:image:type\" content=\"image\/jpeg\" \/>\n<meta name=\"twitter:card\" content=\"summary_large_image\" \/>\n<meta name=\"twitter:label1\" content=\"Est. reading time\" \/>\n\t<meta name=\"twitter:data1\" content=\"1 minute\" \/>\n<script type=\"application\/ld+json\" class=\"yoast-schema-graph\">{\"@context\":\"https:\/\/schema.org\",\"@graph\":[{\"@type\":\"WebPage\",\"@id\":\"https:\/\/fanzone.sk\/produkt\/hc-19-humenne-bavlnene-tricko-s-potlacou-2\/\",\"url\":\"https:\/\/fanzone.sk\/produkt\/hc-19-humenne-bavlnene-tricko-s-potlacou-2\/\",\"name\":\"HC 19 Humenn\u00e9 - Bavlnen\u00e9 tri\u010dko s potla\u010dou PLAY OFF 25\/26 - fanzone.sk\",\"isPartOf\":{\"@id\":\"https:\/\/fanzone.sk\/#website\"},\"datePublished\":\"2026-03-17T13:15:56+00:00\",\"dateModified\":\"2026-03-17T13:24:36+00:00\",\"breadcrumb\":{\"@id\":\"https:\/\/fanzone.sk\/produkt\/hc-19-humenne-bavlnene-tricko-s-potlacou-2\/#breadcrumb\"},\"inLanguage\":\"en-US\",\"potentialAction\":[{\"@type\":\"ReadAction\",\"target\":[\"https:\/\/fanzone.sk\/produkt\/hc-19-humenne-bavlnene-tricko-s-potlacou-2\/\"]}]},{\"@type\":\"BreadcrumbList\",\"@id\":\"https:\/\/fanzone.sk\/produkt\/hc-19-humenne-bavlnene-tricko-s-potlacou-2\/#breadcrumb\",\"itemListElement\":[{\"@type\":\"ListItem\",\"position\":1,\"name\":\"Home\",\"item\":\"https:\/\/fanzone.sk\/\"},{\"@type\":\"ListItem\",\"position\":2,\"name\":\"Obchod\",\"item\":\"https:\/\/fanzone.sk\/obchod\/\"},{\"@type\":\"ListItem\",\"position\":3,\"name\":\"HC 19 Humenn\u00e9 &#8211; Bavlnen\u00e9 tri\u010dko s potla\u010dou PLAY OFF 25\/26\"}]},{\"@type\":\"WebSite\",\"@id\":\"https:\/\/fanzone.sk\/#website\",\"url\":\"https:\/\/fanzone.sk\/\",\"name\":\"fanzone.sk\",\"description\":\"\",\"potentialAction\":[{\"@type\":\"SearchAction\",\"target\":{\"@type\":\"EntryPoint\",\"urlTemplate\":\"https:\/\/fanzone.sk\/?s={search_term_string}\"},\"query-input\":\"required name=search_term_string\"}],\"inLanguage\":\"en-US\"}]}<\/script>\n<!-- \/ Yoast SEO plugin. -->","yoast_head_json":{"title":"HC 19 Humenn\u00e9 - Bavlnen\u00e9 tri\u010dko s potla\u010dou PLAY OFF 25\/26 - fanzone.sk","robots":{"index":"index","follow":"follow","max-snippet":"max-snippet:-1","max-image-preview":"max-image-preview:large","max-video-preview":"max-video-preview:-1"},"canonical":"https:\/\/fanzone.sk\/en\/product\/hc-19-humenne-bavlnene-tricko-s-potlacou-2\/","og_locale":"en_US","og_type":"article","og_title":"HC 19 Humenn\u00e9 - Bavlnen\u00e9 tri\u010dko s potla\u010dou PLAY OFF 25\/26 - fanzone.sk","og_description":"100% bavlna, prstencov\u00e1 a \u010desen\u00e1  Tenk\u00fd rebrovan\u00fd lem okolo krku  Spev\u0148uj\u00faca p\u00e1ska vzadu na krku  Bez bo\u010dn\u00fdch \u0161vov  Unisex","og_url":"https:\/\/fanzone.sk\/en\/product\/hc-19-humenne-bavlnene-tricko-s-potlacou-2\/","og_site_name":"fanzone.sk","article_publisher":"https:\/\/www.facebook.com\/FANZONEsk\/","article_modified_time":"2026-03-17T13:24:36+00:00","og_image":[{"width":800,"height":800,"url":"https:\/\/fanzone.sk\/wp-content\/uploads\/2026\/03\/eva-02.jpg","type":"image\/jpeg"}],"twitter_card":"summary_large_image","twitter_misc":{"Est. reading time":"1 minute"},"schema":{"@context":"https:\/\/schema.org","@graph":[{"@type":"WebPage","@id":"https:\/\/fanzone.sk\/produkt\/hc-19-humenne-bavlnene-tricko-s-potlacou-2\/","url":"https:\/\/fanzone.sk\/produkt\/hc-19-humenne-bavlnene-tricko-s-potlacou-2\/","name":"HC 19 Humenn\u00e9 - Bavlnen\u00e9 tri\u010dko s potla\u010dou PLAY OFF 25\/26 - fanzone.sk","isPartOf":{"@id":"https:\/\/fanzone.sk\/#website"},"datePublished":"2026-03-17T13:15:56+00:00","dateModified":"2026-03-17T13:24:36+00:00","breadcrumb":{"@id":"https:\/\/fanzone.sk\/produkt\/hc-19-humenne-bavlnene-tricko-s-potlacou-2\/#breadcrumb"},"inLanguage":"en-US","potentialAction":[{"@type":"ReadAction","target":["https:\/\/fanzone.sk\/produkt\/hc-19-humenne-bavlnene-tricko-s-potlacou-2\/"]}]},{"@type":"BreadcrumbList","@id":"https:\/\/fanzone.sk\/produkt\/hc-19-humenne-bavlnene-tricko-s-potlacou-2\/#breadcrumb","itemListElement":[{"@type":"ListItem","position":1,"name":"Home","item":"https:\/\/fanzone.sk\/"},{"@type":"ListItem","position":2,"name":"Obchod","item":"https:\/\/fanzone.sk\/obchod\/"},{"@type":"ListItem","position":3,"name":"HC 19 Humenn\u00e9 &#8211; Bavlnen\u00e9 tri\u010dko s potla\u010dou PLAY OFF 25\/26"}]},{"@type":"WebSite","@id":"https:\/\/fanzone.sk\/#website","url":"https:\/\/fanzone.sk\/","name":"fanzone.sk","description":"","potentialAction":[{"@type":"SearchAction","target":{"@type":"EntryPoint","urlTemplate":"https:\/\/fanzone.sk\/?s={search_term_string}"},"query-input":"required name=search_term_string"}],"inLanguage":"en-US"}]}},"_links":{"self":[{"href":"https:\/\/fanzone.sk\/en\/wp-json\/wp\/v2\/product\/37985"}],"collection":[{"href":"https:\/\/fanzone.sk\/en\/wp-json\/wp\/v2\/product"}],"about":[{"href":"https:\/\/fanzone.sk\/en\/wp-json\/wp\/v2\/types\/product"}],"wp:featuredmedia":[{"embeddable":true,"href":"https:\/\/fanzone.sk\/en\/wp-json\/wp\/v2\/media\/37981"}],"wp:attachment":[{"href":"https:\/\/fanzone.sk\/en\/wp-json\/wp\/v2\/media?parent=37985"}],"wp:term":[{"taxonomy":"product_cat","embeddable":true,"href":"https:\/\/fanzone.sk\/en\/wp-json\/wp\/v2\/product_cat?post=37985"},{"taxonomy":"product_tag","embeddable":true,"href":"https:\/\/fanzone.sk\/en\/wp-json\/wp\/v2\/product_tag?post=37985"}],"curies":[{"name":"wp","href":"https:\/\/api.w.org\/{rel}","templated":true}]}}