{"id":38287,"date":"2026-04-10T14:24:47","date_gmt":"2026-04-10T12:24:47","guid":{"rendered":"https:\/\/fanzone.sk\/?post_type=product&#038;p=38287"},"modified":"2026-04-10T14:31:56","modified_gmt":"2026-04-10T12:31:56","slug":"fbc-panthers-banska-bystrica-bavlnena-polokosela-s-potlacou","status":"publish","type":"product","link":"https:\/\/fanzone.sk\/en\/product\/fbc-panthers-banska-bystrica-bavlnena-polokosela-s-potlacou\/","title":{"rendered":"FBC Panthers Bansk\u00e1 Bystrica \u2013 Bavlnen\u00e1 poloko\u0161e\u013ea s potla\u010dou"},"content":{"rendered":"<div class=\"woocommerce-product-details__short-description\">\n<ul>\n<li>Materi\u00e1l: 100% prstencov\u00e1 bavlna<\/li>\n<li>Vpredu aj vzadu dizajn FBC Panthers Bansk\u00e1 Bystrica<\/li>\n<\/ul>\n<\/div>\n<form class=\"variations_form cart\" enctype=\"multipart\/form-data\" method=\"post\" data-product_id=\"13911\" data-product_variations=\"[{&quot;attributes&quot;:{&quot;attribute_pa_velkost&quot;:&quot;&quot;,&quot;attribute_pa_farba&quot;:&quot;navy&quot;},&quot;availability_html&quot;:&quot;&quot;,&quot;backorders_allowed&quot;:false,&quot;dimensions&quot;:{&quot;length&quot;:&quot;&quot;,&quot;width&quot;:&quot;&quot;,&quot;height&quot;:&quot;&quot;},&quot;dimensions_html&quot;:&quot;-&quot;,&quot;display_price&quot;:18.199999999999999289457264239899814128875732421875,&quot;display_regular_price&quot;:18.199999999999999289457264239899814128875732421875,&quot;image&quot;:{&quot;title&quot;:&quot;HK Humenne mladez polokosela 2&quot;,&quot;caption&quot;:&quot;&quot;,&quot;url&quot;:&quot;https:\\\/\\\/fanzone.sk\\\/wp-content\\\/uploads\\\/2020\\\/09\\\/HK-Humenne-mladez-polokosela-2.jpg&quot;,&quot;alt&quot;:&quot;HK Humenne mladez polokosela 2&quot;,&quot;src&quot;:&quot;https:\\\/\\\/fanzone.sk\\\/wp-content\\\/uploads\\\/2020\\\/09\\\/HK-Humenne-mladez-polokosela-2.jpg&quot;,&quot;srcset&quot;:&quot;https:\\\/\\\/fanzone.sk\\\/wp-content\\\/uploads\\\/2020\\\/09\\\/HK-Humenne-mladez-polokosela-2.jpg 800w, https:\\\/\\\/fanzone.sk\\\/wp-content\\\/uploads\\\/2020\\\/09\\\/HK-Humenne-mladez-polokosela-2-300x300.jpg 300w, https:\\\/\\\/fanzone.sk\\\/wp-content\\\/uploads\\\/2020\\\/09\\\/HK-Humenne-mladez-polokosela-2-150x150.jpg 150w, https:\\\/\\\/fanzone.sk\\\/wp-content\\\/uploads\\\/2020\\\/09\\\/HK-Humenne-mladez-polokosela-2-768x768.jpg 768w, https:\\\/\\\/fanzone.sk\\\/wp-content\\\/uploads\\\/2020\\\/09\\\/HK-Humenne-mladez-polokosela-2-24x24.jpg 24w, https:\\\/\\\/fanzone.sk\\\/wp-content\\\/uploads\\\/2020\\\/09\\\/HK-Humenne-mladez-polokosela-2-36x36.jpg 36w, https:\\\/\\\/fanzone.sk\\\/wp-content\\\/uploads\\\/2020\\\/09\\\/HK-Humenne-mladez-polokosela-2-48x48.jpg 48w, https:\\\/\\\/fanzone.sk\\\/wp-content\\\/uploads\\\/2020\\\/09\\\/HK-Humenne-mladez-polokosela-2-45x45.jpg 45w, https:\\\/\\\/fanzone.sk\\\/wp-content\\\/uploads\\\/2020\\\/09\\\/HK-Humenne-mladez-polokosela-2-600x600.jpg 600w, https:\\\/\\\/fanzone.sk\\\/wp-content\\\/uploads\\\/2020\\\/09\\\/HK-Humenne-mladez-polokosela-2-100x100.jpg 100w&quot;,&quot;sizes&quot;:&quot;(max-width: 800px) 100vw, 800px&quot;,&quot;full_src&quot;:&quot;https:\\\/\\\/fanzone.sk\\\/wp-content\\\/uploads\\\/2020\\\/09\\\/HK-Humenne-mladez-polokosela-2.jpg&quot;,&quot;full_src_w&quot;:800,&quot;full_src_h&quot;:800,&quot;gallery_thumbnail_src&quot;:&quot;https:\\\/\\\/fanzone.sk\\\/wp-content\\\/uploads\\\/2020\\\/09\\\/HK-Humenne-mladez-polokosela-2.jpg&quot;,&quot;gallery_thumbnail_src_w&quot;:800,&quot;gallery_thumbnail_src_h&quot;:800,&quot;thumb_src&quot;:&quot;https:\\\/\\\/fanzone.sk\\\/wp-content\\\/uploads\\\/2020\\\/09\\\/HK-Humenne-mladez-polokosela-2-600x600.jpg&quot;,&quot;thumb_src_w&quot;:600,&quot;thumb_src_h&quot;:600,&quot;src_w&quot;:800,&quot;src_h&quot;:800},&quot;image_id&quot;:13914,&quot;is_downloadable&quot;:false,&quot;is_in_stock&quot;:true,&quot;is_purchasable&quot;:true,&quot;is_sold_individually&quot;:&quot;no&quot;,&quot;is_virtual&quot;:false,&quot;max_qty&quot;:&quot;&quot;,&quot;min_qty&quot;:1,&quot;price_html&quot;:&quot;&quot;,&quot;sku&quot;:&quot;3200026013&quot;,&quot;variation_description&quot;:&quot;&quot;,&quot;variation_id&quot;:13912,&quot;variation_is_active&quot;:true,&quot;variation_is_visible&quot;:true,&quot;weight&quot;:&quot;&quot;,&quot;weight_html&quot;:&quot;-&quot;,&quot;stock_status&quot;:&quot;instock&quot;,&quot;stock_quantity&quot;:null},{&quot;attributes&quot;:{&quot;attribute_pa_velkost&quot;:&quot;&quot;,&quot;attribute_pa_farba&quot;:&quot;zlta&quot;},&quot;availability_html&quot;:&quot;&quot;,&quot;backorders_allowed&quot;:false,&quot;dimensions&quot;:{&quot;length&quot;:&quot;&quot;,&quot;width&quot;:&quot;&quot;,&quot;height&quot;:&quot;&quot;},&quot;dimensions_html&quot;:&quot;-&quot;,&quot;display_price&quot;:18.199999999999999289457264239899814128875732421875,&quot;display_regular_price&quot;:18.199999999999999289457264239899814128875732421875,&quot;image&quot;:{&quot;title&quot;:&quot;HK Humenne mladez polokosela&quot;,&quot;caption&quot;:&quot;&quot;,&quot;url&quot;:&quot;https:\\\/\\\/fanzone.sk\\\/wp-content\\\/uploads\\\/2020\\\/09\\\/HK-Humenne-mladez-polokosela.jpg&quot;,&quot;alt&quot;:&quot;HK Humenne mladez polokosela&quot;,&quot;src&quot;:&quot;https:\\\/\\\/fanzone.sk\\\/wp-content\\\/uploads\\\/2020\\\/09\\\/HK-Humenne-mladez-polokosela.jpg&quot;,&quot;srcset&quot;:&quot;https:\\\/\\\/fanzone.sk\\\/wp-content\\\/uploads\\\/2020\\\/09\\\/HK-Humenne-mladez-polokosela.jpg 800w, https:\\\/\\\/fanzone.sk\\\/wp-content\\\/uploads\\\/2020\\\/09\\\/HK-Humenne-mladez-polokosela-300x300.jpg 300w, https:\\\/\\\/fanzone.sk\\\/wp-content\\\/uploads\\\/2020\\\/09\\\/HK-Humenne-mladez-polokosela-150x150.jpg 150w, https:\\\/\\\/fanzone.sk\\\/wp-content\\\/uploads\\\/2020\\\/09\\\/HK-Humenne-mladez-polokosela-768x768.jpg 768w, https:\\\/\\\/fanzone.sk\\\/wp-content\\\/uploads\\\/2020\\\/09\\\/HK-Humenne-mladez-polokosela-24x24.jpg 24w, https:\\\/\\\/fanzone.sk\\\/wp-content\\\/uploads\\\/2020\\\/09\\\/HK-Humenne-mladez-polokosela-36x36.jpg 36w, https:\\\/\\\/fanzone.sk\\\/wp-content\\\/uploads\\\/2020\\\/09\\\/HK-Humenne-mladez-polokosela-48x48.jpg 48w, https:\\\/\\\/fanzone.sk\\\/wp-content\\\/uploads\\\/2020\\\/09\\\/HK-Humenne-mladez-polokosela-45x45.jpg 45w, https:\\\/\\\/fanzone.sk\\\/wp-content\\\/uploads\\\/2020\\\/09\\\/HK-Humenne-mladez-polokosela-600x600.jpg 600w, https:\\\/\\\/fanzone.sk\\\/wp-content\\\/uploads\\\/2020\\\/09\\\/HK-Humenne-mladez-polokosela-100x100.jpg 100w&quot;,&quot;sizes&quot;:&quot;(max-width: 800px) 100vw, 800px&quot;,&quot;full_src&quot;:&quot;https:\\\/\\\/fanzone.sk\\\/wp-content\\\/uploads\\\/2020\\\/09\\\/HK-Humenne-mladez-polokosela.jpg&quot;,&quot;full_src_w&quot;:800,&quot;full_src_h&quot;:800,&quot;gallery_thumbnail_src&quot;:&quot;https:\\\/\\\/fanzone.sk\\\/wp-content\\\/uploads\\\/2020\\\/09\\\/HK-Humenne-mladez-polokosela.jpg&quot;,&quot;gallery_thumbnail_src_w&quot;:800,&quot;gallery_thumbnail_src_h&quot;:800,&quot;thumb_src&quot;:&quot;https:\\\/\\\/fanzone.sk\\\/wp-content\\\/uploads\\\/2020\\\/09\\\/HK-Humenne-mladez-polokosela-600x600.jpg&quot;,&quot;thumb_src_w&quot;:600,&quot;thumb_src_h&quot;:600,&quot;src_w&quot;:800,&quot;src_h&quot;:800},&quot;image_id&quot;:13915,&quot;is_downloadable&quot;:false,&quot;is_in_stock&quot;:true,&quot;is_purchasable&quot;:true,&quot;is_sold_individually&quot;:&quot;no&quot;,&quot;is_virtual&quot;:false,&quot;max_qty&quot;:&quot;&quot;,&quot;min_qty&quot;:1,&quot;price_html&quot;:&quot;&quot;,&quot;sku&quot;:&quot;3200026013&quot;,&quot;variation_description&quot;:&quot;&quot;,&quot;variation_id&quot;:13913,&quot;variation_is_active&quot;:true,&quot;variation_is_visible&quot;:true,&quot;weight&quot;:&quot;&quot;,&quot;weight_html&quot;:&quot;-&quot;,&quot;stock_status&quot;:&quot;instock&quot;,&quot;stock_quantity&quot;:null}]\" action=\"\"><input type=\"hidden\" name=\"trp-form-language\" value=\"en\"\/><\/form>","protected":false},"excerpt":{"rendered":"<ul>\n<li>Materi\u00e1l: 100% prstencov\u00e1 bavlna<\/li>\n<li>Vpredu aj vzadu dizajn FBC Panthers Bansk\u00e1 Bystrica<\/li>\n<\/ul>","protected":false},"featured_media":38228,"template":"","meta":[],"product_cat":[684,311],"product_tag":[572,528],"wcpa_form_fields":null,"yoast_head":"<!-- This site is optimized with the Yoast SEO plugin v21.2 - https:\/\/yoast.com\/wordpress\/plugins\/seo\/ -->\n<title>FBC Panthers Bansk\u00e1 Bystrica \u2013 Bavlnen\u00e1 poloko\u0161e\u013ea s potla\u010dou - fanzone.sk<\/title>\n<meta name=\"robots\" content=\"index, follow, max-snippet:-1, max-image-preview:large, max-video-preview:-1\" \/>\n<link rel=\"canonical\" href=\"https:\/\/fanzone.sk\/en\/product\/fbc-panthers-banska-bystrica-bavlnena-polokosela-s-potlacou\/\" \/>\n<meta property=\"og:locale\" content=\"en_US\" \/>\n<meta property=\"og:type\" content=\"article\" \/>\n<meta property=\"og:title\" content=\"FBC Panthers Bansk\u00e1 Bystrica \u2013 Bavlnen\u00e1 poloko\u0161e\u013ea s potla\u010dou - fanzone.sk\" \/>\n<meta property=\"og:description\" content=\"Materi\u00e1l: 100% prstencov\u00e1 bavlna  Vpredu aj vzadu dizajn FBC Panthers Bansk\u00e1 Bystrica\" \/>\n<meta property=\"og:url\" content=\"https:\/\/fanzone.sk\/en\/product\/fbc-panthers-banska-bystrica-bavlnena-polokosela-s-potlacou\/\" \/>\n<meta property=\"og:site_name\" content=\"fanzone.sk\" \/>\n<meta property=\"article:publisher\" content=\"https:\/\/www.facebook.com\/FANZONEsk\/\" \/>\n<meta property=\"article:modified_time\" content=\"2026-04-10T12:31:56+00:00\" \/>\n<meta property=\"og:image\" content=\"https:\/\/fanzone.sk\/wp-content\/uploads\/2026\/04\/kate-02-PD.jpg\" \/>\n\t<meta property=\"og:image:width\" content=\"800\" \/>\n\t<meta property=\"og:image:height\" content=\"800\" \/>\n\t<meta property=\"og:image:type\" content=\"image\/jpeg\" \/>\n<meta name=\"twitter:card\" content=\"summary_large_image\" \/>\n<meta name=\"twitter:label1\" content=\"Est. reading time\" \/>\n\t<meta name=\"twitter:data1\" content=\"1 minute\" \/>\n<script type=\"application\/ld+json\" class=\"yoast-schema-graph\">{\"@context\":\"https:\/\/schema.org\",\"@graph\":[{\"@type\":\"WebPage\",\"@id\":\"https:\/\/fanzone.sk\/produkt\/fbc-panthers-banska-bystrica-bavlnena-polokosela-s-potlacou\/\",\"url\":\"https:\/\/fanzone.sk\/produkt\/fbc-panthers-banska-bystrica-bavlnena-polokosela-s-potlacou\/\",\"name\":\"FBC Panthers Bansk\u00e1 Bystrica \u2013 Bavlnen\u00e1 poloko\u0161e\u013ea s potla\u010dou - fanzone.sk\",\"isPartOf\":{\"@id\":\"https:\/\/fanzone.sk\/#website\"},\"datePublished\":\"2026-04-10T12:24:47+00:00\",\"dateModified\":\"2026-04-10T12:31:56+00:00\",\"breadcrumb\":{\"@id\":\"https:\/\/fanzone.sk\/produkt\/fbc-panthers-banska-bystrica-bavlnena-polokosela-s-potlacou\/#breadcrumb\"},\"inLanguage\":\"en-US\",\"potentialAction\":[{\"@type\":\"ReadAction\",\"target\":[\"https:\/\/fanzone.sk\/produkt\/fbc-panthers-banska-bystrica-bavlnena-polokosela-s-potlacou\/\"]}]},{\"@type\":\"BreadcrumbList\",\"@id\":\"https:\/\/fanzone.sk\/produkt\/fbc-panthers-banska-bystrica-bavlnena-polokosela-s-potlacou\/#breadcrumb\",\"itemListElement\":[{\"@type\":\"ListItem\",\"position\":1,\"name\":\"Home\",\"item\":\"https:\/\/fanzone.sk\/\"},{\"@type\":\"ListItem\",\"position\":2,\"name\":\"Obchod\",\"item\":\"https:\/\/fanzone.sk\/obchod\/\"},{\"@type\":\"ListItem\",\"position\":3,\"name\":\"FBC Panthers Bansk\u00e1 Bystrica \u2013 Bavlnen\u00e1 poloko\u0161e\u013ea s potla\u010dou\"}]},{\"@type\":\"WebSite\",\"@id\":\"https:\/\/fanzone.sk\/#website\",\"url\":\"https:\/\/fanzone.sk\/\",\"name\":\"fanzone.sk\",\"description\":\"\",\"potentialAction\":[{\"@type\":\"SearchAction\",\"target\":{\"@type\":\"EntryPoint\",\"urlTemplate\":\"https:\/\/fanzone.sk\/?s={search_term_string}\"},\"query-input\":\"required name=search_term_string\"}],\"inLanguage\":\"en-US\"}]}<\/script>\n<!-- \/ Yoast SEO plugin. -->","yoast_head_json":{"title":"FBC Panthers Bansk\u00e1 Bystrica \u2013 Bavlnen\u00e1 poloko\u0161e\u013ea s potla\u010dou - fanzone.sk","robots":{"index":"index","follow":"follow","max-snippet":"max-snippet:-1","max-image-preview":"max-image-preview:large","max-video-preview":"max-video-preview:-1"},"canonical":"https:\/\/fanzone.sk\/en\/product\/fbc-panthers-banska-bystrica-bavlnena-polokosela-s-potlacou\/","og_locale":"en_US","og_type":"article","og_title":"FBC Panthers Bansk\u00e1 Bystrica \u2013 Bavlnen\u00e1 poloko\u0161e\u013ea s potla\u010dou - fanzone.sk","og_description":"Materi\u00e1l: 100% prstencov\u00e1 bavlna  Vpredu aj vzadu dizajn FBC Panthers Bansk\u00e1 Bystrica","og_url":"https:\/\/fanzone.sk\/en\/product\/fbc-panthers-banska-bystrica-bavlnena-polokosela-s-potlacou\/","og_site_name":"fanzone.sk","article_publisher":"https:\/\/www.facebook.com\/FANZONEsk\/","article_modified_time":"2026-04-10T12:31:56+00:00","og_image":[{"width":800,"height":800,"url":"https:\/\/fanzone.sk\/wp-content\/uploads\/2026\/04\/kate-02-PD.jpg","type":"image\/jpeg"}],"twitter_card":"summary_large_image","twitter_misc":{"Est. reading time":"1 minute"},"schema":{"@context":"https:\/\/schema.org","@graph":[{"@type":"WebPage","@id":"https:\/\/fanzone.sk\/produkt\/fbc-panthers-banska-bystrica-bavlnena-polokosela-s-potlacou\/","url":"https:\/\/fanzone.sk\/produkt\/fbc-panthers-banska-bystrica-bavlnena-polokosela-s-potlacou\/","name":"FBC Panthers Bansk\u00e1 Bystrica \u2013 Bavlnen\u00e1 poloko\u0161e\u013ea s potla\u010dou - fanzone.sk","isPartOf":{"@id":"https:\/\/fanzone.sk\/#website"},"datePublished":"2026-04-10T12:24:47+00:00","dateModified":"2026-04-10T12:31:56+00:00","breadcrumb":{"@id":"https:\/\/fanzone.sk\/produkt\/fbc-panthers-banska-bystrica-bavlnena-polokosela-s-potlacou\/#breadcrumb"},"inLanguage":"en-US","potentialAction":[{"@type":"ReadAction","target":["https:\/\/fanzone.sk\/produkt\/fbc-panthers-banska-bystrica-bavlnena-polokosela-s-potlacou\/"]}]},{"@type":"BreadcrumbList","@id":"https:\/\/fanzone.sk\/produkt\/fbc-panthers-banska-bystrica-bavlnena-polokosela-s-potlacou\/#breadcrumb","itemListElement":[{"@type":"ListItem","position":1,"name":"Home","item":"https:\/\/fanzone.sk\/"},{"@type":"ListItem","position":2,"name":"Obchod","item":"https:\/\/fanzone.sk\/obchod\/"},{"@type":"ListItem","position":3,"name":"FBC Panthers Bansk\u00e1 Bystrica \u2013 Bavlnen\u00e1 poloko\u0161e\u013ea s potla\u010dou"}]},{"@type":"WebSite","@id":"https:\/\/fanzone.sk\/#website","url":"https:\/\/fanzone.sk\/","name":"fanzone.sk","description":"","potentialAction":[{"@type":"SearchAction","target":{"@type":"EntryPoint","urlTemplate":"https:\/\/fanzone.sk\/?s={search_term_string}"},"query-input":"required name=search_term_string"}],"inLanguage":"en-US"}]}},"_links":{"self":[{"href":"https:\/\/fanzone.sk\/en\/wp-json\/wp\/v2\/product\/38287"}],"collection":[{"href":"https:\/\/fanzone.sk\/en\/wp-json\/wp\/v2\/product"}],"about":[{"href":"https:\/\/fanzone.sk\/en\/wp-json\/wp\/v2\/types\/product"}],"wp:featuredmedia":[{"embeddable":true,"href":"https:\/\/fanzone.sk\/en\/wp-json\/wp\/v2\/media\/38228"}],"wp:attachment":[{"href":"https:\/\/fanzone.sk\/en\/wp-json\/wp\/v2\/media?parent=38287"}],"wp:term":[{"taxonomy":"product_cat","embeddable":true,"href":"https:\/\/fanzone.sk\/en\/wp-json\/wp\/v2\/product_cat?post=38287"},{"taxonomy":"product_tag","embeddable":true,"href":"https:\/\/fanzone.sk\/en\/wp-json\/wp\/v2\/product_tag?post=38287"}],"curies":[{"name":"wp","href":"https:\/\/api.w.org\/{rel}","templated":true}]}}