{"id":7533,"date":"2020-03-05T15:13:22","date_gmt":"2020-03-05T14:13:22","guid":{"rendered":"https:\/\/fanzone.sk\/?post_type=product&#038;p=7533"},"modified":"2025-02-03T22:07:58","modified_gmt":"2025-02-03T21:07:58","slug":"damske-bezecke-tricko-2","status":"publish","type":"product","link":"https:\/\/fanzone.sk\/en\/product\/damske-bezecke-tricko-2\/","title":{"rendered":"D\u00e1mske be\u017eeck\u00e9 tri\u010dko 2"},"content":{"rendered":"<ul>\n<li>d\u00e1mske be\u017eeck\u00e9 slim fit tri\u010dko<\/li>\n<li>materi\u00e1l Coolpass \u2013 vodeodpudiv\u00e9, nenasiakav\u00e9<\/li>\n<li>maxim\u00e1lnou mierou odv\u00e1dza prebyto\u010dn\u00fa vlhkos\u0165 od tela a z\u00e1rove\u0148 r\u00fdchlo schne a tak urd\u017eiava telo v suchu aj pri zv\u00fd\u0161enej fyzickej n\u00e1mahe<\/li>\n<\/ul>","protected":false},"excerpt":{"rendered":"<ul>\n<li>d\u00e1mske be\u017eeck\u00e9 slim fit tri\u010dko<\/li>\n<li>materi\u00e1l Coolpass \u2013 vodeodpudiv\u00e9, nenasiakav\u00e9<\/li>\n<li>maxim\u00e1lnou mierou odv\u00e1dza prebyto\u010dn\u00fa vlhkos\u0165 od tela a z\u00e1rove\u0148 r\u00fdchlo schne a tak urd\u017eiava telo v suchu aj pri zv\u00fd\u0161enej fyzickej n\u00e1mahe<\/li>\n<\/ul>","protected":false},"featured_media":7524,"template":"","meta":[],"product_cat":[250,128,133],"product_tag":[88,144],"wcpa_form_fields":null,"yoast_head":"<!-- This site is optimized with the Yoast SEO plugin v21.2 - https:\/\/yoast.com\/wordpress\/plugins\/seo\/ -->\n<title>D\u00e1mske be\u017eeck\u00e9 tri\u010dko 2 - fanzone.sk<\/title>\n<meta name=\"robots\" content=\"index, follow, max-snippet:-1, max-image-preview:large, max-video-preview:-1\" \/>\n<link rel=\"canonical\" href=\"https:\/\/fanzone.sk\/en\/product\/damske-bezecke-tricko-2\/\" \/>\n<meta property=\"og:locale\" content=\"en_US\" \/>\n<meta property=\"og:type\" content=\"article\" \/>\n<meta property=\"og:title\" content=\"D\u00e1mske be\u017eeck\u00e9 tri\u010dko 2 - fanzone.sk\" \/>\n<meta property=\"og:description\" content=\"d\u00e1mske be\u017eeck\u00e9 slim fit tri\u010dko  materi\u00e1l Coolpass \u2013 vodeodpudiv\u00e9, nenasiakav\u00e9  maxim\u00e1lnou mierou odv\u00e1dza prebyto\u010dn\u00fa vlhkos\u0165 od tela a z\u00e1rove\u0148 r\u00fdchlo schne a tak urd\u017eiava telo v suchu aj pri zv\u00fd\u0161enej fyzickej n\u00e1mahe\" \/>\n<meta property=\"og:url\" content=\"https:\/\/fanzone.sk\/en\/product\/damske-bezecke-tricko-2\/\" \/>\n<meta property=\"og:site_name\" content=\"fanzone.sk\" \/>\n<meta property=\"article:publisher\" content=\"https:\/\/www.facebook.com\/FANZONEsk\/\" \/>\n<meta property=\"article:modified_time\" content=\"2025-02-03T21:07:58+00:00\" \/>\n<meta property=\"og:image\" content=\"https:\/\/fanzone.sk\/wp-content\/uploads\/2020\/03\/A4ka-bezecke-subli-tricko-damske-PD.jpg\" \/>\n\t<meta property=\"og:image:width\" content=\"800\" \/>\n\t<meta property=\"og:image:height\" content=\"800\" \/>\n\t<meta property=\"og:image:type\" content=\"image\/jpeg\" \/>\n<meta name=\"twitter:card\" content=\"summary_large_image\" \/>\n<script type=\"application\/ld+json\" class=\"yoast-schema-graph\">{\"@context\":\"https:\/\/schema.org\",\"@graph\":[{\"@type\":\"WebPage\",\"@id\":\"https:\/\/fanzone.sk\/produkt\/damske-bezecke-tricko-2\/\",\"url\":\"https:\/\/fanzone.sk\/produkt\/damske-bezecke-tricko-2\/\",\"name\":\"D\u00e1mske be\u017eeck\u00e9 tri\u010dko 2 - fanzone.sk\",\"isPartOf\":{\"@id\":\"https:\/\/fanzone.sk\/#website\"},\"datePublished\":\"2020-03-05T14:13:22+00:00\",\"dateModified\":\"2025-02-03T21:07:58+00:00\",\"breadcrumb\":{\"@id\":\"https:\/\/fanzone.sk\/produkt\/damske-bezecke-tricko-2\/#breadcrumb\"},\"inLanguage\":\"en-US\",\"potentialAction\":[{\"@type\":\"ReadAction\",\"target\":[\"https:\/\/fanzone.sk\/produkt\/damske-bezecke-tricko-2\/\"]}]},{\"@type\":\"BreadcrumbList\",\"@id\":\"https:\/\/fanzone.sk\/produkt\/damske-bezecke-tricko-2\/#breadcrumb\",\"itemListElement\":[{\"@type\":\"ListItem\",\"position\":1,\"name\":\"Home\",\"item\":\"https:\/\/fanzone.sk\/\"},{\"@type\":\"ListItem\",\"position\":2,\"name\":\"Obchod\",\"item\":\"https:\/\/fanzone.sk\/obchod\/\"},{\"@type\":\"ListItem\",\"position\":3,\"name\":\"D\u00e1mske be\u017eeck\u00e9 tri\u010dko 2\"}]},{\"@type\":\"WebSite\",\"@id\":\"https:\/\/fanzone.sk\/#website\",\"url\":\"https:\/\/fanzone.sk\/\",\"name\":\"fanzone.sk\",\"description\":\"\",\"potentialAction\":[{\"@type\":\"SearchAction\",\"target\":{\"@type\":\"EntryPoint\",\"urlTemplate\":\"https:\/\/fanzone.sk\/?s={search_term_string}\"},\"query-input\":\"required name=search_term_string\"}],\"inLanguage\":\"en-US\"}]}<\/script>\n<!-- \/ Yoast SEO plugin. -->","yoast_head_json":{"title":"D\u00e1mske be\u017eeck\u00e9 tri\u010dko 2 - fanzone.sk","robots":{"index":"index","follow":"follow","max-snippet":"max-snippet:-1","max-image-preview":"max-image-preview:large","max-video-preview":"max-video-preview:-1"},"canonical":"https:\/\/fanzone.sk\/en\/product\/damske-bezecke-tricko-2\/","og_locale":"en_US","og_type":"article","og_title":"D\u00e1mske be\u017eeck\u00e9 tri\u010dko 2 - fanzone.sk","og_description":"d\u00e1mske be\u017eeck\u00e9 slim fit tri\u010dko  materi\u00e1l Coolpass \u2013 vodeodpudiv\u00e9, nenasiakav\u00e9  maxim\u00e1lnou mierou odv\u00e1dza prebyto\u010dn\u00fa vlhkos\u0165 od tela a z\u00e1rove\u0148 r\u00fdchlo schne a tak urd\u017eiava telo v suchu aj pri zv\u00fd\u0161enej fyzickej n\u00e1mahe","og_url":"https:\/\/fanzone.sk\/en\/product\/damske-bezecke-tricko-2\/","og_site_name":"fanzone.sk","article_publisher":"https:\/\/www.facebook.com\/FANZONEsk\/","article_modified_time":"2025-02-03T21:07:58+00:00","og_image":[{"width":800,"height":800,"url":"https:\/\/fanzone.sk\/wp-content\/uploads\/2020\/03\/A4ka-bezecke-subli-tricko-damske-PD.jpg","type":"image\/jpeg"}],"twitter_card":"summary_large_image","schema":{"@context":"https:\/\/schema.org","@graph":[{"@type":"WebPage","@id":"https:\/\/fanzone.sk\/produkt\/damske-bezecke-tricko-2\/","url":"https:\/\/fanzone.sk\/produkt\/damske-bezecke-tricko-2\/","name":"D\u00e1mske be\u017eeck\u00e9 tri\u010dko 2 - fanzone.sk","isPartOf":{"@id":"https:\/\/fanzone.sk\/#website"},"datePublished":"2020-03-05T14:13:22+00:00","dateModified":"2025-02-03T21:07:58+00:00","breadcrumb":{"@id":"https:\/\/fanzone.sk\/produkt\/damske-bezecke-tricko-2\/#breadcrumb"},"inLanguage":"en-US","potentialAction":[{"@type":"ReadAction","target":["https:\/\/fanzone.sk\/produkt\/damske-bezecke-tricko-2\/"]}]},{"@type":"BreadcrumbList","@id":"https:\/\/fanzone.sk\/produkt\/damske-bezecke-tricko-2\/#breadcrumb","itemListElement":[{"@type":"ListItem","position":1,"name":"Home","item":"https:\/\/fanzone.sk\/"},{"@type":"ListItem","position":2,"name":"Obchod","item":"https:\/\/fanzone.sk\/obchod\/"},{"@type":"ListItem","position":3,"name":"D\u00e1mske be\u017eeck\u00e9 tri\u010dko 2"}]},{"@type":"WebSite","@id":"https:\/\/fanzone.sk\/#website","url":"https:\/\/fanzone.sk\/","name":"fanzone.sk","description":"","potentialAction":[{"@type":"SearchAction","target":{"@type":"EntryPoint","urlTemplate":"https:\/\/fanzone.sk\/?s={search_term_string}"},"query-input":"required name=search_term_string"}],"inLanguage":"en-US"}]}},"_links":{"self":[{"href":"https:\/\/fanzone.sk\/en\/wp-json\/wp\/v2\/product\/7533"}],"collection":[{"href":"https:\/\/fanzone.sk\/en\/wp-json\/wp\/v2\/product"}],"about":[{"href":"https:\/\/fanzone.sk\/en\/wp-json\/wp\/v2\/types\/product"}],"wp:featuredmedia":[{"embeddable":true,"href":"https:\/\/fanzone.sk\/en\/wp-json\/wp\/v2\/media\/7524"}],"wp:attachment":[{"href":"https:\/\/fanzone.sk\/en\/wp-json\/wp\/v2\/media?parent=7533"}],"wp:term":[{"taxonomy":"product_cat","embeddable":true,"href":"https:\/\/fanzone.sk\/en\/wp-json\/wp\/v2\/product_cat?post=7533"},{"taxonomy":"product_tag","embeddable":true,"href":"https:\/\/fanzone.sk\/en\/wp-json\/wp\/v2\/product_tag?post=7533"}],"curies":[{"name":"wp","href":"https:\/\/api.w.org\/{rel}","templated":true}]}}