{"id":7806,"date":"2020-03-12T11:55:29","date_gmt":"2020-03-12T10:55:29","guid":{"rendered":"https:\/\/fanzone.sk\/?post_type=product&#038;p=7806"},"modified":"2025-02-03T22:07:58","modified_gmt":"2025-02-03T21:07:58","slug":"bezecke-rukavice","status":"publish","type":"product","link":"https:\/\/fanzone.sk\/en\/product\/bezecke-rukavice\/","title":{"rendered":"Be\u017eeck\u00e9 rukavice"},"content":{"rendered":"<ul>\n<li>100% polyester<\/li>\n<li>extr\u00e9mne \u013eahk\u00e9<\/li>\n<li>vetru odoln\u00e9 a r\u00fdchloschn\u00face<\/li>\n<li>panel proti poteniu<\/li>\n<li>pru\u017en\u00e9 man\u017eety<\/li>\n<li>reflexn\u00e9 detaily- lemovanie a potla\u010d<\/li>\n<li>vhodn\u00e9 pre dotykov\u00e9 obrazovky<\/li>\n<li>Unisex<\/li>\n<\/ul>","protected":false},"excerpt":{"rendered":"<ul>\n<li>100% polyester<\/li>\n<li>extr\u00e9mne \u013eahk\u00e9<\/li>\n<li>vetru odoln\u00e9 a r\u00fdchloschn\u00face<\/li>\n<li>panel proti poteniu<\/li>\n<li>pru\u017en\u00e9 man\u017eety<\/li>\n<li>reflexn\u00e9 detaily- lemovanie a potla\u010d<\/li>\n<li>vhodn\u00e9 pre dotykov\u00e9 obrazovky<\/li>\n<li>Unisex<\/li>\n<\/ul>","protected":false},"featured_media":7774,"template":"","meta":[],"product_cat":[128,135],"product_tag":[88,149],"wcpa_form_fields":null,"yoast_head":"<!-- This site is optimized with the Yoast SEO plugin v21.2 - https:\/\/yoast.com\/wordpress\/plugins\/seo\/ -->\n<title>Be\u017eeck\u00e9 rukavice - fanzone.sk<\/title>\n<meta name=\"robots\" content=\"index, follow, max-snippet:-1, max-image-preview:large, max-video-preview:-1\" \/>\n<link rel=\"canonical\" href=\"https:\/\/fanzone.sk\/en\/product\/bezecke-rukavice\/\" \/>\n<meta property=\"og:locale\" content=\"en_US\" \/>\n<meta property=\"og:type\" content=\"article\" \/>\n<meta property=\"og:title\" content=\"Be\u017eeck\u00e9 rukavice - fanzone.sk\" \/>\n<meta property=\"og:description\" content=\"100% polyester  extr\u00e9mne \u013eahk\u00e9  vetru odoln\u00e9 a r\u00fdchloschn\u00face  panel proti poteniu  pru\u017en\u00e9 man\u017eety  reflexn\u00e9 detaily- lemovanie a potla\u010d  vhodn\u00e9 pre dotykov\u00e9 obrazovky  Unisex\" \/>\n<meta property=\"og:url\" content=\"https:\/\/fanzone.sk\/en\/product\/bezecke-rukavice\/\" \/>\n<meta property=\"og:site_name\" content=\"fanzone.sk\" \/>\n<meta property=\"article:publisher\" content=\"https:\/\/www.facebook.com\/FANZONEsk\/\" \/>\n<meta property=\"article:modified_time\" content=\"2025-02-03T21:07:58+00:00\" \/>\n<meta property=\"og:image\" content=\"https:\/\/fanzone.sk\/wp-content\/uploads\/2020\/03\/A4ka-bezecke-rukavice.jpg\" \/>\n\t<meta property=\"og:image:width\" content=\"800\" \/>\n\t<meta property=\"og:image:height\" content=\"800\" \/>\n\t<meta property=\"og:image:type\" content=\"image\/jpeg\" \/>\n<meta name=\"twitter:card\" content=\"summary_large_image\" \/>\n<script type=\"application\/ld+json\" class=\"yoast-schema-graph\">{\"@context\":\"https:\/\/schema.org\",\"@graph\":[{\"@type\":\"WebPage\",\"@id\":\"https:\/\/fanzone.sk\/produkt\/bezecke-rukavice\/\",\"url\":\"https:\/\/fanzone.sk\/produkt\/bezecke-rukavice\/\",\"name\":\"Be\u017eeck\u00e9 rukavice - fanzone.sk\",\"isPartOf\":{\"@id\":\"https:\/\/fanzone.sk\/#website\"},\"datePublished\":\"2020-03-12T10:55:29+00:00\",\"dateModified\":\"2025-02-03T21:07:58+00:00\",\"breadcrumb\":{\"@id\":\"https:\/\/fanzone.sk\/produkt\/bezecke-rukavice\/#breadcrumb\"},\"inLanguage\":\"en-US\",\"potentialAction\":[{\"@type\":\"ReadAction\",\"target\":[\"https:\/\/fanzone.sk\/produkt\/bezecke-rukavice\/\"]}]},{\"@type\":\"BreadcrumbList\",\"@id\":\"https:\/\/fanzone.sk\/produkt\/bezecke-rukavice\/#breadcrumb\",\"itemListElement\":[{\"@type\":\"ListItem\",\"position\":1,\"name\":\"Home\",\"item\":\"https:\/\/fanzone.sk\/\"},{\"@type\":\"ListItem\",\"position\":2,\"name\":\"Obchod\",\"item\":\"https:\/\/fanzone.sk\/obchod\/\"},{\"@type\":\"ListItem\",\"position\":3,\"name\":\"Be\u017eeck\u00e9 rukavice\"}]},{\"@type\":\"WebSite\",\"@id\":\"https:\/\/fanzone.sk\/#website\",\"url\":\"https:\/\/fanzone.sk\/\",\"name\":\"fanzone.sk\",\"description\":\"\",\"potentialAction\":[{\"@type\":\"SearchAction\",\"target\":{\"@type\":\"EntryPoint\",\"urlTemplate\":\"https:\/\/fanzone.sk\/?s={search_term_string}\"},\"query-input\":\"required name=search_term_string\"}],\"inLanguage\":\"en-US\"}]}<\/script>\n<!-- \/ Yoast SEO plugin. -->","yoast_head_json":{"title":"Be\u017eeck\u00e9 rukavice - fanzone.sk","robots":{"index":"index","follow":"follow","max-snippet":"max-snippet:-1","max-image-preview":"max-image-preview:large","max-video-preview":"max-video-preview:-1"},"canonical":"https:\/\/fanzone.sk\/en\/product\/bezecke-rukavice\/","og_locale":"en_US","og_type":"article","og_title":"Be\u017eeck\u00e9 rukavice - fanzone.sk","og_description":"100% polyester  extr\u00e9mne \u013eahk\u00e9  vetru odoln\u00e9 a r\u00fdchloschn\u00face  panel proti poteniu  pru\u017en\u00e9 man\u017eety  reflexn\u00e9 detaily- lemovanie a potla\u010d  vhodn\u00e9 pre dotykov\u00e9 obrazovky  Unisex","og_url":"https:\/\/fanzone.sk\/en\/product\/bezecke-rukavice\/","og_site_name":"fanzone.sk","article_publisher":"https:\/\/www.facebook.com\/FANZONEsk\/","article_modified_time":"2025-02-03T21:07:58+00:00","og_image":[{"width":800,"height":800,"url":"https:\/\/fanzone.sk\/wp-content\/uploads\/2020\/03\/A4ka-bezecke-rukavice.jpg","type":"image\/jpeg"}],"twitter_card":"summary_large_image","schema":{"@context":"https:\/\/schema.org","@graph":[{"@type":"WebPage","@id":"https:\/\/fanzone.sk\/produkt\/bezecke-rukavice\/","url":"https:\/\/fanzone.sk\/produkt\/bezecke-rukavice\/","name":"Be\u017eeck\u00e9 rukavice - fanzone.sk","isPartOf":{"@id":"https:\/\/fanzone.sk\/#website"},"datePublished":"2020-03-12T10:55:29+00:00","dateModified":"2025-02-03T21:07:58+00:00","breadcrumb":{"@id":"https:\/\/fanzone.sk\/produkt\/bezecke-rukavice\/#breadcrumb"},"inLanguage":"en-US","potentialAction":[{"@type":"ReadAction","target":["https:\/\/fanzone.sk\/produkt\/bezecke-rukavice\/"]}]},{"@type":"BreadcrumbList","@id":"https:\/\/fanzone.sk\/produkt\/bezecke-rukavice\/#breadcrumb","itemListElement":[{"@type":"ListItem","position":1,"name":"Home","item":"https:\/\/fanzone.sk\/"},{"@type":"ListItem","position":2,"name":"Obchod","item":"https:\/\/fanzone.sk\/obchod\/"},{"@type":"ListItem","position":3,"name":"Be\u017eeck\u00e9 rukavice"}]},{"@type":"WebSite","@id":"https:\/\/fanzone.sk\/#website","url":"https:\/\/fanzone.sk\/","name":"fanzone.sk","description":"","potentialAction":[{"@type":"SearchAction","target":{"@type":"EntryPoint","urlTemplate":"https:\/\/fanzone.sk\/?s={search_term_string}"},"query-input":"required name=search_term_string"}],"inLanguage":"en-US"}]}},"_links":{"self":[{"href":"https:\/\/fanzone.sk\/en\/wp-json\/wp\/v2\/product\/7806"}],"collection":[{"href":"https:\/\/fanzone.sk\/en\/wp-json\/wp\/v2\/product"}],"about":[{"href":"https:\/\/fanzone.sk\/en\/wp-json\/wp\/v2\/types\/product"}],"wp:featuredmedia":[{"embeddable":true,"href":"https:\/\/fanzone.sk\/en\/wp-json\/wp\/v2\/media\/7774"}],"wp:attachment":[{"href":"https:\/\/fanzone.sk\/en\/wp-json\/wp\/v2\/media?parent=7806"}],"wp:term":[{"taxonomy":"product_cat","embeddable":true,"href":"https:\/\/fanzone.sk\/en\/wp-json\/wp\/v2\/product_cat?post=7806"},{"taxonomy":"product_tag","embeddable":true,"href":"https:\/\/fanzone.sk\/en\/wp-json\/wp\/v2\/product_tag?post=7806"}],"curies":[{"name":"wp","href":"https:\/\/api.w.org\/{rel}","templated":true}]}}